{"id":10452,"date":"2023-02-06T11:14:18","date_gmt":"2023-02-06T10:14:18","guid":{"rendered":"https:\/\/www.campingportpothuau.com\/museum-var\/"},"modified":"2023-02-17T11:24:05","modified_gmt":"2023-02-17T10:24:05","slug":"museum-var","status":"publish","type":"page","link":"https:\/\/www.campingportpothuau.com\/nl\/museum-var\/","title":{"rendered":"Musea en fabrieken"},"content":{"rendered":"<section id=\"ls-section-block_96fcac7f7410f7ac49984e3d6ed81190\" class=\"ls-section  p-b-0\" >\r\n        <div class=\"container container--wide\">\r\n        \n\n<h1 class=\"ls__heading has-text-align-center has-color-5-color has-text-color wp-block-heading\">Musea in de Var om te bezoeken om de tijd te nemen om te leren<\/h1>\n\n\r\n    <\/div>\r\n<\/section>\n\n<section id=\"ls-section-block_eb733a10b22b80c8454041110bcdc204\" class=\"ls-section  page-two container--super-wide has-text-color has-color-5-color\" >\r\n        <div class=\"container container--wide\">\r\n        \n\n<div class=\"wp-block-columns is-layout-flex wp-container-core-columns-is-layout-9d6595d7 wp-block-columns-is-layout-flex\">\n<div class=\"wp-block-column is-layout-flow wp-block-column-is-layout-flow\" style=\"flex-basis:33.34%\">\n<figure class=\"wp-block-image size-full\"><img decoding=\"async\" width=\"587\" height=\"436\" src=\"https:\/\/www.campingportpothuau.com\/wp-content\/uploads\/2023\/01\/visiter-moulin-du-partegal.jpg\" alt=\"bezoek moulin du partegal\" class=\"wp-image-8439\" srcset=\"https:\/\/www.campingportpothuau.com\/wp-content\/uploads\/2023\/01\/visiter-moulin-du-partegal.jpg 587w, https:\/\/www.campingportpothuau.com\/wp-content\/uploads\/2023\/01\/visiter-moulin-du-partegal-300x223.jpg 300w\" sizes=\"(max-width: 587px) 100vw, 587px\" \/><\/figure>\n\n\n\n<h2 class=\"ls-heading wp-block-heading\">Oude oliemolen van Part\u00e9gal<\/h2>\n\n\n\n<p class=\"ls-paragraph\">In de <strong>oude oliemolen Part\u00e9gal uit de 16e eeuw bieden de<\/strong> ambachtelijke molenaars u al vier generaties <strong>lang een rondleiding<\/strong> op hun unieke locatie. Zij delen met u de passie en knowhow van hun ouderen, die is doorgegeven aan de huidige generatie!<\/p>\n\n\n\n<p class=\"ls-paragraph\">In dit museum in de Var ontdekt u olijfoli<strong>\u00ebn die volgens voorouderlijke methoden<\/strong> (ambachtelijk, met de molensteen, ouderwets) en volgens <strong>een nieuw technologisch proc\u00e9d\u00e9<\/strong> worden geproduceerd. Het bezoek aan de oliemolen wordt gevolgd door een gratis <strong>proeverij van olijfolie en Proven\u00e7aalse producten<\/strong>: tapenade, specerijen, wijnen, azijnen, jam en honing!<\/p>\n\n\n\n<p class=\"ls-paragraph\">U bereikt de molen in minder dan 20 minuten vanaf onze <a href=\"https:\/\/www.campingportpothuau.com\/nl\/\">camping in Hyeres.<\/a><\/p>\n\n\n\n<p class=\"ls-paragraph\">Moulin \u00e0 huile du Part\u00e9gal, 159 Chemin des Laures, 83210 La Farl\u00e8de<br>T\u00e9l : +33 4 94 48 48 85<\/p>\n<\/div>\n\n\n\n<div class=\"wp-block-column m-t-0 is-layout-flow wp-block-column-is-layout-flow\" style=\"flex-basis:33.34%\">\n<figure class=\"wp-block-image size-full\"><img decoding=\"async\" width=\"585\" height=\"436\" src=\"https:\/\/www.campingportpothuau.com\/wp-content\/uploads\/2023\/01\/viiter-brasserie-carteron.jpg\" alt=\"viiter brasserie carteron\" class=\"wp-image-8431\" srcset=\"https:\/\/www.campingportpothuau.com\/wp-content\/uploads\/2023\/01\/viiter-brasserie-carteron.jpg 585w, https:\/\/www.campingportpothuau.com\/wp-content\/uploads\/2023\/01\/viiter-brasserie-carteron-300x224.jpg 300w\" sizes=\"(max-width: 585px) 100vw, 585px\" \/><\/figure>\n\n\n\n<h2 class=\"ls-heading wp-block-heading\">Carteron ambachtelijke brouwerij<\/h2>\n\n\n\n<p class=\"ls-paragraph\">De ambachtelijke brouwerij Carteron deelt haar kennis van de wijnbouw met u en laat u een nieuw facet van de Provence zien! U zult hun eigen <strong>bieren ontdekken die gemaakt<\/strong> zijn rond de waarden van de brouwerij: uitmuntendheid, innovatie, passie en nederigheid.<\/p>\n\n\n\n<p class=\"ls-paragraph\">Trek 30 tot 40 minuten uit voor dit museum in Hy\u00e8res. Bezoeken staan open voor kinderen onder begeleiding van een volwassene. Bezoeken in het Engels zijn mogelijk.<\/p>\n\n\n\n<p class=\"ls-paragraph\">412 Rue Phil\u00e9mon Laugier, ZI St-Martin, 83400 Hy\u00e8res les Palmiers<br>contact@brasseriecarteron.com<br>T\u00e9l : +33 9 84 00 12 80<\/p>\n<\/div>\n\n\n\n<div class=\"wp-block-column is-layout-flow wp-block-column-is-layout-flow\" style=\"flex-basis:33.33%\">\n<figure class=\"wp-block-image size-full\"><img decoding=\"async\" width=\"586\" height=\"436\" src=\"https:\/\/www.campingportpothuau.com\/wp-content\/uploads\/2023\/01\/visiter-villa-noailles.jpg\" alt=\"bezoek villa noailles\" class=\"wp-image-8451\" srcset=\"https:\/\/www.campingportpothuau.com\/wp-content\/uploads\/2023\/01\/visiter-villa-noailles.jpg 586w, https:\/\/www.campingportpothuau.com\/wp-content\/uploads\/2023\/01\/visiter-villa-noailles-300x223.jpg 300w\" sizes=\"(max-width: 586px) 100vw, 586px\" \/><\/figure>\n\n\n\n<h2 class=\"ls-heading wp-block-heading\">Villa Noailles<\/h2>\n\n\n\n<p class=\"ls-paragraph\">De opdracht was &#8220;een klein, interessant huis om in te wonen&#8221;, in Hy\u00e8res in Zuid-Frankrijk. Dit was een uitdaging voor de jonge architect Robert Mallet-Stevens, die inging op het verzoek van een rijk Parijs echtpaar met avant-gardistische idee\u00ebn, Charles en Marie-Laure de Noailles.<\/p>\n\n\n\n<p class=\"ls-paragraph\">In 1923 begonnen de werkzaamheden in het stadje Hy\u00e8res, en de bouwplaats moet heel verrassend zijn geweest. Ook vandaag nog valt de villa op door de <strong>moderniteit van de architectuur, een echt spel van kubussen en licht.<\/strong><\/p>\n\n\n\n<p class=\"ls-paragraph\">Vandaag houdt de <strong>Villa Noailles<\/strong> deze geest van creativiteit en innovatie levend met het <strong>Internationale Mode- en Fotografie Festival in april<\/strong>, de <strong>Design Parade (<\/strong>een design festival in juli) en talrijke tentoonstellingen over architectuur en fotografie het hele jaar door&#8230;<\/p>\n\n\n\n<p class=\"ls-paragraph\">Mont\u00e9e de Noailles, 83400 Hy\u00e8res, Frankrijk<br>T\u00e9l : +33 4 98 08 01 98<\/p>\n<\/div>\n<\/div>\n\n\n\n<div class=\"wp-block-columns is-layout-flex wp-container-core-columns-is-layout-9d6595d7 wp-block-columns-is-layout-flex\">\n<div class=\"wp-block-column is-layout-flow wp-block-column-is-layout-flow\" style=\"flex-basis:33.34%\">\n<figure class=\"wp-block-image size-full\"><img decoding=\"async\" width=\"586\" height=\"436\" src=\"https:\/\/www.campingportpothuau.com\/wp-content\/uploads\/2023\/01\/decouvrir-nougat-jonquier.jpg\" alt=\"ontdek nougat jonquier\" class=\"wp-image-8456\" srcset=\"https:\/\/www.campingportpothuau.com\/wp-content\/uploads\/2023\/01\/decouvrir-nougat-jonquier.jpg 586w, https:\/\/www.campingportpothuau.com\/wp-content\/uploads\/2023\/01\/decouvrir-nougat-jonquier-300x223.jpg 300w\" sizes=\"(max-width: 586px) 100vw, 586px\" \/><\/figure>\n\n\n\n<h2 class=\"ls-heading wp-block-heading\">Nougaterie &#8220;Nougat Jonquier<\/h2>\n\n\n\n<p class=\"ls-paragraph\"><strong>La nougateriev<\/strong> biedt u een bezoek <strong>aan hun fabriek<\/strong> om hun sinds <strong>130 jaar overgeleverde Proven\u00e7aalse traditie te ontdekken!<\/strong><\/p>\n\n\n\n<p class=\"ls-paragraph\">In een waar culinair museum van de Var kunt u de bereiding van noga waarderen, een product dat historisch verbonden is met de dertien Proven\u00e7aalse desserts: <strong>een vernuftig mengsel van<\/strong> amandelen en honing dat al 6 generaties lang de smaakpapillen verrukt.<\/p>\n\n\n\n<p class=\"ls-paragraph\">benoi.adet@nougat-jonquier.fr<br>T\u00e9l : +33 9 54 15 08 64<\/p>\n<\/div>\n\n\n\n<div class=\"wp-block-column m-t-0 is-layout-flow wp-block-column-is-layout-flow\" style=\"flex-basis:33.34%\">\n<figure class=\"wp-block-image size-full\"><img decoding=\"async\" width=\"586\" height=\"436\" src=\"https:\/\/www.campingportpothuau.com\/wp-content\/uploads\/2023\/01\/mine-cap-garonne-var.jpg\" alt=\"cap garonne var mine\" class=\"wp-image-8427\" srcset=\"https:\/\/www.campingportpothuau.com\/wp-content\/uploads\/2023\/01\/mine-cap-garonne-var.jpg 586w, https:\/\/www.campingportpothuau.com\/wp-content\/uploads\/2023\/01\/mine-cap-garonne-var-300x223.jpg 300w\" sizes=\"(max-width: 586px) 100vw, 586px\" \/><\/figure>\n\n\n\n<h2 class=\"ls-heading wp-block-heading\">Cap Garonne Mijnmuseum<\/h2>\n\n\n\n<p class=\"ls-paragraph\">De <strong>mijn van Cap Garonne<\/strong> is een van de mooiste <strong>mineralogische sites ter wereld!<\/strong><\/p>\n\n\n\n<p class=\"ls-paragraph\">Van het leven van de mijnwerkers tot de geschiedenis van de rots, het bezoek aan deze tot museum omgebouwde voormalige kopermijnen is een levende les, een fascinerend avontuur voor jong en oud.<\/p>\n\n\n\n<p class=\"ls-paragraph\">Een <strong>uitzonderlijke locatie<\/strong> gelegen op de top van Cap Garonne met een panoramisch uitzicht op de eilanden van Hy\u00e8res en de haven van Toulon, en rondom talrijke wandelpaden.<\/p>\n\n\n\n<p class=\"ls-paragraph\">1000 Chemin du Baou Rouge, 83220 Le Pradet<br>info@mine-capgaronne.fr<br>T\u00e9l : +33 4 94 08 32 46<\/p>\n<\/div>\n\n\n\n<div class=\"wp-block-column is-layout-flow wp-block-column-is-layout-flow\" style=\"flex-basis:33.33%\">\n<figure class=\"wp-block-image size-full\"><img decoding=\"async\" width=\"516\" height=\"384\" src=\"https:\/\/www.campingportpothuau.com\/wp-content\/uploads\/2023\/01\/musee-de-la-marine.jpg\" alt=\"museum van de marine\" class=\"wp-image-9682\" srcset=\"https:\/\/www.campingportpothuau.com\/wp-content\/uploads\/2023\/01\/musee-de-la-marine.jpg 516w, https:\/\/www.campingportpothuau.com\/wp-content\/uploads\/2023\/01\/musee-de-la-marine-300x223.jpg 300w\" sizes=\"(max-width: 516px) 100vw, 516px\" \/><\/figure>\n\n\n\n<h2 class=\"ls-heading wp-block-heading\">Museum van de Marine<\/h2>\n\n\n\n<p class=\"ls-paragraph\"><strong>Het Nationaal Scheepvaartmuseum van Toulon<\/strong>, opgericht aan het einde <strong>van het Eerste Keizerrijk<\/strong>, bevindt zich naast de klokkentoren van het arsenaal.<\/p>\n\n\n\n<p class=\"ls-paragraph\"><strong>Dit museum in de Var is<\/strong> een echte herinnering aan het arsenaal van Toulon, waarvan de majestueuze monumentale poort (1738) bewaard is gebleven, en bewaart en toont een <strong>uitzonderlijke collectie scheepsmodellen<\/strong>, evenals een model van een galei.<\/p>\n\n\n\n<p class=\"ls-paragraph\">Place Monsenergue, Quai de Norfolk, 83000 Toulon, France<br>toulon@musee-marine.fr<br>T\u00e9l : +33 4 22 42 02 01<\/p>\n<\/div>\n<\/div>\n\n\r\n    <\/div>\r\n<\/section>\n\n<section id=\"ls-section-block_7926953b2a35dfc27a59eba3770d5508\" class=\"ls-section  page-cta animated fadeIn delay-100ms slow has-background has-color-white-background-color\" >\r\n        <div class=\"container container--wide\">\r\n        \n\n<div id=\"ls-heading ls-titre-div-block_d228493bf1596fa0dd0b570853e9e310\" class=\"ls-titre-div aligncenter h2-like\" >\n    Ontdek markten, recreatieparken en natuurgebieden<\/div>\n\n\n<div id=\"ls-maillage-block_900fa4896b825f1099a986b5c86202a9\" class=\"ls-maillage cta-style-normal\" data-rows=\"3\">\r\n    <div class=\"wp-block-columns\"><div class=\"wp-block-column\"><div class=\"ls-cta\">\n\n<a href=\"https:\/\/www.campingportpothuau.com\/nl\/marche-var\/\" target=\"\" rel=\"noopener\" class=\"ls-cta__link\">\n\n\t<div class=\"ls-cta__image\"><img decoding=\"async\" width=\"434\" height=\"550\" src=\"https:\/\/www.campingportpothuau.com\/wp-content\/uploads\/2023\/01\/marches-nocturnes.jpg\" class=\"attachment-medium_large size-medium_large\" alt=\"marches nocturnes\" srcset=\"https:\/\/www.campingportpothuau.com\/wp-content\/uploads\/2023\/01\/marches-nocturnes.jpg 434w, https:\/\/www.campingportpothuau.com\/wp-content\/uploads\/2023\/01\/marches-nocturnes-237x300.jpg 237w\" sizes=\"(max-width: 434px) 100vw, 434px\" \/><\/div>\t<div class=\"ls-cta__content\">\n\t\t<div class=\"ls-cta__title\">\n\t\t\t<span class=\"pothuau-vague\"><\/span><span class=\"titre-cta\">De markten<\/span>\n\t\t<\/div>\n\n\t\t\t<\/div>\n\n<\/a><\/div><\/div><div class=\"wp-block-column\"><div class=\"ls-cta\">\n\n<a href=\"https:\/\/www.campingportpothuau.com\/nl\/park-attractie-var\/\" target=\"\" rel=\"noopener\" class=\"ls-cta__link\">\n\n\t<div class=\"ls-cta__image\"><img decoding=\"async\" width=\"534\" height=\"550\" src=\"https:\/\/www.campingportpothuau.com\/wp-content\/uploads\/2023\/01\/parcs-loisirs-hyeres.jpg\" class=\"attachment-medium_large size-medium_large\" alt=\"parcs loisirs hyeres\" srcset=\"https:\/\/www.campingportpothuau.com\/wp-content\/uploads\/2023\/01\/parcs-loisirs-hyeres.jpg 534w, https:\/\/www.campingportpothuau.com\/wp-content\/uploads\/2023\/01\/parcs-loisirs-hyeres-291x300.jpg 291w\" sizes=\"(max-width: 534px) 100vw, 534px\" \/><\/div>\t<div class=\"ls-cta__content\">\n\t\t<div class=\"ls-cta__title\">\n\t\t\t<span class=\"pothuau-vague\"><\/span><span class=\"titre-cta\">Pretpark<\/span>\n\t\t<\/div>\n\n\t\t\t<\/div>\n\n<\/a><\/div><\/div><div class=\"wp-block-column\"><div class=\"ls-cta\">\n\n<a href=\"https:\/\/www.campingportpothuau.com\/nl\/toerisme-paca\/\" target=\"\" rel=\"noopener\" class=\"ls-cta__link\">\n\n\t<div class=\"ls-cta__image\"><img decoding=\"async\" width=\"434\" height=\"550\" src=\"https:\/\/www.campingportpothuau.com\/wp-content\/uploads\/2023\/01\/sejour-paca.jpg\" class=\"attachment-medium_large size-medium_large\" alt=\"sejour paca\" srcset=\"https:\/\/www.campingportpothuau.com\/wp-content\/uploads\/2023\/01\/sejour-paca.jpg 434w, https:\/\/www.campingportpothuau.com\/wp-content\/uploads\/2023\/01\/sejour-paca-237x300.jpg 237w\" sizes=\"(max-width: 434px) 100vw, 434px\" \/><\/div>\t<div class=\"ls-cta__content\">\n\t\t<div class=\"ls-cta__title\">\n\t\t\t<span class=\"pothuau-vague\"><\/span><span class=\"titre-cta\">De omliggende natuurgebieden<\/span>\n\t\t<\/div>\n\n\t\t\t<\/div>\n\n<\/a><\/div><\/div><\/div><\/div>\n\r\n    <\/div>\r\n<\/section>","protected":false},"excerpt":{"rendered":"","protected":false},"author":1,"featured_media":8444,"parent":0,"menu_order":0,"comment_status":"closed","ping_status":"closed","template":"","meta":{"_acf_changed":false,"inline_featured_image":false,"footnotes":""},"sujet":[],"class_list":["post-10452","page","type-page","status-publish","has-post-thumbnail","hentry"],"acf":[],"yoast_head":"<!-- This site is optimized with the Yoast SEO plugin v24.7 - https:\/\/yoast.com\/wordpress\/plugins\/seo\/ -->\n<title>Hy\u00e8res Museum: de niet te missen musea en fabrieken van de Var<\/title>\n<meta name=\"description\" content=\"Onze mooie streek staat bol van de musea en fabrieken die u vanaf onze camping in Hy\u00e8res kunt bezoeken.\" \/>\n<meta name=\"robots\" content=\"index, follow, max-snippet:-1, max-image-preview:large, max-video-preview:-1\" \/>\n<link rel=\"canonical\" href=\"https:\/\/www.campingportpothuau.com\/nl\/museum-var\/\" \/>\n<meta property=\"og:locale\" content=\"nl_NL\" \/>\n<meta property=\"og:type\" content=\"article\" \/>\n<meta property=\"og:title\" content=\"Hy\u00e8res Museum: de niet te missen musea en fabrieken van de Var\" \/>\n<meta property=\"og:description\" content=\"Onze mooie streek staat bol van de musea en fabrieken die u vanaf onze camping in Hy\u00e8res kunt bezoeken.\" \/>\n<meta property=\"og:url\" content=\"https:\/\/www.campingportpothuau.com\/nl\/museum-var\/\" \/>\n<meta property=\"og:site_name\" content=\"Port Pothuau\" \/>\n<meta property=\"article:modified_time\" content=\"2023-02-17T10:24:05+00:00\" \/>\n<meta property=\"og:image\" content=\"https:\/\/www.campingportpothuau.com\/wp-content\/uploads\/2023\/01\/visiter-musees-var.jpg\" \/>\n\t<meta property=\"og:image:width\" content=\"1903\" \/>\n\t<meta property=\"og:image:height\" content=\"550\" \/>\n\t<meta property=\"og:image:type\" content=\"image\/jpeg\" \/>\n<meta name=\"twitter:card\" content=\"summary_large_image\" \/>\n<meta name=\"twitter:label1\" content=\"Geschatte leestijd\" \/>\n\t<meta name=\"twitter:data1\" content=\"5 minuten\" \/>\n<script type=\"application\/ld+json\" class=\"yoast-schema-graph\">{\"@context\":\"https:\/\/schema.org\",\"@graph\":[{\"@type\":\"WebPage\",\"@id\":\"https:\/\/www.campingportpothuau.com\/nl\/museum-var\/\",\"url\":\"https:\/\/www.campingportpothuau.com\/nl\/museum-var\/\",\"name\":\"Hy\u00e8res Museum: de niet te missen musea en fabrieken van de Var\",\"isPartOf\":{\"@id\":\"https:\/\/www.campingportpothuau.com\/nl\/#website\"},\"primaryImageOfPage\":{\"@id\":\"https:\/\/www.campingportpothuau.com\/nl\/museum-var\/#primaryimage\"},\"image\":{\"@id\":\"https:\/\/www.campingportpothuau.com\/nl\/museum-var\/#primaryimage\"},\"thumbnailUrl\":\"https:\/\/www.campingportpothuau.com\/wp-content\/uploads\/2023\/01\/visiter-musees-var.jpg\",\"datePublished\":\"2023-02-06T10:14:18+00:00\",\"dateModified\":\"2023-02-17T10:24:05+00:00\",\"description\":\"Onze mooie streek staat bol van de musea en fabrieken die u vanaf onze camping in Hy\u00e8res kunt bezoeken.\",\"breadcrumb\":{\"@id\":\"https:\/\/www.campingportpothuau.com\/nl\/museum-var\/#breadcrumb\"},\"inLanguage\":\"nl-NL\",\"potentialAction\":[{\"@type\":\"ReadAction\",\"target\":[\"https:\/\/www.campingportpothuau.com\/nl\/museum-var\/\"]}]},{\"@type\":\"ImageObject\",\"inLanguage\":\"nl-NL\",\"@id\":\"https:\/\/www.campingportpothuau.com\/nl\/museum-var\/#primaryimage\",\"url\":\"https:\/\/www.campingportpothuau.com\/wp-content\/uploads\/2023\/01\/visiter-musees-var.jpg\",\"contentUrl\":\"https:\/\/www.campingportpothuau.com\/wp-content\/uploads\/2023\/01\/visiter-musees-var.jpg\",\"width\":1903,\"height\":550,\"caption\":\"visiter musees var\"},{\"@type\":\"BreadcrumbList\",\"@id\":\"https:\/\/www.campingportpothuau.com\/nl\/museum-var\/#breadcrumb\",\"itemListElement\":[{\"@type\":\"ListItem\",\"position\":1,\"name\":\"Camping Var\",\"item\":\"https:\/\/www.campingportpothuau.com\/nl\/\"},{\"@type\":\"ListItem\",\"position\":2,\"name\":\"Musea van Hy\u00e8res en de Var\"}]},{\"@type\":\"WebSite\",\"@id\":\"https:\/\/www.campingportpothuau.com\/nl\/#website\",\"url\":\"https:\/\/www.campingportpothuau.com\/nl\/\",\"name\":\"Port Pothuau\",\"description\":\"\",\"publisher\":{\"@id\":\"https:\/\/www.campingportpothuau.com\/nl\/#organization\"},\"potentialAction\":[{\"@type\":\"SearchAction\",\"target\":{\"@type\":\"EntryPoint\",\"urlTemplate\":\"https:\/\/www.campingportpothuau.com\/nl\/?s={search_term_string}\"},\"query-input\":{\"@type\":\"PropertyValueSpecification\",\"valueRequired\":true,\"valueName\":\"search_term_string\"}}],\"inLanguage\":\"nl-NL\"},{\"@type\":\"Organization\",\"@id\":\"https:\/\/www.campingportpothuau.com\/nl\/#organization\",\"name\":\"Port Pothuau\",\"url\":\"https:\/\/www.campingportpothuau.com\/nl\/\",\"logo\":{\"@type\":\"ImageObject\",\"inLanguage\":\"nl-NL\",\"@id\":\"https:\/\/www.campingportpothuau.com\/nl\/#\/schema\/logo\/image\/\",\"url\":\"https:\/\/www.campingportpothuau.com\/wp-content\/uploads\/2022\/12\/LogoPort-Pothuau-Texte-Blanc-1.svg\",\"contentUrl\":\"https:\/\/www.campingportpothuau.com\/wp-content\/uploads\/2022\/12\/LogoPort-Pothuau-Texte-Blanc-1.svg\",\"caption\":\"Port Pothuau\"},\"image\":{\"@id\":\"https:\/\/www.campingportpothuau.com\/nl\/#\/schema\/logo\/image\/\"}}]}<\/script>\n<!-- \/ Yoast SEO plugin. -->","yoast_head_json":{"title":"Hy\u00e8res Museum: de niet te missen musea en fabrieken van de Var","description":"Onze mooie streek staat bol van de musea en fabrieken die u vanaf onze camping in Hy\u00e8res kunt bezoeken.","robots":{"index":"index","follow":"follow","max-snippet":"max-snippet:-1","max-image-preview":"max-image-preview:large","max-video-preview":"max-video-preview:-1"},"canonical":"https:\/\/www.campingportpothuau.com\/nl\/museum-var\/","og_locale":"nl_NL","og_type":"article","og_title":"Hy\u00e8res Museum: de niet te missen musea en fabrieken van de Var","og_description":"Onze mooie streek staat bol van de musea en fabrieken die u vanaf onze camping in Hy\u00e8res kunt bezoeken.","og_url":"https:\/\/www.campingportpothuau.com\/nl\/museum-var\/","og_site_name":"Port Pothuau","article_modified_time":"2023-02-17T10:24:05+00:00","og_image":[{"width":1903,"height":550,"url":"https:\/\/www.campingportpothuau.com\/wp-content\/uploads\/2023\/01\/visiter-musees-var.jpg","type":"image\/jpeg"}],"twitter_card":"summary_large_image","twitter_misc":{"Geschatte leestijd":"5 minuten"},"schema":{"@context":"https:\/\/schema.org","@graph":[{"@type":"WebPage","@id":"https:\/\/www.campingportpothuau.com\/nl\/museum-var\/","url":"https:\/\/www.campingportpothuau.com\/nl\/museum-var\/","name":"Hy\u00e8res Museum: de niet te missen musea en fabrieken van de Var","isPartOf":{"@id":"https:\/\/www.campingportpothuau.com\/nl\/#website"},"primaryImageOfPage":{"@id":"https:\/\/www.campingportpothuau.com\/nl\/museum-var\/#primaryimage"},"image":{"@id":"https:\/\/www.campingportpothuau.com\/nl\/museum-var\/#primaryimage"},"thumbnailUrl":"https:\/\/www.campingportpothuau.com\/wp-content\/uploads\/2023\/01\/visiter-musees-var.jpg","datePublished":"2023-02-06T10:14:18+00:00","dateModified":"2023-02-17T10:24:05+00:00","description":"Onze mooie streek staat bol van de musea en fabrieken die u vanaf onze camping in Hy\u00e8res kunt bezoeken.","breadcrumb":{"@id":"https:\/\/www.campingportpothuau.com\/nl\/museum-var\/#breadcrumb"},"inLanguage":"nl-NL","potentialAction":[{"@type":"ReadAction","target":["https:\/\/www.campingportpothuau.com\/nl\/museum-var\/"]}]},{"@type":"ImageObject","inLanguage":"nl-NL","@id":"https:\/\/www.campingportpothuau.com\/nl\/museum-var\/#primaryimage","url":"https:\/\/www.campingportpothuau.com\/wp-content\/uploads\/2023\/01\/visiter-musees-var.jpg","contentUrl":"https:\/\/www.campingportpothuau.com\/wp-content\/uploads\/2023\/01\/visiter-musees-var.jpg","width":1903,"height":550,"caption":"visiter musees var"},{"@type":"BreadcrumbList","@id":"https:\/\/www.campingportpothuau.com\/nl\/museum-var\/#breadcrumb","itemListElement":[{"@type":"ListItem","position":1,"name":"Camping Var","item":"https:\/\/www.campingportpothuau.com\/nl\/"},{"@type":"ListItem","position":2,"name":"Musea van Hy\u00e8res en de Var"}]},{"@type":"WebSite","@id":"https:\/\/www.campingportpothuau.com\/nl\/#website","url":"https:\/\/www.campingportpothuau.com\/nl\/","name":"Port Pothuau","description":"","publisher":{"@id":"https:\/\/www.campingportpothuau.com\/nl\/#organization"},"potentialAction":[{"@type":"SearchAction","target":{"@type":"EntryPoint","urlTemplate":"https:\/\/www.campingportpothuau.com\/nl\/?s={search_term_string}"},"query-input":{"@type":"PropertyValueSpecification","valueRequired":true,"valueName":"search_term_string"}}],"inLanguage":"nl-NL"},{"@type":"Organization","@id":"https:\/\/www.campingportpothuau.com\/nl\/#organization","name":"Port Pothuau","url":"https:\/\/www.campingportpothuau.com\/nl\/","logo":{"@type":"ImageObject","inLanguage":"nl-NL","@id":"https:\/\/www.campingportpothuau.com\/nl\/#\/schema\/logo\/image\/","url":"https:\/\/www.campingportpothuau.com\/wp-content\/uploads\/2022\/12\/LogoPort-Pothuau-Texte-Blanc-1.svg","contentUrl":"https:\/\/www.campingportpothuau.com\/wp-content\/uploads\/2022\/12\/LogoPort-Pothuau-Texte-Blanc-1.svg","caption":"Port Pothuau"},"image":{"@id":"https:\/\/www.campingportpothuau.com\/nl\/#\/schema\/logo\/image\/"}}]}},"_links":{"self":[{"href":"https:\/\/www.campingportpothuau.com\/nl\/wp-json\/wp\/v2\/pages\/10452","targetHints":{"allow":["GET"]}}],"collection":[{"href":"https:\/\/www.campingportpothuau.com\/nl\/wp-json\/wp\/v2\/pages"}],"about":[{"href":"https:\/\/www.campingportpothuau.com\/nl\/wp-json\/wp\/v2\/types\/page"}],"author":[{"embeddable":true,"href":"https:\/\/www.campingportpothuau.com\/nl\/wp-json\/wp\/v2\/users\/1"}],"replies":[{"embeddable":true,"href":"https:\/\/www.campingportpothuau.com\/nl\/wp-json\/wp\/v2\/comments?post=10452"}],"version-history":[{"count":12,"href":"https:\/\/www.campingportpothuau.com\/nl\/wp-json\/wp\/v2\/pages\/10452\/revisions"}],"predecessor-version":[{"id":12717,"href":"https:\/\/www.campingportpothuau.com\/nl\/wp-json\/wp\/v2\/pages\/10452\/revisions\/12717"}],"wp:featuredmedia":[{"embeddable":true,"href":"https:\/\/www.campingportpothuau.com\/nl\/wp-json\/wp\/v2\/media\/8444"}],"wp:attachment":[{"href":"https:\/\/www.campingportpothuau.com\/nl\/wp-json\/wp\/v2\/media?parent=10452"}],"wp:term":[{"taxonomy":"sujet","embeddable":true,"href":"https:\/\/www.campingportpothuau.com\/nl\/wp-json\/wp\/v2\/sujet?post=10452"}],"curies":[{"name":"wp","href":"https:\/\/api.w.org\/{rel}","templated":true}]}}