{"id":10302,"date":"2023-02-03T11:09:17","date_gmt":"2023-02-03T10:09:17","guid":{"rendered":"https:\/\/www.campingportpothuau.com\/eigenaar-worden\/"},"modified":"2024-09-30T15:41:08","modified_gmt":"2024-09-30T13:41:08","slug":"koop-mobil-home-hyeres","status":"publish","type":"page","link":"https:\/\/www.campingportpothuau.com\/nl\/koop-mobil-home-hyeres\/","title":{"rendered":"Devenez propri\u00e9taire"},"content":{"rendered":"<section id=\"ls-section-block_4096b05bd804b1f1ef15752dd1842a6d\" class=\"ls-section \" >\r\n        <div class=\"container container--full\">\r\n        \n\n<h1 class=\"ls__heading wp-block-heading has-text-align-center\">Koop uw stacaravan in Hy\u00e8res<\/h1>\n\n\r\n    <\/div>\r\n<\/section>\n\n<section id=\"ls-section-block_96526765e7c794d784be4f11bfa583a4\" class=\"ls-section  home-seventh page-one\" >\r\n        <div class=\"container container--full\">\r\n        \n\n<div class=\"wp-block-columns are-vertically-aligned-center is-layout-flex wp-container-core-columns-is-layout-9d6595d7 wp-block-columns-is-layout-flex\">\n<div class=\"wp-block-column is-vertically-aligned-center is-layout-flow wp-block-column-is-layout-flow\" style=\"flex-basis:30%\">\n<h2 class=\"ls__heading wp-block-heading\">Wilt u 6 maanden per jaar komen genieten van de C\u00f4te d&#8217;Azur?<\/h2>\n\n\n\n<p class=\"ls-paragraph\">Denkt u eraan te investeren in <strong>een stacaravan<\/strong> voor u en uw gezin op onze camping?<\/p>\n\n\n\n<p class=\"ls-paragraph\">Wij ontvangen u graag van april tot oktober om te leven op het ritme van <strong>het mediterrane dolce vita<\/strong>, <strong>in een warme en vriendelijke sfeer<\/strong>, met <strong>respect voor ieders rust.<\/strong><\/p>\n\n\n\n<p class=\"ls-paragraph\">Een partijtje petanque met de andere bewoners, een duik in ons waterpark met jacuzzi, een goede maaltijd in <a href=\"https:\/\/www.campingportpothuau.com\/nl\/camping-restaurant-var\/\">het restaurant<\/a> De keuze is eindeloos: een vers brood en ochtendkrant rechtstreeks gekocht in de kruidenierswinkel van de camping, een mooie wandeling in de omliggende bergen, een duik aan het strand of een bezoek aan de typische mediterrane dorpjes of aan de wijndomeinen om de ros\u00e9s van de Provence te ontdekken&#8230; Aan keuze geen gebrek om de tijd te nemen om te genieten van de natuurlijke wonderen rondom de camping de <a href=\"https:\/\/www.campingportpothuau.com\/nl\/\">Camping de Port Pothuau.<\/a><\/p>\n<\/div>\n\n\n\n<div class=\"wp-block-column is-vertically-aligned-center animated fadeInRight delay-100ms slower is-layout-flow wp-block-column-is-layout-flow\" style=\"flex-basis:70%\">\n<figure class=\"wp-block-gallery has-nested-images columns-default is-cropped wp-block-gallery-1 is-layout-flex wp-block-gallery-is-layout-flex\">\n<figure class=\"wp-block-image size-large\"><a href=\"https:\/\/www.campingportpothuau.com\/wp-content\/uploads\/2023\/02\/vente-mobil-home-hyeres-576x1024.webp\"><img decoding=\"async\" width=\"576\" height=\"1024\" data-id=\"11964\" src=\"https:\/\/www.campingportpothuau.com\/wp-content\/uploads\/2023\/02\/vente-mobil-home-hyeres-576x1024.webp\" alt=\"verkoop stacaravan hyeres\" class=\"wp-image-11964\" srcset=\"https:\/\/www.campingportpothuau.com\/wp-content\/uploads\/2023\/02\/vente-mobil-home-hyeres-576x1024.webp 576w, https:\/\/www.campingportpothuau.com\/wp-content\/uploads\/2023\/02\/vente-mobil-home-hyeres-169x300.webp 169w, https:\/\/www.campingportpothuau.com\/wp-content\/uploads\/2023\/02\/vente-mobil-home-hyeres-768x1365.webp 768w, https:\/\/www.campingportpothuau.com\/wp-content\/uploads\/2023\/02\/vente-mobil-home-hyeres-864x1536.webp 864w, https:\/\/www.campingportpothuau.com\/wp-content\/uploads\/2023\/02\/vente-mobil-home-hyeres.webp 1080w\" sizes=\"(max-width: 576px) 100vw, 576px\" \/><\/a><\/figure>\n\n\n\n<figure class=\"wp-block-image size-large\"><a href=\"https:\/\/www.campingportpothuau.com\/wp-content\/uploads\/2023\/02\/acheter-mobil-home-var-1024x576.webp\"><img decoding=\"async\" width=\"1024\" height=\"576\" data-id=\"11972\" src=\"https:\/\/www.campingportpothuau.com\/wp-content\/uploads\/2023\/02\/acheter-mobil-home-var-1024x576.webp\" alt=\"acheter mobil home var\" class=\"wp-image-11972\" srcset=\"https:\/\/www.campingportpothuau.com\/wp-content\/uploads\/2023\/02\/acheter-mobil-home-var-1024x576.webp 1024w, https:\/\/www.campingportpothuau.com\/wp-content\/uploads\/2023\/02\/acheter-mobil-home-var-300x169.webp 300w, https:\/\/www.campingportpothuau.com\/wp-content\/uploads\/2023\/02\/acheter-mobil-home-var-768x432.webp 768w, https:\/\/www.campingportpothuau.com\/wp-content\/uploads\/2023\/02\/acheter-mobil-home-var-1536x864.webp 1536w, https:\/\/www.campingportpothuau.com\/wp-content\/uploads\/2023\/02\/acheter-mobil-home-var.webp 1920w\" sizes=\"(max-width: 1024px) 100vw, 1024px\" \/><\/a><\/figure>\n<\/figure>\n<\/div>\n<\/div>\n\n\r\n    <\/div>\r\n<\/section>\n\n<section id=\"ls-section-block_76b771fe8e34e1287ac0a2c858793f3f\" class=\"ls-section  home-second page-two flex-reverse has-background has-color-5-background-color has-text-color has-color-white-color\" >\r\n        <div class=\"container container--wide\">\r\n        \n\n<div class=\"wp-block-columns is-layout-flex wp-container-core-columns-is-layout-9d6595d7 wp-block-columns-is-layout-flex\">\n<div class=\"wp-block-column is-layout-flow wp-block-column-is-layout-flow\" style=\"flex-basis:40%\">\n<h2 class=\"ls__heading wp-block-heading has-text-align-center p-t-4 has-color-2-color has-text-color\">Ontdek de regio vanuit uw tweede huis op de camping!<\/h2>\n<\/div>\n\n\n\n<div class=\"wp-block-column is-layout-flow wp-block-column-is-layout-flow\" style=\"flex-basis:60%\">\n<p class=\"ls-paragraph\">Onze camping is ideaal gelegen in de <a href=\"https:\/\/www.campingportpothuau.com\/nl\/camping-hyeres-bijna-ile-de-giens\/\">stad Hy\u00e8res<\/a>, een echt paradijs op aarde met zijn Gouden Eilanden, zijn 35 kilometer strand, zijn historisch en cultureel centrum. Hyeres, gelegen tussen Marseille, Nice en de Gorges du Verdon, geniet van 300 dagen zon per jaar en zal u verrukken.<\/p>\n\n\n\n<p class=\"ls-paragraph\">Hieronder vindt u de toelichting \/ regels van de camping om ons beter te leren kennen en onze filosofie te ontdekken.<\/p>\n\n\n\r\n<a href=\"https:\/\/www.campingportpothuau.com\/wp-content\/uploads\/2023\/02\/2025-Site-Web-Notice-dinformations.pdf\" id=\"ls-button-block_32480da45c8f85e41c870b1e2ccf5a23\" target=\"_blank\" rel=\"noopener\" class=\"ls-button\">\r\n    <span>vindt u de toelichting<\/span>\r\n    <img decoding=\"async\" src=\"\/wp-content\/uploads\/2022\/12\/chevron-soleil.png\" alt=\"Soleil Camping Pothuau\" class='chevron-pothuau' \/>\r\n<\/a><\/div>\n<\/div>\n\n\r\n    <\/div>\r\n<\/section>\n\n<section id=\"ls-section-block_91ae6671be31fe1dbfb8cada6a621bb0\" class=\"ls-section  home-third page-three\" >\r\n        <div class=\"container container--wide\">\r\n        \n\n<div class=\"wp-block-columns are-vertically-aligned-top flex-reverse is-layout-flex wp-container-core-columns-is-layout-9d6595d7 wp-block-columns-is-layout-flex\">\n<div class=\"wp-block-column is-vertically-aligned-top is-layout-flow wp-block-column-is-layout-flow\" style=\"flex-basis:40%\">\n<p class=\"ls-paragraph\">Laten we elkaar ontmoeten om uw project te bespreken en te zien of uw nieuwe &#8220;thuis weg van huis&#8221; bij ons is&#8230;<\/p>\n<\/div>\n\n\n\n<div class=\"wp-block-column is-vertically-aligned-top animated fadeInUp slow is-layout-flow wp-block-column-is-layout-flow\" style=\"flex-basis:60%\">\n<figure class=\"wp-block-gallery has-nested-images columns-default is-cropped galerie-slide-general wp-block-gallery-2 is-layout-flex wp-block-gallery-is-layout-flex\">\n<figure class=\"wp-block-image size-large\"><img decoding=\"async\" width=\"1024\" height=\"576\" data-id=\"11968\" src=\"https:\/\/www.campingportpothuau.com\/wp-content\/uploads\/2023\/02\/Devenir-proprietaire-mobil-home-var-1024x576.webp\" alt=\"devenir proprietaire mobil home var\" class=\"wp-image-11968\" srcset=\"https:\/\/www.campingportpothuau.com\/wp-content\/uploads\/2023\/02\/Devenir-proprietaire-mobil-home-var-1024x576.webp 1024w, https:\/\/www.campingportpothuau.com\/wp-content\/uploads\/2023\/02\/Devenir-proprietaire-mobil-home-var-300x169.webp 300w, https:\/\/www.campingportpothuau.com\/wp-content\/uploads\/2023\/02\/Devenir-proprietaire-mobil-home-var-768x432.webp 768w, https:\/\/www.campingportpothuau.com\/wp-content\/uploads\/2023\/02\/Devenir-proprietaire-mobil-home-var-1536x864.webp 1536w, https:\/\/www.campingportpothuau.com\/wp-content\/uploads\/2023\/02\/Devenir-proprietaire-mobil-home-var.webp 1920w\" sizes=\"(max-width: 1024px) 100vw, 1024px\" \/><\/figure>\n<\/figure>\n<\/div>\n<\/div>\n\n\r\n    <\/div>\r\n<\/section>\n\n<section id=\"ls-section-block_8a4206c150bd56522c986e80426c2ad6\" class=\"ls-section  page-cta animated fadeIn delay-100ms slow has-background has-color-4-background-color\" >\r\n        <div class=\"container container--wide\">\r\n        \n\n<div id=\"ls-heading ls-titre-div-block_62be1bfa9e6ca9196c5ec702676c537e\" class=\"ls-titre-div aligncenter h2-like\" >\n    De door de camping aangeboden diensten en activiteiten<\/div>\n\n\n<div id=\"ls-maillage-block_152b210ed01c42a1565325a8f2e971f4\" class=\"ls-maillage cta-style-normal\" data-rows=\"3\">\r\n    <div class=\"wp-block-columns\"><div class=\"wp-block-column\"><div class=\"ls-cta\">\n\n<a href=\"https:\/\/www.campingportpothuau.com\/nl\/camping-var-animaties\/\" target=\"\" rel=\"noopener\" class=\"ls-cta__link\">\n\n\t<div class=\"ls-cta__image\"><img decoding=\"async\" width=\"435\" height=\"550\" src=\"https:\/\/www.campingportpothuau.com\/wp-content\/uploads\/2023\/01\/camping-animations-familiales-var.jpg\" class=\"attachment-medium_large size-medium_large\" alt=\"camping animations familiales var\" srcset=\"https:\/\/www.campingportpothuau.com\/wp-content\/uploads\/2023\/01\/camping-animations-familiales-var.jpg 435w, https:\/\/www.campingportpothuau.com\/wp-content\/uploads\/2023\/01\/camping-animations-familiales-var-237x300.jpg 237w\" sizes=\"(max-width: 435px) 100vw, 435px\" \/><\/div>\t<div class=\"ls-cta__content\">\n\t\t<div class=\"ls-cta__title\">\n\t\t\t<span class=\"pothuau-vague\"><\/span><span class=\"titre-cta\">Animaties<\/span>\n\t\t<\/div>\n\n\t\t\t<\/div>\n\n<\/a><\/div><\/div><div class=\"wp-block-column\"><div class=\"ls-cta\">\n\n<a href=\"https:\/\/www.campingportpothuau.com\/nl\/campingclub-kind-var\/\" target=\"\" rel=\"noopener\" class=\"ls-cta__link\">\n\n\t<div class=\"ls-cta__image\"><img decoding=\"async\" width=\"434\" height=\"550\" src=\"https:\/\/www.campingportpothuau.com\/wp-content\/uploads\/2023\/01\/camping-club-enfants-var.jpg\" class=\"attachment-medium_large size-medium_large\" alt=\"camping club enfants var\" srcset=\"https:\/\/www.campingportpothuau.com\/wp-content\/uploads\/2023\/01\/camping-club-enfants-var.jpg 434w, https:\/\/www.campingportpothuau.com\/wp-content\/uploads\/2023\/01\/camping-club-enfants-var-237x300.jpg 237w\" sizes=\"(max-width: 434px) 100vw, 434px\" \/><\/div>\t<div class=\"ls-cta__content\">\n\t\t<div class=\"ls-cta__title\">\n\t\t\t<span class=\"pothuau-vague\"><\/span><span class=\"titre-cta\">Kids Club<\/span>\n\t\t<\/div>\n\n\t\t\t<\/div>\n\n<\/a><\/div><\/div><div class=\"wp-block-column\"><div class=\"ls-cta\">\n\n<a href=\"https:\/\/www.campingportpothuau.com\/nl\/camping-diensten-var\/\" target=\"\" rel=\"noopener\" class=\"ls-cta__link\">\n\n\t<div class=\"ls-cta__image\"><img decoding=\"async\" width=\"434\" height=\"550\" src=\"https:\/\/www.campingportpothuau.com\/wp-content\/uploads\/2023\/01\/camping-familial-hyeresr.jpg\" class=\"attachment-medium_large size-medium_large\" alt=\"camping familial hyeresr\" srcset=\"https:\/\/www.campingportpothuau.com\/wp-content\/uploads\/2023\/01\/camping-familial-hyeresr.jpg 434w, https:\/\/www.campingportpothuau.com\/wp-content\/uploads\/2023\/01\/camping-familial-hyeresr-237x300.jpg 237w\" sizes=\"(max-width: 434px) 100vw, 434px\" \/><\/div>\t<div class=\"ls-cta__content\">\n\t\t<div class=\"ls-cta__title\">\n\t\t\t<span class=\"pothuau-vague\"><\/span><span class=\"titre-cta\">Op de camping<\/span>\n\t\t<\/div>\n\n\t\t\t<\/div>\n\n<\/a><\/div><\/div><\/div><\/div>\n\r\n    <\/div>\r\n<\/section>","protected":false},"excerpt":{"rendered":"","protected":false},"author":1,"featured_media":11961,"parent":0,"menu_order":0,"comment_status":"closed","ping_status":"closed","template":"","meta":{"_acf_changed":false,"inline_featured_image":false,"footnotes":""},"sujet":[],"class_list":["post-10302","page","type-page","status-publish","has-post-thumbnail","hentry"],"acf":[],"yoast_head":"<!-- This site is optimized with the Yoast SEO plugin v24.7 - https:\/\/yoast.com\/wordpress\/plugins\/seo\/ -->\n<title>Stacaravan kopen Hy\u00e8res | Stacaravan verkopen Var<\/title>\n<meta name=\"description\" content=\"Op zoek naar een tweede huis aan de C\u00f4te d&#039;Azur? Door een stacaravan te kopen op onze camping in Hy\u00e8res kunt u genieten van onze prachtige streek.\" \/>\n<meta name=\"robots\" content=\"index, follow, max-snippet:-1, max-image-preview:large, max-video-preview:-1\" \/>\n<link rel=\"canonical\" href=\"https:\/\/www.campingportpothuau.com\/nl\/koop-mobil-home-hyeres\/\" \/>\n<meta property=\"og:locale\" content=\"nl_NL\" \/>\n<meta property=\"og:type\" content=\"article\" \/>\n<meta property=\"og:title\" content=\"Stacaravan kopen Hy\u00e8res | Stacaravan verkopen Var\" \/>\n<meta property=\"og:description\" content=\"Op zoek naar een tweede huis aan de C\u00f4te d&#039;Azur? Door een stacaravan te kopen op onze camping in Hy\u00e8res kunt u genieten van onze prachtige streek.\" \/>\n<meta property=\"og:url\" content=\"https:\/\/www.campingportpothuau.com\/nl\/koop-mobil-home-hyeres\/\" \/>\n<meta property=\"og:site_name\" content=\"Port Pothuau\" \/>\n<meta property=\"article:modified_time\" content=\"2024-09-30T13:41:08+00:00\" \/>\n<meta property=\"og:image\" content=\"https:\/\/www.campingportpothuau.com\/wp-content\/uploads\/2023\/02\/acheter-mobil-home-hyeres.webp\" \/>\n\t<meta property=\"og:image:width\" content=\"1920\" \/>\n\t<meta property=\"og:image:height\" content=\"1274\" \/>\n\t<meta property=\"og:image:type\" content=\"image\/webp\" \/>\n<meta name=\"twitter:card\" content=\"summary_large_image\" \/>\n<meta name=\"twitter:label1\" content=\"Geschatte leestijd\" \/>\n\t<meta name=\"twitter:data1\" content=\"3 minuten\" \/>\n<script type=\"application\/ld+json\" class=\"yoast-schema-graph\">{\"@context\":\"https:\/\/schema.org\",\"@graph\":[{\"@type\":\"WebPage\",\"@id\":\"https:\/\/www.campingportpothuau.com\/nl\/koop-mobil-home-hyeres\/\",\"url\":\"https:\/\/www.campingportpothuau.com\/nl\/koop-mobil-home-hyeres\/\",\"name\":\"Stacaravan kopen Hy\u00e8res | Stacaravan verkopen Var\",\"isPartOf\":{\"@id\":\"https:\/\/www.campingportpothuau.com\/nl\/#website\"},\"primaryImageOfPage\":{\"@id\":\"https:\/\/www.campingportpothuau.com\/nl\/koop-mobil-home-hyeres\/#primaryimage\"},\"image\":{\"@id\":\"https:\/\/www.campingportpothuau.com\/nl\/koop-mobil-home-hyeres\/#primaryimage\"},\"thumbnailUrl\":\"https:\/\/www.campingportpothuau.com\/wp-content\/uploads\/2023\/02\/acheter-mobil-home-hyeres.webp\",\"datePublished\":\"2023-02-03T10:09:17+00:00\",\"dateModified\":\"2024-09-30T13:41:08+00:00\",\"description\":\"Op zoek naar een tweede huis aan de C\u00f4te d'Azur? Door een stacaravan te kopen op onze camping in Hy\u00e8res kunt u genieten van onze prachtige streek.\",\"breadcrumb\":{\"@id\":\"https:\/\/www.campingportpothuau.com\/nl\/koop-mobil-home-hyeres\/#breadcrumb\"},\"inLanguage\":\"nl-NL\",\"potentialAction\":[{\"@type\":\"ReadAction\",\"target\":[\"https:\/\/www.campingportpothuau.com\/nl\/koop-mobil-home-hyeres\/\"]}]},{\"@type\":\"ImageObject\",\"inLanguage\":\"nl-NL\",\"@id\":\"https:\/\/www.campingportpothuau.com\/nl\/koop-mobil-home-hyeres\/#primaryimage\",\"url\":\"https:\/\/www.campingportpothuau.com\/wp-content\/uploads\/2023\/02\/acheter-mobil-home-hyeres.webp\",\"contentUrl\":\"https:\/\/www.campingportpothuau.com\/wp-content\/uploads\/2023\/02\/acheter-mobil-home-hyeres.webp\",\"width\":1920,\"height\":1274,\"caption\":\"acheter mobil home hyeres\"},{\"@type\":\"BreadcrumbList\",\"@id\":\"https:\/\/www.campingportpothuau.com\/nl\/koop-mobil-home-hyeres\/#breadcrumb\",\"itemListElement\":[{\"@type\":\"ListItem\",\"position\":1,\"name\":\"Camping Var\",\"item\":\"https:\/\/www.campingportpothuau.com\/nl\/\"},{\"@type\":\"ListItem\",\"position\":2,\"name\":\"Een stacaravan kopen in de Var\"}]},{\"@type\":\"WebSite\",\"@id\":\"https:\/\/www.campingportpothuau.com\/nl\/#website\",\"url\":\"https:\/\/www.campingportpothuau.com\/nl\/\",\"name\":\"Port Pothuau\",\"description\":\"\",\"publisher\":{\"@id\":\"https:\/\/www.campingportpothuau.com\/nl\/#organization\"},\"potentialAction\":[{\"@type\":\"SearchAction\",\"target\":{\"@type\":\"EntryPoint\",\"urlTemplate\":\"https:\/\/www.campingportpothuau.com\/nl\/?s={search_term_string}\"},\"query-input\":{\"@type\":\"PropertyValueSpecification\",\"valueRequired\":true,\"valueName\":\"search_term_string\"}}],\"inLanguage\":\"nl-NL\"},{\"@type\":\"Organization\",\"@id\":\"https:\/\/www.campingportpothuau.com\/nl\/#organization\",\"name\":\"Port Pothuau\",\"url\":\"https:\/\/www.campingportpothuau.com\/nl\/\",\"logo\":{\"@type\":\"ImageObject\",\"inLanguage\":\"nl-NL\",\"@id\":\"https:\/\/www.campingportpothuau.com\/nl\/#\/schema\/logo\/image\/\",\"url\":\"https:\/\/www.campingportpothuau.com\/wp-content\/uploads\/2022\/12\/LogoPort-Pothuau-Texte-Blanc-1.svg\",\"contentUrl\":\"https:\/\/www.campingportpothuau.com\/wp-content\/uploads\/2022\/12\/LogoPort-Pothuau-Texte-Blanc-1.svg\",\"caption\":\"Port Pothuau\"},\"image\":{\"@id\":\"https:\/\/www.campingportpothuau.com\/nl\/#\/schema\/logo\/image\/\"}}]}<\/script>\n<!-- \/ Yoast SEO plugin. -->","yoast_head_json":{"title":"Stacaravan kopen Hy\u00e8res | Stacaravan verkopen Var","description":"Op zoek naar een tweede huis aan de C\u00f4te d'Azur? Door een stacaravan te kopen op onze camping in Hy\u00e8res kunt u genieten van onze prachtige streek.","robots":{"index":"index","follow":"follow","max-snippet":"max-snippet:-1","max-image-preview":"max-image-preview:large","max-video-preview":"max-video-preview:-1"},"canonical":"https:\/\/www.campingportpothuau.com\/nl\/koop-mobil-home-hyeres\/","og_locale":"nl_NL","og_type":"article","og_title":"Stacaravan kopen Hy\u00e8res | Stacaravan verkopen Var","og_description":"Op zoek naar een tweede huis aan de C\u00f4te d'Azur? Door een stacaravan te kopen op onze camping in Hy\u00e8res kunt u genieten van onze prachtige streek.","og_url":"https:\/\/www.campingportpothuau.com\/nl\/koop-mobil-home-hyeres\/","og_site_name":"Port Pothuau","article_modified_time":"2024-09-30T13:41:08+00:00","og_image":[{"width":1920,"height":1274,"url":"https:\/\/www.campingportpothuau.com\/wp-content\/uploads\/2023\/02\/acheter-mobil-home-hyeres.webp","type":"image\/webp"}],"twitter_card":"summary_large_image","twitter_misc":{"Geschatte leestijd":"3 minuten"},"schema":{"@context":"https:\/\/schema.org","@graph":[{"@type":"WebPage","@id":"https:\/\/www.campingportpothuau.com\/nl\/koop-mobil-home-hyeres\/","url":"https:\/\/www.campingportpothuau.com\/nl\/koop-mobil-home-hyeres\/","name":"Stacaravan kopen Hy\u00e8res | Stacaravan verkopen Var","isPartOf":{"@id":"https:\/\/www.campingportpothuau.com\/nl\/#website"},"primaryImageOfPage":{"@id":"https:\/\/www.campingportpothuau.com\/nl\/koop-mobil-home-hyeres\/#primaryimage"},"image":{"@id":"https:\/\/www.campingportpothuau.com\/nl\/koop-mobil-home-hyeres\/#primaryimage"},"thumbnailUrl":"https:\/\/www.campingportpothuau.com\/wp-content\/uploads\/2023\/02\/acheter-mobil-home-hyeres.webp","datePublished":"2023-02-03T10:09:17+00:00","dateModified":"2024-09-30T13:41:08+00:00","description":"Op zoek naar een tweede huis aan de C\u00f4te d'Azur? Door een stacaravan te kopen op onze camping in Hy\u00e8res kunt u genieten van onze prachtige streek.","breadcrumb":{"@id":"https:\/\/www.campingportpothuau.com\/nl\/koop-mobil-home-hyeres\/#breadcrumb"},"inLanguage":"nl-NL","potentialAction":[{"@type":"ReadAction","target":["https:\/\/www.campingportpothuau.com\/nl\/koop-mobil-home-hyeres\/"]}]},{"@type":"ImageObject","inLanguage":"nl-NL","@id":"https:\/\/www.campingportpothuau.com\/nl\/koop-mobil-home-hyeres\/#primaryimage","url":"https:\/\/www.campingportpothuau.com\/wp-content\/uploads\/2023\/02\/acheter-mobil-home-hyeres.webp","contentUrl":"https:\/\/www.campingportpothuau.com\/wp-content\/uploads\/2023\/02\/acheter-mobil-home-hyeres.webp","width":1920,"height":1274,"caption":"acheter mobil home hyeres"},{"@type":"BreadcrumbList","@id":"https:\/\/www.campingportpothuau.com\/nl\/koop-mobil-home-hyeres\/#breadcrumb","itemListElement":[{"@type":"ListItem","position":1,"name":"Camping Var","item":"https:\/\/www.campingportpothuau.com\/nl\/"},{"@type":"ListItem","position":2,"name":"Een stacaravan kopen in de Var"}]},{"@type":"WebSite","@id":"https:\/\/www.campingportpothuau.com\/nl\/#website","url":"https:\/\/www.campingportpothuau.com\/nl\/","name":"Port Pothuau","description":"","publisher":{"@id":"https:\/\/www.campingportpothuau.com\/nl\/#organization"},"potentialAction":[{"@type":"SearchAction","target":{"@type":"EntryPoint","urlTemplate":"https:\/\/www.campingportpothuau.com\/nl\/?s={search_term_string}"},"query-input":{"@type":"PropertyValueSpecification","valueRequired":true,"valueName":"search_term_string"}}],"inLanguage":"nl-NL"},{"@type":"Organization","@id":"https:\/\/www.campingportpothuau.com\/nl\/#organization","name":"Port Pothuau","url":"https:\/\/www.campingportpothuau.com\/nl\/","logo":{"@type":"ImageObject","inLanguage":"nl-NL","@id":"https:\/\/www.campingportpothuau.com\/nl\/#\/schema\/logo\/image\/","url":"https:\/\/www.campingportpothuau.com\/wp-content\/uploads\/2022\/12\/LogoPort-Pothuau-Texte-Blanc-1.svg","contentUrl":"https:\/\/www.campingportpothuau.com\/wp-content\/uploads\/2022\/12\/LogoPort-Pothuau-Texte-Blanc-1.svg","caption":"Port Pothuau"},"image":{"@id":"https:\/\/www.campingportpothuau.com\/nl\/#\/schema\/logo\/image\/"}}]}},"_links":{"self":[{"href":"https:\/\/www.campingportpothuau.com\/nl\/wp-json\/wp\/v2\/pages\/10302","targetHints":{"allow":["GET"]}}],"collection":[{"href":"https:\/\/www.campingportpothuau.com\/nl\/wp-json\/wp\/v2\/pages"}],"about":[{"href":"https:\/\/www.campingportpothuau.com\/nl\/wp-json\/wp\/v2\/types\/page"}],"author":[{"embeddable":true,"href":"https:\/\/www.campingportpothuau.com\/nl\/wp-json\/wp\/v2\/users\/1"}],"replies":[{"embeddable":true,"href":"https:\/\/www.campingportpothuau.com\/nl\/wp-json\/wp\/v2\/comments?post=10302"}],"version-history":[{"count":13,"href":"https:\/\/www.campingportpothuau.com\/nl\/wp-json\/wp\/v2\/pages\/10302\/revisions"}],"predecessor-version":[{"id":14734,"href":"https:\/\/www.campingportpothuau.com\/nl\/wp-json\/wp\/v2\/pages\/10302\/revisions\/14734"}],"wp:featuredmedia":[{"embeddable":true,"href":"https:\/\/www.campingportpothuau.com\/nl\/wp-json\/wp\/v2\/media\/11961"}],"wp:attachment":[{"href":"https:\/\/www.campingportpothuau.com\/nl\/wp-json\/wp\/v2\/media?parent=10302"}],"wp:term":[{"taxonomy":"sujet","embeddable":true,"href":"https:\/\/www.campingportpothuau.com\/nl\/wp-json\/wp\/v2\/sujet?post=10302"}],"curies":[{"name":"wp","href":"https:\/\/api.w.org\/{rel}","templated":true}]}}