{"id":10615,"date":"2023-02-07T16:25:40","date_gmt":"2023-02-07T15:25:40","guid":{"rendered":"https:\/\/www.campingportpothuau.com\/campeggio-porto-cros\/"},"modified":"2023-02-16T17:13:34","modified_gmt":"2023-02-16T16:13:34","slug":"campeggio-porto-cros","status":"publish","type":"page","link":"https:\/\/www.campingportpothuau.com\/it\/campeggio-porto-cros\/","title":{"rendered":"Port Cros"},"content":{"rendered":"<section id=\"ls-section-block_ff4e843479b639b9e87bfcde567a8c28\" class=\"ls-section \" >\r\n        <div class=\"container container--full\">\r\n        \n\n<h1 class=\"ls__heading has-text-align-center wp-block-heading\">Campeggio Port Cros<\/h1>\n\n\r\n    <\/div>\r\n<\/section>\n\n<section id=\"ls-section-block_473bdabded4a5befb2c1b2b99d001f96\" class=\"ls-section  home-seventh page-one\" >\r\n        <div class=\"container container--full\">\r\n        \n\n<div class=\"wp-block-columns are-vertically-aligned-center is-layout-flex wp-container-core-columns-is-layout-9d6595d7 wp-block-columns-is-layout-flex\">\n<div class=\"wp-block-column is-vertically-aligned-center is-layout-flow wp-block-column-is-layout-flow\" style=\"flex-basis:30%\">\n<h2 class=\"ls-heading wp-block-heading\">Affitto casa mobile vicino a Port-Cros<\/h2>\n\n\n\n<p class=\"ls-paragraph\"><a href=\"https:\/\/www.campingportpothuau.com\/it\/\">Il campeggio Port-Pothuau nel Var<\/a> vi offre la <strong>possibilit\u00e0 di soggiornare sulla costa mediterranea di fronte all&#8217;isola<\/strong> di Port-Cros, a 10 minuti da Port Saint-Pierre: la traversata per l&#8217;isola di Port-Cros dura circa 1 ora.<\/p>\n\n\n\n<p class=\"ls-paragraph\">Nel nostro sito paesaggistico troverete piazzole ombreggiate e spaziose per tende, roulotte e camper, nonch\u00e9 unit\u00e0 in affitto di varie dimensioni adatte alla vostra vacanza in coppia, in famiglia o con gli amici.<\/p>\n\n\n\n<p class=\"ls-paragraph\">Vi piace il campeggio ma preferite dormire in un vero letto? Un <strong>semplice chalet senza servizi i<\/strong>gienici ospita 4 vacanzieri nelle sue due camere da letto separate.<\/p>\n\n\n\n<p class=\"ls-paragraph addReadMore showlesscontent\">Per <strong>chi preferisce il massimo comfort<\/strong>, abbiamo una gamma di case mobili con 1, 2 e 3 camere da letto, dotate di aria condizionata e ampie terrazze arredate. Da 25 a 33 m2, possono ospitare da 2 a 6 persone a seconda del modello. <\/p>\n\n\n\n<p class=\"ls-paragraph\">La <strong>struttura \u00e8<\/strong> stata progettata per facilitare la vita <strong>dei vacanzieri a mobilit\u00e0 ridotta.<\/strong> Dalla rampa di accesso alla terrazza, in leggera pendenza, ai mobili bassi della cucina e al bagno con doccia conforme agli standard PRM, tutto \u00e8 stato progettato per offrire il massimo comfort e la massima mobilit\u00e0 alle persone con disabilit\u00e0.<\/p>\n<\/div>\n\n\n\n<div class=\"wp-block-column is-vertically-aligned-center animated fadeInRight delay-100ms slower is-layout-flow wp-block-column-is-layout-flow\" style=\"flex-basis:70%\">\n<figure class=\"wp-block-gallery has-nested-images columns-default is-cropped wp-block-gallery-1 is-layout-flex wp-block-gallery-is-layout-flex\">\n<figure class=\"wp-block-image size-full\"><a href=\"https:\/\/www.campingportpothuau.com\/wp-content\/uploads\/2023\/01\/location-mobil-home-port-cros.jpg\"><img decoding=\"async\" width=\"1000\" height=\"750\" data-id=\"7452\" src=\"https:\/\/www.campingportpothuau.com\/wp-content\/uploads\/2023\/01\/location-mobil-home-port-cros.jpg\" alt=\"affitto casa mobile port cros\" class=\"wp-image-7452\" srcset=\"https:\/\/www.campingportpothuau.com\/wp-content\/uploads\/2023\/01\/location-mobil-home-port-cros.jpg 1000w, https:\/\/www.campingportpothuau.com\/wp-content\/uploads\/2023\/01\/location-mobil-home-port-cros-300x225.jpg 300w, https:\/\/www.campingportpothuau.com\/wp-content\/uploads\/2023\/01\/location-mobil-home-port-cros-768x576.jpg 768w\" sizes=\"(max-width: 1000px) 100vw, 1000px\" \/><\/a><\/figure>\n\n\n\n<figure class=\"wp-block-image size-full\"><a href=\"https:\/\/www.campingportpothuau.com\/wp-content\/uploads\/2023\/01\/sejour-port-cros.jpg\"><img decoding=\"async\" width=\"1000\" height=\"750\" data-id=\"9655\" src=\"https:\/\/www.campingportpothuau.com\/wp-content\/uploads\/2023\/01\/sejour-port-cros.jpg\" alt=\"campeggio port cros\" class=\"wp-image-9655\" srcset=\"https:\/\/www.campingportpothuau.com\/wp-content\/uploads\/2023\/01\/sejour-port-cros.jpg 1000w, https:\/\/www.campingportpothuau.com\/wp-content\/uploads\/2023\/01\/sejour-port-cros-300x225.jpg 300w, https:\/\/www.campingportpothuau.com\/wp-content\/uploads\/2023\/01\/sejour-port-cros-768x576.jpg 768w\" sizes=\"(max-width: 1000px) 100vw, 1000px\" \/><\/a><\/figure>\n<\/figure>\n<\/div>\n<\/div>\n\n\r\n    <\/div>\r\n<\/section>\n\n<section id=\"ls-section-block_998471f64f2cb4ba0e3dd10bffb65af7\" class=\"ls-section  home-second page-two flex-reverse has-background has-color-5-background-color has-text-color has-color-white-color\" >\r\n        <div class=\"container container--wide\">\r\n        \n\n<div class=\"wp-block-columns is-layout-flex wp-container-core-columns-is-layout-9d6595d7 wp-block-columns-is-layout-flex\">\n<div class=\"wp-block-column is-layout-flow wp-block-column-is-layout-flow\" style=\"flex-basis:40%\">\n<h2 class=\"ls__heading has-text-align-center p-t-4 has-color-2-color has-text-color wp-block-heading\">Turismo e luoghi di interesse <br>a Port-Cros<\/h2>\n<\/div>\n\n\n\n<div class=\"wp-block-column is-layout-flow wp-block-column-is-layout-flow\" style=\"flex-basis:60%\">\n<p class=\"ls-paragraph\">Partite per una vacanza in famiglia vicino alle spiagge del Mar Mediterraneo nel Var. Quale posto migliore per farlo se non il dipartimento del Var con le sue spiagge di sabbia fine?<\/p>\n\n\n\n<p class=\"ls-paragraph\">Port-Cros \u00e8 <strong>un&#8217;isola pedonale<\/strong>, tra l&#8217;isola di Porquerolles e l&#8217;isola di Levant, a pochi chilometri dalla penisola di Giens. Con i <strong>suoi paesaggi paradisiaci<\/strong>, potrete scoprire questa <strong>riserva naturale protetta ed esotica.<\/strong> Essendo un&#8217;estensione marina del massiccio dei Maures, l&#8217;isola \u00e8 caratterizzata da rilievi ma anche da foreste. Su quest&#8217;isola troverete molte tracce del <strong>suo patrimonio storico e architettonico.<\/strong><\/p>\n<\/div>\n<\/div>\n\n\r\n    <\/div>\r\n<\/section>\n\n<section id=\"ls-section-block_ba8eb89ccfe4af6a609514b717c8f2bb\" class=\"ls-section  home-third page-three default-illustration illustration-poisson\" >\r\n        <div class=\"container container--wide\">\r\n        \n\n<div class=\"wp-block-columns are-vertically-aligned-top flex-reverse is-layout-flex wp-container-core-columns-is-layout-9d6595d7 wp-block-columns-is-layout-flex\">\n<div class=\"wp-block-column is-vertically-aligned-top is-layout-flow wp-block-column-is-layout-flow\" style=\"flex-basis:40%\">\n<p class=\"ls-paragraph\">Nel XVII secolo, poich\u00e9 l&#8217;isola era spesso soggetta ad attacchi di pirati, Richelieu fece costruire <strong>fortezze e torri fortificate.<\/strong> Questi edifici difensivi sono diventati delle tappe obbligate per visitare Port-Cros: la torre dell&#8217;Eminenza, il forte della Vigie, il forte di Estissac, il forte del Moulin e il forte di Portman.<\/p>\n\n\n\n<p class=\"ls-paragraph\">Ci sono <strong>quasi 30 km di<\/strong> sentieri che si possono percorrere per scoprire la flora mediterranea dell&#8217;isola. Durante le vostre passeggiate sull&#8217;isola di Port-Cros, potrete ammirare <strong>panorami eccezionali<\/strong> e persino trovare piccole <strong>case tradizionali di pescatori.<\/strong><\/p>\n\n\n\n<p class=\"ls-paragraph\">Un altro paesaggio da non perdere a Port-Cros \u00e8 il suo f<strong>ondale marino.<\/strong> La ricchezza di quest&#8217;ultima ha fatto la reputazione dell&#8217;isola. Prendete pinne, maschera e boccaglio ed esplorate il percorso subacqueo alla scoperta della flora e della fauna.<\/p>\n<\/div>\n\n\n\n<div class=\"wp-block-column is-vertically-aligned-top animated fadeInUp slow is-layout-flow wp-block-column-is-layout-flow\" style=\"flex-basis:60%\">\n<figure class=\"wp-block-gallery has-nested-images columns-default is-cropped galerie-slide-general wp-block-gallery-2 is-layout-flex wp-block-gallery-is-layout-flex\">\n<figure class=\"wp-block-image size-full\"><img decoding=\"async\" width=\"782\" height=\"580\" data-id=\"7428\" src=\"https:\/\/www.campingportpothuau.com\/wp-content\/uploads\/2023\/01\/plongee-port-cros.jpg\" alt=\"immersione a porto cros\" class=\"wp-image-7428\" srcset=\"https:\/\/www.campingportpothuau.com\/wp-content\/uploads\/2023\/01\/plongee-port-cros.jpg 782w, https:\/\/www.campingportpothuau.com\/wp-content\/uploads\/2023\/01\/plongee-port-cros-300x223.jpg 300w, https:\/\/www.campingportpothuau.com\/wp-content\/uploads\/2023\/01\/plongee-port-cros-768x570.jpg 768w\" sizes=\"(max-width: 782px) 100vw, 782px\" \/><\/figure>\n\n\n\n<figure class=\"wp-block-image size-full\"><img decoding=\"async\" width=\"782\" height=\"580\" data-id=\"7446\" src=\"https:\/\/www.campingportpothuau.com\/wp-content\/uploads\/2023\/01\/decouvrir-fort-port-cros-1.jpg\" alt=\"visita a fort port cros\" class=\"wp-image-7446\" srcset=\"https:\/\/www.campingportpothuau.com\/wp-content\/uploads\/2023\/01\/decouvrir-fort-port-cros-1.jpg 782w, https:\/\/www.campingportpothuau.com\/wp-content\/uploads\/2023\/01\/decouvrir-fort-port-cros-1-300x223.jpg 300w, https:\/\/www.campingportpothuau.com\/wp-content\/uploads\/2023\/01\/decouvrir-fort-port-cros-1-768x570.jpg 768w\" sizes=\"(max-width: 782px) 100vw, 782px\" \/><\/figure>\n\n\n\n<figure class=\"wp-block-image size-full\"><img decoding=\"async\" width=\"782\" height=\"580\" data-id=\"7440\" src=\"https:\/\/www.campingportpothuau.com\/wp-content\/uploads\/2023\/01\/decouvrir-port-cros.jpg\" alt=\"turismo porto cros\" class=\"wp-image-7440\" srcset=\"https:\/\/www.campingportpothuau.com\/wp-content\/uploads\/2023\/01\/decouvrir-port-cros.jpg 782w, https:\/\/www.campingportpothuau.com\/wp-content\/uploads\/2023\/01\/decouvrir-port-cros-300x223.jpg 300w, https:\/\/www.campingportpothuau.com\/wp-content\/uploads\/2023\/01\/decouvrir-port-cros-768x570.jpg 768w\" sizes=\"(max-width: 782px) 100vw, 782px\" \/><\/figure>\n<\/figure>\n<\/div>\n<\/div>\n\n\r\n    <\/div>\r\n<\/section>\n\n<section id=\"ls-section-block_ee108f5745fb5b52b8581840971b303c\" class=\"ls-section  page-cta animated fadeIn delay-100ms slow has-background has-color-4-background-color\" >\r\n        <div class=\"container container--wide\">\r\n        \n\n<div id=\"ls-heading ls-titre-div-block_aee42f4a6537eb0a14c9eb57a0165c8d\" class=\"ls-titre-div aligncenter h2-like\" >\n    Scoprite Hy\u00e8res, Tolone e i percorsi subacquei<\/div>\n\n\n<div id=\"ls-maillage-block_4ebffb6ae7e8248a0ab562f8afcbf80e\" class=\"ls-maillage cta-style-normal\" data-rows=\"3\">\r\n    <div class=\"wp-block-columns\"><div class=\"wp-block-column\"><div class=\"ls-cta\">\n\n<a href=\"https:\/\/www.campingportpothuau.com\/it\/campeggio-hyeres-presqu-ile-de-giens\/\" target=\"\" rel=\"noopener\" class=\"ls-cta__link\">\n\n\t<div class=\"ls-cta__image\"><img decoding=\"async\" width=\"434\" height=\"550\" src=\"https:\/\/www.campingportpothuau.com\/wp-content\/uploads\/2023\/01\/vacances-ile-or.jpg\" class=\"attachment-medium_large size-medium_large\" alt=\"vacances ile or\" srcset=\"https:\/\/www.campingportpothuau.com\/wp-content\/uploads\/2023\/01\/vacances-ile-or.jpg 434w, https:\/\/www.campingportpothuau.com\/wp-content\/uploads\/2023\/01\/vacances-ile-or-237x300.jpg 237w\" sizes=\"(max-width: 434px) 100vw, 434px\" \/><\/div>\t<div class=\"ls-cta__content\">\n\t\t<div class=\"ls-cta__title\">\n\t\t\t<span class=\"pothuau-vague\"><\/span><span class=\"titre-cta\">Hy\u00e8res e le Isole d&#8217;Oro<\/span>\n\t\t<\/div>\n\n\t\t\t<\/div>\n\n<\/a><\/div><\/div><div class=\"wp-block-column\"><div class=\"ls-cta\">\n\n<a href=\"https:\/\/www.campingportpothuau.com\/it\/percorso-subacqueo-var\/\" target=\"\" rel=\"noopener\" class=\"ls-cta__link\">\n\n\t<div class=\"ls-cta__image\"><img decoding=\"async\" width=\"434\" height=\"550\" src=\"https:\/\/www.campingportpothuau.com\/wp-content\/uploads\/2023\/01\/plongee-port-cros-1.jpg\" class=\"attachment-medium_large size-medium_large\" alt=\"plongee port cros\" srcset=\"https:\/\/www.campingportpothuau.com\/wp-content\/uploads\/2023\/01\/plongee-port-cros-1.jpg 434w, https:\/\/www.campingportpothuau.com\/wp-content\/uploads\/2023\/01\/plongee-port-cros-1-237x300.jpg 237w\" sizes=\"(max-width: 434px) 100vw, 434px\" \/><\/div>\t<div class=\"ls-cta__content\">\n\t\t<div class=\"ls-cta__title\">\n\t\t\t<span class=\"pothuau-vague\"><\/span><span class=\"titre-cta\">Percorsi subacquei<\/span>\n\t\t<\/div>\n\n\t\t\t<\/div>\n\n<\/a><\/div><\/div><div class=\"wp-block-column\"><div class=\"ls-cta\">\n\n<a href=\"https:\/\/www.campingportpothuau.com\/it\/campeggio-toulon\/\" target=\"\" rel=\"noopener\" class=\"ls-cta__link\">\n\n\t<div class=\"ls-cta__image\"><img decoding=\"async\" width=\"434\" height=\"550\" src=\"https:\/\/www.campingportpothuau.com\/wp-content\/uploads\/2023\/01\/camping-toulon.jpg\" class=\"attachment-medium_large size-medium_large\" alt=\"camping toulon\" srcset=\"https:\/\/www.campingportpothuau.com\/wp-content\/uploads\/2023\/01\/camping-toulon.jpg 434w, https:\/\/www.campingportpothuau.com\/wp-content\/uploads\/2023\/01\/camping-toulon-237x300.jpg 237w\" sizes=\"(max-width: 434px) 100vw, 434px\" \/><\/div>\t<div class=\"ls-cta__content\">\n\t\t<div class=\"ls-cta__title\">\n\t\t\t<span class=\"pothuau-vague\"><\/span><span class=\"titre-cta\">Toulon<\/span>\n\t\t<\/div>\n\n\t\t\t<\/div>\n\n<\/a><\/div><\/div><\/div><\/div>\n\r\n    <\/div>\r\n<\/section>","protected":false},"excerpt":{"rendered":"","protected":false},"author":1,"featured_media":7467,"parent":0,"menu_order":0,"comment_status":"closed","ping_status":"closed","template":"","meta":{"_acf_changed":false,"inline_featured_image":false,"footnotes":""},"sujet":[],"class_list":["post-10615","page","type-page","status-publish","has-post-thumbnail","hentry"],"acf":[],"yoast_head":"<!-- This site is optimized with the Yoast SEO plugin v24.7 - https:\/\/yoast.com\/wordpress\/plugins\/seo\/ -->\n<title>Camping Port-Cros | Casa mobile e campeggio a Port Cros, nel Var<\/title>\n<meta name=\"robots\" content=\"index, follow, max-snippet:-1, max-image-preview:large, max-video-preview:-1\" \/>\n<link rel=\"canonical\" href=\"https:\/\/www.campingportpothuau.com\/it\/campeggio-porto-cros\/\" \/>\n<meta property=\"og:locale\" content=\"it_IT\" \/>\n<meta property=\"og:type\" content=\"article\" \/>\n<meta property=\"og:title\" content=\"Camping Port-Cros | Casa mobile e campeggio a Port Cros, nel Var\" \/>\n<meta property=\"og:url\" content=\"https:\/\/www.campingportpothuau.com\/it\/campeggio-porto-cros\/\" \/>\n<meta property=\"og:site_name\" content=\"Port Pothuau\" \/>\n<meta property=\"article:modified_time\" content=\"2023-02-16T16:13:34+00:00\" \/>\n<meta property=\"og:image\" content=\"https:\/\/www.campingportpothuau.com\/wp-content\/uploads\/2023\/01\/visiter-port-cros.jpg\" \/>\n\t<meta property=\"og:image:width\" content=\"1905\" \/>\n\t<meta property=\"og:image:height\" content=\"550\" \/>\n\t<meta property=\"og:image:type\" content=\"image\/jpeg\" \/>\n<meta name=\"twitter:card\" content=\"summary_large_image\" \/>\n<meta name=\"twitter:label1\" content=\"Tempo di lettura stimato\" \/>\n\t<meta name=\"twitter:data1\" content=\"4 minuti\" \/>\n<script type=\"application\/ld+json\" class=\"yoast-schema-graph\">{\"@context\":\"https:\/\/schema.org\",\"@graph\":[{\"@type\":\"WebPage\",\"@id\":\"https:\/\/www.campingportpothuau.com\/it\/campeggio-porto-cros\/\",\"url\":\"https:\/\/www.campingportpothuau.com\/it\/campeggio-porto-cros\/\",\"name\":\"Camping Port-Cros | Casa mobile e campeggio a Port Cros, nel Var\",\"isPartOf\":{\"@id\":\"https:\/\/www.campingportpothuau.com\/it\/#website\"},\"primaryImageOfPage\":{\"@id\":\"https:\/\/www.campingportpothuau.com\/it\/campeggio-porto-cros\/#primaryimage\"},\"image\":{\"@id\":\"https:\/\/www.campingportpothuau.com\/it\/campeggio-porto-cros\/#primaryimage\"},\"thumbnailUrl\":\"https:\/\/www.campingportpothuau.com\/wp-content\/uploads\/2023\/01\/visiter-port-cros.jpg\",\"datePublished\":\"2023-02-07T15:25:40+00:00\",\"dateModified\":\"2023-02-16T16:13:34+00:00\",\"breadcrumb\":{\"@id\":\"https:\/\/www.campingportpothuau.com\/it\/campeggio-porto-cros\/#breadcrumb\"},\"inLanguage\":\"it-IT\",\"potentialAction\":[{\"@type\":\"ReadAction\",\"target\":[\"https:\/\/www.campingportpothuau.com\/it\/campeggio-porto-cros\/\"]}]},{\"@type\":\"ImageObject\",\"inLanguage\":\"it-IT\",\"@id\":\"https:\/\/www.campingportpothuau.com\/it\/campeggio-porto-cros\/#primaryimage\",\"url\":\"https:\/\/www.campingportpothuau.com\/wp-content\/uploads\/2023\/01\/visiter-port-cros.jpg\",\"contentUrl\":\"https:\/\/www.campingportpothuau.com\/wp-content\/uploads\/2023\/01\/visiter-port-cros.jpg\",\"width\":1905,\"height\":550,\"caption\":\"visiter port cros\"},{\"@type\":\"BreadcrumbList\",\"@id\":\"https:\/\/www.campingportpothuau.com\/it\/campeggio-porto-cros\/#breadcrumb\",\"itemListElement\":[{\"@type\":\"ListItem\",\"position\":1,\"name\":\"Camping Var\",\"item\":\"https:\/\/www.campingportpothuau.com\/it\/\"},{\"@type\":\"ListItem\",\"position\":2,\"name\":\"Campeggio Port Cros\"}]},{\"@type\":\"WebSite\",\"@id\":\"https:\/\/www.campingportpothuau.com\/it\/#website\",\"url\":\"https:\/\/www.campingportpothuau.com\/it\/\",\"name\":\"Port Pothuau\",\"description\":\"\",\"publisher\":{\"@id\":\"https:\/\/www.campingportpothuau.com\/it\/#organization\"},\"potentialAction\":[{\"@type\":\"SearchAction\",\"target\":{\"@type\":\"EntryPoint\",\"urlTemplate\":\"https:\/\/www.campingportpothuau.com\/it\/?s={search_term_string}\"},\"query-input\":{\"@type\":\"PropertyValueSpecification\",\"valueRequired\":true,\"valueName\":\"search_term_string\"}}],\"inLanguage\":\"it-IT\"},{\"@type\":\"Organization\",\"@id\":\"https:\/\/www.campingportpothuau.com\/it\/#organization\",\"name\":\"Port Pothuau\",\"url\":\"https:\/\/www.campingportpothuau.com\/it\/\",\"logo\":{\"@type\":\"ImageObject\",\"inLanguage\":\"it-IT\",\"@id\":\"https:\/\/www.campingportpothuau.com\/it\/#\/schema\/logo\/image\/\",\"url\":\"https:\/\/www.campingportpothuau.com\/wp-content\/uploads\/2022\/12\/LogoPort-Pothuau-Texte-Blanc-1.svg\",\"contentUrl\":\"https:\/\/www.campingportpothuau.com\/wp-content\/uploads\/2022\/12\/LogoPort-Pothuau-Texte-Blanc-1.svg\",\"caption\":\"Port Pothuau\"},\"image\":{\"@id\":\"https:\/\/www.campingportpothuau.com\/it\/#\/schema\/logo\/image\/\"}}]}<\/script>\n<!-- \/ Yoast SEO plugin. -->","yoast_head_json":{"title":"Camping Port-Cros | Casa mobile e campeggio a Port Cros, nel Var","robots":{"index":"index","follow":"follow","max-snippet":"max-snippet:-1","max-image-preview":"max-image-preview:large","max-video-preview":"max-video-preview:-1"},"canonical":"https:\/\/www.campingportpothuau.com\/it\/campeggio-porto-cros\/","og_locale":"it_IT","og_type":"article","og_title":"Camping Port-Cros | Casa mobile e campeggio a Port Cros, nel Var","og_url":"https:\/\/www.campingportpothuau.com\/it\/campeggio-porto-cros\/","og_site_name":"Port Pothuau","article_modified_time":"2023-02-16T16:13:34+00:00","og_image":[{"width":1905,"height":550,"url":"https:\/\/www.campingportpothuau.com\/wp-content\/uploads\/2023\/01\/visiter-port-cros.jpg","type":"image\/jpeg"}],"twitter_card":"summary_large_image","twitter_misc":{"Tempo di lettura stimato":"4 minuti"},"schema":{"@context":"https:\/\/schema.org","@graph":[{"@type":"WebPage","@id":"https:\/\/www.campingportpothuau.com\/it\/campeggio-porto-cros\/","url":"https:\/\/www.campingportpothuau.com\/it\/campeggio-porto-cros\/","name":"Camping Port-Cros | Casa mobile e campeggio a Port Cros, nel Var","isPartOf":{"@id":"https:\/\/www.campingportpothuau.com\/it\/#website"},"primaryImageOfPage":{"@id":"https:\/\/www.campingportpothuau.com\/it\/campeggio-porto-cros\/#primaryimage"},"image":{"@id":"https:\/\/www.campingportpothuau.com\/it\/campeggio-porto-cros\/#primaryimage"},"thumbnailUrl":"https:\/\/www.campingportpothuau.com\/wp-content\/uploads\/2023\/01\/visiter-port-cros.jpg","datePublished":"2023-02-07T15:25:40+00:00","dateModified":"2023-02-16T16:13:34+00:00","breadcrumb":{"@id":"https:\/\/www.campingportpothuau.com\/it\/campeggio-porto-cros\/#breadcrumb"},"inLanguage":"it-IT","potentialAction":[{"@type":"ReadAction","target":["https:\/\/www.campingportpothuau.com\/it\/campeggio-porto-cros\/"]}]},{"@type":"ImageObject","inLanguage":"it-IT","@id":"https:\/\/www.campingportpothuau.com\/it\/campeggio-porto-cros\/#primaryimage","url":"https:\/\/www.campingportpothuau.com\/wp-content\/uploads\/2023\/01\/visiter-port-cros.jpg","contentUrl":"https:\/\/www.campingportpothuau.com\/wp-content\/uploads\/2023\/01\/visiter-port-cros.jpg","width":1905,"height":550,"caption":"visiter port cros"},{"@type":"BreadcrumbList","@id":"https:\/\/www.campingportpothuau.com\/it\/campeggio-porto-cros\/#breadcrumb","itemListElement":[{"@type":"ListItem","position":1,"name":"Camping Var","item":"https:\/\/www.campingportpothuau.com\/it\/"},{"@type":"ListItem","position":2,"name":"Campeggio Port Cros"}]},{"@type":"WebSite","@id":"https:\/\/www.campingportpothuau.com\/it\/#website","url":"https:\/\/www.campingportpothuau.com\/it\/","name":"Port Pothuau","description":"","publisher":{"@id":"https:\/\/www.campingportpothuau.com\/it\/#organization"},"potentialAction":[{"@type":"SearchAction","target":{"@type":"EntryPoint","urlTemplate":"https:\/\/www.campingportpothuau.com\/it\/?s={search_term_string}"},"query-input":{"@type":"PropertyValueSpecification","valueRequired":true,"valueName":"search_term_string"}}],"inLanguage":"it-IT"},{"@type":"Organization","@id":"https:\/\/www.campingportpothuau.com\/it\/#organization","name":"Port Pothuau","url":"https:\/\/www.campingportpothuau.com\/it\/","logo":{"@type":"ImageObject","inLanguage":"it-IT","@id":"https:\/\/www.campingportpothuau.com\/it\/#\/schema\/logo\/image\/","url":"https:\/\/www.campingportpothuau.com\/wp-content\/uploads\/2022\/12\/LogoPort-Pothuau-Texte-Blanc-1.svg","contentUrl":"https:\/\/www.campingportpothuau.com\/wp-content\/uploads\/2022\/12\/LogoPort-Pothuau-Texte-Blanc-1.svg","caption":"Port Pothuau"},"image":{"@id":"https:\/\/www.campingportpothuau.com\/it\/#\/schema\/logo\/image\/"}}]}},"_links":{"self":[{"href":"https:\/\/www.campingportpothuau.com\/it\/wp-json\/wp\/v2\/pages\/10615","targetHints":{"allow":["GET"]}}],"collection":[{"href":"https:\/\/www.campingportpothuau.com\/it\/wp-json\/wp\/v2\/pages"}],"about":[{"href":"https:\/\/www.campingportpothuau.com\/it\/wp-json\/wp\/v2\/types\/page"}],"author":[{"embeddable":true,"href":"https:\/\/www.campingportpothuau.com\/it\/wp-json\/wp\/v2\/users\/1"}],"replies":[{"embeddable":true,"href":"https:\/\/www.campingportpothuau.com\/it\/wp-json\/wp\/v2\/comments?post=10615"}],"version-history":[{"count":7,"href":"https:\/\/www.campingportpothuau.com\/it\/wp-json\/wp\/v2\/pages\/10615\/revisions"}],"predecessor-version":[{"id":12593,"href":"https:\/\/www.campingportpothuau.com\/it\/wp-json\/wp\/v2\/pages\/10615\/revisions\/12593"}],"wp:featuredmedia":[{"embeddable":true,"href":"https:\/\/www.campingportpothuau.com\/it\/wp-json\/wp\/v2\/media\/7467"}],"wp:attachment":[{"href":"https:\/\/www.campingportpothuau.com\/it\/wp-json\/wp\/v2\/media?parent=10615"}],"wp:term":[{"taxonomy":"sujet","embeddable":true,"href":"https:\/\/www.campingportpothuau.com\/it\/wp-json\/wp\/v2\/sujet?post=10615"}],"curies":[{"name":"wp","href":"https:\/\/api.w.org\/{rel}","templated":true}]}}