{"id":10606,"date":"2023-02-07T16:13:38","date_gmt":"2023-02-07T15:13:38","guid":{"rendered":"https:\/\/www.campingportpothuau.com\/squadra-campeggio-var\/"},"modified":"2023-02-21T16:37:00","modified_gmt":"2023-02-21T15:37:00","slug":"squadra-campeggio-var","status":"publish","type":"page","link":"https:\/\/www.campingportpothuau.com\/it\/squadra-campeggio-var\/","title":{"rendered":"La nostra storia"},"content":{"rendered":"<section id=\"ls-section-block_0d2e92fd1db22da421bce40e46b10d93\" class=\"ls-section  p-b-0\" >\r\n        <div class=\"container container--wide\">\r\n        \n\n<h1 class=\"ls__heading has-text-align-center has-color-5-color has-text-color wp-block-heading\">La storia del nostro campeggio di Port Pothuau<\/h1>\n\n\r\n    <\/div>\r\n<\/section>\n\n<section id=\"ls-section-block_e48406151437650e8bc2dec61d7710d2\" class=\"ls-section  home-seventh page-one m-t-0\" >\r\n        <div class=\"container container--full\">\r\n        \n\n<div class=\"wp-block-columns is-layout-flex wp-container-core-columns-is-layout-9d6595d7 wp-block-columns-is-layout-flex\">\n<div class=\"wp-block-column is-vertically-aligned-center is-layout-flow wp-block-column-is-layout-flow\" style=\"flex-basis:30%\">\n<p class=\"ls-paragraph\">Lontano dai grandi gruppi alberghieri all&#8217;aperto! Il <a href=\"\/it\/\">Camping Hy\u00e8res Port Pothuau<\/a> \u00e8 soprattutto una storia d&#8217;amore.<\/p>\n\n\n\n<p class=\"ls-paragraph\">Lontano dai grandi gruppi alberghieri all&#8217;aperto, il campeggio Port Pothuau \u00e8 <strong>un&#8217;azienda familiare dal 1972.<\/strong> Cosa ci spinge? L&#8217;amore, naturalmente! L&#8217;amore della nostra famiglia, che ha trasmesso la sua passione di <strong>generazione in generazione.<\/strong> E <strong>l&#8217;amore per i nostri villeggianti<\/strong> che tornano ogni anno per dedicare il loro tempo a condividere &#8230;<\/p>\n\n\n\n<p class=\"ls-paragraph\">Oggi Julie &#8211; che \u00e8 cresciuta in campeggio (a volte compare nelle foto del sito \ud83d\ude0a ma shhh&#8230; \u00e8 un segreto, ve lo lasciamo cercare) infonde i suoi valori e la sua energia ai vacanzieri e al suo team. Gestisce il campeggio come un <strong>hotel all&#8217;aperto con tutte le qualit\u00e0 di un campeggio<\/strong> a misura d&#8217;uomo nel sud della Francia.<\/p>\n<\/div>\n\n\n\n<div class=\"wp-block-column is-vertically-aligned-center animated fadeInRight delay-100ms slower is-layout-flow wp-block-column-is-layout-flow\" style=\"flex-basis:70%\">\n<figure class=\"wp-block-gallery has-nested-images columns-default is-cropped wp-block-gallery-1 is-layout-flex wp-block-gallery-is-layout-flex\">\n<figure class=\"wp-block-image size-full\"><a href=\"https:\/\/www.campingportpothuau.com\/wp-content\/uploads\/2022\/12\/historique-camping-hyeres.jpg\"><img decoding=\"async\" width=\"1000\" height=\"750\" data-id=\"6570\" src=\"https:\/\/www.campingportpothuau.com\/wp-content\/uploads\/2022\/12\/historique-camping-hyeres.jpg\" alt=\"storia del campeggio di hyeres\" class=\"wp-image-6570\" srcset=\"https:\/\/www.campingportpothuau.com\/wp-content\/uploads\/2022\/12\/historique-camping-hyeres.jpg 1000w, https:\/\/www.campingportpothuau.com\/wp-content\/uploads\/2022\/12\/historique-camping-hyeres-300x225.jpg 300w, https:\/\/www.campingportpothuau.com\/wp-content\/uploads\/2022\/12\/historique-camping-hyeres-768x576.jpg 768w\" sizes=\"(max-width: 1000px) 100vw, 1000px\" \/><\/a><\/figure>\n\n\n\n<figure class=\"wp-block-image size-full\"><a href=\"https:\/\/www.campingportpothuau.com\/wp-content\/uploads\/2022\/12\/histoire-camping-var.jpg\"><img decoding=\"async\" width=\"1000\" height=\"750\" data-id=\"6566\" src=\"https:\/\/www.campingportpothuau.com\/wp-content\/uploads\/2022\/12\/histoire-camping-var.jpg\" alt=\"storia del campeggio var\" class=\"wp-image-6566\" srcset=\"https:\/\/www.campingportpothuau.com\/wp-content\/uploads\/2022\/12\/histoire-camping-var.jpg 1000w, https:\/\/www.campingportpothuau.com\/wp-content\/uploads\/2022\/12\/histoire-camping-var-300x225.jpg 300w, https:\/\/www.campingportpothuau.com\/wp-content\/uploads\/2022\/12\/histoire-camping-var-768x576.jpg 768w\" sizes=\"(max-width: 1000px) 100vw, 1000px\" \/><\/a><\/figure>\n<\/figure>\n<\/div>\n<\/div>\n\n\r\n    <\/div>\r\n<\/section>\n\n<section id=\"ls-section-block_f7ffccde477b6e8dd889ee128bf95a3b\" class=\"ls-section  home-second page-two flex-reverse has-background has-color-5-background-color has-text-color has-color-white-color\" >\r\n        <div class=\"container container--wide\">\r\n        \n\n<div class=\"wp-block-columns is-layout-flex wp-container-core-columns-is-layout-9d6595d7 wp-block-columns-is-layout-flex\">\n<div class=\"wp-block-column is-layout-flow wp-block-column-is-layout-flow\" style=\"flex-basis:40%\"><\/div>\n\n\n\n<div class=\"wp-block-column is-layout-flow wp-block-column-is-layout-flow\" style=\"flex-basis:60%\">\n<p class=\"ls-paragraph\">La <strong>storia \u00e8 iniziata nel 1972<\/strong>, <strong>3 generazioni<\/strong> si sono succedute, ore e ore di lavoro e passione nel corso degli anni e delle stagioni hanno reso Port Pothuau il campeggio tanto caro ai nostri cuori! Un luogo dove a tutti piace prendersi del tempo <strong>per riposare, per divertirsi, per visitare<\/strong>&#8230; insomma, per prendersi del tempo&#8230;<\/p>\n<\/div>\n<\/div>\n\n\r\n    <\/div>\r\n<\/section>\n\n<section id=\"ls-section-block_8d069efe1de9737e54ee2de6101e9e24\" class=\"ls-section  home-third page-three\" >\r\n        <div class=\"container container--wide\">\r\n        \n\n<div class=\"wp-block-columns are-vertically-aligned-top is-layout-flex wp-container-core-columns-is-layout-9d6595d7 wp-block-columns-is-layout-flex\">\n<div class=\"wp-block-column is-vertically-aligned-top is-layout-flow wp-block-column-is-layout-flow\" style=\"flex-basis:40%\">\n<p class=\"ls-paragraph\">Nel <strong>1972<\/strong>, <strong>Reymond e Dadou<\/strong> (i nonni di Julie) decisero di allestire il loro campeggio su <strong>un terreno vicino al mare<\/strong>.<\/p>\n\n\n\n<p class=\"ls-paragraph\">All&#8217;inizio, l&#8217;idea \u00e8 venuta a Dadou che ha visto un tessuto volare via con il vento e aggrapparsi a pezzi di legno sulla sabbia&#8230; Si \u00e8 formata una tenda&#8230; Era il 1932, ancora prima della comparsa delle ferie pagate, prima delle grandi partenze per le vacanze estive&#8230; L&#8217;idea era appena germogliata, sarebbe stata una <a href=\"https:\/\/www.campingportpothuau.com\/it\/campeggio-bordo-de-mer-var\/\">campeggio vicino al mare<\/a>, il suo progetto di vita.<\/p>\n\n\n\n<p class=\"ls-paragraph\">Ci sono voluti <strong>40 anni<\/strong>, l&#8217;incontro con Reymond, un figlio, Jacky, molti risparmi e un colpo di fortuna: <strong>un terreno vicino al mare<\/strong> e alle antiche <strong>saline di Hy\u00e8res<\/strong>, l&#8217;avventura stava iniziando e tutto era ancora da costruire.<\/p>\n<\/div>\n\n\n\n<div class=\"wp-block-column is-vertically-aligned-top animated fadeInUp slow is-layout-flow wp-block-column-is-layout-flow\" style=\"flex-basis:60%\">\n<figure class=\"wp-block-gallery has-nested-images columns-default is-cropped galerie-slide-general wp-block-gallery-2 is-layout-flex wp-block-gallery-is-layout-flex\">\n<figure class=\"wp-block-image size-full\"><img decoding=\"async\" width=\"782\" height=\"580\" data-id=\"6542\" src=\"https:\/\/www.campingportpothuau.com\/wp-content\/uploads\/2022\/12\/camping-caravaning-histoire.jpg\" alt=\"campeggio caravaning histoire\" class=\"wp-image-6542\" srcset=\"https:\/\/www.campingportpothuau.com\/wp-content\/uploads\/2022\/12\/camping-caravaning-histoire.jpg 782w, https:\/\/www.campingportpothuau.com\/wp-content\/uploads\/2022\/12\/camping-caravaning-histoire-300x223.jpg 300w, https:\/\/www.campingportpothuau.com\/wp-content\/uploads\/2022\/12\/camping-caravaning-histoire-768x570.jpg 768w\" sizes=\"(max-width: 782px) 100vw, 782px\" \/><\/figure>\n\n\n\n<figure class=\"wp-block-image size-full\"><img decoding=\"async\" width=\"783\" height=\"580\" data-id=\"6546\" src=\"https:\/\/www.campingportpothuau.com\/wp-content\/uploads\/2022\/12\/camping-caravaning-histoire-hyeres.jpg\" alt=\"camping caravaning histoire hyeres\" class=\"wp-image-6546\" srcset=\"https:\/\/www.campingportpothuau.com\/wp-content\/uploads\/2022\/12\/camping-caravaning-histoire-hyeres.jpg 783w, https:\/\/www.campingportpothuau.com\/wp-content\/uploads\/2022\/12\/camping-caravaning-histoire-hyeres-300x222.jpg 300w, https:\/\/www.campingportpothuau.com\/wp-content\/uploads\/2022\/12\/camping-caravaning-histoire-hyeres-768x569.jpg 768w\" sizes=\"(max-width: 783px) 100vw, 783px\" \/><\/figure>\n\n\n\n<figure class=\"wp-block-image size-full\"><img decoding=\"async\" width=\"782\" height=\"580\" data-id=\"6550\" src=\"https:\/\/www.campingportpothuau.com\/wp-content\/uploads\/2022\/12\/camping-histoire-hyeres.jpg\" alt=\"campeggio histoire hyeres\" class=\"wp-image-6550\" srcset=\"https:\/\/www.campingportpothuau.com\/wp-content\/uploads\/2022\/12\/camping-histoire-hyeres.jpg 782w, https:\/\/www.campingportpothuau.com\/wp-content\/uploads\/2022\/12\/camping-histoire-hyeres-300x223.jpg 300w, https:\/\/www.campingportpothuau.com\/wp-content\/uploads\/2022\/12\/camping-histoire-hyeres-768x570.jpg 768w\" sizes=\"(max-width: 782px) 100vw, 782px\" \/><\/figure>\n<\/figure>\n<\/div>\n<\/div>\n\n\r\n    <\/div>\r\n<\/section>\n\n<section id=\"ls-section-block_8546a40f5e226ab72a67f7c5316f0451\" class=\"ls-section  home-sixth page-four\" >\r\n        <div class=\"container container--wide\">\r\n        \n\n<div class=\"wp-block-columns is-layout-flex wp-container-core-columns-is-layout-9d6595d7 wp-block-columns-is-layout-flex\">\n<div class=\"wp-block-column animated fadeInLeft slow is-layout-flow wp-block-column-is-layout-flow\" style=\"flex-basis:60%\">\n<figure class=\"wp-block-image size-full\"><img decoding=\"async\" width=\"900\" height=\"600\" src=\"https:\/\/www.campingportpothuau.com\/wp-content\/uploads\/2022\/12\/camping-presquile-giens.jpg\" alt=\"campeggio presqu ile giens\" class=\"wp-image-1227\" srcset=\"https:\/\/www.campingportpothuau.com\/wp-content\/uploads\/2022\/12\/camping-presquile-giens.jpg 900w, https:\/\/www.campingportpothuau.com\/wp-content\/uploads\/2022\/12\/camping-presquile-giens-300x200.jpg 300w, https:\/\/www.campingportpothuau.com\/wp-content\/uploads\/2022\/12\/camping-presquile-giens-768x512.jpg 768w\" sizes=\"(max-width: 900px) 100vw, 900px\" \/><\/figure>\n<\/div>\n\n\n\n<div class=\"wp-block-column is-vertically-aligned-top is-layout-flow wp-block-column-is-layout-flow\" style=\"flex-basis:40%\">\n<p class=\"ls-paragraph\">Poi il <strong>seconda generazione<\/strong> Jacky e Jacqueline si occuperanno del campeggio di Port Pothuau fino al 2006, quando Julie rilever\u00e0 l&#8217;attivit\u00e0 di famiglia. <strong>creare uno spazio di vita e di benessere<\/strong> con l&#8217;aiuto di circa sessanta dipendenti, per garantire la migliore esperienza possibile a tutti i nostri vacanzieri. <\/p>\n\n\n\n<p class=\"ls-paragraph\">Tutti condividono i valori del nostro campeggio e sono animati dalla stessa passione: rendere indimenticabili le vostre <a href=\"https:\/\/www.campingportpothuau.com\/it\/vacanze-campeggio-mediterraneo\/\">vacanze nel Var<\/a>!<\/p>\n<\/div>\n<\/div>\n\n\r\n    <\/div>\r\n<\/section>\n\n<section id=\"ls-section-block_e11e5395f1b897047eeff8f34116cb6f\" class=\"ls-section  page-cta animated fadeIn delay-100ms slow has-background has-color-4-background-color\" >\r\n        <div class=\"container container--wide\">\r\n        \n\n<div id=\"ls-heading ls-titre-div-block_a21066ee6fb54f71b6a886e68e266c5b\" class=\"ls-titre-div aligncenter h2-like\" >\n    Scoprire il campeggio, i suoi valori e le attivit\u00e0 proposte<\/div>\n\n\n<div id=\"ls-maillage-block_58de5cbd10e1cae108bd84bb4a71f4ba\" class=\"ls-maillage cta-style-normal\" data-rows=\"3\">\r\n    <div class=\"wp-block-columns\"><div class=\"wp-block-column\"><div class=\"ls-cta\">\n\n<a href=\"https:\/\/www.campingportpothuau.com\/it\/campeggio-var-animazioni\/\" target=\"\" rel=\"noopener\" class=\"ls-cta__link\">\n\n\t<div class=\"ls-cta__image\"><img decoding=\"async\" width=\"435\" height=\"550\" src=\"https:\/\/www.campingportpothuau.com\/wp-content\/uploads\/2023\/01\/camping-animations-familiales-var.jpg\" class=\"attachment-medium_large size-medium_large\" alt=\"camping animations familiales var\" srcset=\"https:\/\/www.campingportpothuau.com\/wp-content\/uploads\/2023\/01\/camping-animations-familiales-var.jpg 435w, https:\/\/www.campingportpothuau.com\/wp-content\/uploads\/2023\/01\/camping-animations-familiales-var-237x300.jpg 237w\" sizes=\"(max-width: 435px) 100vw, 435px\" \/><\/div>\t<div class=\"ls-cta__content\">\n\t\t<div class=\"ls-cta__title\">\n\t\t\t<span class=\"pothuau-vague\"><\/span><span class=\"titre-cta\">Animazioni<\/span>\n\t\t<\/div>\n\n\t\t\t<\/div>\n\n<\/a><\/div><\/div><div class=\"wp-block-column\"><div class=\"ls-cta\">\n\n<a href=\"https:\/\/www.campingportpothuau.com\/it\/campeggion-var-4-stelle\/\" target=\"\" rel=\"noopener\" class=\"ls-cta__link\">\n\n\t<div class=\"ls-cta__image\"><img decoding=\"async\" width=\"434\" height=\"550\" src=\"https:\/\/www.campingportpothuau.com\/wp-content\/uploads\/2023\/01\/camping-familial-hyeres.jpg\" class=\"attachment-medium_large size-medium_large\" alt=\"camping familial hyeres\" srcset=\"https:\/\/www.campingportpothuau.com\/wp-content\/uploads\/2023\/01\/camping-familial-hyeres.jpg 434w, https:\/\/www.campingportpothuau.com\/wp-content\/uploads\/2023\/01\/camping-familial-hyeres-237x300.jpg 237w\" sizes=\"(max-width: 434px) 100vw, 434px\" \/><\/div>\t<div class=\"ls-cta__content\">\n\t\t<div class=\"ls-cta__title\">\n\t\t\t<span class=\"pothuau-vague\"><\/span><span class=\"titre-cta\">Il campeggio<\/span>\n\t\t<\/div>\n\n\t\t\t<\/div>\n\n<\/a><\/div><\/div><div class=\"wp-block-column\"><div class=\"ls-cta\">\n\n<a href=\"https:\/\/www.campingportpothuau.com\/it\/etichette-camping-var\/\" target=\"\" rel=\"noopener\" class=\"ls-cta__link\">\n\n\t<div class=\"ls-cta__image\"><img decoding=\"async\" width=\"434\" height=\"550\" src=\"https:\/\/www.campingportpothuau.com\/wp-content\/uploads\/2023\/01\/camping-nature-var-1.jpg\" class=\"attachment-medium_large size-medium_large\" alt=\"camping nature var\" srcset=\"https:\/\/www.campingportpothuau.com\/wp-content\/uploads\/2023\/01\/camping-nature-var-1.jpg 434w, https:\/\/www.campingportpothuau.com\/wp-content\/uploads\/2023\/01\/camping-nature-var-1-237x300.jpg 237w\" sizes=\"(max-width: 434px) 100vw, 434px\" \/><\/div>\t<div class=\"ls-cta__content\">\n\t\t<div class=\"ls-cta__title\">\n\t\t\t<span class=\"pothuau-vague\"><\/span><span class=\"titre-cta\">I nostri valori<\/span>\n\t\t<\/div>\n\n\t\t\t<\/div>\n\n<\/a><\/div><\/div><\/div><\/div>\n\r\n    <\/div>\r\n<\/section>","protected":false},"excerpt":{"rendered":"","protected":false},"author":1,"featured_media":13342,"parent":0,"menu_order":0,"comment_status":"closed","ping_status":"closed","template":"","meta":{"_acf_changed":false,"inline_featured_image":false,"footnotes":""},"sujet":[],"class_list":["post-10606","page","type-page","status-publish","has-post-thumbnail","hentry"],"acf":[],"yoast_head":"<!-- This site is optimized with the Yoast SEO plugin v24.7 - https:\/\/yoast.com\/wordpress\/plugins\/seo\/ -->\n<title>L&#039;\u00e9quipe del campeggio: leader, \u00e9quipe tecnica e staff<\/title>\n<meta name=\"description\" content=\"Scoprite di pi\u00f9 sul team del campeggio di Hy\u00e8res nel Var: presentazione del team qui!\" \/>\n<meta name=\"robots\" content=\"index, follow, max-snippet:-1, max-image-preview:large, max-video-preview:-1\" \/>\n<link rel=\"canonical\" href=\"https:\/\/www.campingportpothuau.com\/it\/squadra-campeggio-var\/\" \/>\n<meta property=\"og:locale\" content=\"it_IT\" \/>\n<meta property=\"og:type\" content=\"article\" \/>\n<meta property=\"og:title\" content=\"L&#039;\u00e9quipe del campeggio: leader, \u00e9quipe tecnica e staff\" \/>\n<meta property=\"og:description\" content=\"Scoprite di pi\u00f9 sul team del campeggio di Hy\u00e8res nel Var: presentazione del team qui!\" \/>\n<meta property=\"og:url\" content=\"https:\/\/www.campingportpothuau.com\/it\/squadra-campeggio-var\/\" \/>\n<meta property=\"og:site_name\" content=\"Port Pothuau\" \/>\n<meta property=\"article:modified_time\" content=\"2023-02-21T15:37:00+00:00\" \/>\n<meta property=\"og:image\" content=\"https:\/\/www.campingportpothuau.com\/wp-content\/uploads\/2023\/02\/Histoire-Camping-Port-Pothuau.webp\" \/>\n\t<meta property=\"og:image:width\" content=\"1920\" \/>\n\t<meta property=\"og:image:height\" content=\"1250\" \/>\n\t<meta property=\"og:image:type\" content=\"image\/webp\" \/>\n<meta name=\"twitter:card\" content=\"summary_large_image\" \/>\n<meta name=\"twitter:label1\" content=\"Tempo di lettura stimato\" \/>\n\t<meta name=\"twitter:data1\" content=\"4 minuti\" \/>\n<script type=\"application\/ld+json\" class=\"yoast-schema-graph\">{\"@context\":\"https:\/\/schema.org\",\"@graph\":[{\"@type\":\"WebPage\",\"@id\":\"https:\/\/www.campingportpothuau.com\/it\/squadra-campeggio-var\/\",\"url\":\"https:\/\/www.campingportpothuau.com\/it\/squadra-campeggio-var\/\",\"name\":\"L'\u00e9quipe del campeggio: leader, \u00e9quipe tecnica e staff\",\"isPartOf\":{\"@id\":\"https:\/\/www.campingportpothuau.com\/it\/#website\"},\"primaryImageOfPage\":{\"@id\":\"https:\/\/www.campingportpothuau.com\/it\/squadra-campeggio-var\/#primaryimage\"},\"image\":{\"@id\":\"https:\/\/www.campingportpothuau.com\/it\/squadra-campeggio-var\/#primaryimage\"},\"thumbnailUrl\":\"https:\/\/www.campingportpothuau.com\/wp-content\/uploads\/2023\/02\/Histoire-Camping-Port-Pothuau.webp\",\"datePublished\":\"2023-02-07T15:13:38+00:00\",\"dateModified\":\"2023-02-21T15:37:00+00:00\",\"description\":\"Scoprite di pi\u00f9 sul team del campeggio di Hy\u00e8res nel Var: presentazione del team qui!\",\"breadcrumb\":{\"@id\":\"https:\/\/www.campingportpothuau.com\/it\/squadra-campeggio-var\/#breadcrumb\"},\"inLanguage\":\"it-IT\",\"potentialAction\":[{\"@type\":\"ReadAction\",\"target\":[\"https:\/\/www.campingportpothuau.com\/it\/squadra-campeggio-var\/\"]}]},{\"@type\":\"ImageObject\",\"inLanguage\":\"it-IT\",\"@id\":\"https:\/\/www.campingportpothuau.com\/it\/squadra-campeggio-var\/#primaryimage\",\"url\":\"https:\/\/www.campingportpothuau.com\/wp-content\/uploads\/2023\/02\/Histoire-Camping-Port-Pothuau.webp\",\"contentUrl\":\"https:\/\/www.campingportpothuau.com\/wp-content\/uploads\/2023\/02\/Histoire-Camping-Port-Pothuau.webp\",\"width\":1920,\"height\":1250,\"caption\":\"Histoire Camping Port Pothuau\"},{\"@type\":\"BreadcrumbList\",\"@id\":\"https:\/\/www.campingportpothuau.com\/it\/squadra-campeggio-var\/#breadcrumb\",\"itemListElement\":[{\"@type\":\"ListItem\",\"position\":1,\"name\":\"Camping Var\",\"item\":\"https:\/\/www.campingportpothuau.com\/it\/\"},{\"@type\":\"ListItem\",\"position\":2,\"name\":\"La storia del campeggio\"}]},{\"@type\":\"WebSite\",\"@id\":\"https:\/\/www.campingportpothuau.com\/it\/#website\",\"url\":\"https:\/\/www.campingportpothuau.com\/it\/\",\"name\":\"Port Pothuau\",\"description\":\"\",\"publisher\":{\"@id\":\"https:\/\/www.campingportpothuau.com\/it\/#organization\"},\"potentialAction\":[{\"@type\":\"SearchAction\",\"target\":{\"@type\":\"EntryPoint\",\"urlTemplate\":\"https:\/\/www.campingportpothuau.com\/it\/?s={search_term_string}\"},\"query-input\":{\"@type\":\"PropertyValueSpecification\",\"valueRequired\":true,\"valueName\":\"search_term_string\"}}],\"inLanguage\":\"it-IT\"},{\"@type\":\"Organization\",\"@id\":\"https:\/\/www.campingportpothuau.com\/it\/#organization\",\"name\":\"Port Pothuau\",\"url\":\"https:\/\/www.campingportpothuau.com\/it\/\",\"logo\":{\"@type\":\"ImageObject\",\"inLanguage\":\"it-IT\",\"@id\":\"https:\/\/www.campingportpothuau.com\/it\/#\/schema\/logo\/image\/\",\"url\":\"https:\/\/www.campingportpothuau.com\/wp-content\/uploads\/2022\/12\/LogoPort-Pothuau-Texte-Blanc-1.svg\",\"contentUrl\":\"https:\/\/www.campingportpothuau.com\/wp-content\/uploads\/2022\/12\/LogoPort-Pothuau-Texte-Blanc-1.svg\",\"caption\":\"Port Pothuau\"},\"image\":{\"@id\":\"https:\/\/www.campingportpothuau.com\/it\/#\/schema\/logo\/image\/\"}}]}<\/script>\n<!-- \/ Yoast SEO plugin. -->","yoast_head_json":{"title":"L'\u00e9quipe del campeggio: leader, \u00e9quipe tecnica e staff","description":"Scoprite di pi\u00f9 sul team del campeggio di Hy\u00e8res nel Var: presentazione del team qui!","robots":{"index":"index","follow":"follow","max-snippet":"max-snippet:-1","max-image-preview":"max-image-preview:large","max-video-preview":"max-video-preview:-1"},"canonical":"https:\/\/www.campingportpothuau.com\/it\/squadra-campeggio-var\/","og_locale":"it_IT","og_type":"article","og_title":"L'\u00e9quipe del campeggio: leader, \u00e9quipe tecnica e staff","og_description":"Scoprite di pi\u00f9 sul team del campeggio di Hy\u00e8res nel Var: presentazione del team qui!","og_url":"https:\/\/www.campingportpothuau.com\/it\/squadra-campeggio-var\/","og_site_name":"Port Pothuau","article_modified_time":"2023-02-21T15:37:00+00:00","og_image":[{"width":1920,"height":1250,"url":"https:\/\/www.campingportpothuau.com\/wp-content\/uploads\/2023\/02\/Histoire-Camping-Port-Pothuau.webp","type":"image\/webp"}],"twitter_card":"summary_large_image","twitter_misc":{"Tempo di lettura stimato":"4 minuti"},"schema":{"@context":"https:\/\/schema.org","@graph":[{"@type":"WebPage","@id":"https:\/\/www.campingportpothuau.com\/it\/squadra-campeggio-var\/","url":"https:\/\/www.campingportpothuau.com\/it\/squadra-campeggio-var\/","name":"L'\u00e9quipe del campeggio: leader, \u00e9quipe tecnica e staff","isPartOf":{"@id":"https:\/\/www.campingportpothuau.com\/it\/#website"},"primaryImageOfPage":{"@id":"https:\/\/www.campingportpothuau.com\/it\/squadra-campeggio-var\/#primaryimage"},"image":{"@id":"https:\/\/www.campingportpothuau.com\/it\/squadra-campeggio-var\/#primaryimage"},"thumbnailUrl":"https:\/\/www.campingportpothuau.com\/wp-content\/uploads\/2023\/02\/Histoire-Camping-Port-Pothuau.webp","datePublished":"2023-02-07T15:13:38+00:00","dateModified":"2023-02-21T15:37:00+00:00","description":"Scoprite di pi\u00f9 sul team del campeggio di Hy\u00e8res nel Var: presentazione del team qui!","breadcrumb":{"@id":"https:\/\/www.campingportpothuau.com\/it\/squadra-campeggio-var\/#breadcrumb"},"inLanguage":"it-IT","potentialAction":[{"@type":"ReadAction","target":["https:\/\/www.campingportpothuau.com\/it\/squadra-campeggio-var\/"]}]},{"@type":"ImageObject","inLanguage":"it-IT","@id":"https:\/\/www.campingportpothuau.com\/it\/squadra-campeggio-var\/#primaryimage","url":"https:\/\/www.campingportpothuau.com\/wp-content\/uploads\/2023\/02\/Histoire-Camping-Port-Pothuau.webp","contentUrl":"https:\/\/www.campingportpothuau.com\/wp-content\/uploads\/2023\/02\/Histoire-Camping-Port-Pothuau.webp","width":1920,"height":1250,"caption":"Histoire Camping Port Pothuau"},{"@type":"BreadcrumbList","@id":"https:\/\/www.campingportpothuau.com\/it\/squadra-campeggio-var\/#breadcrumb","itemListElement":[{"@type":"ListItem","position":1,"name":"Camping Var","item":"https:\/\/www.campingportpothuau.com\/it\/"},{"@type":"ListItem","position":2,"name":"La storia del campeggio"}]},{"@type":"WebSite","@id":"https:\/\/www.campingportpothuau.com\/it\/#website","url":"https:\/\/www.campingportpothuau.com\/it\/","name":"Port Pothuau","description":"","publisher":{"@id":"https:\/\/www.campingportpothuau.com\/it\/#organization"},"potentialAction":[{"@type":"SearchAction","target":{"@type":"EntryPoint","urlTemplate":"https:\/\/www.campingportpothuau.com\/it\/?s={search_term_string}"},"query-input":{"@type":"PropertyValueSpecification","valueRequired":true,"valueName":"search_term_string"}}],"inLanguage":"it-IT"},{"@type":"Organization","@id":"https:\/\/www.campingportpothuau.com\/it\/#organization","name":"Port Pothuau","url":"https:\/\/www.campingportpothuau.com\/it\/","logo":{"@type":"ImageObject","inLanguage":"it-IT","@id":"https:\/\/www.campingportpothuau.com\/it\/#\/schema\/logo\/image\/","url":"https:\/\/www.campingportpothuau.com\/wp-content\/uploads\/2022\/12\/LogoPort-Pothuau-Texte-Blanc-1.svg","contentUrl":"https:\/\/www.campingportpothuau.com\/wp-content\/uploads\/2022\/12\/LogoPort-Pothuau-Texte-Blanc-1.svg","caption":"Port Pothuau"},"image":{"@id":"https:\/\/www.campingportpothuau.com\/it\/#\/schema\/logo\/image\/"}}]}},"_links":{"self":[{"href":"https:\/\/www.campingportpothuau.com\/it\/wp-json\/wp\/v2\/pages\/10606","targetHints":{"allow":["GET"]}}],"collection":[{"href":"https:\/\/www.campingportpothuau.com\/it\/wp-json\/wp\/v2\/pages"}],"about":[{"href":"https:\/\/www.campingportpothuau.com\/it\/wp-json\/wp\/v2\/types\/page"}],"author":[{"embeddable":true,"href":"https:\/\/www.campingportpothuau.com\/it\/wp-json\/wp\/v2\/users\/1"}],"replies":[{"embeddable":true,"href":"https:\/\/www.campingportpothuau.com\/it\/wp-json\/wp\/v2\/comments?post=10606"}],"version-history":[{"count":10,"href":"https:\/\/www.campingportpothuau.com\/it\/wp-json\/wp\/v2\/pages\/10606\/revisions"}],"predecessor-version":[{"id":13387,"href":"https:\/\/www.campingportpothuau.com\/it\/wp-json\/wp\/v2\/pages\/10606\/revisions\/13387"}],"wp:featuredmedia":[{"embeddable":true,"href":"https:\/\/www.campingportpothuau.com\/it\/wp-json\/wp\/v2\/media\/13342"}],"wp:attachment":[{"href":"https:\/\/www.campingportpothuau.com\/it\/wp-json\/wp\/v2\/media?parent=10606"}],"wp:term":[{"taxonomy":"sujet","embeddable":true,"href":"https:\/\/www.campingportpothuau.com\/it\/wp-json\/wp\/v2\/sujet?post=10606"}],"curies":[{"name":"wp","href":"https:\/\/api.w.org\/{rel}","templated":true}]}}