{"id":10594,"date":"2023-02-07T15:56:06","date_gmt":"2023-02-07T14:56:06","guid":{"rendered":"https:\/\/www.campingportpothuau.com\/appoggi\/"},"modified":"2023-02-14T15:26:32","modified_gmt":"2023-02-14T14:26:32","slug":"appoggi","status":"publish","type":"page","link":"https:\/\/www.campingportpothuau.com\/it\/appoggi\/","title":{"rendered":"Informazioni legali"},"content":{"rendered":"<section id=\"ls-section-block_b40073ad2df75579745c06b37584c265\" class=\"ls-section \" >\r\n        <div class=\"container container--wide\">\r\n        \n\n<h1 class=\"ls__heading has-text-align-center wp-block-heading\">Avviso legale<\/h1>\n\n\n\n<h2 class=\"ls-heading wp-block-heading\">RESPONSABILE DEL SITO<\/h2>\n\n\n\n<p class=\"ls-paragraph\"><strong>CAMPEGGIO PORT POTHUAU<br\/><\/strong>, 101 chemin des urledes<br\/>83400 HYERES<br\/>Tel : +33 (0)4 94 66 41 17<br\/>S.A.R.L. au capital de 10 000,00 \u20ac<br\/>SIRET : 48945729100016<br\/>IVA intracomunitaria: FR47489457291<br\/>Responsabile della pubblicazione: Quentin Gremaux<\/p>\n\n\n\n<h2 class=\"ls-heading wp-block-heading\">REALIZZAZIONE<\/h2>\n\n\n\n<p class=\"ls-paragraph\"><strong>GEEK TONIC<\/strong><br\/>Rappresentato dal sig. Yohan Darmayan in qualit\u00e0 di Manager<br\/>Sede legale : 1 ALL PIERRE GEORGES LATECOERE 64200 BIARRITZ<br\/>T\u00e9l : 05 32 74 11 52<br\/>E-mail : support@geek-tonic.com<br\/>Sito web: <a href=\"https:\/\/www.geek-tonic.com\/\">www.geek-tonic.com<\/a><br\/>SIRET : 79078282500034<br\/>APE : 6201Z<\/p>\n\n\n\n<h2 class=\"ls-heading wp-block-heading\">COPYRIGHT E PATERNIT\u00c0<\/h2>\n\n\n\n<p class=\"ls-paragraph\">L&#8217;intero contenuto di questo sito \u00e8 soggetto a diritti d&#8217;autore e di propriet\u00e0 intellettuale ai sensi della legge francese. \u00c8 vietata qualsiasi riproduzione (comprese foto, icone e documenti scaricabili) senza il previo consenso di GEEK TONIC. \u00c8 vietata la riproduzione su supporto elettronico di tutto o parte del sito in formato cartaceo o elettronico. GEEK TONIC non \u00e8 responsabile del contenuto del sito web. GEEK TONIC declina inoltre ogni responsabilit\u00e0 per i collegamenti esterni a questo sito.<\/p>\n\n\n\n<h2 class=\"ls-heading wp-block-heading\" id=\"m-t-6\">DATI PERSONALI E INFORMAZIONI NOMINATIVE<\/h2>\n\n\n\n<p class=\"ls-paragraph\">Avete il diritto di accedere, modificare, rettificare e cancellare i dati che vi riguardano ai sensi dell&#8217;articolo 34 della legge francese sulla protezione dei dati (Loi &#8221; Informatique et Libert\u00e9s &#8221; n\u00b0 78-17 del 6 gennaio 1978, modificata il 6 agosto 2018). Per esercitare questo diritto di accesso, l&#8217;utente pu\u00f2 presentare una richiesta scritta all&#8217;editore del sito.<\/p>\n\n\n\n<h2 class=\"ls-heading wp-block-heading\">LEGISLAZIONE<\/h2>\n\n\n\n<p class=\"ls-paragraph\">Ai sensi della legge dell&#8217;11 marzo 1957 (art. 41) e del codice della propriet\u00e0 intellettuale del 1\u00b0 luglio 1992, \u00e8 vietata la riproduzione totale o parziale del sito senza la preventiva autorizzazione dell&#8217;editore del sito. Loghi, immagini, foto, video, grafici e testi sono di propriet\u00e0 dei rispettivi titolari. Questo sito pu\u00f2 essere collegato, a sua insaputa, ad altri siti tramite collegamenti ipertestuali. L&#8217;editore del sito declina ogni responsabilit\u00e0 per le informazioni presentate su questi altri siti. L&#8217;utente di Internet riconosce che l&#8217;uso di questo sito \u00e8 regolato dalla legge francese.<\/p>\n\n\r\n    <\/div>\r\n<\/section>","protected":false},"excerpt":{"rendered":"","protected":false},"author":1,"featured_media":0,"parent":0,"menu_order":0,"comment_status":"closed","ping_status":"closed","template":"","meta":{"_acf_changed":false,"inline_featured_image":false,"footnotes":""},"sujet":[],"class_list":["post-10594","page","type-page","status-publish","hentry"],"acf":[],"yoast_head":"<!-- This site is optimized with the Yoast SEO plugin v24.7 - https:\/\/yoast.com\/wordpress\/plugins\/seo\/ -->\n<title>Avviso legale - Port Pothuau.<\/title>\n<meta name=\"robots\" content=\"noindex, nofollow\" \/>\n<meta property=\"og:locale\" content=\"it_IT\" \/>\n<meta property=\"og:type\" content=\"article\" \/>\n<meta property=\"og:title\" content=\"Avviso legale - Port Pothuau.\" \/>\n<meta property=\"og:url\" content=\"https:\/\/www.campingportpothuau.com\/it\/appoggi\/\" \/>\n<meta property=\"og:site_name\" content=\"Port Pothuau\" \/>\n<meta property=\"article:modified_time\" content=\"2023-02-14T14:26:32+00:00\" \/>\n<meta name=\"twitter:card\" content=\"summary_large_image\" \/>\n<meta name=\"twitter:label1\" content=\"Tempo di lettura stimato\" \/>\n\t<meta name=\"twitter:data1\" content=\"1 minuto\" \/>\n<script type=\"application\/ld+json\" class=\"yoast-schema-graph\">{\"@context\":\"https:\/\/schema.org\",\"@graph\":[{\"@type\":\"WebPage\",\"@id\":\"https:\/\/www.campingportpothuau.com\/it\/appoggi\/\",\"url\":\"https:\/\/www.campingportpothuau.com\/it\/appoggi\/\",\"name\":\"Avviso legale - Port Pothuau.\",\"isPartOf\":{\"@id\":\"https:\/\/www.campingportpothuau.com\/it\/#website\"},\"datePublished\":\"2023-02-07T14:56:06+00:00\",\"dateModified\":\"2023-02-14T14:26:32+00:00\",\"breadcrumb\":{\"@id\":\"https:\/\/www.campingportpothuau.com\/it\/appoggi\/#breadcrumb\"},\"inLanguage\":\"it-IT\",\"potentialAction\":[{\"@type\":\"ReadAction\",\"target\":[\"https:\/\/www.campingportpothuau.com\/it\/appoggi\/\"]}]},{\"@type\":\"BreadcrumbList\",\"@id\":\"https:\/\/www.campingportpothuau.com\/it\/appoggi\/#breadcrumb\",\"itemListElement\":[{\"@type\":\"ListItem\",\"position\":1,\"name\":\"Camping Var\",\"item\":\"https:\/\/www.campingportpothuau.com\/it\/\"},{\"@type\":\"ListItem\",\"position\":2,\"name\":\"Informazioni legali\"}]},{\"@type\":\"WebSite\",\"@id\":\"https:\/\/www.campingportpothuau.com\/it\/#website\",\"url\":\"https:\/\/www.campingportpothuau.com\/it\/\",\"name\":\"Port Pothuau\",\"description\":\"\",\"publisher\":{\"@id\":\"https:\/\/www.campingportpothuau.com\/it\/#organization\"},\"potentialAction\":[{\"@type\":\"SearchAction\",\"target\":{\"@type\":\"EntryPoint\",\"urlTemplate\":\"https:\/\/www.campingportpothuau.com\/it\/?s={search_term_string}\"},\"query-input\":{\"@type\":\"PropertyValueSpecification\",\"valueRequired\":true,\"valueName\":\"search_term_string\"}}],\"inLanguage\":\"it-IT\"},{\"@type\":\"Organization\",\"@id\":\"https:\/\/www.campingportpothuau.com\/it\/#organization\",\"name\":\"Port Pothuau\",\"url\":\"https:\/\/www.campingportpothuau.com\/it\/\",\"logo\":{\"@type\":\"ImageObject\",\"inLanguage\":\"it-IT\",\"@id\":\"https:\/\/www.campingportpothuau.com\/it\/#\/schema\/logo\/image\/\",\"url\":\"https:\/\/www.campingportpothuau.com\/wp-content\/uploads\/2022\/12\/LogoPort-Pothuau-Texte-Blanc-1.svg\",\"contentUrl\":\"https:\/\/www.campingportpothuau.com\/wp-content\/uploads\/2022\/12\/LogoPort-Pothuau-Texte-Blanc-1.svg\",\"caption\":\"Port Pothuau\"},\"image\":{\"@id\":\"https:\/\/www.campingportpothuau.com\/it\/#\/schema\/logo\/image\/\"}}]}<\/script>\n<!-- \/ Yoast SEO plugin. -->","yoast_head_json":{"title":"Avviso legale - Port Pothuau.","robots":{"index":"noindex","follow":"nofollow"},"og_locale":"it_IT","og_type":"article","og_title":"Avviso legale - Port Pothuau.","og_url":"https:\/\/www.campingportpothuau.com\/it\/appoggi\/","og_site_name":"Port Pothuau","article_modified_time":"2023-02-14T14:26:32+00:00","twitter_card":"summary_large_image","twitter_misc":{"Tempo di lettura stimato":"1 minuto"},"schema":{"@context":"https:\/\/schema.org","@graph":[{"@type":"WebPage","@id":"https:\/\/www.campingportpothuau.com\/it\/appoggi\/","url":"https:\/\/www.campingportpothuau.com\/it\/appoggi\/","name":"Avviso legale - Port Pothuau.","isPartOf":{"@id":"https:\/\/www.campingportpothuau.com\/it\/#website"},"datePublished":"2023-02-07T14:56:06+00:00","dateModified":"2023-02-14T14:26:32+00:00","breadcrumb":{"@id":"https:\/\/www.campingportpothuau.com\/it\/appoggi\/#breadcrumb"},"inLanguage":"it-IT","potentialAction":[{"@type":"ReadAction","target":["https:\/\/www.campingportpothuau.com\/it\/appoggi\/"]}]},{"@type":"BreadcrumbList","@id":"https:\/\/www.campingportpothuau.com\/it\/appoggi\/#breadcrumb","itemListElement":[{"@type":"ListItem","position":1,"name":"Camping Var","item":"https:\/\/www.campingportpothuau.com\/it\/"},{"@type":"ListItem","position":2,"name":"Informazioni legali"}]},{"@type":"WebSite","@id":"https:\/\/www.campingportpothuau.com\/it\/#website","url":"https:\/\/www.campingportpothuau.com\/it\/","name":"Port Pothuau","description":"","publisher":{"@id":"https:\/\/www.campingportpothuau.com\/it\/#organization"},"potentialAction":[{"@type":"SearchAction","target":{"@type":"EntryPoint","urlTemplate":"https:\/\/www.campingportpothuau.com\/it\/?s={search_term_string}"},"query-input":{"@type":"PropertyValueSpecification","valueRequired":true,"valueName":"search_term_string"}}],"inLanguage":"it-IT"},{"@type":"Organization","@id":"https:\/\/www.campingportpothuau.com\/it\/#organization","name":"Port Pothuau","url":"https:\/\/www.campingportpothuau.com\/it\/","logo":{"@type":"ImageObject","inLanguage":"it-IT","@id":"https:\/\/www.campingportpothuau.com\/it\/#\/schema\/logo\/image\/","url":"https:\/\/www.campingportpothuau.com\/wp-content\/uploads\/2022\/12\/LogoPort-Pothuau-Texte-Blanc-1.svg","contentUrl":"https:\/\/www.campingportpothuau.com\/wp-content\/uploads\/2022\/12\/LogoPort-Pothuau-Texte-Blanc-1.svg","caption":"Port Pothuau"},"image":{"@id":"https:\/\/www.campingportpothuau.com\/it\/#\/schema\/logo\/image\/"}}]}},"_links":{"self":[{"href":"https:\/\/www.campingportpothuau.com\/it\/wp-json\/wp\/v2\/pages\/10594","targetHints":{"allow":["GET"]}}],"collection":[{"href":"https:\/\/www.campingportpothuau.com\/it\/wp-json\/wp\/v2\/pages"}],"about":[{"href":"https:\/\/www.campingportpothuau.com\/it\/wp-json\/wp\/v2\/types\/page"}],"author":[{"embeddable":true,"href":"https:\/\/www.campingportpothuau.com\/it\/wp-json\/wp\/v2\/users\/1"}],"replies":[{"embeddable":true,"href":"https:\/\/www.campingportpothuau.com\/it\/wp-json\/wp\/v2\/comments?post=10594"}],"version-history":[{"count":1,"href":"https:\/\/www.campingportpothuau.com\/it\/wp-json\/wp\/v2\/pages\/10594\/revisions"}],"predecessor-version":[{"id":10595,"href":"https:\/\/www.campingportpothuau.com\/it\/wp-json\/wp\/v2\/pages\/10594\/revisions\/10595"}],"wp:attachment":[{"href":"https:\/\/www.campingportpothuau.com\/it\/wp-json\/wp\/v2\/media?parent=10594"}],"wp:term":[{"taxonomy":"sujet","embeddable":true,"href":"https:\/\/www.campingportpothuau.com\/it\/wp-json\/wp\/v2\/sujet?post=10594"}],"curies":[{"name":"wp","href":"https:\/\/api.w.org\/{rel}","templated":true}]}}