{"id":10592,"date":"2023-02-07T15:54:00","date_gmt":"2023-02-07T14:54:00","guid":{"rendered":"https:\/\/www.campingportpothuau.com\/piu-belli-villaggi-provence\/"},"modified":"2023-02-16T17:25:40","modified_gmt":"2023-02-16T16:25:40","slug":"piu-belli-villaggi-provence","status":"publish","type":"page","link":"https:\/\/www.campingportpothuau.com\/it\/piu-belli-villaggi-provence\/","title":{"rendered":"I villaggi della Provenza"},"content":{"rendered":"<section id=\"ls-section-block_66f6d33728392c6bc579f34d87cc543e\" class=\"ls-section \" >\r\n        <div class=\"container container--wide\">\r\n        \n\n<h1 class=\"ls__heading has-text-align-center wp-block-heading\">Prendetevi il tempo necessario per passeggiare tra le stradine dei villaggi provenzali<\/h1>\n\n\r\n    <\/div>\r\n<\/section>\n\n<section id=\"ls-section-block_b35b00d416afeaf1c9930335d2d74360\" class=\"ls-section  home-seventh page-one\" >\r\n        <div class=\"container container--full\">\r\n        \n\n<div class=\"wp-block-columns are-vertically-aligned-center is-layout-flex wp-container-core-columns-is-layout-9d6595d7 wp-block-columns-is-layout-flex\">\n<div class=\"wp-block-column is-vertically-aligned-center is-layout-flow wp-block-column-is-layout-flow\" style=\"flex-basis:30%\">\n<h2 class=\"ls-heading wp-block-heading\">Il grazioso borgo medievale di Bormes les Mimosas<\/h2>\n\n\n\n<p class=\"ls-paragraph\">Annoverato tra i siti pi\u00f9 belli del Var, <strong>il borgo medievale di Bormes-les-Mimosas<\/strong> \u00e8 una tappa obbligata per gli amanti delle vecchie pietre. Avventuratevi in questi <strong>vicoli tortuosi<\/strong>, seguite la vostra ispirazione!<\/p>\n\n\n\n<p class=\"ls-paragraph\">Il modo migliore per scoprire Bormes les Mimosas \u00e8 passeggiare per le sue strade assolate, profumate di mimose, gelsomino o glicine, un momento di pura felicit\u00e0 per i sensi che rimarr\u00e0 impresso nei ricordi del vostro soggiorno nella regione. <a href=\"https:\/\/www.campingportpothuau.com\/it\/\">Campeggio Hyeres<\/a>.<\/p>\n\n\n\n<p class=\"ls-paragraph\">Ufficio del turismo di Bormes les Mimosas. T\u00e9l : +33 4 94 01 38 38<\/p>\n<\/div>\n\n\n\n<div class=\"wp-block-column is-vertically-aligned-center animated fadeInRight delay-100ms slower is-layout-flow wp-block-column-is-layout-flow\" style=\"flex-basis:70%\">\n<figure class=\"wp-block-gallery has-nested-images columns-default is-cropped wp-block-gallery-1 is-layout-flex wp-block-gallery-is-layout-flex\">\n<figure class=\"wp-block-image size-full\"><a href=\"https:\/\/www.campingportpothuau.com\/wp-content\/uploads\/2023\/01\/visiter-bormes-les-mimosas.jpg\"><img decoding=\"async\" width=\"1000\" height=\"750\" data-id=\"6860\" src=\"https:\/\/www.campingportpothuau.com\/wp-content\/uploads\/2023\/01\/visiter-bormes-les-mimosas.jpg\" alt=\"visitare bormes les mimosas\" class=\"wp-image-6860\" srcset=\"https:\/\/www.campingportpothuau.com\/wp-content\/uploads\/2023\/01\/visiter-bormes-les-mimosas.jpg 1000w, https:\/\/www.campingportpothuau.com\/wp-content\/uploads\/2023\/01\/visiter-bormes-les-mimosas-300x225.jpg 300w, https:\/\/www.campingportpothuau.com\/wp-content\/uploads\/2023\/01\/visiter-bormes-les-mimosas-768x576.jpg 768w\" sizes=\"(max-width: 1000px) 100vw, 1000px\" \/><\/a><\/figure>\n\n\n\n<figure class=\"wp-block-image size-full\"><a href=\"https:\/\/www.campingportpothuau.com\/wp-content\/uploads\/2023\/01\/sejour-bormes-les-mimosas.jpg\"><img decoding=\"async\" width=\"1000\" height=\"750\" data-id=\"6856\" src=\"https:\/\/www.campingportpothuau.com\/wp-content\/uploads\/2023\/01\/sejour-bormes-les-mimosas.jpg\" alt=\"campeggio vicino a bormes les mimosas\" class=\"wp-image-6856\" srcset=\"https:\/\/www.campingportpothuau.com\/wp-content\/uploads\/2023\/01\/sejour-bormes-les-mimosas.jpg 1000w, https:\/\/www.campingportpothuau.com\/wp-content\/uploads\/2023\/01\/sejour-bormes-les-mimosas-300x225.jpg 300w, https:\/\/www.campingportpothuau.com\/wp-content\/uploads\/2023\/01\/sejour-bormes-les-mimosas-768x576.jpg 768w\" sizes=\"(max-width: 1000px) 100vw, 1000px\" \/><\/a><\/figure>\n<\/figure>\n<\/div>\n<\/div>\n\n\r\n    <\/div>\r\n<\/section>\n\n<section id=\"ls-section-block_df33c3fc4fde81b51b72441ad6af8a78\" class=\"ls-section  home-second page-two flex-reverse has-background has-color-5-background-color has-text-color has-color-white-color\" >\r\n        <div class=\"container container--wide\">\r\n        \n\n<div class=\"wp-block-columns is-layout-flex wp-container-core-columns-is-layout-9d6595d7 wp-block-columns-is-layout-flex\">\n<div class=\"wp-block-column is-layout-flow wp-block-column-is-layout-flow\" style=\"flex-basis:40%\">\n<h2 class=\"ls__heading has-text-align-center p-t-4 has-color-2-color has-text-color wp-block-heading\">Collobri\u00e8res \u00e8 un tipico villaggio provenzale!<\/h2>\n<\/div>\n\n\n\n<div class=\"wp-block-column is-layout-flow wp-block-column-is-layout-flow\" style=\"flex-basis:60%\">\n<p class=\"ls-paragraph\">Collobri\u00e8res \u00e8 un <strong>grazioso villaggio di carattere<\/strong> che ha saputo conservare la sua autenticit\u00e0, <strong>circondato dalle viti e dai castagni<\/strong> che hanno fatto la sua fama in tutta la Francia. Non esitate a scoprire il cuore del villaggio passeggiando per le sue stradine e assaggiando <strong>un buon gelato alla castagna<\/strong>.<\/p>\n\n\n\n<p class=\"ls-paragraph\">Scoprite anche i <strong>suoi siti storici<\/strong> (La Chartreuse de la Verne, i menhir di Lambert) e la sua fabbrica di marron glac\u00e9s, per poi concludere la giornata con <strong>una festa provenzale a &#8220;La Petite Fontaine<\/strong>&#8221; (prenotazione consigliata Tel: 04 94 48 00 12).<\/p>\n\n\n\n<p class=\"ls-paragraph\">Ufficio del turismo di Collobri\u00e8res.<br>T\u00e9l : +33 4 94 48 08 00.<\/p>\n<\/div>\n<\/div>\n\n\r\n    <\/div>\r\n<\/section>\n\n<section id=\"ls-section-block_4f7773846d83b2effcabc47ad4d1adc5\" class=\"ls-section  home-third page-three\" >\r\n        <div class=\"container container--wide\">\r\n        \n\n<div class=\"wp-block-columns are-vertically-aligned-top is-layout-flex wp-container-core-columns-is-layout-9d6595d7 wp-block-columns-is-layout-flex\">\n<div class=\"wp-block-column is-vertically-aligned-top is-layout-flow wp-block-column-is-layout-flow\" style=\"flex-basis:40%\">\n<h2 class=\"ls-heading wp-block-heading\">Saint-Tropez&#8230; Il fascino del villaggio pi\u00f9 famoso di Francia<\/h2>\n\n\n\n<p class=\"ls-paragraph\">Il <strong>mito di Saint-Tropez \u00e8 ancora un sogno<\/strong>! Lasciatevi coinvolgere dalle sue strade pittoresche, dalla sua Cittadella del XVI secolo e dal suo famoso Mus\u00e9e de l&#8217;Annonciade (non lontano dalla famosa spiaggia di Pampelonne)!<\/p>\n\n\n\n<p class=\"ls-paragraph\">Se visitate Saint-Tropez, non perdete la famosa <strong>Place des Lices<\/strong>, un <strong>luogo essenziale per vivere<\/strong> nel cuore del villaggio. Con i suoi numerosi negozi, bar e ristoranti e soprattutto il suo <strong>mercato<\/strong> che vi accoglie il marted\u00ec e il sabato.<\/p>\n\n\n\n<p class=\"ls-paragraph\">Ufficio del Turismo di Saint-Tropez.<br>T\u00e9l : 0892 68 48 28 (0,40 \u20ac\/min + prix appel local)<\/p>\n<\/div>\n\n\n\n<div class=\"wp-block-column is-vertically-aligned-top animated fadeInUp slow is-layout-flow wp-block-column-is-layout-flow\" style=\"flex-basis:60%\">\n<figure class=\"wp-block-gallery has-nested-images columns-default is-cropped galerie-slide-general wp-block-gallery-2 is-layout-flex wp-block-gallery-is-layout-flex\">\n<figure class=\"wp-block-image size-full\"><img decoding=\"async\" width=\"782\" height=\"580\" data-id=\"6820\" src=\"https:\/\/www.campingportpothuau.com\/wp-content\/uploads\/2023\/01\/visiter-saint-tropez.jpg\" alt=\"campeggio vicino a saint tropez\" class=\"wp-image-6820\" srcset=\"https:\/\/www.campingportpothuau.com\/wp-content\/uploads\/2023\/01\/visiter-saint-tropez.jpg 782w, https:\/\/www.campingportpothuau.com\/wp-content\/uploads\/2023\/01\/visiter-saint-tropez-300x223.jpg 300w, https:\/\/www.campingportpothuau.com\/wp-content\/uploads\/2023\/01\/visiter-saint-tropez-768x570.jpg 768w\" sizes=\"(max-width: 782px) 100vw, 782px\" \/><\/figure>\n\n\n\n<figure class=\"wp-block-image size-full\"><img decoding=\"async\" width=\"782\" height=\"580\" data-id=\"6838\" src=\"https:\/\/www.campingportpothuau.com\/wp-content\/uploads\/2023\/01\/decouvrir-saint-tropez.jpg\" alt=\"visitare saint tropez\" class=\"wp-image-6838\" srcset=\"https:\/\/www.campingportpothuau.com\/wp-content\/uploads\/2023\/01\/decouvrir-saint-tropez.jpg 782w, https:\/\/www.campingportpothuau.com\/wp-content\/uploads\/2023\/01\/decouvrir-saint-tropez-300x223.jpg 300w, https:\/\/www.campingportpothuau.com\/wp-content\/uploads\/2023\/01\/decouvrir-saint-tropez-768x570.jpg 768w\" sizes=\"(max-width: 782px) 100vw, 782px\" \/><\/figure>\n\n\n\n<figure class=\"wp-block-image size-full\"><img decoding=\"async\" width=\"782\" height=\"580\" data-id=\"6850\" src=\"https:\/\/www.campingportpothuau.com\/wp-content\/uploads\/2023\/01\/visiter-collobriere.jpg\" alt=\"visitatore collobriere\" class=\"wp-image-6850\" srcset=\"https:\/\/www.campingportpothuau.com\/wp-content\/uploads\/2023\/01\/visiter-collobriere.jpg 782w, https:\/\/www.campingportpothuau.com\/wp-content\/uploads\/2023\/01\/visiter-collobriere-300x223.jpg 300w, https:\/\/www.campingportpothuau.com\/wp-content\/uploads\/2023\/01\/visiter-collobriere-768x570.jpg 768w\" sizes=\"(max-width: 782px) 100vw, 782px\" \/><\/figure>\n<\/figure>\n<\/div>\n<\/div>\n\n\r\n    <\/div>\r\n<\/section>\n\n<section id=\"ls-section-block_98896a80bfe3fbb8551116557b0121ad\" class=\"ls-section  page-cta animated fadeIn delay-100ms slow has-background has-color-4-background-color\" >\r\n        <div class=\"container container--wide\">\r\n        \n\n<div id=\"ls-heading ls-titre-div-block_cdbb8f9f1912ccef7a07e405a512d153\" class=\"ls-titre-div aligncenter h2-like\" >\n    Altri servizi<\/div>\n\n\n<div id=\"ls-maillage-block_d1119ad5ce1c2a653856a49ea913a884\" class=\"ls-maillage cta-style-normal\" data-rows=\"3\">\r\n    <div class=\"wp-block-columns\"><div class=\"wp-block-column\"><div class=\"ls-cta\">\n\n<a href=\"https:\/\/www.campingportpothuau.com\/it\/campeggio-var-animazioni\/\" target=\"\" rel=\"noopener\" class=\"ls-cta__link\">\n\n\t<div class=\"ls-cta__image\"><img decoding=\"async\" width=\"435\" height=\"550\" src=\"https:\/\/www.campingportpothuau.com\/wp-content\/uploads\/2023\/01\/camping-animations-familiales-var.jpg\" class=\"attachment-medium_large size-medium_large\" alt=\"camping animations familiales var\" srcset=\"https:\/\/www.campingportpothuau.com\/wp-content\/uploads\/2023\/01\/camping-animations-familiales-var.jpg 435w, https:\/\/www.campingportpothuau.com\/wp-content\/uploads\/2023\/01\/camping-animations-familiales-var-237x300.jpg 237w\" sizes=\"(max-width: 435px) 100vw, 435px\" \/><\/div>\t<div class=\"ls-cta__content\">\n\t\t<div class=\"ls-cta__title\">\n\t\t\t<span class=\"pothuau-vague\"><\/span><span class=\"titre-cta\">Animazioni<\/span>\n\t\t<\/div>\n\n\t\t\t<\/div>\n\n<\/a><\/div><\/div><div class=\"wp-block-column\"><div class=\"ls-cta\">\n\n<a href=\"https:\/\/www.campingportpothuau.com\/it\/campeggio-ristorante-var\/\" target=\"\" rel=\"noopener\" class=\"ls-cta__link\">\n\n\t<div class=\"ls-cta__image\"><img decoding=\"async\" width=\"434\" height=\"550\" src=\"https:\/\/www.campingportpothuau.com\/wp-content\/uploads\/2023\/01\/bar-var.jpg\" class=\"attachment-medium_large size-medium_large\" alt=\"bar var\" srcset=\"https:\/\/www.campingportpothuau.com\/wp-content\/uploads\/2023\/01\/bar-var.jpg 434w, https:\/\/www.campingportpothuau.com\/wp-content\/uploads\/2023\/01\/bar-var-237x300.jpg 237w\" sizes=\"(max-width: 434px) 100vw, 434px\" \/><\/div>\t<div class=\"ls-cta__content\">\n\t\t<div class=\"ls-cta__title\">\n\t\t\t<span class=\"pothuau-vague\"><\/span><span class=\"titre-cta\">Bar e ristorante<\/span>\n\t\t<\/div>\n\n\t\t\t<\/div>\n\n<\/a><\/div><\/div><div class=\"wp-block-column\"><div class=\"ls-cta\">\n\n<a href=\"https:\/\/www.campingportpothuau.com\/it\/campeggio-club-bambino-var\/\" target=\"\" rel=\"noopener\" class=\"ls-cta__link\">\n\n\t<div class=\"ls-cta__image\"><img decoding=\"async\" width=\"434\" height=\"550\" src=\"https:\/\/www.campingportpothuau.com\/wp-content\/uploads\/2023\/01\/camping-club-enfants-var.jpg\" class=\"attachment-medium_large size-medium_large\" alt=\"camping club enfants var\" srcset=\"https:\/\/www.campingportpothuau.com\/wp-content\/uploads\/2023\/01\/camping-club-enfants-var.jpg 434w, https:\/\/www.campingportpothuau.com\/wp-content\/uploads\/2023\/01\/camping-club-enfants-var-237x300.jpg 237w\" sizes=\"(max-width: 434px) 100vw, 434px\" \/><\/div>\t<div class=\"ls-cta__content\">\n\t\t<div class=\"ls-cta__title\">\n\t\t\t<span class=\"pothuau-vague\"><\/span><span class=\"titre-cta\">Club per bambini<\/span>\n\t\t<\/div>\n\n\t\t\t<\/div>\n\n<\/a><\/div><\/div><\/div><\/div>\n\r\n    <\/div>\r\n<\/section>","protected":false},"excerpt":{"rendered":"","protected":false},"author":1,"featured_media":6813,"parent":0,"menu_order":0,"comment_status":"closed","ping_status":"closed","template":"","meta":{"_acf_changed":false,"inline_featured_image":false,"footnotes":""},"sujet":[],"class_list":["post-10592","page","type-page","status-publish","has-post-thumbnail","hentry"],"acf":[],"yoast_head":"<!-- This site is optimized with the Yoast SEO plugin v24.7 - https:\/\/yoast.com\/wordpress\/plugins\/seo\/ -->\n<title>I pi\u00f9 bei villaggi della Provenza: visita ai villaggi provenzali<\/title>\n<meta name=\"robots\" content=\"index, follow, max-snippet:-1, max-image-preview:large, max-video-preview:-1\" \/>\n<link rel=\"canonical\" href=\"https:\/\/www.campingportpothuau.com\/it\/piu-belli-villaggi-provence\/\" \/>\n<meta property=\"og:locale\" content=\"it_IT\" \/>\n<meta property=\"og:type\" content=\"article\" \/>\n<meta property=\"og:title\" content=\"I pi\u00f9 bei villaggi della Provenza: visita ai villaggi provenzali\" \/>\n<meta property=\"og:url\" content=\"https:\/\/www.campingportpothuau.com\/it\/piu-belli-villaggi-provence\/\" \/>\n<meta property=\"og:site_name\" content=\"Port Pothuau\" \/>\n<meta property=\"article:modified_time\" content=\"2023-02-16T16:25:40+00:00\" \/>\n<meta property=\"og:image\" content=\"https:\/\/www.campingportpothuau.com\/wp-content\/uploads\/2023\/01\/decouvrir-villages-provence.jpg\" \/>\n\t<meta property=\"og:image:width\" content=\"1904\" \/>\n\t<meta property=\"og:image:height\" content=\"550\" \/>\n\t<meta property=\"og:image:type\" content=\"image\/jpeg\" \/>\n<meta name=\"twitter:card\" content=\"summary_large_image\" \/>\n<meta name=\"twitter:label1\" content=\"Tempo di lettura stimato\" \/>\n\t<meta name=\"twitter:data1\" content=\"3 minuti\" \/>\n<script type=\"application\/ld+json\" class=\"yoast-schema-graph\">{\"@context\":\"https:\/\/schema.org\",\"@graph\":[{\"@type\":\"WebPage\",\"@id\":\"https:\/\/www.campingportpothuau.com\/it\/piu-belli-villaggi-provence\/\",\"url\":\"https:\/\/www.campingportpothuau.com\/it\/piu-belli-villaggi-provence\/\",\"name\":\"I pi\u00f9 bei villaggi della Provenza: visita ai villaggi provenzali\",\"isPartOf\":{\"@id\":\"https:\/\/www.campingportpothuau.com\/it\/#website\"},\"primaryImageOfPage\":{\"@id\":\"https:\/\/www.campingportpothuau.com\/it\/piu-belli-villaggi-provence\/#primaryimage\"},\"image\":{\"@id\":\"https:\/\/www.campingportpothuau.com\/it\/piu-belli-villaggi-provence\/#primaryimage\"},\"thumbnailUrl\":\"https:\/\/www.campingportpothuau.com\/wp-content\/uploads\/2023\/01\/decouvrir-villages-provence.jpg\",\"datePublished\":\"2023-02-07T14:54:00+00:00\",\"dateModified\":\"2023-02-16T16:25:40+00:00\",\"breadcrumb\":{\"@id\":\"https:\/\/www.campingportpothuau.com\/it\/piu-belli-villaggi-provence\/#breadcrumb\"},\"inLanguage\":\"it-IT\",\"potentialAction\":[{\"@type\":\"ReadAction\",\"target\":[\"https:\/\/www.campingportpothuau.com\/it\/piu-belli-villaggi-provence\/\"]}]},{\"@type\":\"ImageObject\",\"inLanguage\":\"it-IT\",\"@id\":\"https:\/\/www.campingportpothuau.com\/it\/piu-belli-villaggi-provence\/#primaryimage\",\"url\":\"https:\/\/www.campingportpothuau.com\/wp-content\/uploads\/2023\/01\/decouvrir-villages-provence.jpg\",\"contentUrl\":\"https:\/\/www.campingportpothuau.com\/wp-content\/uploads\/2023\/01\/decouvrir-villages-provence.jpg\",\"width\":1904,\"height\":550,\"caption\":\"decouvrir villages provence\"},{\"@type\":\"BreadcrumbList\",\"@id\":\"https:\/\/www.campingportpothuau.com\/it\/piu-belli-villaggi-provence\/#breadcrumb\",\"itemListElement\":[{\"@type\":\"ListItem\",\"position\":1,\"name\":\"Camping Var\",\"item\":\"https:\/\/www.campingportpothuau.com\/it\/\"},{\"@type\":\"ListItem\",\"position\":2,\"name\":\"Villaggi della Provenza\"}]},{\"@type\":\"WebSite\",\"@id\":\"https:\/\/www.campingportpothuau.com\/it\/#website\",\"url\":\"https:\/\/www.campingportpothuau.com\/it\/\",\"name\":\"Port Pothuau\",\"description\":\"\",\"publisher\":{\"@id\":\"https:\/\/www.campingportpothuau.com\/it\/#organization\"},\"potentialAction\":[{\"@type\":\"SearchAction\",\"target\":{\"@type\":\"EntryPoint\",\"urlTemplate\":\"https:\/\/www.campingportpothuau.com\/it\/?s={search_term_string}\"},\"query-input\":{\"@type\":\"PropertyValueSpecification\",\"valueRequired\":true,\"valueName\":\"search_term_string\"}}],\"inLanguage\":\"it-IT\"},{\"@type\":\"Organization\",\"@id\":\"https:\/\/www.campingportpothuau.com\/it\/#organization\",\"name\":\"Port Pothuau\",\"url\":\"https:\/\/www.campingportpothuau.com\/it\/\",\"logo\":{\"@type\":\"ImageObject\",\"inLanguage\":\"it-IT\",\"@id\":\"https:\/\/www.campingportpothuau.com\/it\/#\/schema\/logo\/image\/\",\"url\":\"https:\/\/www.campingportpothuau.com\/wp-content\/uploads\/2022\/12\/LogoPort-Pothuau-Texte-Blanc-1.svg\",\"contentUrl\":\"https:\/\/www.campingportpothuau.com\/wp-content\/uploads\/2022\/12\/LogoPort-Pothuau-Texte-Blanc-1.svg\",\"caption\":\"Port Pothuau\"},\"image\":{\"@id\":\"https:\/\/www.campingportpothuau.com\/it\/#\/schema\/logo\/image\/\"}}]}<\/script>\n<!-- \/ Yoast SEO plugin. -->","yoast_head_json":{"title":"I pi\u00f9 bei villaggi della Provenza: visita ai villaggi provenzali","robots":{"index":"index","follow":"follow","max-snippet":"max-snippet:-1","max-image-preview":"max-image-preview:large","max-video-preview":"max-video-preview:-1"},"canonical":"https:\/\/www.campingportpothuau.com\/it\/piu-belli-villaggi-provence\/","og_locale":"it_IT","og_type":"article","og_title":"I pi\u00f9 bei villaggi della Provenza: visita ai villaggi provenzali","og_url":"https:\/\/www.campingportpothuau.com\/it\/piu-belli-villaggi-provence\/","og_site_name":"Port Pothuau","article_modified_time":"2023-02-16T16:25:40+00:00","og_image":[{"width":1904,"height":550,"url":"https:\/\/www.campingportpothuau.com\/wp-content\/uploads\/2023\/01\/decouvrir-villages-provence.jpg","type":"image\/jpeg"}],"twitter_card":"summary_large_image","twitter_misc":{"Tempo di lettura stimato":"3 minuti"},"schema":{"@context":"https:\/\/schema.org","@graph":[{"@type":"WebPage","@id":"https:\/\/www.campingportpothuau.com\/it\/piu-belli-villaggi-provence\/","url":"https:\/\/www.campingportpothuau.com\/it\/piu-belli-villaggi-provence\/","name":"I pi\u00f9 bei villaggi della Provenza: visita ai villaggi provenzali","isPartOf":{"@id":"https:\/\/www.campingportpothuau.com\/it\/#website"},"primaryImageOfPage":{"@id":"https:\/\/www.campingportpothuau.com\/it\/piu-belli-villaggi-provence\/#primaryimage"},"image":{"@id":"https:\/\/www.campingportpothuau.com\/it\/piu-belli-villaggi-provence\/#primaryimage"},"thumbnailUrl":"https:\/\/www.campingportpothuau.com\/wp-content\/uploads\/2023\/01\/decouvrir-villages-provence.jpg","datePublished":"2023-02-07T14:54:00+00:00","dateModified":"2023-02-16T16:25:40+00:00","breadcrumb":{"@id":"https:\/\/www.campingportpothuau.com\/it\/piu-belli-villaggi-provence\/#breadcrumb"},"inLanguage":"it-IT","potentialAction":[{"@type":"ReadAction","target":["https:\/\/www.campingportpothuau.com\/it\/piu-belli-villaggi-provence\/"]}]},{"@type":"ImageObject","inLanguage":"it-IT","@id":"https:\/\/www.campingportpothuau.com\/it\/piu-belli-villaggi-provence\/#primaryimage","url":"https:\/\/www.campingportpothuau.com\/wp-content\/uploads\/2023\/01\/decouvrir-villages-provence.jpg","contentUrl":"https:\/\/www.campingportpothuau.com\/wp-content\/uploads\/2023\/01\/decouvrir-villages-provence.jpg","width":1904,"height":550,"caption":"decouvrir villages provence"},{"@type":"BreadcrumbList","@id":"https:\/\/www.campingportpothuau.com\/it\/piu-belli-villaggi-provence\/#breadcrumb","itemListElement":[{"@type":"ListItem","position":1,"name":"Camping Var","item":"https:\/\/www.campingportpothuau.com\/it\/"},{"@type":"ListItem","position":2,"name":"Villaggi della Provenza"}]},{"@type":"WebSite","@id":"https:\/\/www.campingportpothuau.com\/it\/#website","url":"https:\/\/www.campingportpothuau.com\/it\/","name":"Port Pothuau","description":"","publisher":{"@id":"https:\/\/www.campingportpothuau.com\/it\/#organization"},"potentialAction":[{"@type":"SearchAction","target":{"@type":"EntryPoint","urlTemplate":"https:\/\/www.campingportpothuau.com\/it\/?s={search_term_string}"},"query-input":{"@type":"PropertyValueSpecification","valueRequired":true,"valueName":"search_term_string"}}],"inLanguage":"it-IT"},{"@type":"Organization","@id":"https:\/\/www.campingportpothuau.com\/it\/#organization","name":"Port Pothuau","url":"https:\/\/www.campingportpothuau.com\/it\/","logo":{"@type":"ImageObject","inLanguage":"it-IT","@id":"https:\/\/www.campingportpothuau.com\/it\/#\/schema\/logo\/image\/","url":"https:\/\/www.campingportpothuau.com\/wp-content\/uploads\/2022\/12\/LogoPort-Pothuau-Texte-Blanc-1.svg","contentUrl":"https:\/\/www.campingportpothuau.com\/wp-content\/uploads\/2022\/12\/LogoPort-Pothuau-Texte-Blanc-1.svg","caption":"Port Pothuau"},"image":{"@id":"https:\/\/www.campingportpothuau.com\/it\/#\/schema\/logo\/image\/"}}]}},"_links":{"self":[{"href":"https:\/\/www.campingportpothuau.com\/it\/wp-json\/wp\/v2\/pages\/10592","targetHints":{"allow":["GET"]}}],"collection":[{"href":"https:\/\/www.campingportpothuau.com\/it\/wp-json\/wp\/v2\/pages"}],"about":[{"href":"https:\/\/www.campingportpothuau.com\/it\/wp-json\/wp\/v2\/types\/page"}],"author":[{"embeddable":true,"href":"https:\/\/www.campingportpothuau.com\/it\/wp-json\/wp\/v2\/users\/1"}],"replies":[{"embeddable":true,"href":"https:\/\/www.campingportpothuau.com\/it\/wp-json\/wp\/v2\/comments?post=10592"}],"version-history":[{"count":6,"href":"https:\/\/www.campingportpothuau.com\/it\/wp-json\/wp\/v2\/pages\/10592\/revisions"}],"predecessor-version":[{"id":12631,"href":"https:\/\/www.campingportpothuau.com\/it\/wp-json\/wp\/v2\/pages\/10592\/revisions\/12631"}],"wp:featuredmedia":[{"embeddable":true,"href":"https:\/\/www.campingportpothuau.com\/it\/wp-json\/wp\/v2\/media\/6813"}],"wp:attachment":[{"href":"https:\/\/www.campingportpothuau.com\/it\/wp-json\/wp\/v2\/media?parent=10592"}],"wp:term":[{"taxonomy":"sujet","embeddable":true,"href":"https:\/\/www.campingportpothuau.com\/it\/wp-json\/wp\/v2\/sujet?post=10592"}],"curies":[{"name":"wp","href":"https:\/\/api.w.org\/{rel}","templated":true}]}}