{"id":10556,"date":"2023-02-07T14:52:58","date_gmt":"2023-02-07T13:52:58","guid":{"rendered":"https:\/\/www.campingportpothuau.com\/museum-var\/"},"modified":"2023-02-17T11:24:13","modified_gmt":"2023-02-17T10:24:13","slug":"museo-var","status":"publish","type":"page","link":"https:\/\/www.campingportpothuau.com\/it\/museo-var\/","title":{"rendered":"Musei e fabbriche"},"content":{"rendered":"<section id=\"ls-section-block_84bca971c9906bc9b76ea9f1ee340820\" class=\"ls-section  p-b-0\" >\r\n        <div class=\"container container--wide\">\r\n        \n\n<h1 class=\"ls__heading has-text-align-center has-color-5-color has-text-color wp-block-heading\">I musei del Var da visitare per prendersi il tempo per imparare<\/h1>\n\n\r\n    <\/div>\r\n<\/section>\n\n<section id=\"ls-section-block_79f8ee354af8561a1ff75a6ea962c73b\" class=\"ls-section  page-two container--super-wide has-text-color has-color-5-color\" >\r\n        <div class=\"container container--wide\">\r\n        \n\n<div class=\"wp-block-columns is-layout-flex wp-container-core-columns-is-layout-9d6595d7 wp-block-columns-is-layout-flex\">\n<div class=\"wp-block-column is-layout-flow wp-block-column-is-layout-flow\" style=\"flex-basis:33.34%\">\n<figure class=\"wp-block-image size-full\"><img decoding=\"async\" width=\"587\" height=\"436\" src=\"https:\/\/www.campingportpothuau.com\/wp-content\/uploads\/2023\/01\/visiter-moulin-du-partegal.jpg\" alt=\"visita al moulin du partegal\" class=\"wp-image-8439\" srcset=\"https:\/\/www.campingportpothuau.com\/wp-content\/uploads\/2023\/01\/visiter-moulin-du-partegal.jpg 587w, https:\/\/www.campingportpothuau.com\/wp-content\/uploads\/2023\/01\/visiter-moulin-du-partegal-300x223.jpg 300w\" sizes=\"(max-width: 587px) 100vw, 587px\" \/><\/figure>\n\n\n\n<h2 class=\"ls-heading wp-block-heading\">Vecchio frantoio di Part\u00e9gal<\/h2>\n\n\n\n<p class=\"ls-paragraph\">Nell&#8217;antico frantoio <strong>di Part\u00e9gal, risalente al XVI secolo<\/strong>, i mugnai artigiani vi propongono <strong>da quattro generazioni<\/strong> la visita del loro sito unico. Condivideranno con voi la passione e il know-how dei loro anziani trasmessi alla generazione attuale!<\/p>\n\n\n\n<p class=\"ls-paragraph\">In questo museo del Var, scoprirete gli <strong>oli d&#8217;oliva prodotti con metodi ancestrali<\/strong> (artigianali, alla macina, all&#8217;antica) e quelli ottenuti <strong>con un processo di nuova tecnologia.<\/strong> La visita al frantoio \u00e8 seguita da <strong>una degustazione gratuita di olio d&#8217;oliva e prodotti provenzali<\/strong>: tapenade, condimenti, vino, aceto, marmellata e miele!<\/p>\n\n\n\n<p class=\"ls-paragraph\">Il mulino \u00e8 raggiungibile in meno di 20 minuti dal nostro <a href=\"https:\/\/www.campingportpothuau.com\/it\/\">campeggio a Hyeres.<\/a><\/p>\n\n\n\n<p class=\"ls-paragraph\">Part\u00e9gal Oil Mill, 159 Chemin des Laures, 83210 La Farl\u00e8de<br>T\u00e9l : +33 4 94 48 48 85<\/p>\n<\/div>\n\n\n\n<div class=\"wp-block-column m-t-0 is-layout-flow wp-block-column-is-layout-flow\" style=\"flex-basis:33.34%\">\n<figure class=\"wp-block-image size-full\"><img decoding=\"async\" width=\"585\" height=\"436\" src=\"https:\/\/www.campingportpothuau.com\/wp-content\/uploads\/2023\/01\/viiter-brasserie-carteron.jpg\" alt=\"viiter brasserie carteron\" class=\"wp-image-8431\" srcset=\"https:\/\/www.campingportpothuau.com\/wp-content\/uploads\/2023\/01\/viiter-brasserie-carteron.jpg 585w, https:\/\/www.campingportpothuau.com\/wp-content\/uploads\/2023\/01\/viiter-brasserie-carteron-300x224.jpg 300w\" sizes=\"(max-width: 585px) 100vw, 585px\" \/><\/figure>\n\n\n\n<h2 class=\"ls-heading wp-block-heading\">Birrificio artigianale Carteron<\/h2>\n\n\n\n<p class=\"ls-paragraph\">Il birrificio artigianale Carteron condivide con voi il suo know-how vitivinicolo mostrandovi un nuovo aspetto della Provenza! Potrete scoprire le loro birre prodotte <strong>intorno ai valori del birrificio<\/strong>: eccellenza, innovazione, passione e umilt\u00e0.<\/p>\n\n\n\n<p class=\"ls-paragraph\">Lasciate 30-40 minuti per visitare questo museo di Hy\u00e8res. Le visite sono aperte ai bambini accompagnati da un adulto. \u00c8 possibile effettuare visite in inglese.<\/p>\n\n\n\n<p class=\"ls-paragraph\">412 Rue Phil\u00e9mon Laugier, ZI St-Martin, 83400 Hy\u00e8res les Palmiers<br>contact@brasseriecarteron.com<br>T\u00e9l : +33 9 84 00 12 80<\/p>\n<\/div>\n\n\n\n<div class=\"wp-block-column is-layout-flow wp-block-column-is-layout-flow\" style=\"flex-basis:33.33%\">\n<figure class=\"wp-block-image size-full\"><img decoding=\"async\" width=\"586\" height=\"436\" src=\"https:\/\/www.campingportpothuau.com\/wp-content\/uploads\/2023\/01\/visiter-villa-noailles.jpg\" alt=\"visita a villa noailles\" class=\"wp-image-8451\" srcset=\"https:\/\/www.campingportpothuau.com\/wp-content\/uploads\/2023\/01\/visiter-villa-noailles.jpg 586w, https:\/\/www.campingportpothuau.com\/wp-content\/uploads\/2023\/01\/visiter-villa-noailles-300x223.jpg 300w\" sizes=\"(max-width: 586px) 100vw, 586px\" \/><\/figure>\n\n\n\n<h2 class=\"ls-heading wp-block-heading\">Villa Noailles<\/h2>\n\n\n\n<p class=\"ls-paragraph\">La commissione era &#8220;una casa piccola e interessante da abitare&#8221;, a Hy\u00e8res, nel sud della Francia. Si tratta di una sfida per il giovane architetto Robert Mallet-Stevens, che risponde alla richiesta di Charles e Marie-Laure de Noailles, una ricca coppia parigina con idee all&#8217;avanguardia.<\/p>\n\n\n\n<p class=\"ls-paragraph\">I lavori iniziarono nel 1923, nella piccola citt\u00e0 di Hy\u00e8res, il cantiere doveva essere sorprendente, e ancora oggi la villa si distingue per la modernit\u00e0 della <strong>sua architettura, un vero e proprio gioco di cubi e luce.<\/strong><\/p>\n\n\n\n<p class=\"ls-paragraph\">Oggi, <strong>Villa Noailles<\/strong> mantiene vivo questo spirito di creativit\u00e0 e innovazione attraverso il <strong>Festival Internazionale della Moda e della Fotografia<\/strong> che si svolge in aprile, <strong>la Design Parade<\/strong> (un festival del design in luglio) e numerose mostre di architettura e fotografia durante tutto l&#8217;anno&#8230;<\/p>\n\n\n\n<p class=\"ls-paragraph\">Mont\u00e9e de Noailles, 83400 Hy\u00e8res, France<br>T\u00e9l : +33 4 98 08 01 98<\/p>\n<\/div>\n<\/div>\n\n\n\n<div class=\"wp-block-columns is-layout-flex wp-container-core-columns-is-layout-9d6595d7 wp-block-columns-is-layout-flex\">\n<div class=\"wp-block-column is-layout-flow wp-block-column-is-layout-flow\" style=\"flex-basis:33.34%\">\n<figure class=\"wp-block-image size-full\"><img decoding=\"async\" width=\"586\" height=\"436\" src=\"https:\/\/www.campingportpothuau.com\/wp-content\/uploads\/2023\/01\/decouvrir-nougat-jonquier.jpg\" alt=\"scoprire il torrone jonquier\" class=\"wp-image-8456\" srcset=\"https:\/\/www.campingportpothuau.com\/wp-content\/uploads\/2023\/01\/decouvrir-nougat-jonquier.jpg 586w, https:\/\/www.campingportpothuau.com\/wp-content\/uploads\/2023\/01\/decouvrir-nougat-jonquier-300x223.jpg 300w\" sizes=\"(max-width: 586px) 100vw, 586px\" \/><\/figure>\n\n\n\n<h2 class=\"ls-heading wp-block-heading\">Nougaterie &#8220;Nougat Jonquier<\/h2>\n\n\n\n<p class=\"ls-paragraph\">La <strong>nougaterie<\/strong> vi propone una <strong>visita alla sua fabbrica<\/strong> per scoprire <strong>la tradizione provenzale che si tramanda da 130 anni!<\/strong><\/p>\n\n\n\n<p class=\"ls-paragraph\">Vero e proprio museo culinario del Var, potrete apprezzare l&#8217;elaborazione del torrone, <strong>un prodotto storicamente legato ai tredici dolci provenzali<\/strong>: un sapiente impasto di mandorle e miele che delizia il palato da sei generazioni.<\/p>\n\n\n\n<p class=\"ls-paragraph\">benoi.adet@nougat-jonquier.fr<br>T\u00e9l : +33 9 54 15 08 64<\/p>\n<\/div>\n\n\n\n<div class=\"wp-block-column m-t-0 is-layout-flow wp-block-column-is-layout-flow\" style=\"flex-basis:33.34%\">\n<figure class=\"wp-block-image size-full\"><img decoding=\"async\" width=\"586\" height=\"436\" src=\"https:\/\/www.campingportpothuau.com\/wp-content\/uploads\/2023\/01\/mine-cap-garonne-var.jpg\" alt=\"miniera di cap garonne var\" class=\"wp-image-8427\" srcset=\"https:\/\/www.campingportpothuau.com\/wp-content\/uploads\/2023\/01\/mine-cap-garonne-var.jpg 586w, https:\/\/www.campingportpothuau.com\/wp-content\/uploads\/2023\/01\/mine-cap-garonne-var-300x223.jpg 300w\" sizes=\"(max-width: 586px) 100vw, 586px\" \/><\/figure>\n\n\n\n<h2 class=\"ls-heading wp-block-heading\">Museo minerario di Cap Garonne<\/h2>\n\n\n\n<p class=\"ls-paragraph\">La <strong>miniera di Cap Garonne<\/strong> \u00e8 uno dei <strong>siti mineralogici pi\u00f9 belli del mondo!<\/strong><\/p>\n\n\n\n<p class=\"ls-paragraph\">From the life of the miners to the history of the rock, the visit to these former copper mines converted into a museum is a living lesson, a fascinating adventure for young and old.<\/p>\n\n\n\n<p class=\"ls-paragraph\">An <strong>exceptional site<\/strong> located at the top of Cap Garonne with a panoramic view of the islands of Hy\u00e8res and the harbour of Toulon, and all around numerous hiking trails.<\/p>\n\n\n\n<p class=\"ls-paragraph\">1000 Chemin du Baou Rouge, 83220 Le Pradet<br>info@mine-capgaronne.fr<br>T\u00e9l : +33 4 94 08 32 46<\/p>\n<\/div>\n\n\n\n<div class=\"wp-block-column is-layout-flow wp-block-column-is-layout-flow\" style=\"flex-basis:33.33%\">\n<figure class=\"wp-block-image size-full\"><img decoding=\"async\" width=\"516\" height=\"384\" src=\"https:\/\/www.campingportpothuau.com\/wp-content\/uploads\/2023\/01\/musee-de-la-marine.jpg\" alt=\"museo della marina\" class=\"wp-image-9682\" srcset=\"https:\/\/www.campingportpothuau.com\/wp-content\/uploads\/2023\/01\/musee-de-la-marine.jpg 516w, https:\/\/www.campingportpothuau.com\/wp-content\/uploads\/2023\/01\/musee-de-la-marine-300x223.jpg 300w\" sizes=\"(max-width: 516px) 100vw, 516px\" \/><\/figure>\n\n\n\n<h2 class=\"ls-heading wp-block-heading\">Museo della Marina<\/h2>\n\n\n\n<p class=\"ls-paragraph\"><strong>Creato alla fine del Primo Impero<\/strong>, il <strong>Museo Nazionale Marittimo di Tolone<\/strong> si trova accanto alla Torre dell&#8217;Orologio dell&#8217;arsenale.<\/p>\n\n\n\n<p class=\"ls-paragraph\"><strong>Vero e proprio ricordo dell&#8217;arsenale di Tolone<\/strong>, di cui conserva la maestosa porta monumentale (1738), questo museo del <strong>Var conserva ed espone un&#8217;eccezionale collezione di modelli di navi<\/strong>, oltre a un modello di galea.<\/p>\n\n\n\n<p class=\"ls-paragraph\">Place Monsenergue, Quai de Norfolk, 83000 Toulon, France<br>toulon@musee-marine.fr<br>T\u00e9l : +33 4 22 42 02 01<\/p>\n<\/div>\n<\/div>\n\n\r\n    <\/div>\r\n<\/section>\n\n<section id=\"ls-section-block_b99e1942cb1637d10fc2509fe3cf0d49\" class=\"ls-section  page-cta animated fadeIn delay-100ms slow has-background has-color-white-background-color\" >\r\n        <div class=\"container container--wide\">\r\n        \n\n<div id=\"ls-heading ls-titre-div-block_62e220bbe9b2a51cb8e767775c85a899\" class=\"ls-titre-div aligncenter h2-like\" >\n    Scoprite i mercati, i parchi di divertimento e i siti naturali<\/div>\n\n\n<div id=\"ls-maillage-block_db86524581c265806e168f89ef00a2bb\" class=\"ls-maillage cta-style-normal\" data-rows=\"3\">\r\n    <div class=\"wp-block-columns\"><div class=\"wp-block-column\"><div class=\"ls-cta\">\n\n<a href=\"https:\/\/www.campingportpothuau.com\/it\/marca-var\/\" target=\"\" rel=\"noopener\" class=\"ls-cta__link\">\n\n\t<div class=\"ls-cta__image\"><img decoding=\"async\" width=\"434\" height=\"550\" src=\"https:\/\/www.campingportpothuau.com\/wp-content\/uploads\/2023\/01\/marches-nocturnes.jpg\" class=\"attachment-medium_large size-medium_large\" alt=\"marches nocturnes\" srcset=\"https:\/\/www.campingportpothuau.com\/wp-content\/uploads\/2023\/01\/marches-nocturnes.jpg 434w, https:\/\/www.campingportpothuau.com\/wp-content\/uploads\/2023\/01\/marches-nocturnes-237x300.jpg 237w\" sizes=\"(max-width: 434px) 100vw, 434px\" \/><\/div>\t<div class=\"ls-cta__content\">\n\t\t<div class=\"ls-cta__title\">\n\t\t\t<span class=\"pothuau-vague\"><\/span><span class=\"titre-cta\">I mercati<\/span>\n\t\t<\/div>\n\n\t\t\t<\/div>\n\n<\/a><\/div><\/div><div class=\"wp-block-column\"><div class=\"ls-cta\">\n\n<a href=\"https:\/\/www.campingportpothuau.com\/it\/parco-attrazione-var\/\" target=\"\" rel=\"noopener\" class=\"ls-cta__link\">\n\n\t<div class=\"ls-cta__image\"><img decoding=\"async\" width=\"534\" height=\"550\" src=\"https:\/\/www.campingportpothuau.com\/wp-content\/uploads\/2023\/01\/parcs-loisirs-hyeres.jpg\" class=\"attachment-medium_large size-medium_large\" alt=\"parcs loisirs hyeres\" srcset=\"https:\/\/www.campingportpothuau.com\/wp-content\/uploads\/2023\/01\/parcs-loisirs-hyeres.jpg 534w, https:\/\/www.campingportpothuau.com\/wp-content\/uploads\/2023\/01\/parcs-loisirs-hyeres-291x300.jpg 291w\" sizes=\"(max-width: 534px) 100vw, 534px\" \/><\/div>\t<div class=\"ls-cta__content\">\n\t\t<div class=\"ls-cta__title\">\n\t\t\t<span class=\"pothuau-vague\"><\/span><span class=\"titre-cta\">Parco divertimenti<\/span>\n\t\t<\/div>\n\n\t\t\t<\/div>\n\n<\/a><\/div><\/div><div class=\"wp-block-column\"><div class=\"ls-cta\">\n\n<a href=\"https:\/\/www.campingportpothuau.com\/it\/turismo-paca\/\" target=\"\" rel=\"noopener\" class=\"ls-cta__link\">\n\n\t<div class=\"ls-cta__image\"><img decoding=\"async\" width=\"434\" height=\"550\" src=\"https:\/\/www.campingportpothuau.com\/wp-content\/uploads\/2023\/01\/sejour-paca.jpg\" class=\"attachment-medium_large size-medium_large\" alt=\"sejour paca\" srcset=\"https:\/\/www.campingportpothuau.com\/wp-content\/uploads\/2023\/01\/sejour-paca.jpg 434w, https:\/\/www.campingportpothuau.com\/wp-content\/uploads\/2023\/01\/sejour-paca-237x300.jpg 237w\" sizes=\"(max-width: 434px) 100vw, 434px\" \/><\/div>\t<div class=\"ls-cta__content\">\n\t\t<div class=\"ls-cta__title\">\n\t\t\t<span class=\"pothuau-vague\"><\/span><span class=\"titre-cta\">I siti naturali circostanti<\/span>\n\t\t<\/div>\n\n\t\t\t<\/div>\n\n<\/a><\/div><\/div><\/div><\/div>\n\r\n    <\/div>\r\n<\/section>","protected":false},"excerpt":{"rendered":"","protected":false},"author":1,"featured_media":8446,"parent":0,"menu_order":0,"comment_status":"closed","ping_status":"closed","template":"","meta":{"_acf_changed":false,"inline_featured_image":false,"footnotes":""},"sujet":[],"class_list":["post-10556","page","type-page","status-publish","has-post-thumbnail","hentry"],"acf":[],"yoast_head":"<!-- This site is optimized with the Yoast SEO plugin v24.7 - https:\/\/yoast.com\/wordpress\/plugins\/seo\/ -->\n<title>Museo di Hy\u00e8res: i musei e le fabbriche imperdibili del Var<\/title>\n<meta name=\"description\" content=\"La nostra bella regione \u00e8 ricca di musei e fabbriche da visitare dal nostro campeggio a Hy\u00e8res.\" \/>\n<meta name=\"robots\" content=\"index, follow, max-snippet:-1, max-image-preview:large, max-video-preview:-1\" \/>\n<link rel=\"canonical\" href=\"https:\/\/www.campingportpothuau.com\/it\/museo-var\/\" \/>\n<meta property=\"og:locale\" content=\"it_IT\" \/>\n<meta property=\"og:type\" content=\"article\" \/>\n<meta property=\"og:title\" content=\"Museo di Hy\u00e8res: i musei e le fabbriche imperdibili del Var\" \/>\n<meta property=\"og:description\" content=\"La nostra bella regione \u00e8 ricca di musei e fabbriche da visitare dal nostro campeggio a Hy\u00e8res.\" \/>\n<meta property=\"og:url\" content=\"https:\/\/www.campingportpothuau.com\/it\/museo-var\/\" \/>\n<meta property=\"og:site_name\" content=\"Port Pothuau\" \/>\n<meta property=\"article:modified_time\" content=\"2023-02-17T10:24:13+00:00\" \/>\n<meta property=\"og:image\" content=\"https:\/\/www.campingportpothuau.com\/wp-content\/uploads\/2023\/01\/visiter-musees-var.jpg\" \/>\n\t<meta property=\"og:image:width\" content=\"1903\" \/>\n\t<meta property=\"og:image:height\" content=\"550\" \/>\n\t<meta property=\"og:image:type\" content=\"image\/jpeg\" \/>\n<meta name=\"twitter:card\" content=\"summary_large_image\" \/>\n<meta name=\"twitter:label1\" content=\"Tempo di lettura stimato\" \/>\n\t<meta name=\"twitter:data1\" content=\"5 minuti\" \/>\n<script type=\"application\/ld+json\" class=\"yoast-schema-graph\">{\"@context\":\"https:\/\/schema.org\",\"@graph\":[{\"@type\":\"WebPage\",\"@id\":\"https:\/\/www.campingportpothuau.com\/it\/museo-var\/\",\"url\":\"https:\/\/www.campingportpothuau.com\/it\/museo-var\/\",\"name\":\"Museo di Hy\u00e8res: i musei e le fabbriche imperdibili del Var\",\"isPartOf\":{\"@id\":\"https:\/\/www.campingportpothuau.com\/it\/#website\"},\"primaryImageOfPage\":{\"@id\":\"https:\/\/www.campingportpothuau.com\/it\/museo-var\/#primaryimage\"},\"image\":{\"@id\":\"https:\/\/www.campingportpothuau.com\/it\/museo-var\/#primaryimage\"},\"thumbnailUrl\":\"https:\/\/www.campingportpothuau.com\/wp-content\/uploads\/2023\/01\/visiter-musees-var.jpg\",\"datePublished\":\"2023-02-07T13:52:58+00:00\",\"dateModified\":\"2023-02-17T10:24:13+00:00\",\"description\":\"La nostra bella regione \u00e8 ricca di musei e fabbriche da visitare dal nostro campeggio a Hy\u00e8res.\",\"breadcrumb\":{\"@id\":\"https:\/\/www.campingportpothuau.com\/it\/museo-var\/#breadcrumb\"},\"inLanguage\":\"it-IT\",\"potentialAction\":[{\"@type\":\"ReadAction\",\"target\":[\"https:\/\/www.campingportpothuau.com\/it\/museo-var\/\"]}]},{\"@type\":\"ImageObject\",\"inLanguage\":\"it-IT\",\"@id\":\"https:\/\/www.campingportpothuau.com\/it\/museo-var\/#primaryimage\",\"url\":\"https:\/\/www.campingportpothuau.com\/wp-content\/uploads\/2023\/01\/visiter-musees-var.jpg\",\"contentUrl\":\"https:\/\/www.campingportpothuau.com\/wp-content\/uploads\/2023\/01\/visiter-musees-var.jpg\",\"width\":1903,\"height\":550,\"caption\":\"visiter musees var\"},{\"@type\":\"BreadcrumbList\",\"@id\":\"https:\/\/www.campingportpothuau.com\/it\/museo-var\/#breadcrumb\",\"itemListElement\":[{\"@type\":\"ListItem\",\"position\":1,\"name\":\"Camping Var\",\"item\":\"https:\/\/www.campingportpothuau.com\/it\/\"},{\"@type\":\"ListItem\",\"position\":2,\"name\":\"Musei di Hy\u00e8res e del Var\"}]},{\"@type\":\"WebSite\",\"@id\":\"https:\/\/www.campingportpothuau.com\/it\/#website\",\"url\":\"https:\/\/www.campingportpothuau.com\/it\/\",\"name\":\"Port Pothuau\",\"description\":\"\",\"publisher\":{\"@id\":\"https:\/\/www.campingportpothuau.com\/it\/#organization\"},\"potentialAction\":[{\"@type\":\"SearchAction\",\"target\":{\"@type\":\"EntryPoint\",\"urlTemplate\":\"https:\/\/www.campingportpothuau.com\/it\/?s={search_term_string}\"},\"query-input\":{\"@type\":\"PropertyValueSpecification\",\"valueRequired\":true,\"valueName\":\"search_term_string\"}}],\"inLanguage\":\"it-IT\"},{\"@type\":\"Organization\",\"@id\":\"https:\/\/www.campingportpothuau.com\/it\/#organization\",\"name\":\"Port Pothuau\",\"url\":\"https:\/\/www.campingportpothuau.com\/it\/\",\"logo\":{\"@type\":\"ImageObject\",\"inLanguage\":\"it-IT\",\"@id\":\"https:\/\/www.campingportpothuau.com\/it\/#\/schema\/logo\/image\/\",\"url\":\"https:\/\/www.campingportpothuau.com\/wp-content\/uploads\/2022\/12\/LogoPort-Pothuau-Texte-Blanc-1.svg\",\"contentUrl\":\"https:\/\/www.campingportpothuau.com\/wp-content\/uploads\/2022\/12\/LogoPort-Pothuau-Texte-Blanc-1.svg\",\"caption\":\"Port Pothuau\"},\"image\":{\"@id\":\"https:\/\/www.campingportpothuau.com\/it\/#\/schema\/logo\/image\/\"}}]}<\/script>\n<!-- \/ Yoast SEO plugin. -->","yoast_head_json":{"title":"Museo di Hy\u00e8res: i musei e le fabbriche imperdibili del Var","description":"La nostra bella regione \u00e8 ricca di musei e fabbriche da visitare dal nostro campeggio a Hy\u00e8res.","robots":{"index":"index","follow":"follow","max-snippet":"max-snippet:-1","max-image-preview":"max-image-preview:large","max-video-preview":"max-video-preview:-1"},"canonical":"https:\/\/www.campingportpothuau.com\/it\/museo-var\/","og_locale":"it_IT","og_type":"article","og_title":"Museo di Hy\u00e8res: i musei e le fabbriche imperdibili del Var","og_description":"La nostra bella regione \u00e8 ricca di musei e fabbriche da visitare dal nostro campeggio a Hy\u00e8res.","og_url":"https:\/\/www.campingportpothuau.com\/it\/museo-var\/","og_site_name":"Port Pothuau","article_modified_time":"2023-02-17T10:24:13+00:00","og_image":[{"width":1903,"height":550,"url":"https:\/\/www.campingportpothuau.com\/wp-content\/uploads\/2023\/01\/visiter-musees-var.jpg","type":"image\/jpeg"}],"twitter_card":"summary_large_image","twitter_misc":{"Tempo di lettura stimato":"5 minuti"},"schema":{"@context":"https:\/\/schema.org","@graph":[{"@type":"WebPage","@id":"https:\/\/www.campingportpothuau.com\/it\/museo-var\/","url":"https:\/\/www.campingportpothuau.com\/it\/museo-var\/","name":"Museo di Hy\u00e8res: i musei e le fabbriche imperdibili del Var","isPartOf":{"@id":"https:\/\/www.campingportpothuau.com\/it\/#website"},"primaryImageOfPage":{"@id":"https:\/\/www.campingportpothuau.com\/it\/museo-var\/#primaryimage"},"image":{"@id":"https:\/\/www.campingportpothuau.com\/it\/museo-var\/#primaryimage"},"thumbnailUrl":"https:\/\/www.campingportpothuau.com\/wp-content\/uploads\/2023\/01\/visiter-musees-var.jpg","datePublished":"2023-02-07T13:52:58+00:00","dateModified":"2023-02-17T10:24:13+00:00","description":"La nostra bella regione \u00e8 ricca di musei e fabbriche da visitare dal nostro campeggio a Hy\u00e8res.","breadcrumb":{"@id":"https:\/\/www.campingportpothuau.com\/it\/museo-var\/#breadcrumb"},"inLanguage":"it-IT","potentialAction":[{"@type":"ReadAction","target":["https:\/\/www.campingportpothuau.com\/it\/museo-var\/"]}]},{"@type":"ImageObject","inLanguage":"it-IT","@id":"https:\/\/www.campingportpothuau.com\/it\/museo-var\/#primaryimage","url":"https:\/\/www.campingportpothuau.com\/wp-content\/uploads\/2023\/01\/visiter-musees-var.jpg","contentUrl":"https:\/\/www.campingportpothuau.com\/wp-content\/uploads\/2023\/01\/visiter-musees-var.jpg","width":1903,"height":550,"caption":"visiter musees var"},{"@type":"BreadcrumbList","@id":"https:\/\/www.campingportpothuau.com\/it\/museo-var\/#breadcrumb","itemListElement":[{"@type":"ListItem","position":1,"name":"Camping Var","item":"https:\/\/www.campingportpothuau.com\/it\/"},{"@type":"ListItem","position":2,"name":"Musei di Hy\u00e8res e del Var"}]},{"@type":"WebSite","@id":"https:\/\/www.campingportpothuau.com\/it\/#website","url":"https:\/\/www.campingportpothuau.com\/it\/","name":"Port Pothuau","description":"","publisher":{"@id":"https:\/\/www.campingportpothuau.com\/it\/#organization"},"potentialAction":[{"@type":"SearchAction","target":{"@type":"EntryPoint","urlTemplate":"https:\/\/www.campingportpothuau.com\/it\/?s={search_term_string}"},"query-input":{"@type":"PropertyValueSpecification","valueRequired":true,"valueName":"search_term_string"}}],"inLanguage":"it-IT"},{"@type":"Organization","@id":"https:\/\/www.campingportpothuau.com\/it\/#organization","name":"Port Pothuau","url":"https:\/\/www.campingportpothuau.com\/it\/","logo":{"@type":"ImageObject","inLanguage":"it-IT","@id":"https:\/\/www.campingportpothuau.com\/it\/#\/schema\/logo\/image\/","url":"https:\/\/www.campingportpothuau.com\/wp-content\/uploads\/2022\/12\/LogoPort-Pothuau-Texte-Blanc-1.svg","contentUrl":"https:\/\/www.campingportpothuau.com\/wp-content\/uploads\/2022\/12\/LogoPort-Pothuau-Texte-Blanc-1.svg","caption":"Port Pothuau"},"image":{"@id":"https:\/\/www.campingportpothuau.com\/it\/#\/schema\/logo\/image\/"}}]}},"_links":{"self":[{"href":"https:\/\/www.campingportpothuau.com\/it\/wp-json\/wp\/v2\/pages\/10556","targetHints":{"allow":["GET"]}}],"collection":[{"href":"https:\/\/www.campingportpothuau.com\/it\/wp-json\/wp\/v2\/pages"}],"about":[{"href":"https:\/\/www.campingportpothuau.com\/it\/wp-json\/wp\/v2\/types\/page"}],"author":[{"embeddable":true,"href":"https:\/\/www.campingportpothuau.com\/it\/wp-json\/wp\/v2\/users\/1"}],"replies":[{"embeddable":true,"href":"https:\/\/www.campingportpothuau.com\/it\/wp-json\/wp\/v2\/comments?post=10556"}],"version-history":[{"count":10,"href":"https:\/\/www.campingportpothuau.com\/it\/wp-json\/wp\/v2\/pages\/10556\/revisions"}],"predecessor-version":[{"id":12719,"href":"https:\/\/www.campingportpothuau.com\/it\/wp-json\/wp\/v2\/pages\/10556\/revisions\/12719"}],"wp:featuredmedia":[{"embeddable":true,"href":"https:\/\/www.campingportpothuau.com\/it\/wp-json\/wp\/v2\/media\/8446"}],"wp:attachment":[{"href":"https:\/\/www.campingportpothuau.com\/it\/wp-json\/wp\/v2\/media?parent=10556"}],"wp:term":[{"taxonomy":"sujet","embeddable":true,"href":"https:\/\/www.campingportpothuau.com\/it\/wp-json\/wp\/v2\/sujet?post=10556"}],"curies":[{"name":"wp","href":"https:\/\/api.w.org\/{rel}","templated":true}]}}