{"id":10448,"date":"2023-02-06T10:53:42","date_gmt":"2023-02-06T09:53:42","guid":{"rendered":"https:\/\/www.campingportpothuau.com\/campeggio-hyeres-con-piscina\/"},"modified":"2024-10-02T15:37:18","modified_gmt":"2024-10-02T13:37:18","slug":"campeggio-hyeres-con-piscina","status":"publish","type":"page","link":"https:\/\/www.campingportpothuau.com\/it\/campeggio-hyeres-con-piscina\/","title":{"rendered":"Il parco acquatico"},"content":{"rendered":"<section id=\"ls-section-block_94504438c20c69fe570e8f5beebf545c\" class=\"ls-section \" >\r\n        <div class=\"container container--full\">\r\n        \n\n<h1 class=\"ls__heading wp-block-heading has-text-align-center\">Un campeggio con parco acquatico nel Var<\/h1>\n\n\r\n    <\/div>\r\n<\/section>\n\n<section id=\"ls-section-block_6021defed3a1f6b48dfcf2bddf12d5ff\" class=\"ls-section  home-seventh page-one\" >\r\n        <div class=\"container container--full\">\r\n        \n\n<div class=\"wp-block-columns are-vertically-aligned-center is-layout-flex wp-container-core-columns-is-layout-9d6595d7 wp-block-columns-is-layout-flex\">\n<div class=\"wp-block-column is-vertically-aligned-center is-layout-flow wp-block-column-is-layout-flow\" style=\"flex-basis:30%\">\n<p class=\"ls-paragraph\">Vi prendete una pausa per rinfrescarvi? Il nostro campeggio con parco acquatico a Hy\u00e8res \u00e8 una delizia per grandi e piccini. Tutti possono usufruire delle numerose strutture: i pi\u00f9 piccoli possono sguazzare nella piscina e nel parco giochi. <strong>piscina per bambini<\/strong> e adolescenti scivolano nel <strong>grande scivolo o il fiume veloce<\/strong>genitori <strong>prendere il sole sulle sedie a sdraio o fare le bolle nella jacuzzi<\/strong>. Nel <a href=\"https:\/\/www.campingportpothuau.com\/it\/\">nostro campeggio Var<\/a> c&#8217;\u00e8 qualcosa per tutti i gusti ! <\/p>\n\n\n\n<p class=\"ls-paragraph\">Optate per un soggiorno nel Var con tutta la famiglia ai piedi dell&#8217;acqua in un campeggio con piscina. Il parco acquatico del campeggio nel Var offre aree <strong>sicure per i bambini con un<\/strong> fiume balneabile, un pontone, giochi d&#8217;acqua e scivoli giganti in <strong>un ambiente verde.<\/strong><\/p>\n\n\n\n<p class=\"ls-paragraph\">Il parco acquatico \u00e8 <strong>accessibile per il nuoto con un braccialetto<\/strong> che vi verr\u00e0 fornito all&#8217;arrivo al campeggio con piscina a Hy\u00e8res per un soggiorno sicuro.<\/p>\n\n\n\n<p class=\"ls-paragraph addReadMore showlesscontent\">E s\u00ec, signori, ci dispiace che non vi piaccia affatto, ma per motivi igienici \u00e8 altamente consigliato il costume da bagno in lycra. Sono consentiti pantaloncini e costumi da bagno, a condizione che siano utilizzati solo per nuotare in piscina (non in spiaggia o in acqua salata).<\/p>\n<\/div>\n\n\n\n<div class=\"wp-block-column is-vertically-aligned-center animated fadeInRight delay-100ms slower is-layout-flow wp-block-column-is-layout-flow\" style=\"flex-basis:70%\">\n<figure class=\"wp-block-gallery has-nested-images columns-default is-cropped wp-block-gallery-1 is-layout-flex wp-block-gallery-is-layout-flex\">\n<figure class=\"wp-block-image size-full\"><a href=\"https:\/\/www.campingportpothuau.com\/wp-content\/uploads\/2023\/01\/camping-pataugeoire-enfant-var.jpg\"><img decoding=\"async\" width=\"1000\" height=\"750\" data-id=\"8518\" src=\"https:\/\/www.campingportpothuau.com\/wp-content\/uploads\/2023\/01\/camping-pataugeoire-enfant-var.jpg\" alt=\"piscina per bambini da campeggio var\" class=\"wp-image-8518\" srcset=\"https:\/\/www.campingportpothuau.com\/wp-content\/uploads\/2023\/01\/camping-pataugeoire-enfant-var.jpg 1000w, https:\/\/www.campingportpothuau.com\/wp-content\/uploads\/2023\/01\/camping-pataugeoire-enfant-var-300x225.jpg 300w, https:\/\/www.campingportpothuau.com\/wp-content\/uploads\/2023\/01\/camping-pataugeoire-enfant-var-768x576.jpg 768w\" sizes=\"(max-width: 1000px) 100vw, 1000px\" \/><\/a><\/figure>\n\n\n\n<figure class=\"wp-block-image size-full\"><a href=\"https:\/\/www.campingportpothuau.com\/wp-content\/uploads\/2023\/01\/camping-parc-aquatique-chauffe-var.jpg\"><img decoding=\"async\" width=\"1000\" height=\"750\" data-id=\"8510\" src=\"https:\/\/www.campingportpothuau.com\/wp-content\/uploads\/2023\/01\/camping-parc-aquatique-chauffe-var.jpg\" alt=\"campeggio parco acquatico var\" class=\"wp-image-8510\" srcset=\"https:\/\/www.campingportpothuau.com\/wp-content\/uploads\/2023\/01\/camping-parc-aquatique-chauffe-var.jpg 1000w, https:\/\/www.campingportpothuau.com\/wp-content\/uploads\/2023\/01\/camping-parc-aquatique-chauffe-var-300x225.jpg 300w, https:\/\/www.campingportpothuau.com\/wp-content\/uploads\/2023\/01\/camping-parc-aquatique-chauffe-var-768x576.jpg 768w\" sizes=\"(max-width: 1000px) 100vw, 1000px\" \/><\/a><\/figure>\n<\/figure>\n<\/div>\n<\/div>\n\n\r\n    <\/div>\r\n<\/section>\n\n<section id=\"ls-section-block_8a47e50d17993345744823dc696ba170\" class=\"ls-section  home-second page-two flex-reverse has-background has-color-5-background-color has-text-color has-color-white-color\" >\r\n        <div class=\"container container--wide\">\r\n        \n\n<div class=\"wp-block-columns is-layout-flex wp-container-core-columns-is-layout-9d6595d7 wp-block-columns-is-layout-flex\">\n<div class=\"wp-block-column is-layout-flow wp-block-column-is-layout-flow\" style=\"flex-basis:40%\"><\/div>\n\n\n\n<div class=\"wp-block-column is-layout-flow wp-block-column-is-layout-flow\" style=\"flex-basis:60%\">\n<p class=\"ls-paragraph\">Nella piscina del campeggio vi aspettano momenti unici, perch\u00e9 pensiamo a tutto noi&#8230; <strong>I pi\u00f9 piccoli potranno sguazzare<\/strong> (con i genitori, naturalmente) nella <strong>piscina per bambini<\/strong>, uno spazio acquatico adatto ai pi\u00f9 piccoli.<\/p>\n\n\n\n<p class=\"ls-paragraph addReadMore showlesscontent\">I bambini pi\u00f9 grandi (quelli che sanno nuotare) passano da una piscina all&#8217;altra, guadano le diverse vasche, passano sotto i ponti, sotto le cascate, si divertono nel fiume rapido, ma soprattutto quello che piace di pi\u00f9 \u00e8 l&#8217;enorme scivolo <strong>del parco acquatico, lungo pi\u00f9 di 44 metri.<\/strong><\/p>\n\n\n\n<p class=\"ls-paragraph\">Nel frattempo, genitori, nonni, zii e zie, in breve: i pi\u00f9 grandi, possono crogiolarsi al sole, fare le bolle nella vasca idromassaggio, fare un tuffo nella piscina principale del campeggio a 4 stelle nel Var&#8230;<\/p>\n<\/div>\n<\/div>\n\n\r\n    <\/div>\r\n<\/section>\n\n<section id=\"ls-section-block_18c7b06357acd07fde987866c3a30479\" class=\"ls-section  home-third page-three illustration-vague\" >\r\n        <div class=\"container container--wide\">\r\n        \n\n<div class=\"wp-block-columns are-vertically-aligned-top is-layout-flex wp-container-core-columns-is-layout-9d6595d7 wp-block-columns-is-layout-flex\">\n<div class=\"wp-block-column is-vertically-aligned-top is-layout-flow wp-block-column-is-layout-flow\" style=\"flex-basis:40%\">\n<p class=\"ls-paragraph\">Con oltre <strong>300 giorni di sole all&#8217;anno<\/strong>, sono pochi i giorni in cui non si pu\u00f2 godere del parco acquatico! \u00c8 quasi come essere su un&#8217;isola remota con tutte quelle palme (stiamo esagerando un po&#8217;).<\/p>\n\n\n\n<p class=\"ls-paragraph\">Per quanto riguarda la sicurezza, chiediamo ai genitori di tenere d&#8217;occhio i loro figli e di assicurarsi che rispettino le regole di sicurezza e i loro amici!<\/p>\n\n\n\n<p class=\"ls-paragraph\">Tutti possono godersi <strong>il parco acquatico con i suoi 600 m\u00b2 di spazio<\/strong> grazie a una sedia a rotelle idraulica che mettiamo a disposizione delle persone a mobilit\u00e0 ridotta.<\/p>\n<\/div>\n\n\n\n<div class=\"wp-block-column is-vertically-aligned-top animated fadeInUp slow is-layout-flow wp-block-column-is-layout-flow\" style=\"flex-basis:60%\">\n<figure class=\"wp-block-gallery has-nested-images columns-4 is-cropped galerie-slide-general wp-block-gallery-2 is-layout-flex wp-block-gallery-is-layout-flex\">\n<figure class=\"wp-block-image size-large\"><img decoding=\"async\" width=\"741\" height=\"550\" data-id=\"8529\" src=\"https:\/\/www.campingportpothuau.com\/wp-content\/uploads\/2023\/01\/piscine-toboggan-aquatique-var.jpg\" alt=\"piscine toboggan aquatique var\" class=\"wp-image-8529\" srcset=\"https:\/\/www.campingportpothuau.com\/wp-content\/uploads\/2023\/01\/piscine-toboggan-aquatique-var.jpg 741w, https:\/\/www.campingportpothuau.com\/wp-content\/uploads\/2023\/01\/piscine-toboggan-aquatique-var-300x223.jpg 300w\" sizes=\"(max-width: 741px) 100vw, 741px\" \/><\/figure>\n\n\n\n<figure class=\"wp-block-image size-large\"><img decoding=\"async\" width=\"742\" height=\"550\" data-id=\"8517\" src=\"https:\/\/www.campingportpothuau.com\/wp-content\/uploads\/2023\/01\/camping-parc-aquatique-jeux-enfants-var.jpg\" alt=\"camping parc aquatique jeux enfants var\" class=\"wp-image-8517\" srcset=\"https:\/\/www.campingportpothuau.com\/wp-content\/uploads\/2023\/01\/camping-parc-aquatique-jeux-enfants-var.jpg 742w, https:\/\/www.campingportpothuau.com\/wp-content\/uploads\/2023\/01\/camping-parc-aquatique-jeux-enfants-var-300x222.jpg 300w\" sizes=\"(max-width: 742px) 100vw, 742px\" \/><\/figure>\n\n\n\n<figure class=\"wp-block-image size-large\"><img decoding=\"async\" width=\"782\" height=\"580\" data-id=\"8525\" src=\"https:\/\/www.campingportpothuau.com\/wp-content\/uploads\/2023\/01\/piscine-chauffee-var.jpg\" alt=\"piscine chauffee var\" class=\"wp-image-8525\" srcset=\"https:\/\/www.campingportpothuau.com\/wp-content\/uploads\/2023\/01\/piscine-chauffee-var.jpg 782w, https:\/\/www.campingportpothuau.com\/wp-content\/uploads\/2023\/01\/piscine-chauffee-var-300x223.jpg 300w, https:\/\/www.campingportpothuau.com\/wp-content\/uploads\/2023\/01\/piscine-chauffee-var-768x570.jpg 768w\" sizes=\"(max-width: 782px) 100vw, 782px\" \/><\/figure>\n\n\n\n<figure class=\"wp-block-image size-large\"><img decoding=\"async\" width=\"1024\" height=\"759\" data-id=\"13327\" src=\"https:\/\/www.campingportpothuau.com\/wp-content\/uploads\/2023\/02\/Mise-a-l-eau-PMR-1024x759.webp\" alt=\"Camping parc aquatique PMR\" class=\"wp-image-13327\" srcset=\"https:\/\/www.campingportpothuau.com\/wp-content\/uploads\/2023\/02\/Mise-a-l-eau-PMR-1024x759.webp 1024w, https:\/\/www.campingportpothuau.com\/wp-content\/uploads\/2023\/02\/Mise-a-l-eau-PMR-300x222.webp 300w, https:\/\/www.campingportpothuau.com\/wp-content\/uploads\/2023\/02\/Mise-a-l-eau-PMR-768x569.webp 768w, https:\/\/www.campingportpothuau.com\/wp-content\/uploads\/2023\/02\/Mise-a-l-eau-PMR.webp 1080w\" sizes=\"(max-width: 1024px) 100vw, 1024px\" \/><\/figure>\n<\/figure>\n<\/div>\n<\/div>\n\n\r\n    <\/div>\r\n<\/section>\n\n<section id=\"ls-section-block_31d0f6f2ebbc1e66105e2b702a7efffb\" class=\"ls-section  page-cta animated fadeIn delay-100ms slow has-background has-color-4-background-color\" >\r\n        <div class=\"container container--wide\">\r\n        \n\n<div id=\"ls-heading ls-titre-div-block_2d2ecb11e298dd074390ffe7f5cdfab2\" class=\"ls-titre-div aligncenter h2-like\" >\n    Animazione, club per bambini e attivit\u00e0 a piedi<\/div>\n\n\n<div id=\"ls-maillage-block_5e568d2fde7168f7e5455aa396548cf3\" class=\"ls-maillage cta-style-normal\" data-rows=\"3\">\r\n    <div class=\"wp-block-columns\"><div class=\"wp-block-column\"><div class=\"ls-cta\">\n\n<a href=\"https:\/\/www.campingportpothuau.com\/it\/attivita-acquatiche-var\/\" target=\"\" rel=\"noopener\" class=\"ls-cta__link\">\n\n\t<div class=\"ls-cta__image\"><img decoding=\"async\" width=\"434\" height=\"550\" src=\"https:\/\/www.campingportpothuau.com\/wp-content\/uploads\/2023\/01\/activites-nautiques-hyeres.jpg\" class=\"attachment-medium_large size-medium_large\" alt=\"activites nautiques hyeres\" srcset=\"https:\/\/www.campingportpothuau.com\/wp-content\/uploads\/2023\/01\/activites-nautiques-hyeres.jpg 434w, https:\/\/www.campingportpothuau.com\/wp-content\/uploads\/2023\/01\/activites-nautiques-hyeres-237x300.jpg 237w\" sizes=\"(max-width: 434px) 100vw, 434px\" \/><\/div>\t<div class=\"ls-cta__content\">\n\t\t<div class=\"ls-cta__title\">\n\t\t\t<span class=\"pothuau-vague\"><\/span><span class=\"titre-cta\">Attivit\u00e0 sportive in acqua<\/span>\n\t\t<\/div>\n\n\t\t\t<\/div>\n\n<\/a><\/div><\/div><div class=\"wp-block-column\"><div class=\"ls-cta\">\n\n<a href=\"https:\/\/www.campingportpothuau.com\/it\/campeggio-var-animazioni\/\" target=\"\" rel=\"noopener\" class=\"ls-cta__link\">\n\n\t<div class=\"ls-cta__image\"><img decoding=\"async\" width=\"435\" height=\"550\" src=\"https:\/\/www.campingportpothuau.com\/wp-content\/uploads\/2023\/01\/camping-animations-familiales-var.jpg\" class=\"attachment-medium_large size-medium_large\" alt=\"camping animations familiales var\" srcset=\"https:\/\/www.campingportpothuau.com\/wp-content\/uploads\/2023\/01\/camping-animations-familiales-var.jpg 435w, https:\/\/www.campingportpothuau.com\/wp-content\/uploads\/2023\/01\/camping-animations-familiales-var-237x300.jpg 237w\" sizes=\"(max-width: 435px) 100vw, 435px\" \/><\/div>\t<div class=\"ls-cta__content\">\n\t\t<div class=\"ls-cta__title\">\n\t\t\t<span class=\"pothuau-vague\"><\/span><span class=\"titre-cta\">Animazioni<\/span>\n\t\t<\/div>\n\n\t\t\t<\/div>\n\n<\/a><\/div><\/div><div class=\"wp-block-column\"><div class=\"ls-cta\">\n\n<a href=\"https:\/\/www.campingportpothuau.com\/it\/campeggio-club-bambino-var\/\" target=\"\" rel=\"noopener\" class=\"ls-cta__link\">\n\n\t<div class=\"ls-cta__image\"><img decoding=\"async\" width=\"434\" height=\"550\" src=\"https:\/\/www.campingportpothuau.com\/wp-content\/uploads\/2023\/01\/camping-club-enfants-var.jpg\" class=\"attachment-medium_large size-medium_large\" alt=\"camping club enfants var\" srcset=\"https:\/\/www.campingportpothuau.com\/wp-content\/uploads\/2023\/01\/camping-club-enfants-var.jpg 434w, https:\/\/www.campingportpothuau.com\/wp-content\/uploads\/2023\/01\/camping-club-enfants-var-237x300.jpg 237w\" sizes=\"(max-width: 434px) 100vw, 434px\" \/><\/div>\t<div class=\"ls-cta__content\">\n\t\t<div class=\"ls-cta__title\">\n\t\t\t<span class=\"pothuau-vague\"><\/span><span class=\"titre-cta\">Club per bambini<\/span>\n\t\t<\/div>\n\n\t\t\t<\/div>\n\n<\/a><\/div><\/div><\/div><\/div>\n\r\n    <\/div>\r\n<\/section>","protected":false},"excerpt":{"rendered":"","protected":false},"author":1,"featured_media":13338,"parent":0,"menu_order":0,"comment_status":"closed","ping_status":"closed","template":"","meta":{"_acf_changed":false,"inline_featured_image":false,"footnotes":""},"sujet":[],"class_list":["post-10448","page","type-page","status-publish","has-post-thumbnail","hentry"],"acf":[],"yoast_head":"<!-- This site is optimized with the Yoast SEO plugin v24.7 - https:\/\/yoast.com\/wordpress\/plugins\/seo\/ -->\n<title>Campeggio Var con parco acquatico - Campeggio con piscina a Hy\u00e8res, Var<\/title>\n<meta name=\"description\" content=\"Al campeggio Port Pothuau con piscina nel Var, tutti si divertono nel parco acquatico: i pi\u00f9 piccoli sguazzano nella piscina, i bambini e i ragazzi scivolano dal grande scivolo, i genitori fanno le bolle nella jacuzzi...\" \/>\n<meta name=\"robots\" content=\"index, follow, max-snippet:-1, max-image-preview:large, max-video-preview:-1\" \/>\n<link rel=\"canonical\" href=\"https:\/\/www.campingportpothuau.com\/it\/campeggio-hyeres-con-piscina\/\" \/>\n<meta property=\"og:locale\" content=\"it_IT\" \/>\n<meta property=\"og:type\" content=\"article\" \/>\n<meta property=\"og:title\" content=\"Campeggio Var con parco acquatico - Campeggio con piscina a Hy\u00e8res, Var\" \/>\n<meta property=\"og:description\" content=\"Al campeggio Port Pothuau con piscina nel Var, tutti si divertono nel parco acquatico: i pi\u00f9 piccoli sguazzano nella piscina, i bambini e i ragazzi scivolano dal grande scivolo, i genitori fanno le bolle nella jacuzzi...\" \/>\n<meta property=\"og:url\" content=\"https:\/\/www.campingportpothuau.com\/it\/campeggio-hyeres-con-piscina\/\" \/>\n<meta property=\"og:site_name\" content=\"Port Pothuau\" \/>\n<meta property=\"article:modified_time\" content=\"2024-10-02T13:37:18+00:00\" \/>\n<meta property=\"og:image\" content=\"https:\/\/www.campingportpothuau.com\/wp-content\/uploads\/2023\/02\/Parc-aquatique-riviere-rapide.webp\" \/>\n\t<meta property=\"og:image:width\" content=\"1920\" \/>\n\t<meta property=\"og:image:height\" content=\"1280\" \/>\n\t<meta property=\"og:image:type\" content=\"image\/webp\" \/>\n<meta name=\"twitter:card\" content=\"summary_large_image\" \/>\n<meta name=\"twitter:label1\" content=\"Tempo di lettura stimato\" \/>\n\t<meta name=\"twitter:data1\" content=\"4 minuti\" \/>\n<script type=\"application\/ld+json\" class=\"yoast-schema-graph\">{\"@context\":\"https:\/\/schema.org\",\"@graph\":[{\"@type\":\"WebPage\",\"@id\":\"https:\/\/www.campingportpothuau.com\/it\/campeggio-hyeres-con-piscina\/\",\"url\":\"https:\/\/www.campingportpothuau.com\/it\/campeggio-hyeres-con-piscina\/\",\"name\":\"Campeggio Var con parco acquatico - Campeggio con piscina a Hy\u00e8res, Var\",\"isPartOf\":{\"@id\":\"https:\/\/www.campingportpothuau.com\/it\/#website\"},\"primaryImageOfPage\":{\"@id\":\"https:\/\/www.campingportpothuau.com\/it\/campeggio-hyeres-con-piscina\/#primaryimage\"},\"image\":{\"@id\":\"https:\/\/www.campingportpothuau.com\/it\/campeggio-hyeres-con-piscina\/#primaryimage\"},\"thumbnailUrl\":\"https:\/\/www.campingportpothuau.com\/wp-content\/uploads\/2023\/02\/Parc-aquatique-riviere-rapide.webp\",\"datePublished\":\"2023-02-06T09:53:42+00:00\",\"dateModified\":\"2024-10-02T13:37:18+00:00\",\"description\":\"Al campeggio Port Pothuau con piscina nel Var, tutti si divertono nel parco acquatico: i pi\u00f9 piccoli sguazzano nella piscina, i bambini e i ragazzi scivolano dal grande scivolo, i genitori fanno le bolle nella jacuzzi...\",\"breadcrumb\":{\"@id\":\"https:\/\/www.campingportpothuau.com\/it\/campeggio-hyeres-con-piscina\/#breadcrumb\"},\"inLanguage\":\"it-IT\",\"potentialAction\":[{\"@type\":\"ReadAction\",\"target\":[\"https:\/\/www.campingportpothuau.com\/it\/campeggio-hyeres-con-piscina\/\"]}]},{\"@type\":\"ImageObject\",\"inLanguage\":\"it-IT\",\"@id\":\"https:\/\/www.campingportpothuau.com\/it\/campeggio-hyeres-con-piscina\/#primaryimage\",\"url\":\"https:\/\/www.campingportpothuau.com\/wp-content\/uploads\/2023\/02\/Parc-aquatique-riviere-rapide.webp\",\"contentUrl\":\"https:\/\/www.campingportpothuau.com\/wp-content\/uploads\/2023\/02\/Parc-aquatique-riviere-rapide.webp\",\"width\":1920,\"height\":1280,\"caption\":\"Parc aquatique var\"},{\"@type\":\"BreadcrumbList\",\"@id\":\"https:\/\/www.campingportpothuau.com\/it\/campeggio-hyeres-con-piscina\/#breadcrumb\",\"itemListElement\":[{\"@type\":\"ListItem\",\"position\":1,\"name\":\"Camping Var\",\"item\":\"https:\/\/www.campingportpothuau.com\/it\/\"},{\"@type\":\"ListItem\",\"position\":2,\"name\":\"Campeggio con parco acquatico nel Var\"}]},{\"@type\":\"WebSite\",\"@id\":\"https:\/\/www.campingportpothuau.com\/it\/#website\",\"url\":\"https:\/\/www.campingportpothuau.com\/it\/\",\"name\":\"Port Pothuau\",\"description\":\"\",\"publisher\":{\"@id\":\"https:\/\/www.campingportpothuau.com\/it\/#organization\"},\"potentialAction\":[{\"@type\":\"SearchAction\",\"target\":{\"@type\":\"EntryPoint\",\"urlTemplate\":\"https:\/\/www.campingportpothuau.com\/it\/?s={search_term_string}\"},\"query-input\":{\"@type\":\"PropertyValueSpecification\",\"valueRequired\":true,\"valueName\":\"search_term_string\"}}],\"inLanguage\":\"it-IT\"},{\"@type\":\"Organization\",\"@id\":\"https:\/\/www.campingportpothuau.com\/it\/#organization\",\"name\":\"Port Pothuau\",\"url\":\"https:\/\/www.campingportpothuau.com\/it\/\",\"logo\":{\"@type\":\"ImageObject\",\"inLanguage\":\"it-IT\",\"@id\":\"https:\/\/www.campingportpothuau.com\/it\/#\/schema\/logo\/image\/\",\"url\":\"https:\/\/www.campingportpothuau.com\/wp-content\/uploads\/2022\/12\/LogoPort-Pothuau-Texte-Blanc-1.svg\",\"contentUrl\":\"https:\/\/www.campingportpothuau.com\/wp-content\/uploads\/2022\/12\/LogoPort-Pothuau-Texte-Blanc-1.svg\",\"caption\":\"Port Pothuau\"},\"image\":{\"@id\":\"https:\/\/www.campingportpothuau.com\/it\/#\/schema\/logo\/image\/\"}}]}<\/script>\n<!-- \/ Yoast SEO plugin. -->","yoast_head_json":{"title":"Campeggio Var con parco acquatico - Campeggio con piscina a Hy\u00e8res, Var","description":"Al campeggio Port Pothuau con piscina nel Var, tutti si divertono nel parco acquatico: i pi\u00f9 piccoli sguazzano nella piscina, i bambini e i ragazzi scivolano dal grande scivolo, i genitori fanno le bolle nella jacuzzi...","robots":{"index":"index","follow":"follow","max-snippet":"max-snippet:-1","max-image-preview":"max-image-preview:large","max-video-preview":"max-video-preview:-1"},"canonical":"https:\/\/www.campingportpothuau.com\/it\/campeggio-hyeres-con-piscina\/","og_locale":"it_IT","og_type":"article","og_title":"Campeggio Var con parco acquatico - Campeggio con piscina a Hy\u00e8res, Var","og_description":"Al campeggio Port Pothuau con piscina nel Var, tutti si divertono nel parco acquatico: i pi\u00f9 piccoli sguazzano nella piscina, i bambini e i ragazzi scivolano dal grande scivolo, i genitori fanno le bolle nella jacuzzi...","og_url":"https:\/\/www.campingportpothuau.com\/it\/campeggio-hyeres-con-piscina\/","og_site_name":"Port Pothuau","article_modified_time":"2024-10-02T13:37:18+00:00","og_image":[{"width":1920,"height":1280,"url":"https:\/\/www.campingportpothuau.com\/wp-content\/uploads\/2023\/02\/Parc-aquatique-riviere-rapide.webp","type":"image\/webp"}],"twitter_card":"summary_large_image","twitter_misc":{"Tempo di lettura stimato":"4 minuti"},"schema":{"@context":"https:\/\/schema.org","@graph":[{"@type":"WebPage","@id":"https:\/\/www.campingportpothuau.com\/it\/campeggio-hyeres-con-piscina\/","url":"https:\/\/www.campingportpothuau.com\/it\/campeggio-hyeres-con-piscina\/","name":"Campeggio Var con parco acquatico - Campeggio con piscina a Hy\u00e8res, Var","isPartOf":{"@id":"https:\/\/www.campingportpothuau.com\/it\/#website"},"primaryImageOfPage":{"@id":"https:\/\/www.campingportpothuau.com\/it\/campeggio-hyeres-con-piscina\/#primaryimage"},"image":{"@id":"https:\/\/www.campingportpothuau.com\/it\/campeggio-hyeres-con-piscina\/#primaryimage"},"thumbnailUrl":"https:\/\/www.campingportpothuau.com\/wp-content\/uploads\/2023\/02\/Parc-aquatique-riviere-rapide.webp","datePublished":"2023-02-06T09:53:42+00:00","dateModified":"2024-10-02T13:37:18+00:00","description":"Al campeggio Port Pothuau con piscina nel Var, tutti si divertono nel parco acquatico: i pi\u00f9 piccoli sguazzano nella piscina, i bambini e i ragazzi scivolano dal grande scivolo, i genitori fanno le bolle nella jacuzzi...","breadcrumb":{"@id":"https:\/\/www.campingportpothuau.com\/it\/campeggio-hyeres-con-piscina\/#breadcrumb"},"inLanguage":"it-IT","potentialAction":[{"@type":"ReadAction","target":["https:\/\/www.campingportpothuau.com\/it\/campeggio-hyeres-con-piscina\/"]}]},{"@type":"ImageObject","inLanguage":"it-IT","@id":"https:\/\/www.campingportpothuau.com\/it\/campeggio-hyeres-con-piscina\/#primaryimage","url":"https:\/\/www.campingportpothuau.com\/wp-content\/uploads\/2023\/02\/Parc-aquatique-riviere-rapide.webp","contentUrl":"https:\/\/www.campingportpothuau.com\/wp-content\/uploads\/2023\/02\/Parc-aquatique-riviere-rapide.webp","width":1920,"height":1280,"caption":"Parc aquatique var"},{"@type":"BreadcrumbList","@id":"https:\/\/www.campingportpothuau.com\/it\/campeggio-hyeres-con-piscina\/#breadcrumb","itemListElement":[{"@type":"ListItem","position":1,"name":"Camping Var","item":"https:\/\/www.campingportpothuau.com\/it\/"},{"@type":"ListItem","position":2,"name":"Campeggio con parco acquatico nel Var"}]},{"@type":"WebSite","@id":"https:\/\/www.campingportpothuau.com\/it\/#website","url":"https:\/\/www.campingportpothuau.com\/it\/","name":"Port Pothuau","description":"","publisher":{"@id":"https:\/\/www.campingportpothuau.com\/it\/#organization"},"potentialAction":[{"@type":"SearchAction","target":{"@type":"EntryPoint","urlTemplate":"https:\/\/www.campingportpothuau.com\/it\/?s={search_term_string}"},"query-input":{"@type":"PropertyValueSpecification","valueRequired":true,"valueName":"search_term_string"}}],"inLanguage":"it-IT"},{"@type":"Organization","@id":"https:\/\/www.campingportpothuau.com\/it\/#organization","name":"Port Pothuau","url":"https:\/\/www.campingportpothuau.com\/it\/","logo":{"@type":"ImageObject","inLanguage":"it-IT","@id":"https:\/\/www.campingportpothuau.com\/it\/#\/schema\/logo\/image\/","url":"https:\/\/www.campingportpothuau.com\/wp-content\/uploads\/2022\/12\/LogoPort-Pothuau-Texte-Blanc-1.svg","contentUrl":"https:\/\/www.campingportpothuau.com\/wp-content\/uploads\/2022\/12\/LogoPort-Pothuau-Texte-Blanc-1.svg","caption":"Port Pothuau"},"image":{"@id":"https:\/\/www.campingportpothuau.com\/it\/#\/schema\/logo\/image\/"}}]}},"_links":{"self":[{"href":"https:\/\/www.campingportpothuau.com\/it\/wp-json\/wp\/v2\/pages\/10448","targetHints":{"allow":["GET"]}}],"collection":[{"href":"https:\/\/www.campingportpothuau.com\/it\/wp-json\/wp\/v2\/pages"}],"about":[{"href":"https:\/\/www.campingportpothuau.com\/it\/wp-json\/wp\/v2\/types\/page"}],"author":[{"embeddable":true,"href":"https:\/\/www.campingportpothuau.com\/it\/wp-json\/wp\/v2\/users\/1"}],"replies":[{"embeddable":true,"href":"https:\/\/www.campingportpothuau.com\/it\/wp-json\/wp\/v2\/comments?post=10448"}],"version-history":[{"count":13,"href":"https:\/\/www.campingportpothuau.com\/it\/wp-json\/wp\/v2\/pages\/10448\/revisions"}],"predecessor-version":[{"id":14749,"href":"https:\/\/www.campingportpothuau.com\/it\/wp-json\/wp\/v2\/pages\/10448\/revisions\/14749"}],"wp:featuredmedia":[{"embeddable":true,"href":"https:\/\/www.campingportpothuau.com\/it\/wp-json\/wp\/v2\/media\/13338"}],"wp:attachment":[{"href":"https:\/\/www.campingportpothuau.com\/it\/wp-json\/wp\/v2\/media?parent=10448"}],"wp:term":[{"taxonomy":"sujet","embeddable":true,"href":"https:\/\/www.campingportpothuau.com\/it\/wp-json\/wp\/v2\/sujet?post=10448"}],"curies":[{"name":"wp","href":"https:\/\/api.w.org\/{rel}","templated":true}]}}