{"id":10442,"date":"2023-02-06T10:44:15","date_gmt":"2023-02-06T09:44:15","guid":{"rendered":"https:\/\/www.campingportpothuau.com\/contatto-accessi-campeggio-var\/"},"modified":"2023-08-17T11:54:36","modified_gmt":"2023-08-17T09:54:36","slug":"contatto-accessi-campeggio-var","status":"publish","type":"page","link":"https:\/\/www.campingportpothuau.com\/it\/contatto-accessi-campeggio-var\/","title":{"rendered":"Info e contatti"},"content":{"rendered":"<section id=\"ls-section-block_a612f5b15c757fb88cfccdff2ffc479a\" class=\"ls-section \" >\r\n        <div class=\"container \">\r\n        \n\n<h1 class=\"ls__heading wp-block-heading has-text-align-center has-color-5-color has-text-color\">Info e contatti<\/h1>\n\n\r\n    <\/div>\r\n<\/section>\n\n<section id=\"ls-section-block_e23c61d344ba8cb2700d6e75edde1689\" class=\"ls-section  p-t-0\" >\r\n        <div class=\"container container--wide\">\r\n        \n\n<div class=\"wp-block-columns is-layout-flex wp-container-core-columns-is-layout-9d6595d7 wp-block-columns-is-layout-flex\">\n<div class=\"wp-block-column is-layout-flow wp-block-column-is-layout-flow\">\n<h2 class=\"ls__heading wp-block-heading\">Contattateci<\/h2>\n\n\n\n<p class=\"ls-paragraph\">Sul sito del <a href=\"https:\/\/www.campingportpothuau.com\/it\/\">Camping Port Pothuau<\/a> troverete la maggior parte delle informazioni di cui avete bisogno, potete anche consultare <a href=\"https:\/\/www.campingportpothuau.com\/it\/camping-domande-frequenti\/\">le domande pi\u00f9 frequenti.<\/a> Tuttavia, se avete una domanda specifica, siamo qui per rispondervi!<\/p>\n\n\n\n<p class=\"ls-paragraph\">Potete utilizzare il modulo di contatto, l&#8217;e-mail o il telefono, a seconda di ci\u00f2 che preferite.<\/p>\n\n\n\n<p class=\"ls-paragraph\">Se avete dubbi su come preparare le valigie, siamo sempre felici di aiutarvi!<\/p>\n<\/div>\n\n\n\n<div class=\"wp-block-column is-layout-flow wp-block-column-is-layout-flow\">\n<div class=\"wpcf7 no-js\" id=\"wpcf7-f11303-o1\" lang=\"fr-FR\" dir=\"ltr\" data-wpcf7-id=\"11303\">\n<div class=\"screen-reader-response\"><p role=\"status\" aria-live=\"polite\" aria-atomic=\"true\"><\/p> <ul><\/ul><\/div>\n<form action=\"\/it\/wp-json\/wp\/v2\/pages\/10442#wpcf7-f11303-o1\" method=\"post\" class=\"wpcf7-form init\" id=\"formulaire-contact\" aria-label=\"Formulaire de contact\" novalidate=\"novalidate\" data-status=\"init\">\n<div style=\"display: none;\">\n<input type=\"hidden\" name=\"_wpcf7\" value=\"11303\" \/>\n<input type=\"hidden\" name=\"_wpcf7_version\" value=\"6.0.5\" \/>\n<input type=\"hidden\" name=\"_wpcf7_locale\" value=\"fr_FR\" \/>\n<input type=\"hidden\" name=\"_wpcf7_unit_tag\" value=\"wpcf7-f11303-o1\" \/>\n<input type=\"hidden\" name=\"_wpcf7_container_post\" value=\"0\" \/>\n<input type=\"hidden\" name=\"_wpcf7_posted_data_hash\" value=\"\" \/>\n<input type=\"hidden\" name=\"_wpcf7_recaptcha_response\" value=\"\" \/>\n<\/div>\n<p><label> Il tuo nome<br \/>\n<span class=\"wpcf7-form-control-wrap\" data-name=\"your-name\"><input size=\"40\" maxlength=\"400\" class=\"wpcf7-form-control wpcf7-text wpcf7-validates-as-required\" aria-required=\"true\" aria-invalid=\"false\" value=\"\" type=\"text\" name=\"your-name\" \/><\/span> <\/label>\n<\/p>\n<p><label> Il vostro indirizzo e-mail<br \/>\n<span class=\"wpcf7-form-control-wrap\" data-name=\"your-email\"><input size=\"40\" maxlength=\"400\" class=\"wpcf7-form-control wpcf7-email wpcf7-validates-as-required wpcf7-text wpcf7-validates-as-email\" aria-required=\"true\" aria-invalid=\"false\" value=\"\" type=\"email\" name=\"your-email\" \/><\/span> <\/label>\n<\/p>\n<p><label> Oggetto<br \/>\n<span class=\"wpcf7-form-control-wrap\" data-name=\"your-subject\"><input size=\"40\" maxlength=\"400\" class=\"wpcf7-form-control wpcf7-text wpcf7-validates-as-required\" aria-required=\"true\" aria-invalid=\"false\" value=\"\" type=\"text\" name=\"your-subject\" \/><\/span> <\/label>\n<\/p>\n<p><label> Il vostro messaggio<br \/>\n<span class=\"wpcf7-form-control-wrap\" data-name=\"your-message\"><textarea cols=\"40\" rows=\"10\" maxlength=\"2000\" class=\"wpcf7-form-control wpcf7-textarea\" aria-invalid=\"false\" name=\"your-message\"><\/textarea><\/span> <\/label>\n<\/p>\n<p><span class=\"wpcf7-form-control-wrap\" data-name=\"acceptance-553\"><span class=\"wpcf7-form-control wpcf7-acceptance\"><span class=\"wpcf7-list-item\"><label><input type=\"checkbox\" name=\"acceptance-553\" value=\"1\" aria-invalid=\"false\" \/><span class=\"wpcf7-list-item-label\">Selezionando questa casella, accetto le seguenti informazioni <a href=\"\/it\/politica-di-privacy\/\" rel=\"nofollow\" target=\"_blank\">Informativa sulla privacy<\/a> di questo sito.<\/span><\/label><\/span><\/span><\/span><input class=\"wpcf7-form-control wpcf7-submit has-spinner\" type=\"submit\" value=\"Inviare\" \/>\n<\/p><div class=\"wpcf7-response-output\" aria-hidden=\"true\"><\/div>\n<\/form>\n<\/div>\n\n<\/div>\n<\/div>\n\n\r\n    <\/div>\r\n<\/section>\n\n<section id=\"ls-section-block_1715a5dcd1b0479d3cd1218d62f78d1a\" class=\"ls-section  has-background has-color-4-background-color\" >\r\n        <div class=\"container container--full\">\r\n        \n\n<div class=\"wp-block-columns is-layout-flex wp-container-core-columns-is-layout-9d6595d7 wp-block-columns-is-layout-flex\">\n<div class=\"wp-block-column is-vertically-aligned-center is-layout-flow wp-block-column-is-layout-flow\">\n<iframe src=\"https:\/\/www.google.com\/maps\/embed?pb=!1m18!1m12!1m3!1d2448.894333799229!2d6.184164310585081!3d43.12043033763436!2m3!1f0!2f0!3f0!3m2!1i1024!2i768!4f13.1!3m3!1m2!1s0x12c9251e6116af9b%3A0x12b96342d23224a6!2sCamping%20Hy%C3%A8res%20Port%20Pothuau%20%7C%20Camping%20Var!5e0!3m2!1sfr!2sfr!4v1674133323833!5m2!1sfr!2sfr\" width=\"100%\" height=\"600\" style=\"border:0;\" allowfullscreen=\"\" loading=\"lazy\" referrerpolicy=\"no-referrer-when-downgrade\"><\/iframe>\n<\/div>\n\n\n\n<div class=\"wp-block-column is-layout-flow wp-block-column-is-layout-flow\">\n<h2 class=\"ls__heading wp-block-heading\">Come raggiungere il campeggio<\/h2>\n\n\n\n<p class=\"ls-paragraph\">Hai bisogno di aiuto per trovare il campeggio Port Pothuau?<\/p>\n\n\n\n<p class=\"ls-paragraph\">Ecco le coordinate GPS del campeggio di Hy\u00e8res, in modo che possiate arrivare in tutta sicurezza! <br><strong>Latitude : 43.119702 &#8211; Longitude : 6.184697<\/strong>.<\/p>\n\n\n\n<p class=\"ls-paragraph\"><strong>Accesso auto<\/strong><br>Autostrada A570, attraversare Hy\u00e8res in direzione La Londe les Maures, seguire la N98 per 5 km, girare a destra sulla D12 (direzione Les Salins), dopo 800 m, la strada di accesso al campeggio si trova sulla destra.<\/p>\n\n\n\n<p class=\"ls-paragraph\"><strong>Accesso in treno<\/strong> (stazione di Hy\u00e8res a 7 km) :<br>Stazioni di Hy\u00e8res o Tolone: per semplicit\u00e0, vi consigliamo di prendere un taxi all&#8217;uscita della stazione o di chiamare il seguente numero: 04 94 00 60 00.<\/p>\n\n\n\n<p class=\"ls-paragraph\"><strong>Accesso all&#8217;aeroporto<\/strong> (a 6,5 km) :<br>In taxi o con un&#8217;auto a noleggio in loco. <br>Per trovarci: Uscire dall&#8217;aeroporto, alla rotonda girare a sinistra, costeggiare il mare per 5 km, all&#8217;incrocio seguire la direzione La Londe les Maures per 1 km, poi girare a sinistra verso il campeggio sulla stradina di fronte al Castel.<\/p>\n\n\n\n<p class=\"ls-paragraph\">Il campeggio si trova a 7 km dal centro di Hy\u00e8res.<\/p>\n<\/div>\n<\/div>\n\n\r\n    <\/div>\r\n<\/section>","protected":false},"excerpt":{"rendered":"","protected":false},"author":1,"featured_media":14088,"parent":0,"menu_order":0,"comment_status":"closed","ping_status":"closed","template":"","meta":{"_acf_changed":false,"inline_featured_image":false,"footnotes":""},"sujet":[],"class_list":["post-10442","page","type-page","status-publish","has-post-thumbnail","hentry"],"acf":[],"yoast_head":"<!-- This site is optimized with the Yoast SEO plugin v24.7 - https:\/\/yoast.com\/wordpress\/plugins\/seo\/ -->\n<title>Contatto con il campeggio | Come arrivare al campeggio Port Pothuau<\/title>\n<meta name=\"robots\" content=\"index, follow, max-snippet:-1, max-image-preview:large, max-video-preview:-1\" \/>\n<link rel=\"canonical\" href=\"https:\/\/www.campingportpothuau.com\/it\/contatto-accessi-campeggio-var\/\" \/>\n<meta property=\"og:locale\" content=\"it_IT\" \/>\n<meta property=\"og:type\" content=\"article\" \/>\n<meta property=\"og:title\" content=\"Contatto con il campeggio | Come arrivare al campeggio Port Pothuau\" \/>\n<meta property=\"og:url\" content=\"https:\/\/www.campingportpothuau.com\/it\/contatto-accessi-campeggio-var\/\" \/>\n<meta property=\"og:site_name\" content=\"Port Pothuau\" \/>\n<meta property=\"article:modified_time\" content=\"2023-08-17T09:54:36+00:00\" \/>\n<meta property=\"og:image\" content=\"https:\/\/www.campingportpothuau.com\/wp-content\/uploads\/2023\/08\/camping-port-porthuau-dans-le-var-1.jpg\" \/>\n\t<meta property=\"og:image:width\" content=\"1920\" \/>\n\t<meta property=\"og:image:height\" content=\"550\" \/>\n\t<meta property=\"og:image:type\" content=\"image\/jpeg\" \/>\n<meta name=\"twitter:card\" content=\"summary_large_image\" \/>\n<script type=\"application\/ld+json\" class=\"yoast-schema-graph\">{\"@context\":\"https:\/\/schema.org\",\"@graph\":[{\"@type\":\"WebPage\",\"@id\":\"https:\/\/www.campingportpothuau.com\/it\/contatto-accessi-campeggio-var\/\",\"url\":\"https:\/\/www.campingportpothuau.com\/it\/contatto-accessi-campeggio-var\/\",\"name\":\"Contatto con il campeggio | Come arrivare al campeggio Port Pothuau\",\"isPartOf\":{\"@id\":\"https:\/\/www.campingportpothuau.com\/it\/#website\"},\"primaryImageOfPage\":{\"@id\":\"https:\/\/www.campingportpothuau.com\/it\/contatto-accessi-campeggio-var\/#primaryimage\"},\"image\":{\"@id\":\"https:\/\/www.campingportpothuau.com\/it\/contatto-accessi-campeggio-var\/#primaryimage\"},\"thumbnailUrl\":\"https:\/\/www.campingportpothuau.com\/wp-content\/uploads\/2023\/08\/camping-port-porthuau-dans-le-var-1.jpg\",\"datePublished\":\"2023-02-06T09:44:15+00:00\",\"dateModified\":\"2023-08-17T09:54:36+00:00\",\"breadcrumb\":{\"@id\":\"https:\/\/www.campingportpothuau.com\/it\/contatto-accessi-campeggio-var\/#breadcrumb\"},\"inLanguage\":\"it-IT\",\"potentialAction\":[{\"@type\":\"ReadAction\",\"target\":[\"https:\/\/www.campingportpothuau.com\/it\/contatto-accessi-campeggio-var\/\"]}]},{\"@type\":\"ImageObject\",\"inLanguage\":\"it-IT\",\"@id\":\"https:\/\/www.campingportpothuau.com\/it\/contatto-accessi-campeggio-var\/#primaryimage\",\"url\":\"https:\/\/www.campingportpothuau.com\/wp-content\/uploads\/2023\/08\/camping-port-porthuau-dans-le-var-1.jpg\",\"contentUrl\":\"https:\/\/www.campingportpothuau.com\/wp-content\/uploads\/2023\/08\/camping-port-porthuau-dans-le-var-1.jpg\",\"width\":1920,\"height\":550,\"caption\":\"camping port porthuau dans le var\"},{\"@type\":\"BreadcrumbList\",\"@id\":\"https:\/\/www.campingportpothuau.com\/it\/contatto-accessi-campeggio-var\/#breadcrumb\",\"itemListElement\":[{\"@type\":\"ListItem\",\"position\":1,\"name\":\"Camping Var\",\"item\":\"https:\/\/www.campingportpothuau.com\/it\/\"},{\"@type\":\"ListItem\",\"position\":2,\"name\":\"Contatta il campeggio\"}]},{\"@type\":\"WebSite\",\"@id\":\"https:\/\/www.campingportpothuau.com\/it\/#website\",\"url\":\"https:\/\/www.campingportpothuau.com\/it\/\",\"name\":\"Port Pothuau\",\"description\":\"\",\"publisher\":{\"@id\":\"https:\/\/www.campingportpothuau.com\/it\/#organization\"},\"potentialAction\":[{\"@type\":\"SearchAction\",\"target\":{\"@type\":\"EntryPoint\",\"urlTemplate\":\"https:\/\/www.campingportpothuau.com\/it\/?s={search_term_string}\"},\"query-input\":{\"@type\":\"PropertyValueSpecification\",\"valueRequired\":true,\"valueName\":\"search_term_string\"}}],\"inLanguage\":\"it-IT\"},{\"@type\":\"Organization\",\"@id\":\"https:\/\/www.campingportpothuau.com\/it\/#organization\",\"name\":\"Port Pothuau\",\"url\":\"https:\/\/www.campingportpothuau.com\/it\/\",\"logo\":{\"@type\":\"ImageObject\",\"inLanguage\":\"it-IT\",\"@id\":\"https:\/\/www.campingportpothuau.com\/it\/#\/schema\/logo\/image\/\",\"url\":\"https:\/\/www.campingportpothuau.com\/wp-content\/uploads\/2022\/12\/LogoPort-Pothuau-Texte-Blanc-1.svg\",\"contentUrl\":\"https:\/\/www.campingportpothuau.com\/wp-content\/uploads\/2022\/12\/LogoPort-Pothuau-Texte-Blanc-1.svg\",\"caption\":\"Port Pothuau\"},\"image\":{\"@id\":\"https:\/\/www.campingportpothuau.com\/it\/#\/schema\/logo\/image\/\"}}]}<\/script>\n<!-- \/ Yoast SEO plugin. -->","yoast_head_json":{"title":"Contatto con il campeggio | Come arrivare al campeggio Port Pothuau","robots":{"index":"index","follow":"follow","max-snippet":"max-snippet:-1","max-image-preview":"max-image-preview:large","max-video-preview":"max-video-preview:-1"},"canonical":"https:\/\/www.campingportpothuau.com\/it\/contatto-accessi-campeggio-var\/","og_locale":"it_IT","og_type":"article","og_title":"Contatto con il campeggio | Come arrivare al campeggio Port Pothuau","og_url":"https:\/\/www.campingportpothuau.com\/it\/contatto-accessi-campeggio-var\/","og_site_name":"Port Pothuau","article_modified_time":"2023-08-17T09:54:36+00:00","og_image":[{"width":1920,"height":550,"url":"https:\/\/www.campingportpothuau.com\/wp-content\/uploads\/2023\/08\/camping-port-porthuau-dans-le-var-1.jpg","type":"image\/jpeg"}],"twitter_card":"summary_large_image","schema":{"@context":"https:\/\/schema.org","@graph":[{"@type":"WebPage","@id":"https:\/\/www.campingportpothuau.com\/it\/contatto-accessi-campeggio-var\/","url":"https:\/\/www.campingportpothuau.com\/it\/contatto-accessi-campeggio-var\/","name":"Contatto con il campeggio | Come arrivare al campeggio Port Pothuau","isPartOf":{"@id":"https:\/\/www.campingportpothuau.com\/it\/#website"},"primaryImageOfPage":{"@id":"https:\/\/www.campingportpothuau.com\/it\/contatto-accessi-campeggio-var\/#primaryimage"},"image":{"@id":"https:\/\/www.campingportpothuau.com\/it\/contatto-accessi-campeggio-var\/#primaryimage"},"thumbnailUrl":"https:\/\/www.campingportpothuau.com\/wp-content\/uploads\/2023\/08\/camping-port-porthuau-dans-le-var-1.jpg","datePublished":"2023-02-06T09:44:15+00:00","dateModified":"2023-08-17T09:54:36+00:00","breadcrumb":{"@id":"https:\/\/www.campingportpothuau.com\/it\/contatto-accessi-campeggio-var\/#breadcrumb"},"inLanguage":"it-IT","potentialAction":[{"@type":"ReadAction","target":["https:\/\/www.campingportpothuau.com\/it\/contatto-accessi-campeggio-var\/"]}]},{"@type":"ImageObject","inLanguage":"it-IT","@id":"https:\/\/www.campingportpothuau.com\/it\/contatto-accessi-campeggio-var\/#primaryimage","url":"https:\/\/www.campingportpothuau.com\/wp-content\/uploads\/2023\/08\/camping-port-porthuau-dans-le-var-1.jpg","contentUrl":"https:\/\/www.campingportpothuau.com\/wp-content\/uploads\/2023\/08\/camping-port-porthuau-dans-le-var-1.jpg","width":1920,"height":550,"caption":"camping port porthuau dans le var"},{"@type":"BreadcrumbList","@id":"https:\/\/www.campingportpothuau.com\/it\/contatto-accessi-campeggio-var\/#breadcrumb","itemListElement":[{"@type":"ListItem","position":1,"name":"Camping Var","item":"https:\/\/www.campingportpothuau.com\/it\/"},{"@type":"ListItem","position":2,"name":"Contatta il campeggio"}]},{"@type":"WebSite","@id":"https:\/\/www.campingportpothuau.com\/it\/#website","url":"https:\/\/www.campingportpothuau.com\/it\/","name":"Port Pothuau","description":"","publisher":{"@id":"https:\/\/www.campingportpothuau.com\/it\/#organization"},"potentialAction":[{"@type":"SearchAction","target":{"@type":"EntryPoint","urlTemplate":"https:\/\/www.campingportpothuau.com\/it\/?s={search_term_string}"},"query-input":{"@type":"PropertyValueSpecification","valueRequired":true,"valueName":"search_term_string"}}],"inLanguage":"it-IT"},{"@type":"Organization","@id":"https:\/\/www.campingportpothuau.com\/it\/#organization","name":"Port Pothuau","url":"https:\/\/www.campingportpothuau.com\/it\/","logo":{"@type":"ImageObject","inLanguage":"it-IT","@id":"https:\/\/www.campingportpothuau.com\/it\/#\/schema\/logo\/image\/","url":"https:\/\/www.campingportpothuau.com\/wp-content\/uploads\/2022\/12\/LogoPort-Pothuau-Texte-Blanc-1.svg","contentUrl":"https:\/\/www.campingportpothuau.com\/wp-content\/uploads\/2022\/12\/LogoPort-Pothuau-Texte-Blanc-1.svg","caption":"Port Pothuau"},"image":{"@id":"https:\/\/www.campingportpothuau.com\/it\/#\/schema\/logo\/image\/"}}]}},"_links":{"self":[{"href":"https:\/\/www.campingportpothuau.com\/it\/wp-json\/wp\/v2\/pages\/10442","targetHints":{"allow":["GET"]}}],"collection":[{"href":"https:\/\/www.campingportpothuau.com\/it\/wp-json\/wp\/v2\/pages"}],"about":[{"href":"https:\/\/www.campingportpothuau.com\/it\/wp-json\/wp\/v2\/types\/page"}],"author":[{"embeddable":true,"href":"https:\/\/www.campingportpothuau.com\/it\/wp-json\/wp\/v2\/users\/1"}],"replies":[{"embeddable":true,"href":"https:\/\/www.campingportpothuau.com\/it\/wp-json\/wp\/v2\/comments?post=10442"}],"version-history":[{"count":9,"href":"https:\/\/www.campingportpothuau.com\/it\/wp-json\/wp\/v2\/pages\/10442\/revisions"}],"predecessor-version":[{"id":14092,"href":"https:\/\/www.campingportpothuau.com\/it\/wp-json\/wp\/v2\/pages\/10442\/revisions\/14092"}],"wp:featuredmedia":[{"embeddable":true,"href":"https:\/\/www.campingportpothuau.com\/it\/wp-json\/wp\/v2\/media\/14088"}],"wp:attachment":[{"href":"https:\/\/www.campingportpothuau.com\/it\/wp-json\/wp\/v2\/media?parent=10442"}],"wp:term":[{"taxonomy":"sujet","embeddable":true,"href":"https:\/\/www.campingportpothuau.com\/it\/wp-json\/wp\/v2\/sujet?post=10442"}],"curies":[{"name":"wp","href":"https:\/\/api.w.org\/{rel}","templated":true}]}}