{"id":10426,"date":"2023-02-06T10:23:36","date_gmt":"2023-02-06T09:23:36","guid":{"rendered":"https:\/\/www.campingportpothuau.com\/campeggio-cote-d-azur\/"},"modified":"2023-02-16T16:45:29","modified_gmt":"2023-02-16T15:45:29","slug":"campeggio-cote-d-azur","status":"publish","type":"page","link":"https:\/\/www.campingportpothuau.com\/it\/campeggio-cote-d-azur\/","title":{"rendered":"Scoprire la regione"},"content":{"rendered":"<section id=\"ls-section-block_c35087e1520f24ed0cf7f0657cb8da37\" class=\"ls-section \" >\r\n        <div class=\"container container--wide\">\r\n        \n\n<h1 class=\"ls__heading has-text-align-center wp-block-heading\">AFFITTO DI CASE MOBILI SULLA RIVIERA FRANCESE: PRENDETE LE VOSTRE VACANZE NEL NOSTRO CAMPEGGIO PER SCOPRIRE LA REGIONE DI PACA<\/h1>\n\n\r\n    <\/div>\r\n<\/section>\n\n<section id=\"ls-section-block_3601154ebce75d459094eee91d97663f\" class=\"ls-section  home-seventh page-one\" >\r\n        <div class=\"container container--full\">\r\n        \n\n<div class=\"wp-block-columns are-vertically-aligned-center is-layout-flex wp-container-core-columns-is-layout-9d6595d7 wp-block-columns-is-layout-flex\">\n<div class=\"wp-block-column is-vertically-aligned-center is-layout-flow wp-block-column-is-layout-flow\" style=\"flex-basis:30%\">\n<h2 class=\"ls-heading wp-block-heading\">Lasciatevi tentare da una casa mobile in affitto in Costa Azzurra, la regione far\u00e0 il resto<\/h2>\n\n\n\n<p class=\"ls-paragraph\">Iniziate prenotando la vostra casa mobile con tutti i comfort che desiderate e, una volta arrivati nel nostro campeggio, vi guideremo alla scoperta <strong>della nostra splendida Costa Azzurra.<\/strong><\/p>\n\n\n\n<p class=\"ls-paragraph\">In ogni caso, che abbiate <strong>una casa mobile o una piazzola<\/strong>, il campeggio Port-Pothuau \u00e8 un punto di partenza ideale per scoprire i luoghi pi\u00f9 <strong>belli della Costa Azzurra.<\/strong><\/p>\n\n\n\n<p class=\"ls-paragraph\">Da Hy\u00e8res a Saint-Tropez, la Costa Azzurra off<strong>re paesaggi unici e contrastanti di mare e montagna<\/strong>, e troverete le <strong>pi\u00f9 belle spiagge sabbiose<\/strong> delle Alpi Provenza Costa Azzurra e del Sud della Francia.<\/p>\n\n\n\n<p class=\"ls-paragraph addReadMore showlesscontent\">A pochi minuti dalla meta delle vostre vacanze in famiglia, <strong>prendetevi il tempo per fare<\/strong> passeggiate rigeneranti attraverso <strong>villaggi incantevoli<\/strong>, oziare e fare snorkeling in baie selvagge <strong>o praticare emozionanti<\/strong> sport acquatici.<\/p>\n\n\n\n<p class=\"ls-paragraph\">Hy\u00e8res offre un ambiente privilegiato per il kitesurf, il wing-foil e si pu\u00f2 anche praticare il parasailing per una vista unica della costa. <\/p>\n<\/div>\n\n\n\n<div class=\"wp-block-column is-vertically-aligned-center animated fadeInRight delay-100ms slower is-layout-flow wp-block-column-is-layout-flow\" style=\"flex-basis:70%\">\n<figure class=\"wp-block-gallery has-nested-images columns-default is-cropped wp-block-gallery-1 is-layout-flex wp-block-gallery-is-layout-flex\">\n<figure class=\"wp-block-image size-full\"><a href=\"https:\/\/www.campingportpothuau.com\/wp-content\/uploads\/2023\/01\/mobil-home-cote-azur.jpg\"><img decoding=\"async\" width=\"1000\" height=\"750\" data-id=\"6772\" src=\"https:\/\/www.campingportpothuau.com\/wp-content\/uploads\/2023\/01\/mobil-home-cote-azur.jpg\" alt=\"affitto casa mobile cote azur\" class=\"wp-image-6772\" srcset=\"https:\/\/www.campingportpothuau.com\/wp-content\/uploads\/2023\/01\/mobil-home-cote-azur.jpg 1000w, https:\/\/www.campingportpothuau.com\/wp-content\/uploads\/2023\/01\/mobil-home-cote-azur-300x225.jpg 300w, https:\/\/www.campingportpothuau.com\/wp-content\/uploads\/2023\/01\/mobil-home-cote-azur-768x576.jpg 768w\" sizes=\"(max-width: 1000px) 100vw, 1000px\" \/><\/a><\/figure>\n\n\n\n<figure class=\"wp-block-image size-full\"><a href=\"https:\/\/www.campingportpothuau.com\/wp-content\/uploads\/2023\/01\/hebergement-cote-azur.jpg\"><img decoding=\"async\" width=\"1000\" height=\"750\" data-id=\"6796\" src=\"https:\/\/www.campingportpothuau.com\/wp-content\/uploads\/2023\/01\/hebergement-cote-azur.jpg\" alt=\"alloggio cote azur\" class=\"wp-image-6796\" srcset=\"https:\/\/www.campingportpothuau.com\/wp-content\/uploads\/2023\/01\/hebergement-cote-azur.jpg 1000w, https:\/\/www.campingportpothuau.com\/wp-content\/uploads\/2023\/01\/hebergement-cote-azur-300x225.jpg 300w, https:\/\/www.campingportpothuau.com\/wp-content\/uploads\/2023\/01\/hebergement-cote-azur-768x576.jpg 768w\" sizes=\"(max-width: 1000px) 100vw, 1000px\" \/><\/a><\/figure>\n<\/figure>\n<\/div>\n<\/div>\n\n\r\n    <\/div>\r\n<\/section>\n\n<section id=\"ls-section-block_743b0e9c71f30e9f778b699febecbe48\" class=\"ls-section  home-second page-two flex-reverse has-background has-color-5-background-color has-text-color has-color-white-color\" >\r\n        <div class=\"container container--wide\">\r\n        \n\n<div class=\"wp-block-columns is-layout-flex wp-container-core-columns-is-layout-9d6595d7 wp-block-columns-is-layout-flex\">\n<div class=\"wp-block-column is-layout-flow wp-block-column-is-layout-flow\" style=\"flex-basis:40%\">\n<h2 class=\"ls__heading has-text-align-center p-t-4 has-color-2-color has-text-color wp-block-heading\">Volete preparare in anticipo il vostro viaggio in Costa Azzurra?<\/h2>\n<\/div>\n\n\n\n<div class=\"wp-block-column is-layout-flow wp-block-column-is-layout-flow\" style=\"flex-basis:60%\">\n<p class=\"ls-paragraph\">In questo caso, ecco alcuni <strong>dei luoghi pi\u00f9 importanti<\/strong> che potrete visitare durante il vostro soggiorno. Dal <a href=\"\/it\/\">campeggio di Hy\u00e8res<\/a> si possono effettuare numerose escursioni \u00c8 possibile raggiungere le calette di Bandol in 35 minuti, il villaggio di Bormes-les-Mimosas in meno di 20 minuti, le Isole d&#8217;Oro (Porquerolles, Port-Cros e Le Levant), i villaggi di Saint-Tropez e Ramatuelle in 45 km, o il pittoresco e incontaminato villaggio di Saint-Mandrier a meno di 40 km.<\/p>\n<\/div>\n<\/div>\n\n\r\n    <\/div>\r\n<\/section>\n\n<section id=\"ls-section-block_483b7391da0399eba0a8df6bcb67a408\" class=\"ls-section  home-third page-three illustration-vague\" >\r\n        <div class=\"container container--wide\">\r\n        \n\n<div class=\"wp-block-columns are-vertically-aligned-top is-layout-flex wp-container-core-columns-is-layout-9d6595d7 wp-block-columns-is-layout-flex\">\n<div class=\"wp-block-column is-vertically-aligned-top is-layout-flow wp-block-column-is-layout-flow\" style=\"flex-basis:40%\">\n<p class=\"ls-paragraph\">Situato in posizione ideale a Hy\u00e8res, di fronte alle isole di Porquerolles, Port-Cros e Le Levant, il campeggio Port-Pothuau si trova a pochi minuti dal forte di Br\u00e9gan\u00e7on, da Cap B\u00e9nat e da Le Lavandou.<\/p>\n\n\n\n<p class=\"ls-paragraph\">I vivaci <strong>lungomari di Fr\u00e9jus e Saint-Rapha\u00ebl sono raggiungibili<\/strong> in circa un&#8217;ora e vi regaleranno una splendida <a href=\"https:\/\/www.campingportpothuau.com\/it\/vacanze-campeggio-mediterraneo\/\">vacanza in riva al Mediterraneo<\/a>. Ma se preferite rimanere nella casa mobile che avete affittato per le vostre vacanze, ne avete il diritto. \ud83d\ude0a<\/p>\n<\/div>\n\n\n\n<div class=\"wp-block-column is-vertically-aligned-top animated fadeInUp slow is-layout-flow wp-block-column-is-layout-flow\" style=\"flex-basis:60%\">\n<figure class=\"wp-block-gallery has-nested-images columns-default is-cropped galerie-slide-general wp-block-gallery-2 is-layout-flex wp-block-gallery-is-layout-flex\">\n<figure class=\"wp-block-image size-full\"><img decoding=\"async\" width=\"782\" height=\"580\" data-id=\"7003\" src=\"https:\/\/www.campingportpothuau.com\/wp-content\/uploads\/2023\/01\/decouvrir-fort-bregancon.jpg\" alt=\"scoprire fort bregancon\" class=\"wp-image-7003\" srcset=\"https:\/\/www.campingportpothuau.com\/wp-content\/uploads\/2023\/01\/decouvrir-fort-bregancon.jpg 782w, https:\/\/www.campingportpothuau.com\/wp-content\/uploads\/2023\/01\/decouvrir-fort-bregancon-300x223.jpg 300w, https:\/\/www.campingportpothuau.com\/wp-content\/uploads\/2023\/01\/decouvrir-fort-bregancon-768x570.jpg 768w\" sizes=\"(max-width: 782px) 100vw, 782px\" \/><\/figure>\n\n\n\n<figure class=\"wp-block-image size-full\"><img decoding=\"async\" width=\"782\" height=\"580\" data-id=\"7009\" src=\"https:\/\/www.campingportpothuau.com\/wp-content\/uploads\/2023\/01\/sejour-frejus.jpg\" alt=\"soggiorno a frejus\" class=\"wp-image-7009\" srcset=\"https:\/\/www.campingportpothuau.com\/wp-content\/uploads\/2023\/01\/sejour-frejus.jpg 782w, https:\/\/www.campingportpothuau.com\/wp-content\/uploads\/2023\/01\/sejour-frejus-300x223.jpg 300w, https:\/\/www.campingportpothuau.com\/wp-content\/uploads\/2023\/01\/sejour-frejus-768x570.jpg 768w\" sizes=\"(max-width: 782px) 100vw, 782px\" \/><\/figure>\n\n\n\n<figure class=\"wp-block-image size-full\"><img decoding=\"async\" width=\"782\" height=\"580\" data-id=\"7015\" src=\"https:\/\/www.campingportpothuau.com\/wp-content\/uploads\/2023\/01\/decouvrir-saint-raphael.jpg\" alt=\"visitatore saint raphael\" class=\"wp-image-7015\" srcset=\"https:\/\/www.campingportpothuau.com\/wp-content\/uploads\/2023\/01\/decouvrir-saint-raphael.jpg 782w, https:\/\/www.campingportpothuau.com\/wp-content\/uploads\/2023\/01\/decouvrir-saint-raphael-300x223.jpg 300w, https:\/\/www.campingportpothuau.com\/wp-content\/uploads\/2023\/01\/decouvrir-saint-raphael-768x570.jpg 768w\" sizes=\"(max-width: 782px) 100vw, 782px\" \/><\/figure>\n<\/figure>\n<\/div>\n<\/div>\n\n\r\n    <\/div>\r\n<\/section>\n\n<section id=\"ls-section-block_fffe843f4f1629f48e4ff5caabffd793\" class=\"ls-section  page-cta animated fadeIn delay-100ms slow has-background has-color-4-background-color\" >\r\n        <div class=\"container container--wide\">\r\n        \n\n<div id=\"ls-heading ls-titre-div-block_e40edfddf482019ba0787e3b222fd7e0\" class=\"ls-titre-div aligncenter h2-like\" >\n    Scoprite Hy\u00e8res, i sentieri sottomarini e le spiagge<\/div>\n\n\n<div id=\"ls-maillage-block_4a6f3bc092c71e62032e9247652eb60d\" class=\"ls-maillage cta-style-normal\" data-rows=\"3\">\r\n    <div class=\"wp-block-columns\"><div class=\"wp-block-column\"><div class=\"ls-cta\">\n\n<a href=\"https:\/\/www.campingportpothuau.com\/it\/campeggio-hyeres-presqu-ile-de-giens\/\" target=\"\" rel=\"noopener\" class=\"ls-cta__link\">\n\n\t<div class=\"ls-cta__image\"><img decoding=\"async\" width=\"434\" height=\"550\" src=\"https:\/\/www.campingportpothuau.com\/wp-content\/uploads\/2023\/01\/vacances-ile-or.jpg\" class=\"attachment-medium_large size-medium_large\" alt=\"vacances ile or\" srcset=\"https:\/\/www.campingportpothuau.com\/wp-content\/uploads\/2023\/01\/vacances-ile-or.jpg 434w, https:\/\/www.campingportpothuau.com\/wp-content\/uploads\/2023\/01\/vacances-ile-or-237x300.jpg 237w\" sizes=\"(max-width: 434px) 100vw, 434px\" \/><\/div>\t<div class=\"ls-cta__content\">\n\t\t<div class=\"ls-cta__title\">\n\t\t\t<span class=\"pothuau-vague\"><\/span><span class=\"titre-cta\">Hy\u00e8res e le Isole d&#8217;Oro<\/span>\n\t\t<\/div>\n\n\t\t\t<\/div>\n\n<\/a><\/div><\/div><div class=\"wp-block-column\"><div class=\"ls-cta\">\n\n<a href=\"https:\/\/www.campingportpothuau.com\/it\/campeggio-bordo-de-mer-var\/\" target=\"\" rel=\"noopener\" class=\"ls-cta__link\">\n\n\t<div class=\"ls-cta__image\"><img decoding=\"async\" width=\"434\" height=\"550\" src=\"https:\/\/www.campingportpothuau.com\/wp-content\/uploads\/2023\/01\/sejour-plage-hyeres.jpg\" class=\"attachment-medium_large size-medium_large\" alt=\"sejour plage hyeres\" srcset=\"https:\/\/www.campingportpothuau.com\/wp-content\/uploads\/2023\/01\/sejour-plage-hyeres.jpg 434w, https:\/\/www.campingportpothuau.com\/wp-content\/uploads\/2023\/01\/sejour-plage-hyeres-237x300.jpg 237w\" sizes=\"(max-width: 434px) 100vw, 434px\" \/><\/div>\t<div class=\"ls-cta__content\">\n\t\t<div class=\"ls-cta__title\">\n\t\t\t<span class=\"pothuau-vague\"><\/span><span class=\"titre-cta\">Le spiagge<\/span>\n\t\t<\/div>\n\n\t\t\t<\/div>\n\n<\/a><\/div><\/div><div class=\"wp-block-column\"><div class=\"ls-cta\">\n\n<a href=\"https:\/\/www.campingportpothuau.com\/it\/percorso-subacqueo-var\/\" target=\"\" rel=\"noopener\" class=\"ls-cta__link\">\n\n\t<div class=\"ls-cta__image\"><img decoding=\"async\" width=\"434\" height=\"550\" src=\"https:\/\/www.campingportpothuau.com\/wp-content\/uploads\/2023\/01\/plongee-port-cros-1.jpg\" class=\"attachment-medium_large size-medium_large\" alt=\"plongee port cros\" srcset=\"https:\/\/www.campingportpothuau.com\/wp-content\/uploads\/2023\/01\/plongee-port-cros-1.jpg 434w, https:\/\/www.campingportpothuau.com\/wp-content\/uploads\/2023\/01\/plongee-port-cros-1-237x300.jpg 237w\" sizes=\"(max-width: 434px) 100vw, 434px\" \/><\/div>\t<div class=\"ls-cta__content\">\n\t\t<div class=\"ls-cta__title\">\n\t\t\t<span class=\"pothuau-vague\"><\/span><span class=\"titre-cta\">Percorsi subacquei<\/span>\n\t\t<\/div>\n\n\t\t\t<\/div>\n\n<\/a><\/div><\/div><\/div><\/div>\n\r\n    <\/div>\r\n<\/section>","protected":false},"excerpt":{"rendered":"","protected":false},"author":1,"featured_media":6786,"parent":0,"menu_order":0,"comment_status":"closed","ping_status":"closed","template":"","meta":{"_acf_changed":false,"inline_featured_image":false,"footnotes":""},"sujet":[],"class_list":["post-10426","page","type-page","status-publish","has-post-thumbnail","hentry"],"acf":[],"yoast_head":"<!-- This site is optimized with the Yoast SEO plugin v24.7 - https:\/\/yoast.com\/wordpress\/plugins\/seo\/ -->\n<title>Camping C\u00f4te d&#039;Azur | Casa mobile e campeggio in Costa Azzurra<\/title>\n<meta name=\"robots\" content=\"index, follow, max-snippet:-1, max-image-preview:large, max-video-preview:-1\" \/>\n<link rel=\"canonical\" href=\"https:\/\/www.campingportpothuau.com\/it\/campeggio-cote-d-azur\/\" \/>\n<meta property=\"og:locale\" content=\"it_IT\" \/>\n<meta property=\"og:type\" content=\"article\" \/>\n<meta property=\"og:title\" content=\"Camping C\u00f4te d&#039;Azur | Casa mobile e campeggio in Costa Azzurra\" \/>\n<meta property=\"og:url\" content=\"https:\/\/www.campingportpothuau.com\/it\/campeggio-cote-d-azur\/\" \/>\n<meta property=\"og:site_name\" content=\"Port Pothuau\" \/>\n<meta property=\"article:modified_time\" content=\"2023-02-16T15:45:29+00:00\" \/>\n<meta property=\"og:image\" content=\"https:\/\/www.campingportpothuau.com\/wp-content\/uploads\/2023\/01\/camping-cote-azur.jpg\" \/>\n\t<meta property=\"og:image:width\" content=\"1903\" \/>\n\t<meta property=\"og:image:height\" content=\"550\" \/>\n\t<meta property=\"og:image:type\" content=\"image\/jpeg\" \/>\n<meta name=\"twitter:card\" content=\"summary_large_image\" \/>\n<meta name=\"twitter:label1\" content=\"Tempo di lettura stimato\" \/>\n\t<meta name=\"twitter:data1\" content=\"3 minuti\" \/>\n<script type=\"application\/ld+json\" class=\"yoast-schema-graph\">{\"@context\":\"https:\/\/schema.org\",\"@graph\":[{\"@type\":\"WebPage\",\"@id\":\"https:\/\/www.campingportpothuau.com\/it\/campeggio-cote-d-azur\/\",\"url\":\"https:\/\/www.campingportpothuau.com\/it\/campeggio-cote-d-azur\/\",\"name\":\"Camping C\u00f4te d'Azur | Casa mobile e campeggio in Costa Azzurra\",\"isPartOf\":{\"@id\":\"https:\/\/www.campingportpothuau.com\/it\/#website\"},\"primaryImageOfPage\":{\"@id\":\"https:\/\/www.campingportpothuau.com\/it\/campeggio-cote-d-azur\/#primaryimage\"},\"image\":{\"@id\":\"https:\/\/www.campingportpothuau.com\/it\/campeggio-cote-d-azur\/#primaryimage\"},\"thumbnailUrl\":\"https:\/\/www.campingportpothuau.com\/wp-content\/uploads\/2023\/01\/camping-cote-azur.jpg\",\"datePublished\":\"2023-02-06T09:23:36+00:00\",\"dateModified\":\"2023-02-16T15:45:29+00:00\",\"breadcrumb\":{\"@id\":\"https:\/\/www.campingportpothuau.com\/it\/campeggio-cote-d-azur\/#breadcrumb\"},\"inLanguage\":\"it-IT\",\"potentialAction\":[{\"@type\":\"ReadAction\",\"target\":[\"https:\/\/www.campingportpothuau.com\/it\/campeggio-cote-d-azur\/\"]}]},{\"@type\":\"ImageObject\",\"inLanguage\":\"it-IT\",\"@id\":\"https:\/\/www.campingportpothuau.com\/it\/campeggio-cote-d-azur\/#primaryimage\",\"url\":\"https:\/\/www.campingportpothuau.com\/wp-content\/uploads\/2023\/01\/camping-cote-azur.jpg\",\"contentUrl\":\"https:\/\/www.campingportpothuau.com\/wp-content\/uploads\/2023\/01\/camping-cote-azur.jpg\",\"width\":1903,\"height\":550,\"caption\":\"camping cote azur\"},{\"@type\":\"BreadcrumbList\",\"@id\":\"https:\/\/www.campingportpothuau.com\/it\/campeggio-cote-d-azur\/#breadcrumb\",\"itemListElement\":[{\"@type\":\"ListItem\",\"position\":1,\"name\":\"Camping Var\",\"item\":\"https:\/\/www.campingportpothuau.com\/it\/\"},{\"@type\":\"ListItem\",\"position\":2,\"name\":\"Campeggio C\u00f4te d'Azur\"}]},{\"@type\":\"WebSite\",\"@id\":\"https:\/\/www.campingportpothuau.com\/it\/#website\",\"url\":\"https:\/\/www.campingportpothuau.com\/it\/\",\"name\":\"Port Pothuau\",\"description\":\"\",\"publisher\":{\"@id\":\"https:\/\/www.campingportpothuau.com\/it\/#organization\"},\"potentialAction\":[{\"@type\":\"SearchAction\",\"target\":{\"@type\":\"EntryPoint\",\"urlTemplate\":\"https:\/\/www.campingportpothuau.com\/it\/?s={search_term_string}\"},\"query-input\":{\"@type\":\"PropertyValueSpecification\",\"valueRequired\":true,\"valueName\":\"search_term_string\"}}],\"inLanguage\":\"it-IT\"},{\"@type\":\"Organization\",\"@id\":\"https:\/\/www.campingportpothuau.com\/it\/#organization\",\"name\":\"Port Pothuau\",\"url\":\"https:\/\/www.campingportpothuau.com\/it\/\",\"logo\":{\"@type\":\"ImageObject\",\"inLanguage\":\"it-IT\",\"@id\":\"https:\/\/www.campingportpothuau.com\/it\/#\/schema\/logo\/image\/\",\"url\":\"https:\/\/www.campingportpothuau.com\/wp-content\/uploads\/2022\/12\/LogoPort-Pothuau-Texte-Blanc-1.svg\",\"contentUrl\":\"https:\/\/www.campingportpothuau.com\/wp-content\/uploads\/2022\/12\/LogoPort-Pothuau-Texte-Blanc-1.svg\",\"caption\":\"Port Pothuau\"},\"image\":{\"@id\":\"https:\/\/www.campingportpothuau.com\/it\/#\/schema\/logo\/image\/\"}}]}<\/script>\n<!-- \/ Yoast SEO plugin. -->","yoast_head_json":{"title":"Camping C\u00f4te d'Azur | Casa mobile e campeggio in Costa Azzurra","robots":{"index":"index","follow":"follow","max-snippet":"max-snippet:-1","max-image-preview":"max-image-preview:large","max-video-preview":"max-video-preview:-1"},"canonical":"https:\/\/www.campingportpothuau.com\/it\/campeggio-cote-d-azur\/","og_locale":"it_IT","og_type":"article","og_title":"Camping C\u00f4te d'Azur | Casa mobile e campeggio in Costa Azzurra","og_url":"https:\/\/www.campingportpothuau.com\/it\/campeggio-cote-d-azur\/","og_site_name":"Port Pothuau","article_modified_time":"2023-02-16T15:45:29+00:00","og_image":[{"width":1903,"height":550,"url":"https:\/\/www.campingportpothuau.com\/wp-content\/uploads\/2023\/01\/camping-cote-azur.jpg","type":"image\/jpeg"}],"twitter_card":"summary_large_image","twitter_misc":{"Tempo di lettura stimato":"3 minuti"},"schema":{"@context":"https:\/\/schema.org","@graph":[{"@type":"WebPage","@id":"https:\/\/www.campingportpothuau.com\/it\/campeggio-cote-d-azur\/","url":"https:\/\/www.campingportpothuau.com\/it\/campeggio-cote-d-azur\/","name":"Camping C\u00f4te d'Azur | Casa mobile e campeggio in Costa Azzurra","isPartOf":{"@id":"https:\/\/www.campingportpothuau.com\/it\/#website"},"primaryImageOfPage":{"@id":"https:\/\/www.campingportpothuau.com\/it\/campeggio-cote-d-azur\/#primaryimage"},"image":{"@id":"https:\/\/www.campingportpothuau.com\/it\/campeggio-cote-d-azur\/#primaryimage"},"thumbnailUrl":"https:\/\/www.campingportpothuau.com\/wp-content\/uploads\/2023\/01\/camping-cote-azur.jpg","datePublished":"2023-02-06T09:23:36+00:00","dateModified":"2023-02-16T15:45:29+00:00","breadcrumb":{"@id":"https:\/\/www.campingportpothuau.com\/it\/campeggio-cote-d-azur\/#breadcrumb"},"inLanguage":"it-IT","potentialAction":[{"@type":"ReadAction","target":["https:\/\/www.campingportpothuau.com\/it\/campeggio-cote-d-azur\/"]}]},{"@type":"ImageObject","inLanguage":"it-IT","@id":"https:\/\/www.campingportpothuau.com\/it\/campeggio-cote-d-azur\/#primaryimage","url":"https:\/\/www.campingportpothuau.com\/wp-content\/uploads\/2023\/01\/camping-cote-azur.jpg","contentUrl":"https:\/\/www.campingportpothuau.com\/wp-content\/uploads\/2023\/01\/camping-cote-azur.jpg","width":1903,"height":550,"caption":"camping cote azur"},{"@type":"BreadcrumbList","@id":"https:\/\/www.campingportpothuau.com\/it\/campeggio-cote-d-azur\/#breadcrumb","itemListElement":[{"@type":"ListItem","position":1,"name":"Camping Var","item":"https:\/\/www.campingportpothuau.com\/it\/"},{"@type":"ListItem","position":2,"name":"Campeggio C\u00f4te d'Azur"}]},{"@type":"WebSite","@id":"https:\/\/www.campingportpothuau.com\/it\/#website","url":"https:\/\/www.campingportpothuau.com\/it\/","name":"Port Pothuau","description":"","publisher":{"@id":"https:\/\/www.campingportpothuau.com\/it\/#organization"},"potentialAction":[{"@type":"SearchAction","target":{"@type":"EntryPoint","urlTemplate":"https:\/\/www.campingportpothuau.com\/it\/?s={search_term_string}"},"query-input":{"@type":"PropertyValueSpecification","valueRequired":true,"valueName":"search_term_string"}}],"inLanguage":"it-IT"},{"@type":"Organization","@id":"https:\/\/www.campingportpothuau.com\/it\/#organization","name":"Port Pothuau","url":"https:\/\/www.campingportpothuau.com\/it\/","logo":{"@type":"ImageObject","inLanguage":"it-IT","@id":"https:\/\/www.campingportpothuau.com\/it\/#\/schema\/logo\/image\/","url":"https:\/\/www.campingportpothuau.com\/wp-content\/uploads\/2022\/12\/LogoPort-Pothuau-Texte-Blanc-1.svg","contentUrl":"https:\/\/www.campingportpothuau.com\/wp-content\/uploads\/2022\/12\/LogoPort-Pothuau-Texte-Blanc-1.svg","caption":"Port Pothuau"},"image":{"@id":"https:\/\/www.campingportpothuau.com\/it\/#\/schema\/logo\/image\/"}}]}},"_links":{"self":[{"href":"https:\/\/www.campingportpothuau.com\/it\/wp-json\/wp\/v2\/pages\/10426","targetHints":{"allow":["GET"]}}],"collection":[{"href":"https:\/\/www.campingportpothuau.com\/it\/wp-json\/wp\/v2\/pages"}],"about":[{"href":"https:\/\/www.campingportpothuau.com\/it\/wp-json\/wp\/v2\/types\/page"}],"author":[{"embeddable":true,"href":"https:\/\/www.campingportpothuau.com\/it\/wp-json\/wp\/v2\/users\/1"}],"replies":[{"embeddable":true,"href":"https:\/\/www.campingportpothuau.com\/it\/wp-json\/wp\/v2\/comments?post=10426"}],"version-history":[{"count":7,"href":"https:\/\/www.campingportpothuau.com\/it\/wp-json\/wp\/v2\/pages\/10426\/revisions"}],"predecessor-version":[{"id":12561,"href":"https:\/\/www.campingportpothuau.com\/it\/wp-json\/wp\/v2\/pages\/10426\/revisions\/12561"}],"wp:featuredmedia":[{"embeddable":true,"href":"https:\/\/www.campingportpothuau.com\/it\/wp-json\/wp\/v2\/media\/6786"}],"wp:attachment":[{"href":"https:\/\/www.campingportpothuau.com\/it\/wp-json\/wp\/v2\/media?parent=10426"}],"wp:term":[{"taxonomy":"sujet","embeddable":true,"href":"https:\/\/www.campingportpothuau.com\/it\/wp-json\/wp\/v2\/sujet?post=10426"}],"curies":[{"name":"wp","href":"https:\/\/api.w.org\/{rel}","templated":true}]}}