{"id":10424,"date":"2023-02-06T10:19:58","date_gmt":"2023-02-06T09:19:58","guid":{"rendered":"https:\/\/www.campingportpothuau.com\/campeggio-club-bambino-var\/"},"modified":"2024-01-26T11:50:14","modified_gmt":"2024-01-26T10:50:14","slug":"campeggio-club-bambino-var","status":"publish","type":"page","link":"https:\/\/www.campingportpothuau.com\/it\/campeggio-club-bambino-var\/","title":{"rendered":"Club per bambini"},"content":{"rendered":"<section id=\"ls-section-block_480d9b38f46031ecaafad2b719dbf948\" class=\"ls-section \" >\r\n        <div class=\"container container--wide\">\r\n        \n\n<h1 class=\"ls__heading wp-block-heading has-text-align-center\">Club per bambini dai 4 ai 12 anni nel nostro campeggio di Hy\u00e8res<\/h1>\n\n\r\n    <\/div>\r\n<\/section>\n\n<section id=\"ls-section-block_7773b42dc95cbd7c317b68f0261ef75d\" class=\"ls-section  home-seventh page-one\" >\r\n        <div class=\"container container--full\">\r\n        \n\n<div class=\"wp-block-columns are-vertically-aligned-center is-layout-flex wp-container-core-columns-is-layout-9d6595d7 wp-block-columns-is-layout-flex\">\n<div class=\"wp-block-column is-vertically-aligned-center is-layout-flow wp-block-column-is-layout-flow\" style=\"flex-basis:30%\">\n<p class=\"ls-paragraph\">Se i vostri figli ne hanno abbastanza della <a href=\"https:\/\/www.campingportpothuau.com\/it\/campeggio-hyeres-con-piscina\/\">piscina del campeggio<\/a> (\u00e8 raro), l&#8217;offerta di attivit\u00e0 \u00e8 molto ampia: il miniclub, per i bambini di <strong>4\/7 anni<\/strong> e <strong>8\/12 anni<\/strong>, organizza attivit\u00e0 dal luned\u00ec al venerd\u00ec, quindi non c&#8217;\u00e8 modo migliore per partecipare a tante attivit\u00e0 e conoscere nuovi amici con cui comunicare una volta terminate le vacanze \ud83d\ude09 .<\/p>\n\n\n\n<p class=\"ls-paragraph\">Il nostro  <a href=\"https:\/\/www.campingportpothuau.com\/it\/\">campeggio a Hy\u00e8res<\/a> offre un club per bambini solo in luglio\/agosto e durante le vacanze di primavera, una o tre volte a settimana. Con i nostri animatori <strong>esperti <\/strong>e <strong>qualificati<\/strong>, i bambini potranno giocare e godersi le vacanze, ma ci teniamo anche a trasmettere loro i nostri valori proponendo loro il maggior numero possibile di attivit\u00e0 pi\u00f9 tranquille, incentrate sulla condivisione, il benessere, la natura e il rispetto!<\/p>\n<\/div>\n\n\n\n<div class=\"wp-block-column is-vertically-aligned-center animated fadeInRight delay-100ms slower is-layout-flow wp-block-column-is-layout-flow\" style=\"flex-basis:70%\">\n<figure class=\"wp-block-gallery has-nested-images columns-default is-cropped wp-block-gallery-1 is-layout-flex wp-block-gallery-is-layout-flex\">\n<figure class=\"wp-block-image size-full\"><a href=\"https:\/\/www.campingportpothuau.com\/wp-content\/uploads\/2023\/01\/animations-enfants-hyeres.jpg\"><img decoding=\"async\" width=\"1000\" height=\"750\" data-id=\"8589\" src=\"https:\/\/www.campingportpothuau.com\/wp-content\/uploads\/2023\/01\/animations-enfants-hyeres.jpg\" alt=\"campeggio club enfants hyeres\" class=\"wp-image-8589\" srcset=\"https:\/\/www.campingportpothuau.com\/wp-content\/uploads\/2023\/01\/animations-enfants-hyeres.jpg 1000w, https:\/\/www.campingportpothuau.com\/wp-content\/uploads\/2023\/01\/animations-enfants-hyeres-300x225.jpg 300w, https:\/\/www.campingportpothuau.com\/wp-content\/uploads\/2023\/01\/animations-enfants-hyeres-768x576.jpg 768w\" sizes=\"(max-width: 1000px) 100vw, 1000px\" \/><\/a><\/figure>\n\n\n\n<figure class=\"wp-block-image size-full\"><a href=\"https:\/\/www.campingportpothuau.com\/wp-content\/uploads\/2023\/01\/camping-activites-enfants-var.jpg\"><img decoding=\"async\" width=\"1000\" height=\"750\" data-id=\"8593\" src=\"https:\/\/www.campingportpothuau.com\/wp-content\/uploads\/2023\/01\/camping-activites-enfants-var.jpg\" alt=\"attivit\u00e0 di campeggio per bambini var\" class=\"wp-image-8593\" srcset=\"https:\/\/www.campingportpothuau.com\/wp-content\/uploads\/2023\/01\/camping-activites-enfants-var.jpg 1000w, https:\/\/www.campingportpothuau.com\/wp-content\/uploads\/2023\/01\/camping-activites-enfants-var-300x225.jpg 300w, https:\/\/www.campingportpothuau.com\/wp-content\/uploads\/2023\/01\/camping-activites-enfants-var-768x576.jpg 768w\" sizes=\"(max-width: 1000px) 100vw, 1000px\" \/><\/a><\/figure>\n<\/figure>\n<\/div>\n<\/div>\n\n\r\n    <\/div>\r\n<\/section>\n\n<section id=\"ls-section-block_2263faf239a738c8ea1cf120b2979d43\" class=\"ls-section  home-second page-two flex-reverse has-background has-color-5-background-color has-text-color has-color-white-color\" >\r\n        <div class=\"container container--wide\">\r\n        \n\n<div class=\"wp-block-columns is-layout-flex wp-container-core-columns-is-layout-9d6595d7 wp-block-columns-is-layout-flex\">\n<div class=\"wp-block-column is-layout-flow wp-block-column-is-layout-flow\" style=\"flex-basis:40%\"><\/div>\n\n\n\n<div class=\"wp-block-column is-layout-flow wp-block-column-is-layout-flow\" style=\"flex-basis:60%\">\n<p class=\"ls-paragraph\">Offriamo :<\/p>\n\n\n\n<ul class=\"ls-list wp-block-list\">\n<li><strong>Sport di squadra<\/strong> per sviluppare lo spirito di gruppo,<\/li>\n\n\n\n<li><strong>Laboratori creativi<\/strong> con prodotti riciclati,<\/li>\n\n\n\n<li>G<strong>iochi di auto-espressione<\/strong> per insegnare loro a eccellere,<\/li>\n\n\n\n<li>La sera, partecipate alla <strong>mini-discoteca<\/strong> con Capt&#8217;aine Sourate,<\/li>\n\n\n\n<li>Per concludere la settimana in bellezza, i ragazzi metteranno in scena uno spettacolo per mostrare i loro talenti e faranno anche<strong> una festa da ballo<\/strong> \ud83d\ude09<\/li>\n<\/ul>\n<\/div>\n<\/div>\n\n\r\n    <\/div>\r\n<\/section>\n\n<section id=\"ls-section-block_3e12ceff8bbfcdfbd6983d5b627f5791\" class=\"ls-section  home-third page-three default-illustration illustration-ballon\" >\r\n        <div class=\"container container--wide\">\r\n        \n\n<div class=\"wp-block-columns are-vertically-aligned-top is-layout-flex wp-container-core-columns-is-layout-9d6595d7 wp-block-columns-is-layout-flex\">\n<div class=\"wp-block-column is-vertically-aligned-top is-layout-flow wp-block-column-is-layout-flow\" style=\"flex-basis:40%\">\n<p class=\"ls-paragraph\">Un <strong>campeggio con un club per bambini<\/strong> ha grandi vantaggi sia per i bambini che per i genitori. Sorvegliati da attenti animatori, i bambini potranno divertirsi per buona parte della giornata e lasciarvi godere le vostre vacanze nel Var.<\/p>\n<\/div>\n\n\n\n<div class=\"wp-block-column is-vertically-aligned-top animated fadeInUp slow is-layout-flow wp-block-column-is-layout-flow\" style=\"flex-basis:60%\">\n<figure class=\"wp-block-gallery has-nested-images columns-default is-cropped galerie-slide-general wp-block-gallery-2 is-layout-flex wp-block-gallery-is-layout-flex\">\n<figure class=\"wp-block-image size-full\"><img decoding=\"async\" width=\"782\" height=\"580\" data-id=\"8585\" src=\"https:\/\/www.campingportpothuau.com\/wp-content\/uploads\/2023\/01\/activites-sportives-enfants.jpg\" alt=\"attivit\u00e0 sportive per bambini var\" class=\"wp-image-8585\" srcset=\"https:\/\/www.campingportpothuau.com\/wp-content\/uploads\/2023\/01\/activites-sportives-enfants.jpg 782w, https:\/\/www.campingportpothuau.com\/wp-content\/uploads\/2023\/01\/activites-sportives-enfants-300x223.jpg 300w, https:\/\/www.campingportpothuau.com\/wp-content\/uploads\/2023\/01\/activites-sportives-enfants-768x570.jpg 768w\" sizes=\"(max-width: 782px) 100vw, 782px\" \/><\/figure>\n\n\n\n<figure class=\"wp-block-image size-full\"><img decoding=\"async\" width=\"782\" height=\"580\" data-id=\"8597\" src=\"https:\/\/www.campingportpothuau.com\/wp-content\/uploads\/2023\/01\/camping-activites-sportives-enfants.jpg\" alt=\"attivit\u00e0 creative per bambini\" class=\"wp-image-8597\" srcset=\"https:\/\/www.campingportpothuau.com\/wp-content\/uploads\/2023\/01\/camping-activites-sportives-enfants.jpg 782w, https:\/\/www.campingportpothuau.com\/wp-content\/uploads\/2023\/01\/camping-activites-sportives-enfants-300x223.jpg 300w, https:\/\/www.campingportpothuau.com\/wp-content\/uploads\/2023\/01\/camping-activites-sportives-enfants-768x570.jpg 768w\" sizes=\"(max-width: 782px) 100vw, 782px\" \/><\/figure>\n\n\n\n<figure class=\"wp-block-image size-full\"><img decoding=\"async\" width=\"782\" height=\"580\" data-id=\"8601\" src=\"https:\/\/www.campingportpothuau.com\/wp-content\/uploads\/2023\/01\/camping-animations-enfants-var.jpg\" alt=\"animazioni di campeggio per bambini var\" class=\"wp-image-8601\" srcset=\"https:\/\/www.campingportpothuau.com\/wp-content\/uploads\/2023\/01\/camping-animations-enfants-var.jpg 782w, https:\/\/www.campingportpothuau.com\/wp-content\/uploads\/2023\/01\/camping-animations-enfants-var-300x223.jpg 300w, https:\/\/www.campingportpothuau.com\/wp-content\/uploads\/2023\/01\/camping-animations-enfants-var-768x570.jpg 768w\" sizes=\"(max-width: 782px) 100vw, 782px\" \/><\/figure>\n<\/figure>\n<\/div>\n<\/div>\n\n\r\n    <\/div>\r\n<\/section>\n\n<section id=\"ls-section-block_2ddb48f8326f298d41f31962e28defcc\" class=\"ls-section  page-cta animated fadeIn delay-100ms slow has-background has-color-4-background-color\" >\r\n        <div class=\"container container--wide\">\r\n        \n\n<div id=\"ls-heading ls-titre-div-block_a95ba3a274f7ab2e1b957ec4f28673d6\" class=\"ls-titre-div aligncenter h2-like\" >\n    Intrattenimento, parco acquatico e attivit\u00e0 a piedi<\/div>\n\n\n<div id=\"ls-maillage-block_17893fc86f99a392d26d505cef143ac5\" class=\"ls-maillage cta-style-normal\" data-rows=\"3\">\r\n    <div class=\"wp-block-columns\"><div class=\"wp-block-column\"><div class=\"ls-cta\">\n\n<a href=\"https:\/\/www.campingportpothuau.com\/it\/attivita-acquatiche-var\/\" target=\"\" rel=\"noopener\" class=\"ls-cta__link\">\n\n\t<div class=\"ls-cta__image\"><img decoding=\"async\" width=\"434\" height=\"550\" src=\"https:\/\/www.campingportpothuau.com\/wp-content\/uploads\/2023\/01\/activites-nautiques-hyeres.jpg\" class=\"attachment-medium_large size-medium_large\" alt=\"activites nautiques hyeres\" srcset=\"https:\/\/www.campingportpothuau.com\/wp-content\/uploads\/2023\/01\/activites-nautiques-hyeres.jpg 434w, https:\/\/www.campingportpothuau.com\/wp-content\/uploads\/2023\/01\/activites-nautiques-hyeres-237x300.jpg 237w\" sizes=\"(max-width: 434px) 100vw, 434px\" \/><\/div>\t<div class=\"ls-cta__content\">\n\t\t<div class=\"ls-cta__title\">\n\t\t\t<span class=\"pothuau-vague\"><\/span><span class=\"titre-cta\">Attivit\u00e0 sportive in acqua<\/span>\n\t\t<\/div>\n\n\t\t\t<\/div>\n\n<\/a><\/div><\/div><div class=\"wp-block-column\"><div class=\"ls-cta\">\n\n<a href=\"https:\/\/www.campingportpothuau.com\/it\/campeggio-var-animazioni\/\" target=\"\" rel=\"noopener\" class=\"ls-cta__link\">\n\n\t<div class=\"ls-cta__image\"><img decoding=\"async\" width=\"435\" height=\"550\" src=\"https:\/\/www.campingportpothuau.com\/wp-content\/uploads\/2023\/01\/camping-animations-familiales-var.jpg\" class=\"attachment-medium_large size-medium_large\" alt=\"camping animations familiales var\" srcset=\"https:\/\/www.campingportpothuau.com\/wp-content\/uploads\/2023\/01\/camping-animations-familiales-var.jpg 435w, https:\/\/www.campingportpothuau.com\/wp-content\/uploads\/2023\/01\/camping-animations-familiales-var-237x300.jpg 237w\" sizes=\"(max-width: 435px) 100vw, 435px\" \/><\/div>\t<div class=\"ls-cta__content\">\n\t\t<div class=\"ls-cta__title\">\n\t\t\t<span class=\"pothuau-vague\"><\/span><span class=\"titre-cta\">Animazioni<\/span>\n\t\t<\/div>\n\n\t\t\t<\/div>\n\n<\/a><\/div><\/div><div class=\"wp-block-column\"><div class=\"ls-cta\">\n\n<a href=\"https:\/\/www.campingportpothuau.com\/it\/campeggio-hyeres-con-piscina\/\" target=\"\" rel=\"noopener\" class=\"ls-cta__link\">\n\n\t<div class=\"ls-cta__image\"><img decoding=\"async\" width=\"434\" height=\"550\" src=\"https:\/\/www.campingportpothuau.com\/wp-content\/uploads\/2023\/01\/camping-piscine-hyeres.jpg\" class=\"attachment-medium_large size-medium_large\" alt=\"camping piscine hyeres\" srcset=\"https:\/\/www.campingportpothuau.com\/wp-content\/uploads\/2023\/01\/camping-piscine-hyeres.jpg 434w, https:\/\/www.campingportpothuau.com\/wp-content\/uploads\/2023\/01\/camping-piscine-hyeres-237x300.jpg 237w\" sizes=\"(max-width: 434px) 100vw, 434px\" \/><\/div>\t<div class=\"ls-cta__content\">\n\t\t<div class=\"ls-cta__title\">\n\t\t\t<span class=\"pothuau-vague\"><\/span><span class=\"titre-cta\">Il parco acquatico<\/span>\n\t\t<\/div>\n\n\t\t\t<\/div>\n\n<\/a><\/div><\/div><\/div><\/div>\n\r\n    <\/div>\r\n<\/section>","protected":false},"excerpt":{"rendered":"","protected":false},"author":1,"featured_media":8569,"parent":0,"menu_order":0,"comment_status":"closed","ping_status":"closed","template":"","meta":{"_acf_changed":false,"inline_featured_image":false,"footnotes":""},"sujet":[],"class_list":["post-10424","page","type-page","status-publish","has-post-thumbnail","hentry"],"acf":[],"yoast_head":"<!-- This site is optimized with the Yoast SEO plugin v24.7 - https:\/\/yoast.com\/wordpress\/plugins\/seo\/ -->\n<title>Campeggio con club per bambini: animazione per bambini durante le vacanze a Hy\u00e8res<\/title>\n<meta name=\"description\" content=\"Al campeggio Port Pothuau di Hy\u00e8res ci prendiamo cura dei vostri bambini affinch\u00e9 tutti possano trascorrere una buona vacanza.\" \/>\n<meta name=\"robots\" content=\"index, follow, max-snippet:-1, max-image-preview:large, max-video-preview:-1\" \/>\n<link rel=\"canonical\" href=\"https:\/\/www.campingportpothuau.com\/it\/campeggio-club-bambino-var\/\" \/>\n<meta property=\"og:locale\" content=\"it_IT\" \/>\n<meta property=\"og:type\" content=\"article\" \/>\n<meta property=\"og:title\" content=\"Campeggio con club per bambini: animazione per bambini durante le vacanze a Hy\u00e8res\" \/>\n<meta property=\"og:description\" content=\"Al campeggio Port Pothuau di Hy\u00e8res ci prendiamo cura dei vostri bambini affinch\u00e9 tutti possano trascorrere una buona vacanza.\" \/>\n<meta property=\"og:url\" content=\"https:\/\/www.campingportpothuau.com\/it\/campeggio-club-bambino-var\/\" \/>\n<meta property=\"og:site_name\" content=\"Port Pothuau\" \/>\n<meta property=\"article:modified_time\" content=\"2024-01-26T10:50:14+00:00\" \/>\n<meta property=\"og:image\" content=\"https:\/\/www.campingportpothuau.com\/wp-content\/uploads\/2023\/01\/club-enfants-var-1.jpg\" \/>\n\t<meta property=\"og:image:width\" content=\"1898\" \/>\n\t<meta property=\"og:image:height\" content=\"550\" \/>\n\t<meta property=\"og:image:type\" content=\"image\/jpeg\" \/>\n<meta name=\"twitter:card\" content=\"summary_large_image\" \/>\n<meta name=\"twitter:label1\" content=\"Tempo di lettura stimato\" \/>\n\t<meta name=\"twitter:data1\" content=\"3 minuti\" \/>\n<script type=\"application\/ld+json\" class=\"yoast-schema-graph\">{\"@context\":\"https:\/\/schema.org\",\"@graph\":[{\"@type\":\"WebPage\",\"@id\":\"https:\/\/www.campingportpothuau.com\/it\/campeggio-club-bambino-var\/\",\"url\":\"https:\/\/www.campingportpothuau.com\/it\/campeggio-club-bambino-var\/\",\"name\":\"Campeggio con club per bambini: animazione per bambini durante le vacanze a Hy\u00e8res\",\"isPartOf\":{\"@id\":\"https:\/\/www.campingportpothuau.com\/it\/#website\"},\"primaryImageOfPage\":{\"@id\":\"https:\/\/www.campingportpothuau.com\/it\/campeggio-club-bambino-var\/#primaryimage\"},\"image\":{\"@id\":\"https:\/\/www.campingportpothuau.com\/it\/campeggio-club-bambino-var\/#primaryimage\"},\"thumbnailUrl\":\"https:\/\/www.campingportpothuau.com\/wp-content\/uploads\/2023\/01\/club-enfants-var-1.jpg\",\"datePublished\":\"2023-02-06T09:19:58+00:00\",\"dateModified\":\"2024-01-26T10:50:14+00:00\",\"description\":\"Al campeggio Port Pothuau di Hy\u00e8res ci prendiamo cura dei vostri bambini affinch\u00e9 tutti possano trascorrere una buona vacanza.\",\"breadcrumb\":{\"@id\":\"https:\/\/www.campingportpothuau.com\/it\/campeggio-club-bambino-var\/#breadcrumb\"},\"inLanguage\":\"it-IT\",\"potentialAction\":[{\"@type\":\"ReadAction\",\"target\":[\"https:\/\/www.campingportpothuau.com\/it\/campeggio-club-bambino-var\/\"]}]},{\"@type\":\"ImageObject\",\"inLanguage\":\"it-IT\",\"@id\":\"https:\/\/www.campingportpothuau.com\/it\/campeggio-club-bambino-var\/#primaryimage\",\"url\":\"https:\/\/www.campingportpothuau.com\/wp-content\/uploads\/2023\/01\/club-enfants-var-1.jpg\",\"contentUrl\":\"https:\/\/www.campingportpothuau.com\/wp-content\/uploads\/2023\/01\/club-enfants-var-1.jpg\",\"width\":1898,\"height\":550,\"caption\":\"club enfants var\"},{\"@type\":\"BreadcrumbList\",\"@id\":\"https:\/\/www.campingportpothuau.com\/it\/campeggio-club-bambino-var\/#breadcrumb\",\"itemListElement\":[{\"@type\":\"ListItem\",\"position\":1,\"name\":\"Camping Var\",\"item\":\"https:\/\/www.campingportpothuau.com\/it\/\"},{\"@type\":\"ListItem\",\"position\":2,\"name\":\"Campeggio con Kids Club a Hy\u00e8res\"}]},{\"@type\":\"WebSite\",\"@id\":\"https:\/\/www.campingportpothuau.com\/it\/#website\",\"url\":\"https:\/\/www.campingportpothuau.com\/it\/\",\"name\":\"Port Pothuau\",\"description\":\"\",\"publisher\":{\"@id\":\"https:\/\/www.campingportpothuau.com\/it\/#organization\"},\"potentialAction\":[{\"@type\":\"SearchAction\",\"target\":{\"@type\":\"EntryPoint\",\"urlTemplate\":\"https:\/\/www.campingportpothuau.com\/it\/?s={search_term_string}\"},\"query-input\":{\"@type\":\"PropertyValueSpecification\",\"valueRequired\":true,\"valueName\":\"search_term_string\"}}],\"inLanguage\":\"it-IT\"},{\"@type\":\"Organization\",\"@id\":\"https:\/\/www.campingportpothuau.com\/it\/#organization\",\"name\":\"Port Pothuau\",\"url\":\"https:\/\/www.campingportpothuau.com\/it\/\",\"logo\":{\"@type\":\"ImageObject\",\"inLanguage\":\"it-IT\",\"@id\":\"https:\/\/www.campingportpothuau.com\/it\/#\/schema\/logo\/image\/\",\"url\":\"https:\/\/www.campingportpothuau.com\/wp-content\/uploads\/2022\/12\/LogoPort-Pothuau-Texte-Blanc-1.svg\",\"contentUrl\":\"https:\/\/www.campingportpothuau.com\/wp-content\/uploads\/2022\/12\/LogoPort-Pothuau-Texte-Blanc-1.svg\",\"caption\":\"Port Pothuau\"},\"image\":{\"@id\":\"https:\/\/www.campingportpothuau.com\/it\/#\/schema\/logo\/image\/\"}}]}<\/script>\n<!-- \/ Yoast SEO plugin. -->","yoast_head_json":{"title":"Campeggio con club per bambini: animazione per bambini durante le vacanze a Hy\u00e8res","description":"Al campeggio Port Pothuau di Hy\u00e8res ci prendiamo cura dei vostri bambini affinch\u00e9 tutti possano trascorrere una buona vacanza.","robots":{"index":"index","follow":"follow","max-snippet":"max-snippet:-1","max-image-preview":"max-image-preview:large","max-video-preview":"max-video-preview:-1"},"canonical":"https:\/\/www.campingportpothuau.com\/it\/campeggio-club-bambino-var\/","og_locale":"it_IT","og_type":"article","og_title":"Campeggio con club per bambini: animazione per bambini durante le vacanze a Hy\u00e8res","og_description":"Al campeggio Port Pothuau di Hy\u00e8res ci prendiamo cura dei vostri bambini affinch\u00e9 tutti possano trascorrere una buona vacanza.","og_url":"https:\/\/www.campingportpothuau.com\/it\/campeggio-club-bambino-var\/","og_site_name":"Port Pothuau","article_modified_time":"2024-01-26T10:50:14+00:00","og_image":[{"width":1898,"height":550,"url":"https:\/\/www.campingportpothuau.com\/wp-content\/uploads\/2023\/01\/club-enfants-var-1.jpg","type":"image\/jpeg"}],"twitter_card":"summary_large_image","twitter_misc":{"Tempo di lettura stimato":"3 minuti"},"schema":{"@context":"https:\/\/schema.org","@graph":[{"@type":"WebPage","@id":"https:\/\/www.campingportpothuau.com\/it\/campeggio-club-bambino-var\/","url":"https:\/\/www.campingportpothuau.com\/it\/campeggio-club-bambino-var\/","name":"Campeggio con club per bambini: animazione per bambini durante le vacanze a Hy\u00e8res","isPartOf":{"@id":"https:\/\/www.campingportpothuau.com\/it\/#website"},"primaryImageOfPage":{"@id":"https:\/\/www.campingportpothuau.com\/it\/campeggio-club-bambino-var\/#primaryimage"},"image":{"@id":"https:\/\/www.campingportpothuau.com\/it\/campeggio-club-bambino-var\/#primaryimage"},"thumbnailUrl":"https:\/\/www.campingportpothuau.com\/wp-content\/uploads\/2023\/01\/club-enfants-var-1.jpg","datePublished":"2023-02-06T09:19:58+00:00","dateModified":"2024-01-26T10:50:14+00:00","description":"Al campeggio Port Pothuau di Hy\u00e8res ci prendiamo cura dei vostri bambini affinch\u00e9 tutti possano trascorrere una buona vacanza.","breadcrumb":{"@id":"https:\/\/www.campingportpothuau.com\/it\/campeggio-club-bambino-var\/#breadcrumb"},"inLanguage":"it-IT","potentialAction":[{"@type":"ReadAction","target":["https:\/\/www.campingportpothuau.com\/it\/campeggio-club-bambino-var\/"]}]},{"@type":"ImageObject","inLanguage":"it-IT","@id":"https:\/\/www.campingportpothuau.com\/it\/campeggio-club-bambino-var\/#primaryimage","url":"https:\/\/www.campingportpothuau.com\/wp-content\/uploads\/2023\/01\/club-enfants-var-1.jpg","contentUrl":"https:\/\/www.campingportpothuau.com\/wp-content\/uploads\/2023\/01\/club-enfants-var-1.jpg","width":1898,"height":550,"caption":"club enfants var"},{"@type":"BreadcrumbList","@id":"https:\/\/www.campingportpothuau.com\/it\/campeggio-club-bambino-var\/#breadcrumb","itemListElement":[{"@type":"ListItem","position":1,"name":"Camping Var","item":"https:\/\/www.campingportpothuau.com\/it\/"},{"@type":"ListItem","position":2,"name":"Campeggio con Kids Club a Hy\u00e8res"}]},{"@type":"WebSite","@id":"https:\/\/www.campingportpothuau.com\/it\/#website","url":"https:\/\/www.campingportpothuau.com\/it\/","name":"Port Pothuau","description":"","publisher":{"@id":"https:\/\/www.campingportpothuau.com\/it\/#organization"},"potentialAction":[{"@type":"SearchAction","target":{"@type":"EntryPoint","urlTemplate":"https:\/\/www.campingportpothuau.com\/it\/?s={search_term_string}"},"query-input":{"@type":"PropertyValueSpecification","valueRequired":true,"valueName":"search_term_string"}}],"inLanguage":"it-IT"},{"@type":"Organization","@id":"https:\/\/www.campingportpothuau.com\/it\/#organization","name":"Port Pothuau","url":"https:\/\/www.campingportpothuau.com\/it\/","logo":{"@type":"ImageObject","inLanguage":"it-IT","@id":"https:\/\/www.campingportpothuau.com\/it\/#\/schema\/logo\/image\/","url":"https:\/\/www.campingportpothuau.com\/wp-content\/uploads\/2022\/12\/LogoPort-Pothuau-Texte-Blanc-1.svg","contentUrl":"https:\/\/www.campingportpothuau.com\/wp-content\/uploads\/2022\/12\/LogoPort-Pothuau-Texte-Blanc-1.svg","caption":"Port Pothuau"},"image":{"@id":"https:\/\/www.campingportpothuau.com\/it\/#\/schema\/logo\/image\/"}}]}},"_links":{"self":[{"href":"https:\/\/www.campingportpothuau.com\/it\/wp-json\/wp\/v2\/pages\/10424","targetHints":{"allow":["GET"]}}],"collection":[{"href":"https:\/\/www.campingportpothuau.com\/it\/wp-json\/wp\/v2\/pages"}],"about":[{"href":"https:\/\/www.campingportpothuau.com\/it\/wp-json\/wp\/v2\/types\/page"}],"author":[{"embeddable":true,"href":"https:\/\/www.campingportpothuau.com\/it\/wp-json\/wp\/v2\/users\/1"}],"replies":[{"embeddable":true,"href":"https:\/\/www.campingportpothuau.com\/it\/wp-json\/wp\/v2\/comments?post=10424"}],"version-history":[{"count":7,"href":"https:\/\/www.campingportpothuau.com\/it\/wp-json\/wp\/v2\/pages\/10424\/revisions"}],"predecessor-version":[{"id":14328,"href":"https:\/\/www.campingportpothuau.com\/it\/wp-json\/wp\/v2\/pages\/10424\/revisions\/14328"}],"wp:featuredmedia":[{"embeddable":true,"href":"https:\/\/www.campingportpothuau.com\/it\/wp-json\/wp\/v2\/media\/8569"}],"wp:attachment":[{"href":"https:\/\/www.campingportpothuau.com\/it\/wp-json\/wp\/v2\/media?parent=10424"}],"wp:term":[{"taxonomy":"sujet","embeddable":true,"href":"https:\/\/www.campingportpothuau.com\/it\/wp-json\/wp\/v2\/sujet?post=10424"}],"curies":[{"name":"wp","href":"https:\/\/api.w.org\/{rel}","templated":true}]}}