{"id":10413,"date":"2023-02-06T10:03:27","date_gmt":"2023-02-06T09:03:27","guid":{"rendered":"https:\/\/www.campingportpothuau.com\/campeggio-var-animazioni\/"},"modified":"2025-01-21T16:50:14","modified_gmt":"2025-01-21T15:50:14","slug":"campeggio-var-animazioni","status":"publish","type":"page","link":"https:\/\/www.campingportpothuau.com\/it\/campeggio-var-animazioni\/","title":{"rendered":"Animazione"},"content":{"rendered":"<section id=\"ls-section-block_7e7ad3461327326670c2c6549a63d796\" class=\"ls-section \" >\r\n        <div class=\"container container--full\">\r\n        \n\n<h1 class=\"ls__heading wp-block-heading has-text-align-center\">animazione in campeggio nel Var<\/h1>\n\n\r\n    <\/div>\r\n<\/section>\n\n<section id=\"ls-section-block_06266a3c05e6dfdc1d037857a04bcf64\" class=\"ls-section  home-seventh page-one\" >\r\n        <div class=\"container container--full\">\r\n        \n\n<div class=\"wp-block-columns are-vertically-aligned-center is-layout-flex wp-container-core-columns-is-layout-9d6595d7 wp-block-columns-is-layout-flex\">\n<div class=\"wp-block-column is-vertically-aligned-center is-layout-flow wp-block-column-is-layout-flow\" style=\"flex-basis:30%\">\n<p class=\"ls-paragraph\">Prendetevi il tempo per divertirvi insieme nel vostro <a href=\"https:\/\/www.campingportpothuau.com\/it\/\">campeggio a Hy\u00e8res<\/a>.  Godetevi una vacanza amichevole e rilassante, assaporando momenti di calma e benessere. Nelle serate di luglio e agosto vengono organizzati spettacoli unici per riunire tutta la famiglia in un&#8217;atmosfera calda e festosa. Tutti gli spettacoli sono in francese.<\/p>\n\n\n\n<p class=\"ls-paragraph\"><strong>Strutture per tutti:<\/strong> Sia che siate sportivi o che vogliate semplicemente rilassarvi, potrete sfruttare le strutture del campeggio a vostro piacimento: ping pong, campo polisportivo, campo da bocce e area giochi per bambini.<\/p>\n\n\n\n<p class=\"ls-paragraph\">Il <a href=\"https:\/\/www.campingportpothuau.com\/it\/campeggio-hyeres-con-piscina\/\">parco acquatico del campeggio<\/a> \u00e8 il luogo ideale per rilassarsi e divertirsi. C&#8217;\u00e8 una piscina per i pi\u00f9 piccoli, una vasca idromassaggio e lettini idromassaggio per gli amanti del relax\u2026 Uno spazio per tutti in un ambiente verde dove vi aspettano attivit\u00e0 di relax e benessere.<\/p>\n<\/div>\n\n\n\n<div class=\"wp-block-column is-vertically-aligned-center animated fadeInRight delay-100ms slower is-layout-flow wp-block-column-is-layout-flow\" style=\"flex-basis:70%\">\n<figure class=\"wp-block-gallery has-nested-images columns-default is-cropped wp-block-gallery-1 is-layout-flex wp-block-gallery-is-layout-flex\">\n<figure class=\"wp-block-image size-full\"><a href=\"https:\/\/www.campingportpothuau.com\/wp-content\/uploads\/2025\/01\/Imagin-air-2024-1.jpg\"><img decoding=\"async\" width=\"1000\" height=\"665\" data-id=\"14897\" src=\"https:\/\/www.campingportpothuau.com\/wp-content\/uploads\/2025\/01\/Imagin-air-2024-1.jpg\" alt=\"\" class=\"wp-image-14897\" srcset=\"https:\/\/www.campingportpothuau.com\/wp-content\/uploads\/2025\/01\/Imagin-air-2024-1.jpg 1000w, https:\/\/www.campingportpothuau.com\/wp-content\/uploads\/2025\/01\/Imagin-air-2024-1-300x200.jpg 300w, https:\/\/www.campingportpothuau.com\/wp-content\/uploads\/2025\/01\/Imagin-air-2024-1-768x511.jpg 768w\" sizes=\"(max-width: 1000px) 100vw, 1000px\" \/><\/a><\/figure>\n\n\n\n<figure class=\"wp-block-image size-full\"><a href=\"https:\/\/www.campingportpothuau.com\/wp-content\/uploads\/2025\/01\/Show-devant-2024.jpg\"><img decoding=\"async\" width=\"1000\" height=\"665\" data-id=\"14889\" src=\"https:\/\/www.campingportpothuau.com\/wp-content\/uploads\/2025\/01\/Show-devant-2024.jpg\" alt=\"\" class=\"wp-image-14889\" srcset=\"https:\/\/www.campingportpothuau.com\/wp-content\/uploads\/2025\/01\/Show-devant-2024.jpg 1000w, https:\/\/www.campingportpothuau.com\/wp-content\/uploads\/2025\/01\/Show-devant-2024-300x200.jpg 300w, https:\/\/www.campingportpothuau.com\/wp-content\/uploads\/2025\/01\/Show-devant-2024-768x511.jpg 768w\" sizes=\"(max-width: 1000px) 100vw, 1000px\" \/><\/a><\/figure>\n\n\n\n<figure class=\"wp-block-image size-full\"><a href=\"https:\/\/www.campingportpothuau.com\/wp-content\/uploads\/2023\/02\/camping-spectacle-familial.jpg\"><img decoding=\"async\" width=\"800\" height=\"600\" data-id=\"14533\" src=\"https:\/\/www.campingportpothuau.com\/wp-content\/uploads\/2023\/02\/camping-spectacle-familial.jpg\" alt=\"Camping spectacle familial\" class=\"wp-image-14533\" srcset=\"https:\/\/www.campingportpothuau.com\/wp-content\/uploads\/2023\/02\/camping-spectacle-familial.jpg 800w, https:\/\/www.campingportpothuau.com\/wp-content\/uploads\/2023\/02\/camping-spectacle-familial-300x225.jpg 300w, https:\/\/www.campingportpothuau.com\/wp-content\/uploads\/2023\/02\/camping-spectacle-familial-768x576.jpg 768w\" sizes=\"(max-width: 800px) 100vw, 800px\" \/><\/a><\/figure>\n<\/figure>\n<\/div>\n<\/div>\n\n\r\n    <\/div>\r\n<\/section>\n\n<section id=\"ls-section-block_f0aca9cb775a55c26c6d169f1192d614\" class=\"ls-section  home-second page-two flex-reverse has-background has-color-5-background-color has-text-color has-color-white-color\" >\r\n        <div class=\"container container--wide\">\r\n        \n\n<div class=\"wp-block-columns is-layout-flex wp-container-core-columns-is-layout-9d6595d7 wp-block-columns-is-layout-flex\">\n<div class=\"wp-block-column is-layout-flow wp-block-column-is-layout-flow\" style=\"flex-basis:40%\"><\/div>\n\n\n\n<div class=\"wp-block-column is-layout-flow wp-block-column-is-layout-flow\" style=\"flex-basis:60%\">\n<p class=\"ls-paragraph\"><strong>Gite e scoperte nei dintorni<\/strong>: partite all&#8217;avventura con i nostri partner locali. In programma: snorkeling, paddle boarding, escursioni in bicicletta e molte altre attivit\u00e0 supervisionate da professionisti appassionati. Per esplorare le meraviglie della regione, il nostro team sar\u00e0 lieto di consigliarvi i migliori siti, le passeggiate, i <a href=\"https:\/\/www.campingportpothuau.com\/it\/vino-e-bevanda\/\">ristoranti<\/a> da non perdere, <a href=\"https:\/\/www.campingportpothuau.com\/it\/percorso-subacqueo-var\/\">immersioni o percorsi subacquei<\/a>.<\/p>\n<\/div>\n<\/div>\n\n\r\n    <\/div>\r\n<\/section>\n\n<section id=\"ls-section-block_f3e2ed607f3e48f750c8fa0521dc1743\" class=\"ls-section  home-third page-three\" >\r\n        <div class=\"container container--wide\">\r\n        \n\n<div class=\"wp-block-columns are-vertically-aligned-top is-layout-flex wp-container-core-columns-is-layout-9d6595d7 wp-block-columns-is-layout-flex\">\n<div class=\"wp-block-column is-vertically-aligned-top is-layout-flow wp-block-column-is-layout-flow\" style=\"flex-basis:40%\">\n<p class=\"ls-paragraph\">Naturalmente i bambini trascorrono la maggior parte del tempo nel parco acquatico: fiume rapido, scivolo, numerose piscine con ponti e cascate, piscina per bambini con giochi d&#8217;acqua fino a 8 anni\u2026 \u00c8 difficile farli uscire dall&#8217;acqua. Quando ne hanno voglia,<strong> il campeggio dispone di un miniclub!<\/strong><\/p>\n\n\n\n<p class=\"ls-paragraph\">Gli animatori del club accolgono i giovani vacanzieri <strong>dai 4 ai 12 anni <\/strong>in luglio e agosto. Vengono proposte attivit\u00e0 divertenti e creative, per ricordi indimenticabili e genitori rilassati.i.<\/p>\n<\/div>\n\n\n\n<div class=\"wp-block-column is-vertically-aligned-top animated fadeInUp slow is-layout-flow wp-block-column-is-layout-flow\" style=\"flex-basis:60%\">\n<figure class=\"wp-block-gallery has-nested-images columns-default is-cropped galerie-slide-general wp-block-gallery-2 is-layout-flex wp-block-gallery-is-layout-flex\">\n<figure class=\"wp-block-image size-full\"><img decoding=\"async\" width=\"656\" height=\"1000\" data-id=\"14881\" src=\"https:\/\/www.campingportpothuau.com\/wp-content\/uploads\/2025\/01\/Danse-enfants-2024.jpg\" alt=\"\" class=\"wp-image-14881\" srcset=\"https:\/\/www.campingportpothuau.com\/wp-content\/uploads\/2025\/01\/Danse-enfants-2024.jpg 656w, https:\/\/www.campingportpothuau.com\/wp-content\/uploads\/2025\/01\/Danse-enfants-2024-197x300.jpg 197w\" sizes=\"(max-width: 656px) 100vw, 656px\" \/><\/figure>\n\n\n\n<figure class=\"wp-block-image size-full\"><img decoding=\"async\" width=\"434\" height=\"550\" data-id=\"14782\" src=\"https:\/\/www.campingportpothuau.com\/wp-content\/uploads\/2024\/10\/paddle-camping-lavandou-bord-de-mer.jpg\" alt=\"\" class=\"wp-image-14782\" srcset=\"https:\/\/www.campingportpothuau.com\/wp-content\/uploads\/2024\/10\/paddle-camping-lavandou-bord-de-mer.jpg 434w, https:\/\/www.campingportpothuau.com\/wp-content\/uploads\/2024\/10\/paddle-camping-lavandou-bord-de-mer-237x300.jpg 237w\" sizes=\"(max-width: 434px) 100vw, 434px\" \/><\/figure>\n\n\n\n<figure class=\"wp-block-image size-large\"><img decoding=\"async\" width=\"782\" height=\"580\" data-id=\"14454\" src=\"https:\/\/www.campingportpothuau.com\/wp-content\/uploads\/2024\/06\/camping-hyeres-anime.jpg\" alt=\"camping-hyeres-anime\" class=\"wp-image-14454\" srcset=\"https:\/\/www.campingportpothuau.com\/wp-content\/uploads\/2024\/06\/camping-hyeres-anime.jpg 782w, https:\/\/www.campingportpothuau.com\/wp-content\/uploads\/2024\/06\/camping-hyeres-anime-300x223.jpg 300w, https:\/\/www.campingportpothuau.com\/wp-content\/uploads\/2024\/06\/camping-hyeres-anime-768x570.jpg 768w\" sizes=\"(max-width: 782px) 100vw, 782px\" \/><\/figure>\n\n\n\n<figure class=\"wp-block-image size-large\"><img decoding=\"async\" width=\"800\" height=\"600\" data-id=\"14517\" src=\"https:\/\/www.campingportpothuau.com\/wp-content\/uploads\/2023\/02\/camping-ping-pong.jpg\" alt=\"camping ping pong\" class=\"wp-image-14517\" srcset=\"https:\/\/www.campingportpothuau.com\/wp-content\/uploads\/2023\/02\/camping-ping-pong.jpg 800w, https:\/\/www.campingportpothuau.com\/wp-content\/uploads\/2023\/02\/camping-ping-pong-300x225.jpg 300w, https:\/\/www.campingportpothuau.com\/wp-content\/uploads\/2023\/02\/camping-ping-pong-768x576.jpg 768w\" sizes=\"(max-width: 800px) 100vw, 800px\" \/><\/figure>\n\n\n\n<figure class=\"wp-block-image size-large\"><img decoding=\"async\" width=\"800\" height=\"600\" data-id=\"14481\" src=\"https:\/\/www.campingportpothuau.com\/wp-content\/uploads\/2023\/02\/camping-acitivite-bien-etre.jpg\" alt=\"camping activit\u00e9 bien-\u00eatre\" class=\"wp-image-14481\" srcset=\"https:\/\/www.campingportpothuau.com\/wp-content\/uploads\/2023\/02\/camping-acitivite-bien-etre.jpg 800w, https:\/\/www.campingportpothuau.com\/wp-content\/uploads\/2023\/02\/camping-acitivite-bien-etre-300x225.jpg 300w, https:\/\/www.campingportpothuau.com\/wp-content\/uploads\/2023\/02\/camping-acitivite-bien-etre-768x576.jpg 768w\" sizes=\"(max-width: 800px) 100vw, 800px\" \/><\/figure>\n<\/figure>\n<\/div>\n<\/div>\n\n\r\n    <\/div>\r\n<\/section>\n\n<section id=\"ls-section-block_82899e98fa97d9f976668764605e79bf\" class=\"ls-section  page-cta animated fadeIn delay-100ms slow has-background has-color-4-background-color\" >\r\n        <div class=\"container container--wide\">\r\n        \n\n<div id=\"ls-heading ls-titre-div-block_c5a0430ef1890167b40e482b8fa4a70f\" class=\"ls-titre-div aligncenter h2-like\" >\n    Attivit\u00e0 e club per bambini<\/div>\n\n\n<div id=\"ls-maillage-block_0cd7323131b083619264947b7966b3a2\" class=\"ls-maillage cta-style-normal\" data-rows=\"3\">\r\n    <div class=\"wp-block-columns\"><div class=\"wp-block-column\"><div class=\"ls-cta\">\n\n<a href=\"https:\/\/www.campingportpothuau.com\/it\/attivita-acquatiche-var\/\" target=\"\" rel=\"noopener\" class=\"ls-cta__link\">\n\n\t<div class=\"ls-cta__image\"><img decoding=\"async\" width=\"434\" height=\"550\" src=\"https:\/\/www.campingportpothuau.com\/wp-content\/uploads\/2023\/01\/activites-nautiques-hyeres.jpg\" class=\"attachment-medium_large size-medium_large\" alt=\"activites nautiques hyeres\" srcset=\"https:\/\/www.campingportpothuau.com\/wp-content\/uploads\/2023\/01\/activites-nautiques-hyeres.jpg 434w, https:\/\/www.campingportpothuau.com\/wp-content\/uploads\/2023\/01\/activites-nautiques-hyeres-237x300.jpg 237w\" sizes=\"(max-width: 434px) 100vw, 434px\" \/><\/div>\t<div class=\"ls-cta__content\">\n\t\t<div class=\"ls-cta__title\">\n\t\t\t<span class=\"pothuau-vague\"><\/span><span class=\"titre-cta\">Attivit\u00e0 sportive in acqua<\/span>\n\t\t<\/div>\n\n\t\t\t<\/div>\n\n<\/a><\/div><\/div><div class=\"wp-block-column\"><div class=\"ls-cta\">\n\n<a href=\"https:\/\/www.campingportpothuau.com\/it\/escursioni-vacanze-var\/\" target=\"\" rel=\"noopener\" class=\"ls-cta__link\">\n\n\t<div class=\"ls-cta__image\"><img decoding=\"async\" width=\"600\" height=\"700\" src=\"https:\/\/www.campingportpothuau.com\/wp-content\/uploads\/2023\/01\/balade-sur-le-litoral-var.jpg\" class=\"attachment-medium_large size-medium_large\" alt=\"balade sur le litoral var\" srcset=\"https:\/\/www.campingportpothuau.com\/wp-content\/uploads\/2023\/01\/balade-sur-le-litoral-var.jpg 600w, https:\/\/www.campingportpothuau.com\/wp-content\/uploads\/2023\/01\/balade-sur-le-litoral-var-257x300.jpg 257w\" sizes=\"(max-width: 600px) 100vw, 600px\" \/><\/div>\t<div class=\"ls-cta__content\">\n\t\t<div class=\"ls-cta__title\">\n\t\t\t<span class=\"pothuau-vague\"><\/span><span class=\"titre-cta\">Attivit\u00e0 a piedi<\/span>\n\t\t<\/div>\n\n\t\t\t<\/div>\n\n<\/a><\/div><\/div><div class=\"wp-block-column\"><div class=\"ls-cta\">\n\n<a href=\"https:\/\/www.campingportpothuau.com\/it\/campeggio-club-bambino-var\/\" target=\"\" rel=\"noopener\" class=\"ls-cta__link\">\n\n\t<div class=\"ls-cta__image\"><img decoding=\"async\" width=\"434\" height=\"550\" src=\"https:\/\/www.campingportpothuau.com\/wp-content\/uploads\/2023\/01\/camping-club-enfants-var.jpg\" class=\"attachment-medium_large size-medium_large\" alt=\"camping club enfants var\" srcset=\"https:\/\/www.campingportpothuau.com\/wp-content\/uploads\/2023\/01\/camping-club-enfants-var.jpg 434w, https:\/\/www.campingportpothuau.com\/wp-content\/uploads\/2023\/01\/camping-club-enfants-var-237x300.jpg 237w\" sizes=\"(max-width: 434px) 100vw, 434px\" \/><\/div>\t<div class=\"ls-cta__content\">\n\t\t<div class=\"ls-cta__title\">\n\t\t\t<span class=\"pothuau-vague\"><\/span><span class=\"titre-cta\">Club per bambini<\/span>\n\t\t<\/div>\n\n\t\t\t<\/div>\n\n<\/a><\/div><\/div><\/div><\/div>\n\r\n    <\/div>\r\n<\/section>","protected":false},"excerpt":{"rendered":"","protected":false},"author":1,"featured_media":8049,"parent":0,"menu_order":0,"comment_status":"closed","ping_status":"closed","template":"","meta":{"_acf_changed":false,"inline_featured_image":false,"footnotes":""},"sujet":[],"class_list":["post-10413","page","type-page","status-publish","has-post-thumbnail","hentry"],"acf":[],"yoast_head":"<!-- This site is optimized with the Yoast SEO plugin v24.7 - https:\/\/yoast.com\/wordpress\/plugins\/seo\/ -->\n<title>Animazione in campeggio | Sport, tempo libero e attivit\u00e0 in campeggio<\/title>\n<meta name=\"description\" content=\"Scoprite le attivit\u00e0 del campeggio Port Pothuau, un campeggio vivace per grandi e piccini a Hy\u00e8res, nel Var.\" \/>\n<meta name=\"robots\" content=\"index, follow, max-snippet:-1, max-image-preview:large, max-video-preview:-1\" \/>\n<link rel=\"canonical\" href=\"https:\/\/www.campingportpothuau.com\/it\/campeggio-var-animazioni\/\" \/>\n<meta property=\"og:locale\" content=\"it_IT\" \/>\n<meta property=\"og:type\" content=\"article\" \/>\n<meta property=\"og:title\" content=\"Animazione in campeggio | Sport, tempo libero e attivit\u00e0 in campeggio\" \/>\n<meta property=\"og:description\" content=\"Scoprite le attivit\u00e0 del campeggio Port Pothuau, un campeggio vivace per grandi e piccini a Hy\u00e8res, nel Var.\" \/>\n<meta property=\"og:url\" content=\"https:\/\/www.campingportpothuau.com\/it\/campeggio-var-animazioni\/\" \/>\n<meta property=\"og:site_name\" content=\"Port Pothuau\" \/>\n<meta property=\"article:modified_time\" content=\"2025-01-21T15:50:14+00:00\" \/>\n<meta property=\"og:image\" content=\"https:\/\/www.campingportpothuau.com\/wp-content\/uploads\/2023\/01\/camping-animations-var.jpg\" \/>\n\t<meta property=\"og:image:width\" content=\"1908\" \/>\n\t<meta property=\"og:image:height\" content=\"550\" \/>\n\t<meta property=\"og:image:type\" content=\"image\/jpeg\" \/>\n<meta name=\"twitter:card\" content=\"summary_large_image\" \/>\n<meta name=\"twitter:label1\" content=\"Tempo di lettura stimato\" \/>\n\t<meta name=\"twitter:data1\" content=\"4 minuti\" \/>\n<script type=\"application\/ld+json\" class=\"yoast-schema-graph\">{\"@context\":\"https:\/\/schema.org\",\"@graph\":[{\"@type\":\"WebPage\",\"@id\":\"https:\/\/www.campingportpothuau.com\/it\/campeggio-var-animazioni\/\",\"url\":\"https:\/\/www.campingportpothuau.com\/it\/campeggio-var-animazioni\/\",\"name\":\"Animazione in campeggio | Sport, tempo libero e attivit\u00e0 in campeggio\",\"isPartOf\":{\"@id\":\"https:\/\/www.campingportpothuau.com\/it\/#website\"},\"primaryImageOfPage\":{\"@id\":\"https:\/\/www.campingportpothuau.com\/it\/campeggio-var-animazioni\/#primaryimage\"},\"image\":{\"@id\":\"https:\/\/www.campingportpothuau.com\/it\/campeggio-var-animazioni\/#primaryimage\"},\"thumbnailUrl\":\"https:\/\/www.campingportpothuau.com\/wp-content\/uploads\/2023\/01\/camping-animations-var.jpg\",\"datePublished\":\"2023-02-06T09:03:27+00:00\",\"dateModified\":\"2025-01-21T15:50:14+00:00\",\"description\":\"Scoprite le attivit\u00e0 del campeggio Port Pothuau, un campeggio vivace per grandi e piccini a Hy\u00e8res, nel Var.\",\"breadcrumb\":{\"@id\":\"https:\/\/www.campingportpothuau.com\/it\/campeggio-var-animazioni\/#breadcrumb\"},\"inLanguage\":\"it-IT\",\"potentialAction\":[{\"@type\":\"ReadAction\",\"target\":[\"https:\/\/www.campingportpothuau.com\/it\/campeggio-var-animazioni\/\"]}]},{\"@type\":\"ImageObject\",\"inLanguage\":\"it-IT\",\"@id\":\"https:\/\/www.campingportpothuau.com\/it\/campeggio-var-animazioni\/#primaryimage\",\"url\":\"https:\/\/www.campingportpothuau.com\/wp-content\/uploads\/2023\/01\/camping-animations-var.jpg\",\"contentUrl\":\"https:\/\/www.campingportpothuau.com\/wp-content\/uploads\/2023\/01\/camping-animations-var.jpg\",\"width\":1908,\"height\":550,\"caption\":\"camping animations var\"},{\"@type\":\"BreadcrumbList\",\"@id\":\"https:\/\/www.campingportpothuau.com\/it\/campeggio-var-animazioni\/#breadcrumb\",\"itemListElement\":[{\"@type\":\"ListItem\",\"position\":1,\"name\":\"Camping Var\",\"item\":\"https:\/\/www.campingportpothuau.com\/it\/\"},{\"@type\":\"ListItem\",\"position\":2,\"name\":\"Animazione\"}]},{\"@type\":\"WebSite\",\"@id\":\"https:\/\/www.campingportpothuau.com\/it\/#website\",\"url\":\"https:\/\/www.campingportpothuau.com\/it\/\",\"name\":\"Port Pothuau\",\"description\":\"\",\"publisher\":{\"@id\":\"https:\/\/www.campingportpothuau.com\/it\/#organization\"},\"potentialAction\":[{\"@type\":\"SearchAction\",\"target\":{\"@type\":\"EntryPoint\",\"urlTemplate\":\"https:\/\/www.campingportpothuau.com\/it\/?s={search_term_string}\"},\"query-input\":{\"@type\":\"PropertyValueSpecification\",\"valueRequired\":true,\"valueName\":\"search_term_string\"}}],\"inLanguage\":\"it-IT\"},{\"@type\":\"Organization\",\"@id\":\"https:\/\/www.campingportpothuau.com\/it\/#organization\",\"name\":\"Port Pothuau\",\"url\":\"https:\/\/www.campingportpothuau.com\/it\/\",\"logo\":{\"@type\":\"ImageObject\",\"inLanguage\":\"it-IT\",\"@id\":\"https:\/\/www.campingportpothuau.com\/it\/#\/schema\/logo\/image\/\",\"url\":\"https:\/\/www.campingportpothuau.com\/wp-content\/uploads\/2022\/12\/LogoPort-Pothuau-Texte-Blanc-1.svg\",\"contentUrl\":\"https:\/\/www.campingportpothuau.com\/wp-content\/uploads\/2022\/12\/LogoPort-Pothuau-Texte-Blanc-1.svg\",\"caption\":\"Port Pothuau\"},\"image\":{\"@id\":\"https:\/\/www.campingportpothuau.com\/it\/#\/schema\/logo\/image\/\"}}]}<\/script>\n<!-- \/ Yoast SEO plugin. -->","yoast_head_json":{"title":"Animazione in campeggio | Sport, tempo libero e attivit\u00e0 in campeggio","description":"Scoprite le attivit\u00e0 del campeggio Port Pothuau, un campeggio vivace per grandi e piccini a Hy\u00e8res, nel Var.","robots":{"index":"index","follow":"follow","max-snippet":"max-snippet:-1","max-image-preview":"max-image-preview:large","max-video-preview":"max-video-preview:-1"},"canonical":"https:\/\/www.campingportpothuau.com\/it\/campeggio-var-animazioni\/","og_locale":"it_IT","og_type":"article","og_title":"Animazione in campeggio | Sport, tempo libero e attivit\u00e0 in campeggio","og_description":"Scoprite le attivit\u00e0 del campeggio Port Pothuau, un campeggio vivace per grandi e piccini a Hy\u00e8res, nel Var.","og_url":"https:\/\/www.campingportpothuau.com\/it\/campeggio-var-animazioni\/","og_site_name":"Port Pothuau","article_modified_time":"2025-01-21T15:50:14+00:00","og_image":[{"width":1908,"height":550,"url":"https:\/\/www.campingportpothuau.com\/wp-content\/uploads\/2023\/01\/camping-animations-var.jpg","type":"image\/jpeg"}],"twitter_card":"summary_large_image","twitter_misc":{"Tempo di lettura stimato":"4 minuti"},"schema":{"@context":"https:\/\/schema.org","@graph":[{"@type":"WebPage","@id":"https:\/\/www.campingportpothuau.com\/it\/campeggio-var-animazioni\/","url":"https:\/\/www.campingportpothuau.com\/it\/campeggio-var-animazioni\/","name":"Animazione in campeggio | Sport, tempo libero e attivit\u00e0 in campeggio","isPartOf":{"@id":"https:\/\/www.campingportpothuau.com\/it\/#website"},"primaryImageOfPage":{"@id":"https:\/\/www.campingportpothuau.com\/it\/campeggio-var-animazioni\/#primaryimage"},"image":{"@id":"https:\/\/www.campingportpothuau.com\/it\/campeggio-var-animazioni\/#primaryimage"},"thumbnailUrl":"https:\/\/www.campingportpothuau.com\/wp-content\/uploads\/2023\/01\/camping-animations-var.jpg","datePublished":"2023-02-06T09:03:27+00:00","dateModified":"2025-01-21T15:50:14+00:00","description":"Scoprite le attivit\u00e0 del campeggio Port Pothuau, un campeggio vivace per grandi e piccini a Hy\u00e8res, nel Var.","breadcrumb":{"@id":"https:\/\/www.campingportpothuau.com\/it\/campeggio-var-animazioni\/#breadcrumb"},"inLanguage":"it-IT","potentialAction":[{"@type":"ReadAction","target":["https:\/\/www.campingportpothuau.com\/it\/campeggio-var-animazioni\/"]}]},{"@type":"ImageObject","inLanguage":"it-IT","@id":"https:\/\/www.campingportpothuau.com\/it\/campeggio-var-animazioni\/#primaryimage","url":"https:\/\/www.campingportpothuau.com\/wp-content\/uploads\/2023\/01\/camping-animations-var.jpg","contentUrl":"https:\/\/www.campingportpothuau.com\/wp-content\/uploads\/2023\/01\/camping-animations-var.jpg","width":1908,"height":550,"caption":"camping animations var"},{"@type":"BreadcrumbList","@id":"https:\/\/www.campingportpothuau.com\/it\/campeggio-var-animazioni\/#breadcrumb","itemListElement":[{"@type":"ListItem","position":1,"name":"Camping Var","item":"https:\/\/www.campingportpothuau.com\/it\/"},{"@type":"ListItem","position":2,"name":"Animazione"}]},{"@type":"WebSite","@id":"https:\/\/www.campingportpothuau.com\/it\/#website","url":"https:\/\/www.campingportpothuau.com\/it\/","name":"Port Pothuau","description":"","publisher":{"@id":"https:\/\/www.campingportpothuau.com\/it\/#organization"},"potentialAction":[{"@type":"SearchAction","target":{"@type":"EntryPoint","urlTemplate":"https:\/\/www.campingportpothuau.com\/it\/?s={search_term_string}"},"query-input":{"@type":"PropertyValueSpecification","valueRequired":true,"valueName":"search_term_string"}}],"inLanguage":"it-IT"},{"@type":"Organization","@id":"https:\/\/www.campingportpothuau.com\/it\/#organization","name":"Port Pothuau","url":"https:\/\/www.campingportpothuau.com\/it\/","logo":{"@type":"ImageObject","inLanguage":"it-IT","@id":"https:\/\/www.campingportpothuau.com\/it\/#\/schema\/logo\/image\/","url":"https:\/\/www.campingportpothuau.com\/wp-content\/uploads\/2022\/12\/LogoPort-Pothuau-Texte-Blanc-1.svg","contentUrl":"https:\/\/www.campingportpothuau.com\/wp-content\/uploads\/2022\/12\/LogoPort-Pothuau-Texte-Blanc-1.svg","caption":"Port Pothuau"},"image":{"@id":"https:\/\/www.campingportpothuau.com\/it\/#\/schema\/logo\/image\/"}}]}},"_links":{"self":[{"href":"https:\/\/www.campingportpothuau.com\/it\/wp-json\/wp\/v2\/pages\/10413","targetHints":{"allow":["GET"]}}],"collection":[{"href":"https:\/\/www.campingportpothuau.com\/it\/wp-json\/wp\/v2\/pages"}],"about":[{"href":"https:\/\/www.campingportpothuau.com\/it\/wp-json\/wp\/v2\/types\/page"}],"author":[{"embeddable":true,"href":"https:\/\/www.campingportpothuau.com\/it\/wp-json\/wp\/v2\/users\/1"}],"replies":[{"embeddable":true,"href":"https:\/\/www.campingportpothuau.com\/it\/wp-json\/wp\/v2\/comments?post=10413"}],"version-history":[{"count":17,"href":"https:\/\/www.campingportpothuau.com\/it\/wp-json\/wp\/v2\/pages\/10413\/revisions"}],"predecessor-version":[{"id":14909,"href":"https:\/\/www.campingportpothuau.com\/it\/wp-json\/wp\/v2\/pages\/10413\/revisions\/14909"}],"wp:featuredmedia":[{"embeddable":true,"href":"https:\/\/www.campingportpothuau.com\/it\/wp-json\/wp\/v2\/media\/8049"}],"wp:attachment":[{"href":"https:\/\/www.campingportpothuau.com\/it\/wp-json\/wp\/v2\/media?parent=10413"}],"wp:term":[{"taxonomy":"sujet","embeddable":true,"href":"https:\/\/www.campingportpothuau.com\/it\/wp-json\/wp\/v2\/sujet?post=10413"}],"curies":[{"name":"wp","href":"https:\/\/api.w.org\/{rel}","templated":true}]}}