{"id":10409,"date":"2023-02-06T09:54:53","date_gmt":"2023-02-06T08:54:53","guid":{"rendered":"https:\/\/www.campingportpothuau.com\/attivita-acquatiche-var\/"},"modified":"2023-02-28T12:20:27","modified_gmt":"2023-02-28T11:20:27","slug":"attivita-acquatiche-var","status":"publish","type":"page","link":"https:\/\/www.campingportpothuau.com\/it\/attivita-acquatiche-var\/","title":{"rendered":"Attivit\u00e0 sportive in acqua"},"content":{"rendered":"<section id=\"ls-section-block_a81af45fede24119a57c3609a7afa1fe\" class=\"ls-section \" >\r\n        <div class=\"container container--wide\">\r\n        \n\n<h1 class=\"ls__heading has-text-align-center wp-block-heading\">Tutte le attivit\u00e0 acquatiche e le immersioni nel Mediterraneo<\/h1>\n\n\r\n    <\/div>\r\n<\/section>\n\n<section id=\"ls-section-block_5043ed22ee9be1a0bdf90879a699099f\" class=\"ls-section  home-seventh page-one\" >\r\n        <div class=\"container container--full\">\r\n        \n\n<div class=\"wp-block-columns are-vertically-aligned-center is-layout-flex wp-container-core-columns-is-layout-9d6595d7 wp-block-columns-is-layout-flex\">\n<div class=\"wp-block-column is-vertically-aligned-center is-layout-flow wp-block-column-is-layout-flow\" style=\"flex-basis:30%\">\n<p class=\"ls-paragraph\">Scoprite il Mediterraneo in mille modi: immersioni, snorkeling, sport acquatici&#8230; Avrete l&#8217;imbarazzo della scelta per quanto riguarda le attivit\u00e0 acquatiche nei dintorni del nostro <a href=\"https:\/\/www.campingportpothuau.com\/it\/\">campeggio 4 stelle a Hy\u00e8res<\/a>, Port Pothuau.<\/p>\n\n\n\n<h2 class=\"ls-heading wp-block-heading\">Immersioni nel Mediterraneo<\/h2>\n\n\n\n<p class=\"ls-paragraph\">Volete scoprire i fondali marini durante un&#8217;immersione? Una prima immersione, un addestramento avanzato o semplicemente <strong>l&#8217;esplorazione dei fondali<\/strong>? <\/p>\n\n\n\n<p class=\"ls-paragraph\">Sarete seguiti da persone appassionate e desiderose di condividere le meraviglie del nostro Mediterraneo!<\/p>\n<\/div>\n\n\n\n<div class=\"wp-block-column is-vertically-aligned-center animated fadeInRight delay-100ms slower is-layout-flow wp-block-column-is-layout-flow\" style=\"flex-basis:70%\">\n<figure class=\"wp-block-gallery has-nested-images columns-default is-cropped wp-block-gallery-1 is-layout-flex wp-block-gallery-is-layout-flex\">\n<figure class=\"wp-block-image size-full\"><a href=\"https:\/\/www.campingportpothuau.com\/wp-content\/uploads\/2023\/01\/plongee-mediterranee.webp\"><img decoding=\"async\" width=\"1000\" height=\"687\" data-id=\"10034\" src=\"https:\/\/www.campingportpothuau.com\/wp-content\/uploads\/2023\/01\/plongee-mediterranee.webp\" alt=\"plongee mediterranee\" class=\"wp-image-10034\" srcset=\"https:\/\/www.campingportpothuau.com\/wp-content\/uploads\/2023\/01\/plongee-mediterranee.webp 1000w, https:\/\/www.campingportpothuau.com\/wp-content\/uploads\/2023\/01\/plongee-mediterranee-300x206.webp 300w, https:\/\/www.campingportpothuau.com\/wp-content\/uploads\/2023\/01\/plongee-mediterranee-768x528.webp 768w\" sizes=\"(max-width: 1000px) 100vw, 1000px\" \/><\/a><\/figure>\n\n\n\n<figure class=\"wp-block-image size-full\"><a href=\"https:\/\/www.campingportpothuau.com\/wp-content\/uploads\/2023\/01\/plongee-sous-marine-var-1.jpg\"><img decoding=\"async\" width=\"1000\" height=\"750\" data-id=\"8616\" src=\"https:\/\/www.campingportpothuau.com\/wp-content\/uploads\/2023\/01\/plongee-sous-marine-var-1.jpg\" alt=\"immersione subacquea var\" class=\"wp-image-8616\" srcset=\"https:\/\/www.campingportpothuau.com\/wp-content\/uploads\/2023\/01\/plongee-sous-marine-var-1.jpg 1000w, https:\/\/www.campingportpothuau.com\/wp-content\/uploads\/2023\/01\/plongee-sous-marine-var-1-300x225.jpg 300w, https:\/\/www.campingportpothuau.com\/wp-content\/uploads\/2023\/01\/plongee-sous-marine-var-1-768x576.jpg 768w\" sizes=\"(max-width: 1000px) 100vw, 1000px\" \/><\/a><\/figure>\n<\/figure>\n<\/div>\n<\/div>\n\n\r\n    <\/div>\r\n<\/section>\n\n<section id=\"ls-section-block_2460fa63d2c29824f090675cabd148bc\" class=\"ls-section  home-second page-two flex-reverse has-background has-color-5-background-color has-text-color has-color-white-color\" >\r\n        <div class=\"container container--wide\">\r\n        \n\n<div class=\"wp-block-columns is-layout-flex wp-container-core-columns-is-layout-9d6595d7 wp-block-columns-is-layout-flex\">\n<div class=\"wp-block-column is-layout-flow wp-block-column-is-layout-flow\" style=\"flex-basis:40%\">\n<h2 class=\"ls__heading has-text-align-center has-color-2-color has-text-color wp-block-heading\">Pagaiare in piedi, prendersi il tempo per ascoltare il mare&#8230;<\/h2>\n<\/div>\n\n\n\n<div class=\"wp-block-column is-layout-flow wp-block-column-is-layout-flow\" style=\"flex-basis:60%\">\n<p class=\"ls-paragraph\">Lo <strong>stand-up paddling<\/strong> \u00e8 una forma di surf che ci arriva dalle Hawaii. Stando sulla tavola con una sola pagaia, si pu\u00f2 navigare in assoluta libert\u00e0 lungo la costa&#8230; L&#8217;ideale per questa attivit\u00e0 nautica nel Var \u00e8 partire al tramonto sulla nostra bella spiaggia di Almanarre e <strong>perch\u00e9 non portare con s\u00e9 l&#8217;aperitivo<\/strong> per prendere il largo&#8230;<\/p>\n<\/div>\n<\/div>\n\n\r\n    <\/div>\r\n<\/section>\n\n<section id=\"ls-section-block_96464182398844824bbc3e9ba0357f89\" class=\"ls-section  home-third page-three illustration-vague p-b-0\" >\r\n        <div class=\"container container--wide\">\r\n        \n\n<div class=\"wp-block-columns are-vertically-aligned-top is-layout-flex wp-container-core-columns-is-layout-9d6595d7 wp-block-columns-is-layout-flex\">\n<div class=\"wp-block-column is-vertically-aligned-top is-layout-flow wp-block-column-is-layout-flow\" style=\"flex-basis:40%\">\n<h2 class=\"ls-heading wp-block-heading\">Parasailing<\/h2>\n\n\n\n<p class=\"ls-paragraph\">Condividete questo momento meraviglioso da soli, in coppia o con la vostra famiglia. Sarete imbragati a <strong>un&#8217;enorme vela e trainati da una barca.<\/strong> Nell&#8217;aria sopra il Grande Blu e le Isole d&#8217;Oro, scoprirete un panorama inestimabile.<\/p>\n<\/div>\n\n\n\n<div class=\"wp-block-column is-vertically-aligned-top animated fadeInUp slow is-layout-flow wp-block-column-is-layout-flow\" style=\"flex-basis:60%\">\n<figure class=\"wp-block-gallery has-nested-images columns-default is-cropped galerie-slide-general wp-block-gallery-2 is-layout-flex wp-block-gallery-is-layout-flex\">\n<figure class=\"wp-block-image size-full\"><a href=\"https:\/\/www.campingportpothuau.com\/wp-content\/uploads\/2023\/01\/stand-up-paddle-var.jpg\"><img decoding=\"async\" width=\"1000\" height=\"750\" data-id=\"8629\" src=\"https:\/\/www.campingportpothuau.com\/wp-content\/uploads\/2023\/01\/stand-up-paddle-var.jpg\" alt=\"stand up paddle var\" class=\"wp-image-8629\" srcset=\"https:\/\/www.campingportpothuau.com\/wp-content\/uploads\/2023\/01\/stand-up-paddle-var.jpg 1000w, https:\/\/www.campingportpothuau.com\/wp-content\/uploads\/2023\/01\/stand-up-paddle-var-300x225.jpg 300w, https:\/\/www.campingportpothuau.com\/wp-content\/uploads\/2023\/01\/stand-up-paddle-var-768x576.jpg 768w\" sizes=\"(max-width: 1000px) 100vw, 1000px\" \/><\/a><\/figure>\n\n\n\n<figure class=\"wp-block-image size-full\"><img decoding=\"async\" width=\"782\" height=\"580\" data-id=\"8652\" src=\"https:\/\/www.campingportpothuau.com\/wp-content\/uploads\/2023\/01\/kitesurf-var.jpg\" alt=\"kitesurf var\" class=\"wp-image-8652\" srcset=\"https:\/\/www.campingportpothuau.com\/wp-content\/uploads\/2023\/01\/kitesurf-var.jpg 782w, https:\/\/www.campingportpothuau.com\/wp-content\/uploads\/2023\/01\/kitesurf-var-300x223.jpg 300w, https:\/\/www.campingportpothuau.com\/wp-content\/uploads\/2023\/01\/kitesurf-var-768x570.jpg 768w\" sizes=\"(max-width: 782px) 100vw, 782px\" \/><\/figure>\n\n\n\n<figure class=\"wp-block-image size-large\"><img decoding=\"async\" width=\"1024\" height=\"684\" data-id=\"13710\" src=\"https:\/\/www.campingportpothuau.com\/wp-content\/uploads\/2023\/02\/Kite-surf-1024x684.webp\" alt=\"Kite Surf Var\" class=\"wp-image-13710\" srcset=\"https:\/\/www.campingportpothuau.com\/wp-content\/uploads\/2023\/02\/Kite-surf-1024x684.webp 1024w, https:\/\/www.campingportpothuau.com\/wp-content\/uploads\/2023\/02\/Kite-surf-300x200.webp 300w, https:\/\/www.campingportpothuau.com\/wp-content\/uploads\/2023\/02\/Kite-surf-768x513.webp 768w, https:\/\/www.campingportpothuau.com\/wp-content\/uploads\/2023\/02\/Kite-surf-1536x1026.webp 1536w, https:\/\/www.campingportpothuau.com\/wp-content\/uploads\/2023\/02\/Kite-surf.webp 1920w\" sizes=\"(max-width: 1024px) 100vw, 1024px\" \/><\/figure>\n<\/figure>\n<\/div>\n<\/div>\n\n\r\n    <\/div>\r\n<\/section>\n\n<section id=\"ls-section-block_e4b9cc10b346a7596d8e9e059e2d4618\" class=\"ls-section  home-sixth page-four hummmm default-illustration illustration-ile p-t-3\" >\r\n        <div class=\"container container--wide\">\r\n        \n\n<div class=\"wp-block-columns is-layout-flex wp-container-core-columns-is-layout-9d6595d7 wp-block-columns-is-layout-flex\">\n<div class=\"wp-block-column is-vertically-aligned-center animated fadeInLeft slow is-layout-flow wp-block-column-is-layout-flow\" style=\"flex-basis:60%\">\n<figure class=\"wp-block-image size-full\"><img decoding=\"async\" width=\"757\" height=\"519\" src=\"https:\/\/www.campingportpothuau.com\/wp-content\/uploads\/2023\/01\/rafting-verdon.jpg\" alt=\"rafting gole del verdon\" class=\"wp-image-8639\" srcset=\"https:\/\/www.campingportpothuau.com\/wp-content\/uploads\/2023\/01\/rafting-verdon.jpg 757w, https:\/\/www.campingportpothuau.com\/wp-content\/uploads\/2023\/01\/rafting-verdon-300x206.jpg 300w\" sizes=\"(max-width: 757px) 100vw, 757px\" \/><\/figure>\n<\/div>\n\n\n\n<div class=\"wp-block-column is-vertically-aligned-center is-layout-flow wp-block-column-is-layout-flow\" style=\"flex-basis:40%\">\n<h2 class=\"ls-heading wp-block-heading\">Kitesurf<\/h2>\n\n\n\n<p class=\"ls-paragraph\">L&#8217;ultima novit\u00e0 in fatto di sport da tavola <strong>e un must per gli sport acquatici<\/strong> nel Var! Il kitesurf offre incredibili sensazioni di pura planata e assenza di gravit\u00e0. Che siate principianti o esperti, i nostri istruttori si adatteranno al vostro livello!<\/p>\n\n\n\n<p class=\"ls-paragraph\">Si viene trainati da una vela attaccata a un&#8217;imbracatura. E se volete vedere prima dei test, andate ad Almanarre nei giorni di maestrale, vedrete il balletto dei kitesurfisti.<\/p>\n\n\n\n<h2 class=\"ls-heading wp-block-heading\">Rafting<\/h2>\n\n\n\n<p class=\"ls-paragraph\">Un po&#8217; pi\u00f9 all&#8217;interno, avrete l&#8217;opportunit\u00e0 di provare il rafting, il canorafting, il canyoning&#8230;<\/p>\n\n\n\n<p class=\"ls-paragraph\">In <strong>un&#8217;atmosfera amichevole<\/strong>, le guide vi faranno scoprire il pi\u00f9 grande canyon d&#8217;Europa, <strong>una meraviglia del mondo<\/strong>: Le Verdon&#8230;<\/p>\n<\/div>\n<\/div>\n\n\r\n    <\/div>\r\n<\/section>\n\n<section id=\"ls-section-block_b0489e3951fdc030d2d749b37b655592\" class=\"ls-section  page-cta animated fadeIn delay-100ms slow has-background has-color-4-background-color\" >\r\n        <div class=\"container container--wide\">\r\n        \n\n<div id=\"ls-heading ls-titre-div-block_97a05c073451d00534b7819058439305\" class=\"ls-titre-div aligncenter h2-like\" >\n    Altri servizi<\/div>\n\n\n<div id=\"ls-maillage-block_51a4dc41d7a056f105e30e5315fe79f2\" class=\"ls-maillage cta-style-normal\" data-rows=\"3\">\r\n    <div class=\"wp-block-columns\"><div class=\"wp-block-column\"><div class=\"ls-cta\">\n\n<a href=\"https:\/\/www.campingportpothuau.com\/it\/campeggio-var-animazioni\/\" target=\"\" rel=\"noopener\" class=\"ls-cta__link\">\n\n\t<div class=\"ls-cta__image\"><img decoding=\"async\" width=\"435\" height=\"550\" src=\"https:\/\/www.campingportpothuau.com\/wp-content\/uploads\/2023\/01\/camping-animations-familiales-var.jpg\" class=\"attachment-medium_large size-medium_large\" alt=\"camping animations familiales var\" srcset=\"https:\/\/www.campingportpothuau.com\/wp-content\/uploads\/2023\/01\/camping-animations-familiales-var.jpg 435w, https:\/\/www.campingportpothuau.com\/wp-content\/uploads\/2023\/01\/camping-animations-familiales-var-237x300.jpg 237w\" sizes=\"(max-width: 435px) 100vw, 435px\" \/><\/div>\t<div class=\"ls-cta__content\">\n\t\t<div class=\"ls-cta__title\">\n\t\t\t<span class=\"pothuau-vague\"><\/span><span class=\"titre-cta\">Animazioni<\/span>\n\t\t<\/div>\n\n\t\t\t<\/div>\n\n<\/a><\/div><\/div><div class=\"wp-block-column\"><div class=\"ls-cta\">\n\n<a href=\"https:\/\/www.campingportpothuau.com\/it\/campeggio-ristorante-var\/\" target=\"\" rel=\"noopener\" class=\"ls-cta__link\">\n\n\t<div class=\"ls-cta__image\"><img decoding=\"async\" width=\"434\" height=\"550\" src=\"https:\/\/www.campingportpothuau.com\/wp-content\/uploads\/2023\/01\/bar-var.jpg\" class=\"attachment-medium_large size-medium_large\" alt=\"bar var\" srcset=\"https:\/\/www.campingportpothuau.com\/wp-content\/uploads\/2023\/01\/bar-var.jpg 434w, https:\/\/www.campingportpothuau.com\/wp-content\/uploads\/2023\/01\/bar-var-237x300.jpg 237w\" sizes=\"(max-width: 434px) 100vw, 434px\" \/><\/div>\t<div class=\"ls-cta__content\">\n\t\t<div class=\"ls-cta__title\">\n\t\t\t<span class=\"pothuau-vague\"><\/span><span class=\"titre-cta\">Bar e ristorante<\/span>\n\t\t<\/div>\n\n\t\t\t<\/div>\n\n<\/a><\/div><\/div><div class=\"wp-block-column\"><div class=\"ls-cta\">\n\n<a href=\"https:\/\/www.campingportpothuau.com\/it\/campeggio-club-bambino-var\/\" target=\"\" rel=\"noopener\" class=\"ls-cta__link\">\n\n\t<div class=\"ls-cta__image\"><img decoding=\"async\" width=\"434\" height=\"550\" src=\"https:\/\/www.campingportpothuau.com\/wp-content\/uploads\/2023\/01\/camping-club-enfants-var.jpg\" class=\"attachment-medium_large size-medium_large\" alt=\"camping club enfants var\" srcset=\"https:\/\/www.campingportpothuau.com\/wp-content\/uploads\/2023\/01\/camping-club-enfants-var.jpg 434w, https:\/\/www.campingportpothuau.com\/wp-content\/uploads\/2023\/01\/camping-club-enfants-var-237x300.jpg 237w\" sizes=\"(max-width: 434px) 100vw, 434px\" \/><\/div>\t<div class=\"ls-cta__content\">\n\t\t<div class=\"ls-cta__title\">\n\t\t\t<span class=\"pothuau-vague\"><\/span><span class=\"titre-cta\">Club per bambini<\/span>\n\t\t<\/div>\n\n\t\t\t<\/div>\n\n<\/a><\/div><\/div><\/div><\/div>\n\r\n    <\/div>\r\n<\/section>","protected":false},"excerpt":{"rendered":"","protected":false},"author":1,"featured_media":8668,"parent":0,"menu_order":0,"comment_status":"closed","ping_status":"closed","template":"","meta":{"_acf_changed":false,"inline_featured_image":false,"footnotes":""},"sujet":[],"class_list":["post-10409","page","type-page","status-publish","has-post-thumbnail","hentry"],"acf":[],"yoast_head":"<!-- This site is optimized with the Yoast SEO plugin v24.7 - https:\/\/yoast.com\/wordpress\/plugins\/seo\/ -->\n<title>Attivit\u00e0 acquatiche Var : immersione, kitesurf, rafting Presqu&#039;il de Giens<\/title>\n<meta name=\"description\" content=\"Scoprite le attivit\u00e0 sportive acquatiche disponibili nei pressi del campeggio Port Pothuau per ammirare la bellezza del Mediterraneo.\" \/>\n<meta name=\"robots\" content=\"index, follow, max-snippet:-1, max-image-preview:large, max-video-preview:-1\" \/>\n<link rel=\"canonical\" href=\"https:\/\/www.campingportpothuau.com\/it\/attivita-acquatiche-var\/\" \/>\n<meta property=\"og:locale\" content=\"it_IT\" \/>\n<meta property=\"og:type\" content=\"article\" \/>\n<meta property=\"og:title\" content=\"Attivit\u00e0 acquatiche Var : immersione, kitesurf, rafting Presqu&#039;il de Giens\" \/>\n<meta property=\"og:description\" content=\"Scoprite le attivit\u00e0 sportive acquatiche disponibili nei pressi del campeggio Port Pothuau per ammirare la bellezza del Mediterraneo.\" \/>\n<meta property=\"og:url\" content=\"https:\/\/www.campingportpothuau.com\/it\/attivita-acquatiche-var\/\" \/>\n<meta property=\"og:site_name\" content=\"Port Pothuau\" \/>\n<meta property=\"article:modified_time\" content=\"2023-02-28T11:20:27+00:00\" \/>\n<meta property=\"og:image\" content=\"https:\/\/www.campingportpothuau.com\/wp-content\/uploads\/2023\/01\/plongee-var-1.jpg\" \/>\n\t<meta property=\"og:image:width\" content=\"1903\" \/>\n\t<meta property=\"og:image:height\" content=\"550\" \/>\n\t<meta property=\"og:image:type\" content=\"image\/jpeg\" \/>\n<meta name=\"twitter:card\" content=\"summary_large_image\" \/>\n<meta name=\"twitter:label1\" content=\"Tempo di lettura stimato\" \/>\n\t<meta name=\"twitter:data1\" content=\"3 minuti\" \/>\n<script type=\"application\/ld+json\" class=\"yoast-schema-graph\">{\"@context\":\"https:\/\/schema.org\",\"@graph\":[{\"@type\":\"WebPage\",\"@id\":\"https:\/\/www.campingportpothuau.com\/it\/attivita-acquatiche-var\/\",\"url\":\"https:\/\/www.campingportpothuau.com\/it\/attivita-acquatiche-var\/\",\"name\":\"Attivit\u00e0 acquatiche Var : immersione, kitesurf, rafting Presqu'il de Giens\",\"isPartOf\":{\"@id\":\"https:\/\/www.campingportpothuau.com\/it\/#website\"},\"primaryImageOfPage\":{\"@id\":\"https:\/\/www.campingportpothuau.com\/it\/attivita-acquatiche-var\/#primaryimage\"},\"image\":{\"@id\":\"https:\/\/www.campingportpothuau.com\/it\/attivita-acquatiche-var\/#primaryimage\"},\"thumbnailUrl\":\"https:\/\/www.campingportpothuau.com\/wp-content\/uploads\/2023\/01\/plongee-var-1.jpg\",\"datePublished\":\"2023-02-06T08:54:53+00:00\",\"dateModified\":\"2023-02-28T11:20:27+00:00\",\"description\":\"Scoprite le attivit\u00e0 sportive acquatiche disponibili nei pressi del campeggio Port Pothuau per ammirare la bellezza del Mediterraneo.\",\"breadcrumb\":{\"@id\":\"https:\/\/www.campingportpothuau.com\/it\/attivita-acquatiche-var\/#breadcrumb\"},\"inLanguage\":\"it-IT\",\"potentialAction\":[{\"@type\":\"ReadAction\",\"target\":[\"https:\/\/www.campingportpothuau.com\/it\/attivita-acquatiche-var\/\"]}]},{\"@type\":\"ImageObject\",\"inLanguage\":\"it-IT\",\"@id\":\"https:\/\/www.campingportpothuau.com\/it\/attivita-acquatiche-var\/#primaryimage\",\"url\":\"https:\/\/www.campingportpothuau.com\/wp-content\/uploads\/2023\/01\/plongee-var-1.jpg\",\"contentUrl\":\"https:\/\/www.campingportpothuau.com\/wp-content\/uploads\/2023\/01\/plongee-var-1.jpg\",\"width\":1903,\"height\":550,\"caption\":\"plongee var\"},{\"@type\":\"BreadcrumbList\",\"@id\":\"https:\/\/www.campingportpothuau.com\/it\/attivita-acquatiche-var\/#breadcrumb\",\"itemListElement\":[{\"@type\":\"ListItem\",\"position\":1,\"name\":\"Camping Var\",\"item\":\"https:\/\/www.campingportpothuau.com\/it\/\"},{\"@type\":\"ListItem\",\"position\":2,\"name\":\"Attivit\u00e0 sportive in acqua\"}]},{\"@type\":\"WebSite\",\"@id\":\"https:\/\/www.campingportpothuau.com\/it\/#website\",\"url\":\"https:\/\/www.campingportpothuau.com\/it\/\",\"name\":\"Port Pothuau\",\"description\":\"\",\"publisher\":{\"@id\":\"https:\/\/www.campingportpothuau.com\/it\/#organization\"},\"potentialAction\":[{\"@type\":\"SearchAction\",\"target\":{\"@type\":\"EntryPoint\",\"urlTemplate\":\"https:\/\/www.campingportpothuau.com\/it\/?s={search_term_string}\"},\"query-input\":{\"@type\":\"PropertyValueSpecification\",\"valueRequired\":true,\"valueName\":\"search_term_string\"}}],\"inLanguage\":\"it-IT\"},{\"@type\":\"Organization\",\"@id\":\"https:\/\/www.campingportpothuau.com\/it\/#organization\",\"name\":\"Port Pothuau\",\"url\":\"https:\/\/www.campingportpothuau.com\/it\/\",\"logo\":{\"@type\":\"ImageObject\",\"inLanguage\":\"it-IT\",\"@id\":\"https:\/\/www.campingportpothuau.com\/it\/#\/schema\/logo\/image\/\",\"url\":\"https:\/\/www.campingportpothuau.com\/wp-content\/uploads\/2022\/12\/LogoPort-Pothuau-Texte-Blanc-1.svg\",\"contentUrl\":\"https:\/\/www.campingportpothuau.com\/wp-content\/uploads\/2022\/12\/LogoPort-Pothuau-Texte-Blanc-1.svg\",\"caption\":\"Port Pothuau\"},\"image\":{\"@id\":\"https:\/\/www.campingportpothuau.com\/it\/#\/schema\/logo\/image\/\"}}]}<\/script>\n<!-- \/ Yoast SEO plugin. -->","yoast_head_json":{"title":"Attivit\u00e0 acquatiche Var : immersione, kitesurf, rafting Presqu'il de Giens","description":"Scoprite le attivit\u00e0 sportive acquatiche disponibili nei pressi del campeggio Port Pothuau per ammirare la bellezza del Mediterraneo.","robots":{"index":"index","follow":"follow","max-snippet":"max-snippet:-1","max-image-preview":"max-image-preview:large","max-video-preview":"max-video-preview:-1"},"canonical":"https:\/\/www.campingportpothuau.com\/it\/attivita-acquatiche-var\/","og_locale":"it_IT","og_type":"article","og_title":"Attivit\u00e0 acquatiche Var : immersione, kitesurf, rafting Presqu'il de Giens","og_description":"Scoprite le attivit\u00e0 sportive acquatiche disponibili nei pressi del campeggio Port Pothuau per ammirare la bellezza del Mediterraneo.","og_url":"https:\/\/www.campingportpothuau.com\/it\/attivita-acquatiche-var\/","og_site_name":"Port Pothuau","article_modified_time":"2023-02-28T11:20:27+00:00","og_image":[{"width":1903,"height":550,"url":"https:\/\/www.campingportpothuau.com\/wp-content\/uploads\/2023\/01\/plongee-var-1.jpg","type":"image\/jpeg"}],"twitter_card":"summary_large_image","twitter_misc":{"Tempo di lettura stimato":"3 minuti"},"schema":{"@context":"https:\/\/schema.org","@graph":[{"@type":"WebPage","@id":"https:\/\/www.campingportpothuau.com\/it\/attivita-acquatiche-var\/","url":"https:\/\/www.campingportpothuau.com\/it\/attivita-acquatiche-var\/","name":"Attivit\u00e0 acquatiche Var : immersione, kitesurf, rafting Presqu'il de Giens","isPartOf":{"@id":"https:\/\/www.campingportpothuau.com\/it\/#website"},"primaryImageOfPage":{"@id":"https:\/\/www.campingportpothuau.com\/it\/attivita-acquatiche-var\/#primaryimage"},"image":{"@id":"https:\/\/www.campingportpothuau.com\/it\/attivita-acquatiche-var\/#primaryimage"},"thumbnailUrl":"https:\/\/www.campingportpothuau.com\/wp-content\/uploads\/2023\/01\/plongee-var-1.jpg","datePublished":"2023-02-06T08:54:53+00:00","dateModified":"2023-02-28T11:20:27+00:00","description":"Scoprite le attivit\u00e0 sportive acquatiche disponibili nei pressi del campeggio Port Pothuau per ammirare la bellezza del Mediterraneo.","breadcrumb":{"@id":"https:\/\/www.campingportpothuau.com\/it\/attivita-acquatiche-var\/#breadcrumb"},"inLanguage":"it-IT","potentialAction":[{"@type":"ReadAction","target":["https:\/\/www.campingportpothuau.com\/it\/attivita-acquatiche-var\/"]}]},{"@type":"ImageObject","inLanguage":"it-IT","@id":"https:\/\/www.campingportpothuau.com\/it\/attivita-acquatiche-var\/#primaryimage","url":"https:\/\/www.campingportpothuau.com\/wp-content\/uploads\/2023\/01\/plongee-var-1.jpg","contentUrl":"https:\/\/www.campingportpothuau.com\/wp-content\/uploads\/2023\/01\/plongee-var-1.jpg","width":1903,"height":550,"caption":"plongee var"},{"@type":"BreadcrumbList","@id":"https:\/\/www.campingportpothuau.com\/it\/attivita-acquatiche-var\/#breadcrumb","itemListElement":[{"@type":"ListItem","position":1,"name":"Camping Var","item":"https:\/\/www.campingportpothuau.com\/it\/"},{"@type":"ListItem","position":2,"name":"Attivit\u00e0 sportive in acqua"}]},{"@type":"WebSite","@id":"https:\/\/www.campingportpothuau.com\/it\/#website","url":"https:\/\/www.campingportpothuau.com\/it\/","name":"Port Pothuau","description":"","publisher":{"@id":"https:\/\/www.campingportpothuau.com\/it\/#organization"},"potentialAction":[{"@type":"SearchAction","target":{"@type":"EntryPoint","urlTemplate":"https:\/\/www.campingportpothuau.com\/it\/?s={search_term_string}"},"query-input":{"@type":"PropertyValueSpecification","valueRequired":true,"valueName":"search_term_string"}}],"inLanguage":"it-IT"},{"@type":"Organization","@id":"https:\/\/www.campingportpothuau.com\/it\/#organization","name":"Port Pothuau","url":"https:\/\/www.campingportpothuau.com\/it\/","logo":{"@type":"ImageObject","inLanguage":"it-IT","@id":"https:\/\/www.campingportpothuau.com\/it\/#\/schema\/logo\/image\/","url":"https:\/\/www.campingportpothuau.com\/wp-content\/uploads\/2022\/12\/LogoPort-Pothuau-Texte-Blanc-1.svg","contentUrl":"https:\/\/www.campingportpothuau.com\/wp-content\/uploads\/2022\/12\/LogoPort-Pothuau-Texte-Blanc-1.svg","caption":"Port Pothuau"},"image":{"@id":"https:\/\/www.campingportpothuau.com\/it\/#\/schema\/logo\/image\/"}}]}},"_links":{"self":[{"href":"https:\/\/www.campingportpothuau.com\/it\/wp-json\/wp\/v2\/pages\/10409","targetHints":{"allow":["GET"]}}],"collection":[{"href":"https:\/\/www.campingportpothuau.com\/it\/wp-json\/wp\/v2\/pages"}],"about":[{"href":"https:\/\/www.campingportpothuau.com\/it\/wp-json\/wp\/v2\/types\/page"}],"author":[{"embeddable":true,"href":"https:\/\/www.campingportpothuau.com\/it\/wp-json\/wp\/v2\/users\/1"}],"replies":[{"embeddable":true,"href":"https:\/\/www.campingportpothuau.com\/it\/wp-json\/wp\/v2\/comments?post=10409"}],"version-history":[{"count":7,"href":"https:\/\/www.campingportpothuau.com\/it\/wp-json\/wp\/v2\/pages\/10409\/revisions"}],"predecessor-version":[{"id":13715,"href":"https:\/\/www.campingportpothuau.com\/it\/wp-json\/wp\/v2\/pages\/10409\/revisions\/13715"}],"wp:featuredmedia":[{"embeddable":true,"href":"https:\/\/www.campingportpothuau.com\/it\/wp-json\/wp\/v2\/media\/8668"}],"wp:attachment":[{"href":"https:\/\/www.campingportpothuau.com\/it\/wp-json\/wp\/v2\/media?parent=10409"}],"wp:term":[{"taxonomy":"sujet","embeddable":true,"href":"https:\/\/www.campingportpothuau.com\/it\/wp-json\/wp\/v2\/sujet?post=10409"}],"curies":[{"name":"wp","href":"https:\/\/api.w.org\/{rel}","templated":true}]}}