{"id":10525,"date":"2023-02-07T12:08:16","date_gmt":"2023-02-07T11:08:16","guid":{"rendered":"https:\/\/www.campingportpothuau.com\/museum-var\/"},"modified":"2023-02-17T11:23:05","modified_gmt":"2023-02-17T10:23:05","slug":"museum-var","status":"publish","type":"page","link":"https:\/\/www.campingportpothuau.com\/en\/museum-var\/","title":{"rendered":"Museums and factories"},"content":{"rendered":"<section id=\"ls-section-block_ec48fd00aa5965fc98842432f97c9603\" class=\"ls-section  p-b-0\" >\r\n        <div class=\"container container--wide\">\r\n        \n\n<h1 class=\"ls__heading has-text-align-center has-color-5-color has-text-color wp-block-heading\">The museums of the Var to visit to take the time to learn<\/h1>\n\n\r\n    <\/div>\r\n<\/section>\n\n<section id=\"ls-section-block_c487a82244d143a5efec9a03455b2012\" class=\"ls-section  page-two container--super-wide has-text-color has-color-5-color\" >\r\n        <div class=\"container container--wide\">\r\n        \n\n<div class=\"wp-block-columns is-layout-flex wp-container-core-columns-is-layout-9d6595d7 wp-block-columns-is-layout-flex\">\n<div class=\"wp-block-column is-layout-flow wp-block-column-is-layout-flow\" style=\"flex-basis:33.34%\">\n<figure class=\"wp-block-image size-full\"><img decoding=\"async\" width=\"587\" height=\"436\" src=\"https:\/\/www.campingportpothuau.com\/wp-content\/uploads\/2023\/01\/visiter-moulin-du-partegal.jpg\" alt=\"visit moulin du partegal\" class=\"wp-image-8439\" srcset=\"https:\/\/www.campingportpothuau.com\/wp-content\/uploads\/2023\/01\/visiter-moulin-du-partegal.jpg 587w, https:\/\/www.campingportpothuau.com\/wp-content\/uploads\/2023\/01\/visiter-moulin-du-partegal-300x223.jpg 300w\" sizes=\"(max-width: 587px) 100vw, 587px\" \/><\/figure>\n\n\n\n<h2 class=\"ls-heading wp-block-heading\">Old oil mill of Part\u00e9gal<\/h2>\n\n\n\n<p class=\"ls-paragraph\">At the <strong>old Part\u00e9gal oil mill dating from the 16th century<\/strong>, the artisan millers have been offering you a <strong>tour of their unique site<\/strong> for four generations. They will share with you the passion and know-how of their elders passed on to the current generation!<\/p>\n\n\n\n<p class=\"ls-paragraph\">In this museum in the Var, you will discover <strong>olive oils produced by ancestral methods<\/strong> (artisanal, by the millstone, old-fashioned) and those obtained by a <strong>new technology process.<\/strong> The visit to the oil mill is followed by <strong>a free tasting of olive oil and Provencal products<\/strong>: tapenade, condiments, wine, vinegar, jam and honey!<\/p>\n\n\n\n<p class=\"ls-paragraph\">You can reach the mill in less than 20 minutes from our <a href=\"https:\/\/www.campingportpothuau.com\/en\/\">campsite in Hyeres.<\/a><\/p>\n\n\n\n<p class=\"ls-paragraph\">Part\u00e9gal Oil Mill, 159 Chemin des Laures, 83210 La Farl\u00e8de<br>T\u00e9l : +33 4 94 48 48 85<\/p>\n<\/div>\n\n\n\n<div class=\"wp-block-column m-t-0 is-layout-flow wp-block-column-is-layout-flow\" style=\"flex-basis:33.34%\">\n<figure class=\"wp-block-image size-full\"><img decoding=\"async\" width=\"585\" height=\"436\" src=\"https:\/\/www.campingportpothuau.com\/wp-content\/uploads\/2023\/01\/viiter-brasserie-carteron.jpg\" alt=\"viiter brasserie carteron\" class=\"wp-image-8431\" srcset=\"https:\/\/www.campingportpothuau.com\/wp-content\/uploads\/2023\/01\/viiter-brasserie-carteron.jpg 585w, https:\/\/www.campingportpothuau.com\/wp-content\/uploads\/2023\/01\/viiter-brasserie-carteron-300x224.jpg 300w\" sizes=\"(max-width: 585px) 100vw, 585px\" \/><\/figure>\n\n\n\n<h2 class=\"ls-heading wp-block-heading\">Carteron Craft Brewery<\/h2>\n\n\n\n<p class=\"ls-paragraph\">The Carteron craft brewery shares its winegrowing know-how with you by showing you a new facet of Provence! You will discover <strong>their own beers<\/strong> made around the brewery&#8217;s values: excellence, innovation, passion and humility.<\/p>\n\n\n\n<p class=\"ls-paragraph\">Allow 30 to 40 minutes to visit this museum in Hy\u00e8res. Visits are open to children accompanied by an adult. Visits in English are possible.<\/p>\n\n\n\n<p class=\"ls-paragraph\">412 Rue Phil\u00e9mon Laugier, ZI St-Martin, 83400 Hy\u00e8res les Palmiers<br>contact@brasseriecarteron.com<br>T\u00e9l : +33 9 84 00 12 80<\/p>\n<\/div>\n\n\n\n<div class=\"wp-block-column is-layout-flow wp-block-column-is-layout-flow\" style=\"flex-basis:33.33%\">\n<figure class=\"wp-block-image size-full\"><img decoding=\"async\" width=\"586\" height=\"436\" src=\"https:\/\/www.campingportpothuau.com\/wp-content\/uploads\/2023\/01\/visiter-villa-noailles.jpg\" alt=\"visit villa noailles\" class=\"wp-image-8451\" srcset=\"https:\/\/www.campingportpothuau.com\/wp-content\/uploads\/2023\/01\/visiter-villa-noailles.jpg 586w, https:\/\/www.campingportpothuau.com\/wp-content\/uploads\/2023\/01\/visiter-villa-noailles-300x223.jpg 300w\" sizes=\"(max-width: 586px) 100vw, 586px\" \/><\/figure>\n\n\n\n<h2 class=\"ls-heading wp-block-heading\">Villa Noailles<\/h2>\n\n\n\n<p class=\"ls-paragraph\">The commission was &#8220;a small, interesting house to live in&#8221;, in Hy\u00e8res in the South of France. This was a challenge for the young architect Robert Mallet-Stevens, who responded to the request of Charles and Marie-Laure de Noailles, a wealthy Parisian couple with avant-garde ideas.<\/p>\n\n\n\n<p class=\"ls-paragraph\">Work began in 1923, in the small town of Hy\u00e8res, the construction site must have been surprising, and even today, the villa stands out for <strong>the modernity of its architecture, a real play of cubes and light.<\/strong><\/p>\n\n\n\n<p class=\"ls-paragraph\">Today, the <strong>Villa Noailles<\/strong> keeps this spirit of creativity and innovation alive through the <strong>International Fashion and Photography Festival which takes place<\/strong> in April, the <strong>Design Parade<\/strong> (a design festival in July) and numerous exhibitions on architecture and photography throughout the year&#8230;<\/p>\n\n\n\n<p class=\"ls-paragraph\">Mont\u00e9e de Noailles, 83400 Hy\u00e8res, France<br>T\u00e9l : +33 4 98 08 01 98<\/p>\n<\/div>\n<\/div>\n\n\n\n<div class=\"wp-block-columns is-layout-flex wp-container-core-columns-is-layout-9d6595d7 wp-block-columns-is-layout-flex\">\n<div class=\"wp-block-column is-layout-flow wp-block-column-is-layout-flow\" style=\"flex-basis:33.34%\">\n<figure class=\"wp-block-image size-full\"><img decoding=\"async\" width=\"586\" height=\"436\" src=\"https:\/\/www.campingportpothuau.com\/wp-content\/uploads\/2023\/01\/decouvrir-nougat-jonquier.jpg\" alt=\"discover nougat jonquier\" class=\"wp-image-8456\" srcset=\"https:\/\/www.campingportpothuau.com\/wp-content\/uploads\/2023\/01\/decouvrir-nougat-jonquier.jpg 586w, https:\/\/www.campingportpothuau.com\/wp-content\/uploads\/2023\/01\/decouvrir-nougat-jonquier-300x223.jpg 300w\" sizes=\"(max-width: 586px) 100vw, 586px\" \/><\/figure>\n\n\n\n<h2 class=\"ls-heading wp-block-heading\">Nougaterie &#8220;Nougat Jonquier<\/h2>\n\n\n\n<p class=\"ls-paragraph\"><strong>La nougaterie<\/strong> offers you a <strong>visit to their factory<\/strong> to discover their <strong>Provencal tradition handed down for 130 years!<\/strong><\/p>\n\n\n\n<p class=\"ls-paragraph\">A true culinary museum of the Var, you will be able to appreciate the elaboration of nougat, a product historically attached to <strong>the thirteen Proven\u00e7al desserts<\/strong>: a skilful mixture of almonds and honey which has delighted the taste buds for six generations.<\/p>\n\n\n\n<p class=\"ls-paragraph\">benoi.adet@nougat-jonquier.fr<br>T\u00e9l : +33 9 54 15 08 64<\/p>\n<\/div>\n\n\n\n<div class=\"wp-block-column m-t-0 is-layout-flow wp-block-column-is-layout-flow\" style=\"flex-basis:33.34%\">\n<figure class=\"wp-block-image size-full\"><img decoding=\"async\" width=\"586\" height=\"436\" src=\"https:\/\/www.campingportpothuau.com\/wp-content\/uploads\/2023\/01\/mine-cap-garonne-var.jpg\" alt=\"cap garonne var mine\" class=\"wp-image-8427\" srcset=\"https:\/\/www.campingportpothuau.com\/wp-content\/uploads\/2023\/01\/mine-cap-garonne-var.jpg 586w, https:\/\/www.campingportpothuau.com\/wp-content\/uploads\/2023\/01\/mine-cap-garonne-var-300x223.jpg 300w\" sizes=\"(max-width: 586px) 100vw, 586px\" \/><\/figure>\n\n\n\n<h2 class=\"ls-heading wp-block-heading\">Cap Garonne Mining Museum<\/h2>\n\n\n\n<p class=\"ls-paragraph\">The <strong>Cap Garonne mine<\/strong> is one of the most <strong>beautiful mineralogical sites in the world!<\/strong><\/p>\n\n\n\n<p class=\"ls-paragraph\">From the life of the miners to the history of the rock, the visit to these former copper mines converted into a museum is a living lesson, a fascinating adventure for young and old.<\/p>\n\n\n\n<p class=\"ls-paragraph\">An <strong>exceptional site<\/strong> located at the top of Cap Garonne with a panoramic view of the islands of Hy\u00e8res and the harbour of Toulon, and all around numerous hiking trails.<\/p>\n\n\n\n<p class=\"ls-paragraph\">1000 Chemin du Baou Rouge, 83220 Le Pradet<br>info@mine-capgaronne.fr<br>T\u00e9l : +33 4 94 08 32 46<\/p>\n<\/div>\n\n\n\n<div class=\"wp-block-column is-layout-flow wp-block-column-is-layout-flow\" style=\"flex-basis:33.33%\">\n<figure class=\"wp-block-image size-full\"><img decoding=\"async\" width=\"516\" height=\"384\" src=\"https:\/\/www.campingportpothuau.com\/wp-content\/uploads\/2023\/01\/musee-de-la-marine.jpg\" alt=\"museum of the navy\" class=\"wp-image-9682\" srcset=\"https:\/\/www.campingportpothuau.com\/wp-content\/uploads\/2023\/01\/musee-de-la-marine.jpg 516w, https:\/\/www.campingportpothuau.com\/wp-content\/uploads\/2023\/01\/musee-de-la-marine-300x223.jpg 300w\" sizes=\"(max-width: 516px) 100vw, 516px\" \/><\/figure>\n\n\n\n<h2 class=\"ls-heading wp-block-heading\">Museum of the Navy<\/h2>\n\n\n\n<p class=\"ls-paragraph\"><strong>Created at the end of the First Empire<\/strong>, <strong>the Toulon National Maritime Museum<\/strong> is located next to the Clock Tower of the arsenal.<\/p>\n\n\n\n<p class=\"ls-paragraph\"><strong>A true memory of the Toulon arsenal<\/strong>, of which it preserves the majestic monumental door (1738), this museum in the Var preserves and exhibits <strong>an exceptional collection of ship models<\/strong>, as well as a model of a galley.<\/p>\n\n\n\n<p class=\"ls-paragraph\">Place Monsenergue, Quai de Norfolk, 83000 Toulon, France<br>toulon@musee-marine.fr<br>T\u00e9l : +33 4 22 42 02 01<\/p>\n<\/div>\n<\/div>\n\n\r\n    <\/div>\r\n<\/section>\n\n<section id=\"ls-section-block_b21c36d95cfd5c189ce9844b69fe14d2\" class=\"ls-section  page-cta animated fadeIn delay-100ms slow has-background has-color-white-background-color\" >\r\n        <div class=\"container container--wide\">\r\n        \n\n<div id=\"ls-heading ls-titre-div-block_1ea525a0d9500dcf6a3c5aec6b4984d0\" class=\"ls-titre-div aligncenter h2-like\" >\n    Discover markets, leisure parks and natural sites<\/div>\n\n\n<div id=\"ls-maillage-block_be61b325f9fce572de576c95cac6ad11\" class=\"ls-maillage cta-style-normal\" data-rows=\"3\">\r\n    <div class=\"wp-block-columns\"><div class=\"wp-block-column\"><div class=\"ls-cta\">\n\n<a href=\"https:\/\/www.campingportpothuau.com\/en\/market-var\/\" target=\"\" rel=\"noopener\" class=\"ls-cta__link\">\n\n\t<div class=\"ls-cta__image\"><img decoding=\"async\" width=\"434\" height=\"550\" src=\"https:\/\/www.campingportpothuau.com\/wp-content\/uploads\/2023\/01\/marches-nocturnes.jpg\" class=\"attachment-medium_large size-medium_large\" alt=\"marches nocturnes\" srcset=\"https:\/\/www.campingportpothuau.com\/wp-content\/uploads\/2023\/01\/marches-nocturnes.jpg 434w, https:\/\/www.campingportpothuau.com\/wp-content\/uploads\/2023\/01\/marches-nocturnes-237x300.jpg 237w\" sizes=\"(max-width: 434px) 100vw, 434px\" \/><\/div>\t<div class=\"ls-cta__content\">\n\t\t<div class=\"ls-cta__title\">\n\t\t\t<span class=\"pothuau-vague\"><\/span><span class=\"titre-cta\">The markets<\/span>\n\t\t<\/div>\n\n\t\t\t<\/div>\n\n<\/a><\/div><\/div><div class=\"wp-block-column\"><div class=\"ls-cta\">\n\n<a href=\"https:\/\/www.campingportpothuau.com\/en\/leisure-park-var\/\" target=\"\" rel=\"noopener\" class=\"ls-cta__link\">\n\n\t<div class=\"ls-cta__image\"><img decoding=\"async\" width=\"534\" height=\"550\" src=\"https:\/\/www.campingportpothuau.com\/wp-content\/uploads\/2023\/01\/parcs-loisirs-hyeres.jpg\" class=\"attachment-medium_large size-medium_large\" alt=\"parcs loisirs hyeres\" srcset=\"https:\/\/www.campingportpothuau.com\/wp-content\/uploads\/2023\/01\/parcs-loisirs-hyeres.jpg 534w, https:\/\/www.campingportpothuau.com\/wp-content\/uploads\/2023\/01\/parcs-loisirs-hyeres-291x300.jpg 291w\" sizes=\"(max-width: 534px) 100vw, 534px\" \/><\/div>\t<div class=\"ls-cta__content\">\n\t\t<div class=\"ls-cta__title\">\n\t\t\t<span class=\"pothuau-vague\"><\/span><span class=\"titre-cta\">Amusement park<\/span>\n\t\t<\/div>\n\n\t\t\t<\/div>\n\n<\/a><\/div><\/div><div class=\"wp-block-column\"><div class=\"ls-cta\">\n\n<a href=\"https:\/\/www.campingportpothuau.com\/en\/tourism-paca\/\" target=\"\" rel=\"noopener\" class=\"ls-cta__link\">\n\n\t<div class=\"ls-cta__image\"><img decoding=\"async\" width=\"434\" height=\"550\" src=\"https:\/\/www.campingportpothuau.com\/wp-content\/uploads\/2023\/01\/sejour-paca.jpg\" class=\"attachment-medium_large size-medium_large\" alt=\"sejour paca\" srcset=\"https:\/\/www.campingportpothuau.com\/wp-content\/uploads\/2023\/01\/sejour-paca.jpg 434w, https:\/\/www.campingportpothuau.com\/wp-content\/uploads\/2023\/01\/sejour-paca-237x300.jpg 237w\" sizes=\"(max-width: 434px) 100vw, 434px\" \/><\/div>\t<div class=\"ls-cta__content\">\n\t\t<div class=\"ls-cta__title\">\n\t\t\t<span class=\"pothuau-vague\"><\/span><span class=\"titre-cta\">The surrounding natural sites<\/span>\n\t\t<\/div>\n\n\t\t\t<\/div>\n\n<\/a><\/div><\/div><\/div><\/div>\n\r\n    <\/div>\r\n<\/section>","protected":false},"excerpt":{"rendered":"","protected":false},"author":1,"featured_media":8445,"parent":0,"menu_order":0,"comment_status":"closed","ping_status":"closed","template":"","meta":{"_acf_changed":false,"inline_featured_image":false,"footnotes":""},"sujet":[],"class_list":["post-10525","page","type-page","status-publish","has-post-thumbnail","hentry"],"acf":[],"yoast_head":"<!-- This site is optimized with the Yoast SEO plugin v24.7 - https:\/\/yoast.com\/wordpress\/plugins\/seo\/ -->\n<title>Hy\u00e8res Museum: the unmissable museums and factories of the Var<\/title>\n<meta name=\"description\" content=\"Our beautiful region is full of museums and factories to visit from our campsite in Hy\u00e8res.\" \/>\n<meta name=\"robots\" content=\"index, follow, max-snippet:-1, max-image-preview:large, max-video-preview:-1\" \/>\n<link rel=\"canonical\" href=\"https:\/\/www.campingportpothuau.com\/en\/museum-var\/\" \/>\n<meta property=\"og:locale\" content=\"en_US\" \/>\n<meta property=\"og:type\" content=\"article\" \/>\n<meta property=\"og:title\" content=\"Hy\u00e8res Museum: the unmissable museums and factories of the Var\" \/>\n<meta property=\"og:description\" content=\"Our beautiful region is full of museums and factories to visit from our campsite in Hy\u00e8res.\" \/>\n<meta property=\"og:url\" content=\"https:\/\/www.campingportpothuau.com\/en\/museum-var\/\" \/>\n<meta property=\"og:site_name\" content=\"Port Pothuau\" \/>\n<meta property=\"article:modified_time\" content=\"2023-02-17T10:23:05+00:00\" \/>\n<meta property=\"og:image\" content=\"https:\/\/www.campingportpothuau.com\/wp-content\/uploads\/2023\/01\/visiter-musees-var.jpg\" \/>\n\t<meta property=\"og:image:width\" content=\"1903\" \/>\n\t<meta property=\"og:image:height\" content=\"550\" \/>\n\t<meta property=\"og:image:type\" content=\"image\/jpeg\" \/>\n<meta name=\"twitter:card\" content=\"summary_large_image\" \/>\n<meta name=\"twitter:label1\" content=\"Est. reading time\" \/>\n\t<meta name=\"twitter:data1\" content=\"5 minutes\" \/>\n<script type=\"application\/ld+json\" class=\"yoast-schema-graph\">{\"@context\":\"https:\/\/schema.org\",\"@graph\":[{\"@type\":\"WebPage\",\"@id\":\"https:\/\/www.campingportpothuau.com\/en\/museum-var\/\",\"url\":\"https:\/\/www.campingportpothuau.com\/en\/museum-var\/\",\"name\":\"Hy\u00e8res Museum: the unmissable museums and factories of the Var\",\"isPartOf\":{\"@id\":\"https:\/\/www.campingportpothuau.com\/en\/#website\"},\"primaryImageOfPage\":{\"@id\":\"https:\/\/www.campingportpothuau.com\/en\/museum-var\/#primaryimage\"},\"image\":{\"@id\":\"https:\/\/www.campingportpothuau.com\/en\/museum-var\/#primaryimage\"},\"thumbnailUrl\":\"https:\/\/www.campingportpothuau.com\/wp-content\/uploads\/2023\/01\/visiter-musees-var.jpg\",\"datePublished\":\"2023-02-07T11:08:16+00:00\",\"dateModified\":\"2023-02-17T10:23:05+00:00\",\"description\":\"Our beautiful region is full of museums and factories to visit from our campsite in Hy\u00e8res.\",\"breadcrumb\":{\"@id\":\"https:\/\/www.campingportpothuau.com\/en\/museum-var\/#breadcrumb\"},\"inLanguage\":\"en-US\",\"potentialAction\":[{\"@type\":\"ReadAction\",\"target\":[\"https:\/\/www.campingportpothuau.com\/en\/museum-var\/\"]}]},{\"@type\":\"ImageObject\",\"inLanguage\":\"en-US\",\"@id\":\"https:\/\/www.campingportpothuau.com\/en\/museum-var\/#primaryimage\",\"url\":\"https:\/\/www.campingportpothuau.com\/wp-content\/uploads\/2023\/01\/visiter-musees-var.jpg\",\"contentUrl\":\"https:\/\/www.campingportpothuau.com\/wp-content\/uploads\/2023\/01\/visiter-musees-var.jpg\",\"width\":1903,\"height\":550,\"caption\":\"visiter musees var\"},{\"@type\":\"BreadcrumbList\",\"@id\":\"https:\/\/www.campingportpothuau.com\/en\/museum-var\/#breadcrumb\",\"itemListElement\":[{\"@type\":\"ListItem\",\"position\":1,\"name\":\"Camping Var\",\"item\":\"https:\/\/www.campingportpothuau.com\/en\/\"},{\"@type\":\"ListItem\",\"position\":2,\"name\":\"Museums of Hy\u00e8res and the Var\"}]},{\"@type\":\"WebSite\",\"@id\":\"https:\/\/www.campingportpothuau.com\/en\/#website\",\"url\":\"https:\/\/www.campingportpothuau.com\/en\/\",\"name\":\"Port Pothuau\",\"description\":\"\",\"publisher\":{\"@id\":\"https:\/\/www.campingportpothuau.com\/en\/#organization\"},\"potentialAction\":[{\"@type\":\"SearchAction\",\"target\":{\"@type\":\"EntryPoint\",\"urlTemplate\":\"https:\/\/www.campingportpothuau.com\/en\/?s={search_term_string}\"},\"query-input\":{\"@type\":\"PropertyValueSpecification\",\"valueRequired\":true,\"valueName\":\"search_term_string\"}}],\"inLanguage\":\"en-US\"},{\"@type\":\"Organization\",\"@id\":\"https:\/\/www.campingportpothuau.com\/en\/#organization\",\"name\":\"Port Pothuau\",\"url\":\"https:\/\/www.campingportpothuau.com\/en\/\",\"logo\":{\"@type\":\"ImageObject\",\"inLanguage\":\"en-US\",\"@id\":\"https:\/\/www.campingportpothuau.com\/en\/#\/schema\/logo\/image\/\",\"url\":\"https:\/\/www.campingportpothuau.com\/wp-content\/uploads\/2022\/12\/LogoPort-Pothuau-Texte-Blanc-1.svg\",\"contentUrl\":\"https:\/\/www.campingportpothuau.com\/wp-content\/uploads\/2022\/12\/LogoPort-Pothuau-Texte-Blanc-1.svg\",\"caption\":\"Port Pothuau\"},\"image\":{\"@id\":\"https:\/\/www.campingportpothuau.com\/en\/#\/schema\/logo\/image\/\"}}]}<\/script>\n<!-- \/ Yoast SEO plugin. -->","yoast_head_json":{"title":"Hy\u00e8res Museum: the unmissable museums and factories of the Var","description":"Our beautiful region is full of museums and factories to visit from our campsite in Hy\u00e8res.","robots":{"index":"index","follow":"follow","max-snippet":"max-snippet:-1","max-image-preview":"max-image-preview:large","max-video-preview":"max-video-preview:-1"},"canonical":"https:\/\/www.campingportpothuau.com\/en\/museum-var\/","og_locale":"en_US","og_type":"article","og_title":"Hy\u00e8res Museum: the unmissable museums and factories of the Var","og_description":"Our beautiful region is full of museums and factories to visit from our campsite in Hy\u00e8res.","og_url":"https:\/\/www.campingportpothuau.com\/en\/museum-var\/","og_site_name":"Port Pothuau","article_modified_time":"2023-02-17T10:23:05+00:00","og_image":[{"width":1903,"height":550,"url":"https:\/\/www.campingportpothuau.com\/wp-content\/uploads\/2023\/01\/visiter-musees-var.jpg","type":"image\/jpeg"}],"twitter_card":"summary_large_image","twitter_misc":{"Est. reading time":"5 minutes"},"schema":{"@context":"https:\/\/schema.org","@graph":[{"@type":"WebPage","@id":"https:\/\/www.campingportpothuau.com\/en\/museum-var\/","url":"https:\/\/www.campingportpothuau.com\/en\/museum-var\/","name":"Hy\u00e8res Museum: the unmissable museums and factories of the Var","isPartOf":{"@id":"https:\/\/www.campingportpothuau.com\/en\/#website"},"primaryImageOfPage":{"@id":"https:\/\/www.campingportpothuau.com\/en\/museum-var\/#primaryimage"},"image":{"@id":"https:\/\/www.campingportpothuau.com\/en\/museum-var\/#primaryimage"},"thumbnailUrl":"https:\/\/www.campingportpothuau.com\/wp-content\/uploads\/2023\/01\/visiter-musees-var.jpg","datePublished":"2023-02-07T11:08:16+00:00","dateModified":"2023-02-17T10:23:05+00:00","description":"Our beautiful region is full of museums and factories to visit from our campsite in Hy\u00e8res.","breadcrumb":{"@id":"https:\/\/www.campingportpothuau.com\/en\/museum-var\/#breadcrumb"},"inLanguage":"en-US","potentialAction":[{"@type":"ReadAction","target":["https:\/\/www.campingportpothuau.com\/en\/museum-var\/"]}]},{"@type":"ImageObject","inLanguage":"en-US","@id":"https:\/\/www.campingportpothuau.com\/en\/museum-var\/#primaryimage","url":"https:\/\/www.campingportpothuau.com\/wp-content\/uploads\/2023\/01\/visiter-musees-var.jpg","contentUrl":"https:\/\/www.campingportpothuau.com\/wp-content\/uploads\/2023\/01\/visiter-musees-var.jpg","width":1903,"height":550,"caption":"visiter musees var"},{"@type":"BreadcrumbList","@id":"https:\/\/www.campingportpothuau.com\/en\/museum-var\/#breadcrumb","itemListElement":[{"@type":"ListItem","position":1,"name":"Camping Var","item":"https:\/\/www.campingportpothuau.com\/en\/"},{"@type":"ListItem","position":2,"name":"Museums of Hy\u00e8res and the Var"}]},{"@type":"WebSite","@id":"https:\/\/www.campingportpothuau.com\/en\/#website","url":"https:\/\/www.campingportpothuau.com\/en\/","name":"Port Pothuau","description":"","publisher":{"@id":"https:\/\/www.campingportpothuau.com\/en\/#organization"},"potentialAction":[{"@type":"SearchAction","target":{"@type":"EntryPoint","urlTemplate":"https:\/\/www.campingportpothuau.com\/en\/?s={search_term_string}"},"query-input":{"@type":"PropertyValueSpecification","valueRequired":true,"valueName":"search_term_string"}}],"inLanguage":"en-US"},{"@type":"Organization","@id":"https:\/\/www.campingportpothuau.com\/en\/#organization","name":"Port Pothuau","url":"https:\/\/www.campingportpothuau.com\/en\/","logo":{"@type":"ImageObject","inLanguage":"en-US","@id":"https:\/\/www.campingportpothuau.com\/en\/#\/schema\/logo\/image\/","url":"https:\/\/www.campingportpothuau.com\/wp-content\/uploads\/2022\/12\/LogoPort-Pothuau-Texte-Blanc-1.svg","contentUrl":"https:\/\/www.campingportpothuau.com\/wp-content\/uploads\/2022\/12\/LogoPort-Pothuau-Texte-Blanc-1.svg","caption":"Port Pothuau"},"image":{"@id":"https:\/\/www.campingportpothuau.com\/en\/#\/schema\/logo\/image\/"}}]}},"_links":{"self":[{"href":"https:\/\/www.campingportpothuau.com\/en\/wp-json\/wp\/v2\/pages\/10525","targetHints":{"allow":["GET"]}}],"collection":[{"href":"https:\/\/www.campingportpothuau.com\/en\/wp-json\/wp\/v2\/pages"}],"about":[{"href":"https:\/\/www.campingportpothuau.com\/en\/wp-json\/wp\/v2\/types\/page"}],"author":[{"embeddable":true,"href":"https:\/\/www.campingportpothuau.com\/en\/wp-json\/wp\/v2\/users\/1"}],"replies":[{"embeddable":true,"href":"https:\/\/www.campingportpothuau.com\/en\/wp-json\/wp\/v2\/comments?post=10525"}],"version-history":[{"count":10,"href":"https:\/\/www.campingportpothuau.com\/en\/wp-json\/wp\/v2\/pages\/10525\/revisions"}],"predecessor-version":[{"id":12711,"href":"https:\/\/www.campingportpothuau.com\/en\/wp-json\/wp\/v2\/pages\/10525\/revisions\/12711"}],"wp:featuredmedia":[{"embeddable":true,"href":"https:\/\/www.campingportpothuau.com\/en\/wp-json\/wp\/v2\/media\/8445"}],"wp:attachment":[{"href":"https:\/\/www.campingportpothuau.com\/en\/wp-json\/wp\/v2\/media?parent=10525"}],"wp:term":[{"taxonomy":"sujet","embeddable":true,"href":"https:\/\/www.campingportpothuau.com\/en\/wp-json\/wp\/v2\/sujet?post=10525"}],"curies":[{"name":"wp","href":"https:\/\/api.w.org\/{rel}","templated":true}]}}