{"id":10381,"date":"2023-02-03T16:36:42","date_gmt":"2023-02-03T15:36:42","guid":{"rendered":"https:\/\/www.campingportpothuau.com\/campsite-cote-d-azur\/"},"modified":"2023-02-16T16:43:12","modified_gmt":"2023-02-16T15:43:12","slug":"campsite-cote-d-azur","status":"publish","type":"page","link":"https:\/\/www.campingportpothuau.com\/en\/campsite-cote-d-azur\/","title":{"rendered":"Discover the region"},"content":{"rendered":"<section id=\"ls-section-block_a93742f2ddfcf05c075b29b6edf3e245\" class=\"ls-section \" >\r\n        <div class=\"container container--wide\">\r\n        \n\n<h1 class=\"ls__heading has-text-align-center wp-block-heading\">MOBILE HOME RENTAL ON THE FRENCH RIVIERA: TAKE YOUR HOLIDAYS IN OUR CAMPSITE TO DISCOVER THE PACA REGION<\/h1>\n\n\r\n    <\/div>\r\n<\/section>\n\n<section id=\"ls-section-block_6600d26d15824624c376db02ece56adb\" class=\"ls-section  home-seventh page-one\" >\r\n        <div class=\"container container--full\">\r\n        \n\n<div class=\"wp-block-columns are-vertically-aligned-center is-layout-flex wp-container-core-columns-is-layout-9d6595d7 wp-block-columns-is-layout-flex\">\n<div class=\"wp-block-column is-vertically-aligned-center is-layout-flow wp-block-column-is-layout-flow\" style=\"flex-basis:30%\">\n<h2 class=\"ls-heading wp-block-heading\">Let yourself be tempted by a mobile home rental on the C\u00f4te d&#8217;Azur, the region will do the rest<\/h2>\n\n\n\n<p class=\"ls-paragraph\">Start by reserving your mobile home with all the comforts you desire and once you arrive at our campsite, we will guide you <strong>to discover our beautiful French Riviera.<\/strong><\/p>\n\n\n\n<p class=\"ls-paragraph\">In any case, whether you <strong>have a mobile home or a pitch<\/strong>, the Port-Pothuau campsite is an ideal starting point to discover <strong>the most beautiful sites of the French Riviera<\/strong>.<\/p>\n\n\n\n<p class=\"ls-paragraph\">From Hy\u00e8res to Saint-Tropez, the French Riviera o<strong>ffers unique and contrasting landscapes of sea and mountain<\/strong>, you will find the <strong>most beautiful sandy beaches<\/strong> of Provence Alpes C\u00f4te d&#8217;Azur and southern France.<\/p>\n\n\n\n<p class=\"ls-paragraph addReadMore showlesscontent\">Just a few minutes from your holiday destination with the whole family, <strong>take the time to enjoy relaxing<\/strong> walks through <strong>charming villages<\/strong>, lazing around and snorkelling <strong>in wild coves<\/strong>, or taking part in exciting water sports.<\/p>\n\n\n\n<p class=\"ls-paragraph\">Hy\u00e8res offers a privileged setting for kitesurfing, wing-foil and you can even enjoy parasailing for a unique view of the coastline. <\/p>\n<\/div>\n\n\n\n<div class=\"wp-block-column is-vertically-aligned-center animated fadeInRight delay-100ms slower is-layout-flow wp-block-column-is-layout-flow\" style=\"flex-basis:70%\">\n<figure class=\"wp-block-gallery has-nested-images columns-default is-cropped wp-block-gallery-1 is-layout-flex wp-block-gallery-is-layout-flex\">\n<figure class=\"wp-block-image size-full\"><a href=\"https:\/\/www.campingportpothuau.com\/wp-content\/uploads\/2023\/01\/mobil-home-cote-azur.jpg\"><img decoding=\"async\" width=\"1000\" height=\"750\" data-id=\"6772\" src=\"https:\/\/www.campingportpothuau.com\/wp-content\/uploads\/2023\/01\/mobil-home-cote-azur.jpg\" alt=\"mobile home rental cote azur\" class=\"wp-image-6772\" srcset=\"https:\/\/www.campingportpothuau.com\/wp-content\/uploads\/2023\/01\/mobil-home-cote-azur.jpg 1000w, https:\/\/www.campingportpothuau.com\/wp-content\/uploads\/2023\/01\/mobil-home-cote-azur-300x225.jpg 300w, https:\/\/www.campingportpothuau.com\/wp-content\/uploads\/2023\/01\/mobil-home-cote-azur-768x576.jpg 768w\" sizes=\"(max-width: 1000px) 100vw, 1000px\" \/><\/a><\/figure>\n\n\n\n<figure class=\"wp-block-image size-full\"><a href=\"https:\/\/www.campingportpothuau.com\/wp-content\/uploads\/2023\/01\/hebergement-cote-azur.jpg\"><img decoding=\"async\" width=\"1000\" height=\"750\" data-id=\"6796\" src=\"https:\/\/www.campingportpothuau.com\/wp-content\/uploads\/2023\/01\/hebergement-cote-azur.jpg\" alt=\"accommodation cote azur\" class=\"wp-image-6796\" srcset=\"https:\/\/www.campingportpothuau.com\/wp-content\/uploads\/2023\/01\/hebergement-cote-azur.jpg 1000w, https:\/\/www.campingportpothuau.com\/wp-content\/uploads\/2023\/01\/hebergement-cote-azur-300x225.jpg 300w, https:\/\/www.campingportpothuau.com\/wp-content\/uploads\/2023\/01\/hebergement-cote-azur-768x576.jpg 768w\" sizes=\"(max-width: 1000px) 100vw, 1000px\" \/><\/a><\/figure>\n<\/figure>\n<\/div>\n<\/div>\n\n\r\n    <\/div>\r\n<\/section>\n\n<section id=\"ls-section-block_66f272299f10edf6f59763833e5d465a\" class=\"ls-section  home-second page-two flex-reverse has-background has-color-5-background-color has-text-color has-color-white-color\" >\r\n        <div class=\"container container--wide\">\r\n        \n\n<div class=\"wp-block-columns is-layout-flex wp-container-core-columns-is-layout-9d6595d7 wp-block-columns-is-layout-flex\">\n<div class=\"wp-block-column is-layout-flow wp-block-column-is-layout-flow\" style=\"flex-basis:40%\">\n<h2 class=\"ls__heading has-text-align-center p-t-4 has-color-2-color has-text-color wp-block-heading\">Would you like to prepare your trip to the C\u00f4te d&#8217;Azur in advance?<\/h2>\n<\/div>\n\n\n\n<div class=\"wp-block-column is-layout-flow wp-block-column-is-layout-flow\" style=\"flex-basis:60%\">\n<p class=\"ls-paragraph\">In that case, here are <strong>a few places<\/strong> you should not miss during your stay. Many trips can be made from <a href=\"\/en\/\">campsite Hy\u00e8res<\/a> You can reach the coves of Bandol in 35 minutes, the village of Bormes-les-Mimosas in less than 20 minutes, the Golden Islands (Porquerolles, Port-Cros and Le Levant), the villages of Saint-Tropez and Ramatuelle in 45 km, or the picturesque and unspoilt village of Saint-Mandrier in less than 40 km on the other side.<\/p>\n<\/div>\n<\/div>\n\n\r\n    <\/div>\r\n<\/section>\n\n<section id=\"ls-section-block_a0f4792cae5ecf0addda66d9e8c170de\" class=\"ls-section  home-third page-three illustration-vague\" >\r\n        <div class=\"container container--wide\">\r\n        \n\n<div class=\"wp-block-columns are-vertically-aligned-top is-layout-flex wp-container-core-columns-is-layout-9d6595d7 wp-block-columns-is-layout-flex\">\n<div class=\"wp-block-column is-vertically-aligned-top is-layout-flow wp-block-column-is-layout-flow\" style=\"flex-basis:40%\">\n<p class=\"ls-paragraph\">Ideally situated in Hy\u00e8res opposite the islands of Porquerolles, Port-Cros and Le Levant, the Port-Pothuau campsite is only a few minutes away from the fort of Br\u00e9gan\u00e7on, Cap B\u00e9nat and Le Lavandou.<\/p>\n\n\n\n<p class=\"ls-paragraph\">The <strong>lively seafronts of Fr\u00e9jus and Saint-Rapha\u00ebl<\/strong> can be reached in about an hour and will give you a <a href=\"https:\/\/www.campingportpothuau.com\/en\/campsite-mediterranean-holidays\/\">wonderful holiday by the Mediterranean<\/a>. But if you prefer to stay in the mobile home you rented for your holiday, you have the right. \ud83d\ude0a<\/p>\n<\/div>\n\n\n\n<div class=\"wp-block-column is-vertically-aligned-top animated fadeInUp slow is-layout-flow wp-block-column-is-layout-flow\" style=\"flex-basis:60%\">\n<figure class=\"wp-block-gallery has-nested-images columns-default is-cropped galerie-slide-general wp-block-gallery-2 is-layout-flex wp-block-gallery-is-layout-flex\">\n<figure class=\"wp-block-image size-full\"><img decoding=\"async\" width=\"782\" height=\"580\" data-id=\"7003\" src=\"https:\/\/www.campingportpothuau.com\/wp-content\/uploads\/2023\/01\/decouvrir-fort-bregancon.jpg\" alt=\"discover fort bregancon\" class=\"wp-image-7003\" srcset=\"https:\/\/www.campingportpothuau.com\/wp-content\/uploads\/2023\/01\/decouvrir-fort-bregancon.jpg 782w, https:\/\/www.campingportpothuau.com\/wp-content\/uploads\/2023\/01\/decouvrir-fort-bregancon-300x223.jpg 300w, https:\/\/www.campingportpothuau.com\/wp-content\/uploads\/2023\/01\/decouvrir-fort-bregancon-768x570.jpg 768w\" sizes=\"(max-width: 782px) 100vw, 782px\" \/><\/figure>\n\n\n\n<figure class=\"wp-block-image size-full\"><img decoding=\"async\" width=\"782\" height=\"580\" data-id=\"7009\" src=\"https:\/\/www.campingportpothuau.com\/wp-content\/uploads\/2023\/01\/sejour-frejus.jpg\" alt=\"stay in frejus\" class=\"wp-image-7009\" srcset=\"https:\/\/www.campingportpothuau.com\/wp-content\/uploads\/2023\/01\/sejour-frejus.jpg 782w, https:\/\/www.campingportpothuau.com\/wp-content\/uploads\/2023\/01\/sejour-frejus-300x223.jpg 300w, https:\/\/www.campingportpothuau.com\/wp-content\/uploads\/2023\/01\/sejour-frejus-768x570.jpg 768w\" sizes=\"(max-width: 782px) 100vw, 782px\" \/><\/figure>\n\n\n\n<figure class=\"wp-block-image size-full\"><img decoding=\"async\" width=\"782\" height=\"580\" data-id=\"7015\" src=\"https:\/\/www.campingportpothuau.com\/wp-content\/uploads\/2023\/01\/decouvrir-saint-raphael.jpg\" alt=\"visit saint raphael\" class=\"wp-image-7015\" srcset=\"https:\/\/www.campingportpothuau.com\/wp-content\/uploads\/2023\/01\/decouvrir-saint-raphael.jpg 782w, https:\/\/www.campingportpothuau.com\/wp-content\/uploads\/2023\/01\/decouvrir-saint-raphael-300x223.jpg 300w, https:\/\/www.campingportpothuau.com\/wp-content\/uploads\/2023\/01\/decouvrir-saint-raphael-768x570.jpg 768w\" sizes=\"(max-width: 782px) 100vw, 782px\" \/><\/figure>\n<\/figure>\n<\/div>\n<\/div>\n\n\r\n    <\/div>\r\n<\/section>\n\n<section id=\"ls-section-block_171dea737ce8fc895d07d71bbd6e7d08\" class=\"ls-section  page-cta animated fadeIn delay-100ms slow has-background has-color-4-background-color\" >\r\n        <div class=\"container container--wide\">\r\n        \n\n<div id=\"ls-heading ls-titre-div-block_60020747418868999b0ac59a74d1415a\" class=\"ls-titre-div aligncenter h2-like\" >\n    Discover Hy\u00e8res, the underwater trails and the beaches<\/div>\n\n\n<div id=\"ls-maillage-block_dc83c57fae93c372efec24a38bd679ff\" class=\"ls-maillage cta-style-normal\" data-rows=\"3\">\r\n    <div class=\"wp-block-columns\"><div class=\"wp-block-column\"><div class=\"ls-cta\">\n\n<a href=\"https:\/\/www.campingportpothuau.com\/en\/campsite-hyeres-presqu-ile-de-giens\/\" target=\"\" rel=\"noopener\" class=\"ls-cta__link\">\n\n\t<div class=\"ls-cta__image\"><img decoding=\"async\" width=\"434\" height=\"550\" src=\"https:\/\/www.campingportpothuau.com\/wp-content\/uploads\/2023\/01\/vacances-ile-or.jpg\" class=\"attachment-medium_large size-medium_large\" alt=\"vacances ile or\" srcset=\"https:\/\/www.campingportpothuau.com\/wp-content\/uploads\/2023\/01\/vacances-ile-or.jpg 434w, https:\/\/www.campingportpothuau.com\/wp-content\/uploads\/2023\/01\/vacances-ile-or-237x300.jpg 237w\" sizes=\"(max-width: 434px) 100vw, 434px\" \/><\/div>\t<div class=\"ls-cta__content\">\n\t\t<div class=\"ls-cta__title\">\n\t\t\t<span class=\"pothuau-vague\"><\/span><span class=\"titre-cta\">Hy\u00e8res and the Golden Islands<\/span>\n\t\t<\/div>\n\n\t\t\t<\/div>\n\n<\/a><\/div><\/div><div class=\"wp-block-column\"><div class=\"ls-cta\">\n\n<a href=\"https:\/\/www.campingportpothuau.com\/en\/campsite-by-the-sea-var\/\" target=\"\" rel=\"noopener\" class=\"ls-cta__link\">\n\n\t<div class=\"ls-cta__image\"><img decoding=\"async\" width=\"434\" height=\"550\" src=\"https:\/\/www.campingportpothuau.com\/wp-content\/uploads\/2023\/01\/sejour-plage-hyeres.jpg\" class=\"attachment-medium_large size-medium_large\" alt=\"sejour plage hyeres\" srcset=\"https:\/\/www.campingportpothuau.com\/wp-content\/uploads\/2023\/01\/sejour-plage-hyeres.jpg 434w, https:\/\/www.campingportpothuau.com\/wp-content\/uploads\/2023\/01\/sejour-plage-hyeres-237x300.jpg 237w\" sizes=\"(max-width: 434px) 100vw, 434px\" \/><\/div>\t<div class=\"ls-cta__content\">\n\t\t<div class=\"ls-cta__title\">\n\t\t\t<span class=\"pothuau-vague\"><\/span><span class=\"titre-cta\">The beaches<\/span>\n\t\t<\/div>\n\n\t\t\t<\/div>\n\n<\/a><\/div><\/div><div class=\"wp-block-column\"><div class=\"ls-cta\">\n\n<a href=\"https:\/\/www.campingportpothuau.com\/en\/path-submarine-var\/\" target=\"\" rel=\"noopener\" class=\"ls-cta__link\">\n\n\t<div class=\"ls-cta__image\"><img decoding=\"async\" width=\"434\" height=\"550\" src=\"https:\/\/www.campingportpothuau.com\/wp-content\/uploads\/2023\/01\/plongee-port-cros-1.jpg\" class=\"attachment-medium_large size-medium_large\" alt=\"plongee port cros\" srcset=\"https:\/\/www.campingportpothuau.com\/wp-content\/uploads\/2023\/01\/plongee-port-cros-1.jpg 434w, https:\/\/www.campingportpothuau.com\/wp-content\/uploads\/2023\/01\/plongee-port-cros-1-237x300.jpg 237w\" sizes=\"(max-width: 434px) 100vw, 434px\" \/><\/div>\t<div class=\"ls-cta__content\">\n\t\t<div class=\"ls-cta__title\">\n\t\t\t<span class=\"pothuau-vague\"><\/span><span class=\"titre-cta\">Underwater trails<\/span>\n\t\t<\/div>\n\n\t\t\t<\/div>\n\n<\/a><\/div><\/div><\/div><\/div>\n\r\n    <\/div>\r\n<\/section>","protected":false},"excerpt":{"rendered":"","protected":false},"author":1,"featured_media":6785,"parent":0,"menu_order":0,"comment_status":"closed","ping_status":"closed","template":"","meta":{"_acf_changed":false,"inline_featured_image":false,"footnotes":""},"sujet":[],"class_list":["post-10381","page","type-page","status-publish","has-post-thumbnail","hentry"],"acf":[],"yoast_head":"<!-- This site is optimized with the Yoast SEO plugin v24.7 - https:\/\/yoast.com\/wordpress\/plugins\/seo\/ -->\n<title>Camping C\u00f4te d&#039;Azur | Mobile homes and campsites on the French Riviera<\/title>\n<meta name=\"robots\" content=\"index, follow, max-snippet:-1, max-image-preview:large, max-video-preview:-1\" \/>\n<link rel=\"canonical\" href=\"https:\/\/www.campingportpothuau.com\/en\/campsite-cote-d-azur\/\" \/>\n<meta property=\"og:locale\" content=\"en_US\" \/>\n<meta property=\"og:type\" content=\"article\" \/>\n<meta property=\"og:title\" content=\"Camping C\u00f4te d&#039;Azur | Mobile homes and campsites on the French Riviera\" \/>\n<meta property=\"og:url\" content=\"https:\/\/www.campingportpothuau.com\/en\/campsite-cote-d-azur\/\" \/>\n<meta property=\"og:site_name\" content=\"Port Pothuau\" \/>\n<meta property=\"article:modified_time\" content=\"2023-02-16T15:43:12+00:00\" \/>\n<meta property=\"og:image\" content=\"https:\/\/www.campingportpothuau.com\/wp-content\/uploads\/2023\/01\/camping-cote-azur.jpg\" \/>\n\t<meta property=\"og:image:width\" content=\"1903\" \/>\n\t<meta property=\"og:image:height\" content=\"550\" \/>\n\t<meta property=\"og:image:type\" content=\"image\/jpeg\" \/>\n<meta name=\"twitter:card\" content=\"summary_large_image\" \/>\n<meta name=\"twitter:label1\" content=\"Est. reading time\" \/>\n\t<meta name=\"twitter:data1\" content=\"3 minutes\" \/>\n<script type=\"application\/ld+json\" class=\"yoast-schema-graph\">{\"@context\":\"https:\/\/schema.org\",\"@graph\":[{\"@type\":\"WebPage\",\"@id\":\"https:\/\/www.campingportpothuau.com\/en\/campsite-cote-d-azur\/\",\"url\":\"https:\/\/www.campingportpothuau.com\/en\/campsite-cote-d-azur\/\",\"name\":\"Camping C\u00f4te d'Azur | Mobile homes and campsites on the French Riviera\",\"isPartOf\":{\"@id\":\"https:\/\/www.campingportpothuau.com\/en\/#website\"},\"primaryImageOfPage\":{\"@id\":\"https:\/\/www.campingportpothuau.com\/en\/campsite-cote-d-azur\/#primaryimage\"},\"image\":{\"@id\":\"https:\/\/www.campingportpothuau.com\/en\/campsite-cote-d-azur\/#primaryimage\"},\"thumbnailUrl\":\"https:\/\/www.campingportpothuau.com\/wp-content\/uploads\/2023\/01\/camping-cote-azur.jpg\",\"datePublished\":\"2023-02-03T15:36:42+00:00\",\"dateModified\":\"2023-02-16T15:43:12+00:00\",\"breadcrumb\":{\"@id\":\"https:\/\/www.campingportpothuau.com\/en\/campsite-cote-d-azur\/#breadcrumb\"},\"inLanguage\":\"en-US\",\"potentialAction\":[{\"@type\":\"ReadAction\",\"target\":[\"https:\/\/www.campingportpothuau.com\/en\/campsite-cote-d-azur\/\"]}]},{\"@type\":\"ImageObject\",\"inLanguage\":\"en-US\",\"@id\":\"https:\/\/www.campingportpothuau.com\/en\/campsite-cote-d-azur\/#primaryimage\",\"url\":\"https:\/\/www.campingportpothuau.com\/wp-content\/uploads\/2023\/01\/camping-cote-azur.jpg\",\"contentUrl\":\"https:\/\/www.campingportpothuau.com\/wp-content\/uploads\/2023\/01\/camping-cote-azur.jpg\",\"width\":1903,\"height\":550,\"caption\":\"camping cote azur\"},{\"@type\":\"BreadcrumbList\",\"@id\":\"https:\/\/www.campingportpothuau.com\/en\/campsite-cote-d-azur\/#breadcrumb\",\"itemListElement\":[{\"@type\":\"ListItem\",\"position\":1,\"name\":\"Camping Var\",\"item\":\"https:\/\/www.campingportpothuau.com\/en\/\"},{\"@type\":\"ListItem\",\"position\":2,\"name\":\"Campsite C\u00f4te d'Azur\"}]},{\"@type\":\"WebSite\",\"@id\":\"https:\/\/www.campingportpothuau.com\/en\/#website\",\"url\":\"https:\/\/www.campingportpothuau.com\/en\/\",\"name\":\"Port Pothuau\",\"description\":\"\",\"publisher\":{\"@id\":\"https:\/\/www.campingportpothuau.com\/en\/#organization\"},\"potentialAction\":[{\"@type\":\"SearchAction\",\"target\":{\"@type\":\"EntryPoint\",\"urlTemplate\":\"https:\/\/www.campingportpothuau.com\/en\/?s={search_term_string}\"},\"query-input\":{\"@type\":\"PropertyValueSpecification\",\"valueRequired\":true,\"valueName\":\"search_term_string\"}}],\"inLanguage\":\"en-US\"},{\"@type\":\"Organization\",\"@id\":\"https:\/\/www.campingportpothuau.com\/en\/#organization\",\"name\":\"Port Pothuau\",\"url\":\"https:\/\/www.campingportpothuau.com\/en\/\",\"logo\":{\"@type\":\"ImageObject\",\"inLanguage\":\"en-US\",\"@id\":\"https:\/\/www.campingportpothuau.com\/en\/#\/schema\/logo\/image\/\",\"url\":\"https:\/\/www.campingportpothuau.com\/wp-content\/uploads\/2022\/12\/LogoPort-Pothuau-Texte-Blanc-1.svg\",\"contentUrl\":\"https:\/\/www.campingportpothuau.com\/wp-content\/uploads\/2022\/12\/LogoPort-Pothuau-Texte-Blanc-1.svg\",\"caption\":\"Port Pothuau\"},\"image\":{\"@id\":\"https:\/\/www.campingportpothuau.com\/en\/#\/schema\/logo\/image\/\"}}]}<\/script>\n<!-- \/ Yoast SEO plugin. -->","yoast_head_json":{"title":"Camping C\u00f4te d'Azur | Mobile homes and campsites on the French Riviera","robots":{"index":"index","follow":"follow","max-snippet":"max-snippet:-1","max-image-preview":"max-image-preview:large","max-video-preview":"max-video-preview:-1"},"canonical":"https:\/\/www.campingportpothuau.com\/en\/campsite-cote-d-azur\/","og_locale":"en_US","og_type":"article","og_title":"Camping C\u00f4te d'Azur | Mobile homes and campsites on the French Riviera","og_url":"https:\/\/www.campingportpothuau.com\/en\/campsite-cote-d-azur\/","og_site_name":"Port Pothuau","article_modified_time":"2023-02-16T15:43:12+00:00","og_image":[{"width":1903,"height":550,"url":"https:\/\/www.campingportpothuau.com\/wp-content\/uploads\/2023\/01\/camping-cote-azur.jpg","type":"image\/jpeg"}],"twitter_card":"summary_large_image","twitter_misc":{"Est. reading time":"3 minutes"},"schema":{"@context":"https:\/\/schema.org","@graph":[{"@type":"WebPage","@id":"https:\/\/www.campingportpothuau.com\/en\/campsite-cote-d-azur\/","url":"https:\/\/www.campingportpothuau.com\/en\/campsite-cote-d-azur\/","name":"Camping C\u00f4te d'Azur | Mobile homes and campsites on the French Riviera","isPartOf":{"@id":"https:\/\/www.campingportpothuau.com\/en\/#website"},"primaryImageOfPage":{"@id":"https:\/\/www.campingportpothuau.com\/en\/campsite-cote-d-azur\/#primaryimage"},"image":{"@id":"https:\/\/www.campingportpothuau.com\/en\/campsite-cote-d-azur\/#primaryimage"},"thumbnailUrl":"https:\/\/www.campingportpothuau.com\/wp-content\/uploads\/2023\/01\/camping-cote-azur.jpg","datePublished":"2023-02-03T15:36:42+00:00","dateModified":"2023-02-16T15:43:12+00:00","breadcrumb":{"@id":"https:\/\/www.campingportpothuau.com\/en\/campsite-cote-d-azur\/#breadcrumb"},"inLanguage":"en-US","potentialAction":[{"@type":"ReadAction","target":["https:\/\/www.campingportpothuau.com\/en\/campsite-cote-d-azur\/"]}]},{"@type":"ImageObject","inLanguage":"en-US","@id":"https:\/\/www.campingportpothuau.com\/en\/campsite-cote-d-azur\/#primaryimage","url":"https:\/\/www.campingportpothuau.com\/wp-content\/uploads\/2023\/01\/camping-cote-azur.jpg","contentUrl":"https:\/\/www.campingportpothuau.com\/wp-content\/uploads\/2023\/01\/camping-cote-azur.jpg","width":1903,"height":550,"caption":"camping cote azur"},{"@type":"BreadcrumbList","@id":"https:\/\/www.campingportpothuau.com\/en\/campsite-cote-d-azur\/#breadcrumb","itemListElement":[{"@type":"ListItem","position":1,"name":"Camping Var","item":"https:\/\/www.campingportpothuau.com\/en\/"},{"@type":"ListItem","position":2,"name":"Campsite C\u00f4te d'Azur"}]},{"@type":"WebSite","@id":"https:\/\/www.campingportpothuau.com\/en\/#website","url":"https:\/\/www.campingportpothuau.com\/en\/","name":"Port Pothuau","description":"","publisher":{"@id":"https:\/\/www.campingportpothuau.com\/en\/#organization"},"potentialAction":[{"@type":"SearchAction","target":{"@type":"EntryPoint","urlTemplate":"https:\/\/www.campingportpothuau.com\/en\/?s={search_term_string}"},"query-input":{"@type":"PropertyValueSpecification","valueRequired":true,"valueName":"search_term_string"}}],"inLanguage":"en-US"},{"@type":"Organization","@id":"https:\/\/www.campingportpothuau.com\/en\/#organization","name":"Port Pothuau","url":"https:\/\/www.campingportpothuau.com\/en\/","logo":{"@type":"ImageObject","inLanguage":"en-US","@id":"https:\/\/www.campingportpothuau.com\/en\/#\/schema\/logo\/image\/","url":"https:\/\/www.campingportpothuau.com\/wp-content\/uploads\/2022\/12\/LogoPort-Pothuau-Texte-Blanc-1.svg","contentUrl":"https:\/\/www.campingportpothuau.com\/wp-content\/uploads\/2022\/12\/LogoPort-Pothuau-Texte-Blanc-1.svg","caption":"Port Pothuau"},"image":{"@id":"https:\/\/www.campingportpothuau.com\/en\/#\/schema\/logo\/image\/"}}]}},"_links":{"self":[{"href":"https:\/\/www.campingportpothuau.com\/en\/wp-json\/wp\/v2\/pages\/10381","targetHints":{"allow":["GET"]}}],"collection":[{"href":"https:\/\/www.campingportpothuau.com\/en\/wp-json\/wp\/v2\/pages"}],"about":[{"href":"https:\/\/www.campingportpothuau.com\/en\/wp-json\/wp\/v2\/types\/page"}],"author":[{"embeddable":true,"href":"https:\/\/www.campingportpothuau.com\/en\/wp-json\/wp\/v2\/users\/1"}],"replies":[{"embeddable":true,"href":"https:\/\/www.campingportpothuau.com\/en\/wp-json\/wp\/v2\/comments?post=10381"}],"version-history":[{"count":8,"href":"https:\/\/www.campingportpothuau.com\/en\/wp-json\/wp\/v2\/pages\/10381\/revisions"}],"predecessor-version":[{"id":12556,"href":"https:\/\/www.campingportpothuau.com\/en\/wp-json\/wp\/v2\/pages\/10381\/revisions\/12556"}],"wp:featuredmedia":[{"embeddable":true,"href":"https:\/\/www.campingportpothuau.com\/en\/wp-json\/wp\/v2\/media\/6785"}],"wp:attachment":[{"href":"https:\/\/www.campingportpothuau.com\/en\/wp-json\/wp\/v2\/media?parent=10381"}],"wp:term":[{"taxonomy":"sujet","embeddable":true,"href":"https:\/\/www.campingportpothuau.com\/en\/wp-json\/wp\/v2\/sujet?post=10381"}],"curies":[{"name":"wp","href":"https:\/\/api.w.org\/{rel}","templated":true}]}}