{"id":10365,"date":"2023-02-03T15:12:52","date_gmt":"2023-02-03T14:12:52","guid":{"rendered":"https:\/\/www.campingportpothuau.com\/aquatic-activities-var\/"},"modified":"2023-02-28T12:19:53","modified_gmt":"2023-02-28T11:19:53","slug":"aquatic-activities-var","status":"publish","type":"page","link":"https:\/\/www.campingportpothuau.com\/en\/aquatic-activities-var\/","title":{"rendered":"Water sports activities"},"content":{"rendered":"<section id=\"ls-section-block_2b16291e0156504b6caa03df2e45d67b\" class=\"ls-section \" >\r\n        <div class=\"container container--wide\">\r\n        \n\n<h1 class=\"ls__heading has-text-align-center wp-block-heading\">All water activities and diving in the Mediterranean<\/h1>\n\n\r\n    <\/div>\r\n<\/section>\n\n<section id=\"ls-section-block_cb1b77e33b21cc9c3565129cf4925b39\" class=\"ls-section  home-seventh page-one\" >\r\n        <div class=\"container container--full\">\r\n        \n\n<div class=\"wp-block-columns are-vertically-aligned-center is-layout-flex wp-container-core-columns-is-layout-9d6595d7 wp-block-columns-is-layout-flex\">\n<div class=\"wp-block-column is-vertically-aligned-center is-layout-flow wp-block-column-is-layout-flow\" style=\"flex-basis:30%\">\n<p class=\"ls-paragraph\">Discover the Mediterranean in a thousand and one ways: diving, snorkelling, water sports&#8230; You will be spoilt for choice in terms of water activities around our <a href=\"https:\/\/www.campingportpothuau.com\/en\/\">4-star campsite in Hy\u00e8res<\/a>, Port Pothuau.<\/p>\n\n\n\n<h2 class=\"ls-heading wp-block-heading\">Scuba diving in the Mediterranean<\/h2>\n\n\n\n<p class=\"ls-paragraph\">Would you like to discover the sea bed during a scuba dive? A first dive, advanced training or <strong>simply exploring the depths?<\/strong> <\/p>\n\n\n\n<p class=\"ls-paragraph\">You will be supervised by passionate people who are keen to share the wonders of our Mediterranean!<\/p>\n<\/div>\n\n\n\n<div class=\"wp-block-column is-vertically-aligned-center animated fadeInRight delay-100ms slower is-layout-flow wp-block-column-is-layout-flow\" style=\"flex-basis:70%\">\n<figure class=\"wp-block-gallery has-nested-images columns-default is-cropped wp-block-gallery-1 is-layout-flex wp-block-gallery-is-layout-flex\">\n<figure class=\"wp-block-image size-full\"><a href=\"https:\/\/www.campingportpothuau.com\/wp-content\/uploads\/2023\/01\/plongee-mediterranee.webp\"><img decoding=\"async\" width=\"1000\" height=\"687\" data-id=\"10034\" src=\"https:\/\/www.campingportpothuau.com\/wp-content\/uploads\/2023\/01\/plongee-mediterranee.webp\" alt=\"plong\u00e9e m\u00e9diterran\u00e9enne\" class=\"wp-image-10034\" srcset=\"https:\/\/www.campingportpothuau.com\/wp-content\/uploads\/2023\/01\/plongee-mediterranee.webp 1000w, https:\/\/www.campingportpothuau.com\/wp-content\/uploads\/2023\/01\/plongee-mediterranee-300x206.webp 300w, https:\/\/www.campingportpothuau.com\/wp-content\/uploads\/2023\/01\/plongee-mediterranee-768x528.webp 768w\" sizes=\"(max-width: 1000px) 100vw, 1000px\" \/><\/a><\/figure>\n\n\n\n<figure class=\"wp-block-image size-full\"><a href=\"https:\/\/www.campingportpothuau.com\/wp-content\/uploads\/2023\/01\/plongee-sous-marine-var-1.jpg\"><img decoding=\"async\" width=\"1000\" height=\"750\" data-id=\"8616\" src=\"https:\/\/www.campingportpothuau.com\/wp-content\/uploads\/2023\/01\/plongee-sous-marine-var-1.jpg\" alt=\"scuba diving var\" class=\"wp-image-8616\" srcset=\"https:\/\/www.campingportpothuau.com\/wp-content\/uploads\/2023\/01\/plongee-sous-marine-var-1.jpg 1000w, https:\/\/www.campingportpothuau.com\/wp-content\/uploads\/2023\/01\/plongee-sous-marine-var-1-300x225.jpg 300w, https:\/\/www.campingportpothuau.com\/wp-content\/uploads\/2023\/01\/plongee-sous-marine-var-1-768x576.jpg 768w\" sizes=\"(max-width: 1000px) 100vw, 1000px\" \/><\/a><\/figure>\n<\/figure>\n<\/div>\n<\/div>\n\n\r\n    <\/div>\r\n<\/section>\n\n<section id=\"ls-section-block_f77c05c4287d16ba6d0473fdf542dfd6\" class=\"ls-section  home-second page-two flex-reverse has-background has-color-5-background-color has-text-color has-color-white-color\" >\r\n        <div class=\"container container--wide\">\r\n        \n\n<div class=\"wp-block-columns is-layout-flex wp-container-core-columns-is-layout-9d6595d7 wp-block-columns-is-layout-flex\">\n<div class=\"wp-block-column is-layout-flow wp-block-column-is-layout-flow\" style=\"flex-basis:40%\">\n<h2 class=\"ls__heading has-text-align-center has-color-2-color has-text-color wp-block-heading\">Stand up paddle, take the time to listen to the sea&#8230;<\/h2>\n<\/div>\n\n\n\n<div class=\"wp-block-column is-layout-flow wp-block-column-is-layout-flow\" style=\"flex-basis:60%\">\n<p class=\"ls-paragraph\"><strong>Stand-up paddling<\/strong> is a form of surfing that comes to us from Hawaii. Standing on the board with a single paddle, it provides absolute freedom to sail along the coast &#8230; The ideal for this water activity in the Var is to leave at sunset on <strong>our beautiful beach of Almanarre<\/strong> and why not take the aperitif to take it off &#8230;<\/p>\n<\/div>\n<\/div>\n\n\r\n    <\/div>\r\n<\/section>\n\n<section id=\"ls-section-block_554c600ed74d5d164ad3be754bba13ea\" class=\"ls-section  home-third page-three illustration-vague p-b-0\" >\r\n        <div class=\"container container--wide\">\r\n        \n\n<div class=\"wp-block-columns are-vertically-aligned-top is-layout-flex wp-container-core-columns-is-layout-9d6595d7 wp-block-columns-is-layout-flex\">\n<div class=\"wp-block-column is-vertically-aligned-top is-layout-flow wp-block-column-is-layout-flow\" style=\"flex-basis:40%\">\n<h2 class=\"ls-heading wp-block-heading\">Parasailing<\/h2>\n\n\n\n<p class=\"ls-paragraph\">Share this wonderful moment alone, in pairs or with your family. You will be harnessed to a <strong>huge sail and pulled by a boat.<\/strong> In the air above the Big Blue and the Golden Islands, you will discover an invaluable panorama.<\/p>\n<\/div>\n\n\n\n<div class=\"wp-block-column is-vertically-aligned-top animated fadeInUp slow is-layout-flow wp-block-column-is-layout-flow\" style=\"flex-basis:60%\">\n<figure class=\"wp-block-gallery has-nested-images columns-default is-cropped galerie-slide-general wp-block-gallery-2 is-layout-flex wp-block-gallery-is-layout-flex\">\n<figure class=\"wp-block-image size-full\"><a href=\"https:\/\/www.campingportpothuau.com\/wp-content\/uploads\/2023\/01\/stand-up-paddle-var.jpg\"><img decoding=\"async\" width=\"1000\" height=\"750\" data-id=\"8629\" src=\"https:\/\/www.campingportpothuau.com\/wp-content\/uploads\/2023\/01\/stand-up-paddle-var.jpg\" alt=\"stand up paddle var\" class=\"wp-image-8629\" srcset=\"https:\/\/www.campingportpothuau.com\/wp-content\/uploads\/2023\/01\/stand-up-paddle-var.jpg 1000w, https:\/\/www.campingportpothuau.com\/wp-content\/uploads\/2023\/01\/stand-up-paddle-var-300x225.jpg 300w, https:\/\/www.campingportpothuau.com\/wp-content\/uploads\/2023\/01\/stand-up-paddle-var-768x576.jpg 768w\" sizes=\"(max-width: 1000px) 100vw, 1000px\" \/><\/a><\/figure>\n\n\n\n<figure class=\"wp-block-image size-full\"><img decoding=\"async\" width=\"782\" height=\"580\" data-id=\"8652\" src=\"https:\/\/www.campingportpothuau.com\/wp-content\/uploads\/2023\/01\/kitesurf-var.jpg\" alt=\"kitesurf var\" class=\"wp-image-8652\" srcset=\"https:\/\/www.campingportpothuau.com\/wp-content\/uploads\/2023\/01\/kitesurf-var.jpg 782w, https:\/\/www.campingportpothuau.com\/wp-content\/uploads\/2023\/01\/kitesurf-var-300x223.jpg 300w, https:\/\/www.campingportpothuau.com\/wp-content\/uploads\/2023\/01\/kitesurf-var-768x570.jpg 768w\" sizes=\"(max-width: 782px) 100vw, 782px\" \/><\/figure>\n\n\n\n<figure class=\"wp-block-image size-large\"><img decoding=\"async\" width=\"1024\" height=\"684\" data-id=\"13709\" src=\"https:\/\/www.campingportpothuau.com\/wp-content\/uploads\/2023\/02\/Kite-surf-1024x684.webp\" alt=\"Kite Surf Var\" class=\"wp-image-13709\" srcset=\"https:\/\/www.campingportpothuau.com\/wp-content\/uploads\/2023\/02\/Kite-surf-1024x684.webp 1024w, https:\/\/www.campingportpothuau.com\/wp-content\/uploads\/2023\/02\/Kite-surf-300x200.webp 300w, https:\/\/www.campingportpothuau.com\/wp-content\/uploads\/2023\/02\/Kite-surf-768x513.webp 768w, https:\/\/www.campingportpothuau.com\/wp-content\/uploads\/2023\/02\/Kite-surf-1536x1026.webp 1536w, https:\/\/www.campingportpothuau.com\/wp-content\/uploads\/2023\/02\/Kite-surf.webp 1920w\" sizes=\"(max-width: 1024px) 100vw, 1024px\" \/><\/figure>\n<\/figure>\n<\/div>\n<\/div>\n\n\r\n    <\/div>\r\n<\/section>\n\n<section id=\"ls-section-block_630a1f9d97ebb3813ec9ada5062f69d2\" class=\"ls-section  home-sixth page-four hummmm default-illustration illustration-ile p-t-3\" >\r\n        <div class=\"container container--wide\">\r\n        \n\n<div class=\"wp-block-columns is-layout-flex wp-container-core-columns-is-layout-9d6595d7 wp-block-columns-is-layout-flex\">\n<div class=\"wp-block-column is-vertically-aligned-center animated fadeInLeft slow is-layout-flow wp-block-column-is-layout-flow\" style=\"flex-basis:60%\">\n<figure class=\"wp-block-image size-full\"><img decoding=\"async\" width=\"757\" height=\"519\" src=\"https:\/\/www.campingportpothuau.com\/wp-content\/uploads\/2023\/01\/rafting-verdon.jpg\" alt=\"rafting gorges du verdon\" class=\"wp-image-8639\" srcset=\"https:\/\/www.campingportpothuau.com\/wp-content\/uploads\/2023\/01\/rafting-verdon.jpg 757w, https:\/\/www.campingportpothuau.com\/wp-content\/uploads\/2023\/01\/rafting-verdon-300x206.jpg 300w\" sizes=\"(max-width: 757px) 100vw, 757px\" \/><\/figure>\n<\/div>\n\n\n\n<div class=\"wp-block-column is-vertically-aligned-center is-layout-flow wp-block-column-is-layout-flow\" style=\"flex-basis:40%\">\n<h2 class=\"ls-heading wp-block-heading\">Kitesurfing<\/h2>\n\n\n\n<p class=\"ls-paragraph\">The latest in board sports and a must <strong>for water activities in the Var!<\/strong> Kitesurfing offers incredible sensations of pure glide and weightlessness. Whether you are a beginner or an expert, the instructors will adapt to your level!<\/p>\n\n\n\n<p class=\"ls-paragraph\">You are towed by a sail attached to a harness. And if you want to see before testing, go to Almanarre on mistral days, you will see the ballet of the kitesurfers.<\/p>\n\n\n\n<h2 class=\"ls-heading wp-block-heading\">Rafting<\/h2>\n\n\n\n<p class=\"ls-paragraph\">A little further inland, you will have the opportunity to try rafting, canorafting, canyoning&#8230;<\/p>\n\n\n\n<p class=\"ls-paragraph\">In a <strong>friendly atmosphere<\/strong>, the guides will help you discover the largest canyon in Europe, <strong>a wonder of the world<\/strong>: Le Verdon&#8230;<\/p>\n<\/div>\n<\/div>\n\n\r\n    <\/div>\r\n<\/section>\n\n<section id=\"ls-section-block_e6e8bb9d1bebfedf4eb44a2c10a16c4f\" class=\"ls-section  page-cta animated fadeIn delay-100ms slow has-background has-color-4-background-color\" >\r\n        <div class=\"container container--wide\">\r\n        \n\n<div id=\"ls-heading ls-titre-div-block_a65aacce7b0d920261f8c7103c47f207\" class=\"ls-titre-div aligncenter h2-like\" >\n    Our other services<\/div>\n\n\n<div id=\"ls-maillage-block_218e64d7aaa3b8305fb8429716002a38\" class=\"ls-maillage cta-style-normal\" data-rows=\"3\">\r\n    <div class=\"wp-block-columns\"><div class=\"wp-block-column\"><div class=\"ls-cta\">\n\n<a href=\"https:\/\/www.campingportpothuau.com\/en\/campsite-var-activities\/\" target=\"\" rel=\"noopener\" class=\"ls-cta__link\">\n\n\t<div class=\"ls-cta__image\"><img decoding=\"async\" width=\"435\" height=\"550\" src=\"https:\/\/www.campingportpothuau.com\/wp-content\/uploads\/2023\/01\/camping-animations-familiales-var.jpg\" class=\"attachment-medium_large size-medium_large\" alt=\"camping animations familiales var\" srcset=\"https:\/\/www.campingportpothuau.com\/wp-content\/uploads\/2023\/01\/camping-animations-familiales-var.jpg 435w, https:\/\/www.campingportpothuau.com\/wp-content\/uploads\/2023\/01\/camping-animations-familiales-var-237x300.jpg 237w\" sizes=\"(max-width: 435px) 100vw, 435px\" \/><\/div>\t<div class=\"ls-cta__content\">\n\t\t<div class=\"ls-cta__title\">\n\t\t\t<span class=\"pothuau-vague\"><\/span><span class=\"titre-cta\">Animations<\/span>\n\t\t<\/div>\n\n\t\t\t<\/div>\n\n<\/a><\/div><\/div><div class=\"wp-block-column\"><div class=\"ls-cta\">\n\n<a href=\"https:\/\/www.campingportpothuau.com\/en\/campsite-restaurant-var\/\" target=\"\" rel=\"noopener\" class=\"ls-cta__link\">\n\n\t<div class=\"ls-cta__image\"><img decoding=\"async\" width=\"434\" height=\"550\" src=\"https:\/\/www.campingportpothuau.com\/wp-content\/uploads\/2023\/01\/bar-var.jpg\" class=\"attachment-medium_large size-medium_large\" alt=\"bar var\" srcset=\"https:\/\/www.campingportpothuau.com\/wp-content\/uploads\/2023\/01\/bar-var.jpg 434w, https:\/\/www.campingportpothuau.com\/wp-content\/uploads\/2023\/01\/bar-var-237x300.jpg 237w\" sizes=\"(max-width: 434px) 100vw, 434px\" \/><\/div>\t<div class=\"ls-cta__content\">\n\t\t<div class=\"ls-cta__title\">\n\t\t\t<span class=\"pothuau-vague\"><\/span><span class=\"titre-cta\">Bar &#038; restaurant<\/span>\n\t\t<\/div>\n\n\t\t\t<\/div>\n\n<\/a><\/div><\/div><div class=\"wp-block-column\"><div class=\"ls-cta\">\n\n<a href=\"https:\/\/www.campingportpothuau.com\/en\/camping-club-enfant-var\/\" target=\"\" rel=\"noopener\" class=\"ls-cta__link\">\n\n\t<div class=\"ls-cta__image\"><img decoding=\"async\" width=\"434\" height=\"550\" src=\"https:\/\/www.campingportpothuau.com\/wp-content\/uploads\/2023\/01\/camping-club-enfants-var.jpg\" class=\"attachment-medium_large size-medium_large\" alt=\"camping club enfants var\" srcset=\"https:\/\/www.campingportpothuau.com\/wp-content\/uploads\/2023\/01\/camping-club-enfants-var.jpg 434w, https:\/\/www.campingportpothuau.com\/wp-content\/uploads\/2023\/01\/camping-club-enfants-var-237x300.jpg 237w\" sizes=\"(max-width: 434px) 100vw, 434px\" \/><\/div>\t<div class=\"ls-cta__content\">\n\t\t<div class=\"ls-cta__title\">\n\t\t\t<span class=\"pothuau-vague\"><\/span><span class=\"titre-cta\">Kids Club<\/span>\n\t\t<\/div>\n\n\t\t\t<\/div>\n\n<\/a><\/div><\/div><\/div><\/div>\n\r\n    <\/div>\r\n<\/section>","protected":false},"excerpt":{"rendered":"","protected":false},"author":1,"featured_media":8667,"parent":0,"menu_order":0,"comment_status":"closed","ping_status":"closed","template":"","meta":{"_acf_changed":false,"inline_featured_image":false,"footnotes":""},"sujet":[],"class_list":["post-10365","page","type-page","status-publish","has-post-thumbnail","hentry"],"acf":[],"yoast_head":"<!-- This site is optimized with the Yoast SEO plugin v24.7 - https:\/\/yoast.com\/wordpress\/plugins\/seo\/ -->\n<title>Water activities Var : diving, kitesurfing, rafting Presqu&#039;il de Giens<\/title>\n<meta name=\"description\" content=\"Discover the water activities available near the Port Pothuau campsite to glimpse the beauty of the Mediterranean.\" \/>\n<meta name=\"robots\" content=\"index, follow, max-snippet:-1, max-image-preview:large, max-video-preview:-1\" \/>\n<link rel=\"canonical\" href=\"https:\/\/www.campingportpothuau.com\/en\/aquatic-activities-var\/\" \/>\n<meta property=\"og:locale\" content=\"en_US\" \/>\n<meta property=\"og:type\" content=\"article\" \/>\n<meta property=\"og:title\" content=\"Water activities Var : diving, kitesurfing, rafting Presqu&#039;il de Giens\" \/>\n<meta property=\"og:description\" content=\"Discover the water activities available near the Port Pothuau campsite to glimpse the beauty of the Mediterranean.\" \/>\n<meta property=\"og:url\" content=\"https:\/\/www.campingportpothuau.com\/en\/aquatic-activities-var\/\" \/>\n<meta property=\"og:site_name\" content=\"Port Pothuau\" \/>\n<meta property=\"article:modified_time\" content=\"2023-02-28T11:19:53+00:00\" \/>\n<meta property=\"og:image\" content=\"https:\/\/www.campingportpothuau.com\/wp-content\/uploads\/2023\/01\/plongee-var-1.jpg\" \/>\n\t<meta property=\"og:image:width\" content=\"1903\" \/>\n\t<meta property=\"og:image:height\" content=\"550\" \/>\n\t<meta property=\"og:image:type\" content=\"image\/jpeg\" \/>\n<meta name=\"twitter:card\" content=\"summary_large_image\" \/>\n<meta name=\"twitter:label1\" content=\"Est. reading time\" \/>\n\t<meta name=\"twitter:data1\" content=\"3 minutes\" \/>\n<script type=\"application\/ld+json\" class=\"yoast-schema-graph\">{\"@context\":\"https:\/\/schema.org\",\"@graph\":[{\"@type\":\"WebPage\",\"@id\":\"https:\/\/www.campingportpothuau.com\/en\/aquatic-activities-var\/\",\"url\":\"https:\/\/www.campingportpothuau.com\/en\/aquatic-activities-var\/\",\"name\":\"Water activities Var : diving, kitesurfing, rafting Presqu'il de Giens\",\"isPartOf\":{\"@id\":\"https:\/\/www.campingportpothuau.com\/en\/#website\"},\"primaryImageOfPage\":{\"@id\":\"https:\/\/www.campingportpothuau.com\/en\/aquatic-activities-var\/#primaryimage\"},\"image\":{\"@id\":\"https:\/\/www.campingportpothuau.com\/en\/aquatic-activities-var\/#primaryimage\"},\"thumbnailUrl\":\"https:\/\/www.campingportpothuau.com\/wp-content\/uploads\/2023\/01\/plongee-var-1.jpg\",\"datePublished\":\"2023-02-03T14:12:52+00:00\",\"dateModified\":\"2023-02-28T11:19:53+00:00\",\"description\":\"Discover the water activities available near the Port Pothuau campsite to glimpse the beauty of the Mediterranean.\",\"breadcrumb\":{\"@id\":\"https:\/\/www.campingportpothuau.com\/en\/aquatic-activities-var\/#breadcrumb\"},\"inLanguage\":\"en-US\",\"potentialAction\":[{\"@type\":\"ReadAction\",\"target\":[\"https:\/\/www.campingportpothuau.com\/en\/aquatic-activities-var\/\"]}]},{\"@type\":\"ImageObject\",\"inLanguage\":\"en-US\",\"@id\":\"https:\/\/www.campingportpothuau.com\/en\/aquatic-activities-var\/#primaryimage\",\"url\":\"https:\/\/www.campingportpothuau.com\/wp-content\/uploads\/2023\/01\/plongee-var-1.jpg\",\"contentUrl\":\"https:\/\/www.campingportpothuau.com\/wp-content\/uploads\/2023\/01\/plongee-var-1.jpg\",\"width\":1903,\"height\":550,\"caption\":\"plongee var\"},{\"@type\":\"BreadcrumbList\",\"@id\":\"https:\/\/www.campingportpothuau.com\/en\/aquatic-activities-var\/#breadcrumb\",\"itemListElement\":[{\"@type\":\"ListItem\",\"position\":1,\"name\":\"Camping Var\",\"item\":\"https:\/\/www.campingportpothuau.com\/en\/\"},{\"@type\":\"ListItem\",\"position\":2,\"name\":\"Water sports activities\"}]},{\"@type\":\"WebSite\",\"@id\":\"https:\/\/www.campingportpothuau.com\/en\/#website\",\"url\":\"https:\/\/www.campingportpothuau.com\/en\/\",\"name\":\"Port Pothuau\",\"description\":\"\",\"publisher\":{\"@id\":\"https:\/\/www.campingportpothuau.com\/en\/#organization\"},\"potentialAction\":[{\"@type\":\"SearchAction\",\"target\":{\"@type\":\"EntryPoint\",\"urlTemplate\":\"https:\/\/www.campingportpothuau.com\/en\/?s={search_term_string}\"},\"query-input\":{\"@type\":\"PropertyValueSpecification\",\"valueRequired\":true,\"valueName\":\"search_term_string\"}}],\"inLanguage\":\"en-US\"},{\"@type\":\"Organization\",\"@id\":\"https:\/\/www.campingportpothuau.com\/en\/#organization\",\"name\":\"Port Pothuau\",\"url\":\"https:\/\/www.campingportpothuau.com\/en\/\",\"logo\":{\"@type\":\"ImageObject\",\"inLanguage\":\"en-US\",\"@id\":\"https:\/\/www.campingportpothuau.com\/en\/#\/schema\/logo\/image\/\",\"url\":\"https:\/\/www.campingportpothuau.com\/wp-content\/uploads\/2022\/12\/LogoPort-Pothuau-Texte-Blanc-1.svg\",\"contentUrl\":\"https:\/\/www.campingportpothuau.com\/wp-content\/uploads\/2022\/12\/LogoPort-Pothuau-Texte-Blanc-1.svg\",\"caption\":\"Port Pothuau\"},\"image\":{\"@id\":\"https:\/\/www.campingportpothuau.com\/en\/#\/schema\/logo\/image\/\"}}]}<\/script>\n<!-- \/ Yoast SEO plugin. -->","yoast_head_json":{"title":"Water activities Var : diving, kitesurfing, rafting Presqu'il de Giens","description":"Discover the water activities available near the Port Pothuau campsite to glimpse the beauty of the Mediterranean.","robots":{"index":"index","follow":"follow","max-snippet":"max-snippet:-1","max-image-preview":"max-image-preview:large","max-video-preview":"max-video-preview:-1"},"canonical":"https:\/\/www.campingportpothuau.com\/en\/aquatic-activities-var\/","og_locale":"en_US","og_type":"article","og_title":"Water activities Var : diving, kitesurfing, rafting Presqu'il de Giens","og_description":"Discover the water activities available near the Port Pothuau campsite to glimpse the beauty of the Mediterranean.","og_url":"https:\/\/www.campingportpothuau.com\/en\/aquatic-activities-var\/","og_site_name":"Port Pothuau","article_modified_time":"2023-02-28T11:19:53+00:00","og_image":[{"width":1903,"height":550,"url":"https:\/\/www.campingportpothuau.com\/wp-content\/uploads\/2023\/01\/plongee-var-1.jpg","type":"image\/jpeg"}],"twitter_card":"summary_large_image","twitter_misc":{"Est. reading time":"3 minutes"},"schema":{"@context":"https:\/\/schema.org","@graph":[{"@type":"WebPage","@id":"https:\/\/www.campingportpothuau.com\/en\/aquatic-activities-var\/","url":"https:\/\/www.campingportpothuau.com\/en\/aquatic-activities-var\/","name":"Water activities Var : diving, kitesurfing, rafting Presqu'il de Giens","isPartOf":{"@id":"https:\/\/www.campingportpothuau.com\/en\/#website"},"primaryImageOfPage":{"@id":"https:\/\/www.campingportpothuau.com\/en\/aquatic-activities-var\/#primaryimage"},"image":{"@id":"https:\/\/www.campingportpothuau.com\/en\/aquatic-activities-var\/#primaryimage"},"thumbnailUrl":"https:\/\/www.campingportpothuau.com\/wp-content\/uploads\/2023\/01\/plongee-var-1.jpg","datePublished":"2023-02-03T14:12:52+00:00","dateModified":"2023-02-28T11:19:53+00:00","description":"Discover the water activities available near the Port Pothuau campsite to glimpse the beauty of the Mediterranean.","breadcrumb":{"@id":"https:\/\/www.campingportpothuau.com\/en\/aquatic-activities-var\/#breadcrumb"},"inLanguage":"en-US","potentialAction":[{"@type":"ReadAction","target":["https:\/\/www.campingportpothuau.com\/en\/aquatic-activities-var\/"]}]},{"@type":"ImageObject","inLanguage":"en-US","@id":"https:\/\/www.campingportpothuau.com\/en\/aquatic-activities-var\/#primaryimage","url":"https:\/\/www.campingportpothuau.com\/wp-content\/uploads\/2023\/01\/plongee-var-1.jpg","contentUrl":"https:\/\/www.campingportpothuau.com\/wp-content\/uploads\/2023\/01\/plongee-var-1.jpg","width":1903,"height":550,"caption":"plongee var"},{"@type":"BreadcrumbList","@id":"https:\/\/www.campingportpothuau.com\/en\/aquatic-activities-var\/#breadcrumb","itemListElement":[{"@type":"ListItem","position":1,"name":"Camping Var","item":"https:\/\/www.campingportpothuau.com\/en\/"},{"@type":"ListItem","position":2,"name":"Water sports activities"}]},{"@type":"WebSite","@id":"https:\/\/www.campingportpothuau.com\/en\/#website","url":"https:\/\/www.campingportpothuau.com\/en\/","name":"Port Pothuau","description":"","publisher":{"@id":"https:\/\/www.campingportpothuau.com\/en\/#organization"},"potentialAction":[{"@type":"SearchAction","target":{"@type":"EntryPoint","urlTemplate":"https:\/\/www.campingportpothuau.com\/en\/?s={search_term_string}"},"query-input":{"@type":"PropertyValueSpecification","valueRequired":true,"valueName":"search_term_string"}}],"inLanguage":"en-US"},{"@type":"Organization","@id":"https:\/\/www.campingportpothuau.com\/en\/#organization","name":"Port Pothuau","url":"https:\/\/www.campingportpothuau.com\/en\/","logo":{"@type":"ImageObject","inLanguage":"en-US","@id":"https:\/\/www.campingportpothuau.com\/en\/#\/schema\/logo\/image\/","url":"https:\/\/www.campingportpothuau.com\/wp-content\/uploads\/2022\/12\/LogoPort-Pothuau-Texte-Blanc-1.svg","contentUrl":"https:\/\/www.campingportpothuau.com\/wp-content\/uploads\/2022\/12\/LogoPort-Pothuau-Texte-Blanc-1.svg","caption":"Port Pothuau"},"image":{"@id":"https:\/\/www.campingportpothuau.com\/en\/#\/schema\/logo\/image\/"}}]}},"_links":{"self":[{"href":"https:\/\/www.campingportpothuau.com\/en\/wp-json\/wp\/v2\/pages\/10365","targetHints":{"allow":["GET"]}}],"collection":[{"href":"https:\/\/www.campingportpothuau.com\/en\/wp-json\/wp\/v2\/pages"}],"about":[{"href":"https:\/\/www.campingportpothuau.com\/en\/wp-json\/wp\/v2\/types\/page"}],"author":[{"embeddable":true,"href":"https:\/\/www.campingportpothuau.com\/en\/wp-json\/wp\/v2\/users\/1"}],"replies":[{"embeddable":true,"href":"https:\/\/www.campingportpothuau.com\/en\/wp-json\/wp\/v2\/comments?post=10365"}],"version-history":[{"count":7,"href":"https:\/\/www.campingportpothuau.com\/en\/wp-json\/wp\/v2\/pages\/10365\/revisions"}],"predecessor-version":[{"id":13714,"href":"https:\/\/www.campingportpothuau.com\/en\/wp-json\/wp\/v2\/pages\/10365\/revisions\/13714"}],"wp:featuredmedia":[{"embeddable":true,"href":"https:\/\/www.campingportpothuau.com\/en\/wp-json\/wp\/v2\/media\/8667"}],"wp:attachment":[{"href":"https:\/\/www.campingportpothuau.com\/en\/wp-json\/wp\/v2\/media?parent=10365"}],"wp:term":[{"taxonomy":"sujet","embeddable":true,"href":"https:\/\/www.campingportpothuau.com\/en\/wp-json\/wp\/v2\/sujet?post=10365"}],"curies":[{"name":"wp","href":"https:\/\/api.w.org\/{rel}","templated":true}]}}